{"id":8281,"date":"2024-12-17T07:55:37","date_gmt":"2024-12-17T07:55:37","guid":{"rendered":"https:\/\/www.gentlemenscoffeeclub.ch\/?post_type=product&#038;p=8281"},"modified":"2024-12-17T08:16:36","modified_gmt":"2024-12-17T08:16:36","slug":"option-o-lagom-p64","status":"publish","type":"product","link":"https:\/\/www.gentlemenscoffeeclub.ch\/de\/produkt\/option-o-lagom-p64\/","title":{"rendered":"OPTION O &#8211; LAGOM P64"},"content":{"rendered":"<p><strong>Taille des meules<\/strong><br \/>\nMeules plates 64 mm<\/p>\n<p><strong>Plage de r\u00e9glage de la mouture<\/strong><\/p>\n<ul>\n<li>R\u00e9glage sans crans<\/li>\n<li>De la French Press \u00e0 l\u2019espresso<\/li>\n<li>D\u00e9placement vertical de -0,5 \u00e0 +3,5 mm<\/li>\n<li>Chaque ligne (0,1) d\u00e9place verticalement de 0,01 mm (10 microns)<\/li>\n<\/ul>\n<p><strong>R\u00e9tention dynamique typique de mouture<\/strong>*<\/p>\n<ul>\n<li>Avec RDT : &lt;0,1 g<\/li>\n<li>Sans RDT : &lt;0,2 g<br \/>\n<em>(pour la plupart des grains et cas d\u2019utilisation)<\/em><\/li>\n<\/ul>\n<p><strong>Dimensions et poids<\/strong><\/p>\n<ul>\n<li>21 \u00d7 13 \u00d7 38 cm, 7,8 kg<\/li>\n<li>8,2 \u00d7 5,1 \u00d7 15 pouces, 17,2 lbs<\/li>\n<\/ul>\n<p><strong>Vitesse de broyage<\/strong><br \/>\nRPM ajustable, 300-1400 RPM avec charge<\/p>\n<p><strong>D\u00e9bit de broyage<\/strong><br \/>\nDe 0,8 g\/sec \u00e0 2,2 g\/sec en r\u00e9glage espresso<\/p>\n<p><strong>Mat\u00e9riau de construction<\/strong><br \/>\nAluminium 6061-T6 usin\u00e9 CNC et anodis\u00e9<\/p>\n<p><strong>Capacit\u00e9 de chargement des grains<\/strong><br \/>\nL\u2019entonnoir peut contenir jusqu\u2019\u00e0 40 g de grains entiers<br \/>\nLes grains peuvent \u00eatre aliment\u00e9s en continu pour de grandes pr\u00e9parations<\/p>\n<p><strong>Moteur<\/strong><br \/>\nMoteur BLDC de 300 W<\/p>\n<p><strong>Tension<\/strong><br \/>\n100-120 V ou 220-240 V<\/p>\n<p><strong>Garantie<\/strong><\/p>\n<ul>\n<li>Garantie limit\u00e9e de 1 an contre les d\u00e9fauts de fabrication<\/li>\n<li>Assistance \u00e0 vie<\/li>\n<\/ul>","protected":false},"excerpt":{"rendered":"<h4>LE MITHYQUE P64<\/h4>\n<p>Ni trop.<br \/>\nNi trop peu.<br \/>\nJuste ce qu&rsquo;il faut.<\/p>\n<p>Moulin \u00e0 caf\u00e9 \u00e0 meules plates LAGOM P64, con\u00e7u pour le dosage unique.<\/p>\n<h4>R\u00e9tention nulle pour un minimum de gaspillage<\/h4>\n<p>Chemin de mouture et conception du moulin sp\u00e9cialement optimis\u00e9s pour r\u00e9duire la r\u00e9tention, avec la technique RDT \u00e9tant optionnelle pour la plupart des grains et cas d\u2019utilisation. Id\u00e9al pour le dosage \u00e0 la demande sans besoin de purge.<\/p>\n<h4>Qualit\u00e9 de fabrication robuste<\/h4>\n<p>Usinage CNC avec roulements \u00e0 contact angulaire double de qualit\u00e9 P5 et moteur BLDC de 300 W de qualit\u00e9 commerciale, garantissant des d\u00e9cennies de dur\u00e9e de vie. Le moteur est coupl\u00e9 au m\u00e9canisme de broyage via un accouplement flexible pour minimiser la transmission des vibrations, assurant ainsi la long\u00e9vit\u00e9 du moulin et des r\u00e9sultats de broyage plus pr\u00e9cis.<\/p>\n<h4>Con\u00e7u pour le dosage unique<\/h4>\n<p>Carte driver de moteur sur mesure avec profil de RPM optimis\u00e9 pour le fonctionnement en dosage unique. Le design unique d&rsquo;alimentation des grains permet d&rsquo;am\u00e9liorer les performances des meules plates en mode de dosage unique.<\/p>\n<h4>Facile \u00e0 utiliser<\/h4>\n<p>Lentille de chargement large permettant une alimentation facile des grains. La fourchette int\u00e9gr\u00e9e pour porte-filtre permet une exp\u00e9rience de broyage directe et sans les mains, du moulin au porte-filtre. La chambre de broyage est facile \u00e0 nettoyer avec un d\u00e9montage rapide (moins de 2 minutes) et le retour au r\u00e9glage de mouture pr\u00e9c\u00e9dent est un processus sans tracas.<\/p>\n<h4>Flexible et personnalisable par l&rsquo;utilisateur<\/h4>\n<p>Le r\u00e9glage de la mouture sur le LAGOM P64 est facilement ajustable et sans crans, permettant des ajustements tr\u00e8s fins pour obtenir le r\u00e9glage de mouture parfait, tout en couvrant toute la plage de broyage, de la French Press \u00e0 l&rsquo;espresso. La vitesse de rotation du moteur est ajustable selon les pr\u00e9f\u00e9rences et besoins de l&rsquo;utilisateur. Les grains peuvent \u00eatre charg\u00e9s avec le moteur en marche ou \u00eatre plac\u00e9s dans le moulin avant de d\u00e9marrer le moteur.<\/p>\n<h4>Moteur BLDC puissant<\/h4>\n<p>Un moteur \u00e0 courant continu sans balais (BLDC) peut offrir jusqu&rsquo;\u00e0 3 fois le couple de sortie par rapport \u00e0 un moteur AC de puissance \u00e9quivalente. Le moteur BLDC de 300 W du LAGOM P64 garantit une puissance de broyage abondante, quel que soit le niveau de torr\u00e9faction ou la m\u00e9thode de pr\u00e9paration que vous pr\u00e9f\u00e9rez.<\/p>\n<h4>Haute pr\u00e9cision et alignement par conception<\/h4>\n<p>Chaque composant critique du LAGOM P64 est sp\u00e9cifi\u00e9 avec une tol\u00e9rance de \u00b1 0,02 mm ou mieux. En combinaison avec le design monobloc unique, l&rsquo;accumulation des tol\u00e9rances est minimis\u00e9e pour garantir une pr\u00e9cision maximale sur chaque LAGOM P64. Plus important encore, l&rsquo;alignement est permanent et le moulin peut \u00eatre d\u00e9mont\u00e9 et remont\u00e9 sans craindre de perdre son alignement<\/p>","protected":false},"featured_media":8287,"comment_status":"open","ping_status":"closed","template":"","meta":[],"product_brand":[],"product_cat":[20],"product_tag":[],"class_list":{"0":"post-8281","1":"product","2":"type-product","3":"status-publish","4":"has-post-thumbnail","6":"product_cat-moulins-a-cafe","8":"first","9":"instock","10":"shipping-taxable","11":"purchasable","12":"product-type-simple"},"yoast_head":"<!-- This site is optimized with the Yoast SEO plugin v27.0 - https:\/\/yoast.com\/product\/yoast-seo-wordpress\/ -->\n<title>OPTION O - LAGOM P64 - Gentlemen&#039;s Coffee Club Riviera<\/title>\n<meta name=\"robots\" content=\"index, follow, max-snippet:-1, max-image-preview:large, max-video-preview:-1\" \/>\n<link rel=\"canonical\" href=\"https:\/\/www.gentlemenscoffeeclub.ch\/de\/produkt\/option-o-lagom-p64\/\" \/>\n<meta property=\"og:locale\" content=\"de_DE\" \/>\n<meta property=\"og:type\" content=\"article\" \/>\n<meta property=\"og:title\" content=\"OPTION O - LAGOM P64 - Gentlemen&#039;s Coffee Club Riviera\" \/>\n<meta property=\"og:description\" content=\"LE MITHYQUE P64 Ni trop. Ni trop peu. Juste ce qu&#039;il faut.  Moulin \u00e0 caf\u00e9 \u00e0 meules plates LAGOM P64, con\u00e7u pour le dosage unique. R\u00e9tention nulle pour un minimum de gaspillage Chemin de mouture et conception du moulin sp\u00e9cialement optimis\u00e9s pour r\u00e9duire la r\u00e9tention, avec la technique RDT \u00e9tant optionnelle pour la plupart des grains et cas d\u2019utilisation. Id\u00e9al pour le dosage \u00e0 la demande sans besoin de purge. Qualit\u00e9 de fabrication robuste Usinage CNC avec roulements \u00e0 contact angulaire double de qualit\u00e9 P5 et moteur BLDC de 300 W de qualit\u00e9 commerciale, garantissant des d\u00e9cennies de dur\u00e9e de vie. Le moteur est coupl\u00e9 au m\u00e9canisme de broyage via un accouplement flexible pour minimiser la transmission des vibrations, assurant ainsi la long\u00e9vit\u00e9 du moulin et des r\u00e9sultats de broyage plus pr\u00e9cis. Con\u00e7u pour le dosage unique Carte driver de moteur sur mesure avec profil de RPM optimis\u00e9 pour le fonctionnement en dosage unique. Le design unique d&#039;alimentation des grains permet d&#039;am\u00e9liorer les performances des meules plates en mode de dosage unique. Facile \u00e0 utiliser Lentille de chargement large permettant une alimentation facile des grains. La fourchette int\u00e9gr\u00e9e pour porte-filtre permet une exp\u00e9rience de broyage directe et sans les mains, du moulin au porte-filtre. La chambre de broyage est facile \u00e0 nettoyer avec un d\u00e9montage rapide (moins de 2 minutes) et le retour au r\u00e9glage de mouture pr\u00e9c\u00e9dent est un processus sans tracas. Flexible et personnalisable par l&#039;utilisateur Le r\u00e9glage de la mouture sur le LAGOM P64 est facilement ajustable et sans crans, permettant des ajustements tr\u00e8s fins pour obtenir le r\u00e9glage de mouture parfait, tout en couvrant toute la plage de broyage, de la French Press \u00e0 l&#039;espresso. La vitesse de rotation du moteur est ajustable selon les pr\u00e9f\u00e9rences et besoins de l&#039;utilisateur. Les grains peuvent \u00eatre charg\u00e9s avec le moteur en marche ou \u00eatre plac\u00e9s dans le moulin avant de d\u00e9marrer le moteur. Moteur BLDC puissant Un moteur \u00e0 courant continu sans balais (BLDC) peut offrir jusqu&#039;\u00e0 3 fois le couple de sortie par rapport \u00e0 un moteur AC de puissance \u00e9quivalente. Le moteur BLDC de 300 W du LAGOM P64 garantit une puissance de broyage abondante, quel que soit le niveau de torr\u00e9faction ou la m\u00e9thode de pr\u00e9paration que vous pr\u00e9f\u00e9rez. Haute pr\u00e9cision et alignement par conception Chaque composant critique du LAGOM P64 est sp\u00e9cifi\u00e9 avec une tol\u00e9rance de \u00b1 0,02 mm ou mieux. En combinaison avec le design monobloc unique, l&#039;accumulation des tol\u00e9rances est minimis\u00e9e pour garantir une pr\u00e9cision maximale sur chaque LAGOM P64. Plus important encore, l&#039;alignement est permanent et le moulin peut \u00eatre d\u00e9mont\u00e9 et remont\u00e9 sans craindre de perdre son alignement\" \/>\n<meta property=\"og:url\" content=\"https:\/\/www.gentlemenscoffeeclub.ch\/de\/produkt\/option-o-lagom-p64\/\" \/>\n<meta property=\"og:site_name\" content=\"Gentlemen&#039;s Coffee Club Riviera\" \/>\n<meta property=\"article:publisher\" content=\"https:\/\/www.facebook.com\/Gentlemens-Coffee-Club-104579991113160\" \/>\n<meta property=\"article:modified_time\" content=\"2024-12-17T08:16:36+00:00\" \/>\n<meta property=\"og:image\" content=\"https:\/\/www.gentlemenscoffeeclub.ch\/wp-content\/uploads\/2024\/12\/DSC01949.jpg\" \/>\n\t<meta property=\"og:image:width\" content=\"2500\" \/>\n\t<meta property=\"og:image:height\" content=\"1667\" \/>\n\t<meta property=\"og:image:type\" content=\"image\/jpeg\" \/>\n<meta name=\"twitter:card\" content=\"summary_large_image\" \/>\n<meta name=\"twitter:label1\" content=\"Gesch\u00e4tzte Lesezeit\" \/>\n\t<meta name=\"twitter:data1\" content=\"1\u00a0Minute\" \/>\n<script type=\"application\/ld+json\" class=\"yoast-schema-graph\">{\"@context\":\"https:\/\/schema.org\",\"@graph\":[{\"@type\":\"WebPage\",\"@id\":\"https:\/\/www.gentlemenscoffeeclub.ch\/produit\/option-o-lagom-p64\/\",\"url\":\"https:\/\/www.gentlemenscoffeeclub.ch\/produit\/option-o-lagom-p64\/\",\"name\":\"OPTION O - LAGOM P64 - Gentlemen's Coffee Club Riviera\",\"isPartOf\":{\"@id\":\"https:\/\/www.gentlemenscoffeeclub.ch\/#website\"},\"primaryImageOfPage\":{\"@id\":\"https:\/\/www.gentlemenscoffeeclub.ch\/produit\/option-o-lagom-p64\/#primaryimage\"},\"image\":{\"@id\":\"https:\/\/www.gentlemenscoffeeclub.ch\/produit\/option-o-lagom-p64\/#primaryimage\"},\"thumbnailUrl\":\"https:\/\/www.gentlemenscoffeeclub.ch\/wp-content\/uploads\/2024\/12\/DSC01949.jpg\",\"datePublished\":\"2024-12-17T07:55:37+00:00\",\"dateModified\":\"2024-12-17T08:16:36+00:00\",\"breadcrumb\":{\"@id\":\"https:\/\/www.gentlemenscoffeeclub.ch\/produit\/option-o-lagom-p64\/#breadcrumb\"},\"inLanguage\":\"de\",\"potentialAction\":[{\"@type\":\"ReadAction\",\"target\":[\"https:\/\/www.gentlemenscoffeeclub.ch\/produit\/option-o-lagom-p64\/\"]}]},{\"@type\":\"ImageObject\",\"inLanguage\":\"de\",\"@id\":\"https:\/\/www.gentlemenscoffeeclub.ch\/produit\/option-o-lagom-p64\/#primaryimage\",\"url\":\"https:\/\/www.gentlemenscoffeeclub.ch\/wp-content\/uploads\/2024\/12\/DSC01949.jpg\",\"contentUrl\":\"https:\/\/www.gentlemenscoffeeclub.ch\/wp-content\/uploads\/2024\/12\/DSC01949.jpg\",\"width\":2500,\"height\":1667},{\"@type\":\"BreadcrumbList\",\"@id\":\"https:\/\/www.gentlemenscoffeeclub.ch\/produit\/option-o-lagom-p64\/#breadcrumb\",\"itemListElement\":[{\"@type\":\"ListItem\",\"position\":1,\"name\":\"Accueil\",\"item\":\"https:\/\/www.gentlemenscoffeeclub.ch\/\"},{\"@type\":\"ListItem\",\"position\":2,\"name\":\"Shop\",\"item\":\"https:\/\/www.gentlemenscoffeeclub.ch\/shop\/\"},{\"@type\":\"ListItem\",\"position\":3,\"name\":\"Moulins \u00e0 caf\u00e9\",\"item\":\"https:\/\/www.gentlemenscoffeeclub.ch\/categorie-produit\/moulins-a-cafe\/\"},{\"@type\":\"ListItem\",\"position\":4,\"name\":\"OPTION O &#8211; LAGOM P64\"}]},{\"@type\":\"WebSite\",\"@id\":\"https:\/\/www.gentlemenscoffeeclub.ch\/#website\",\"url\":\"https:\/\/www.gentlemenscoffeeclub.ch\/\",\"name\":\"Gentlemen's Coffee Club Riviera\",\"description\":\"Caf&eacute; Premium torr&eacute;fi&eacute; &agrave; Montreux\",\"publisher\":{\"@id\":\"https:\/\/www.gentlemenscoffeeclub.ch\/#organization\"},\"potentialAction\":[{\"@type\":\"SearchAction\",\"target\":{\"@type\":\"EntryPoint\",\"urlTemplate\":\"https:\/\/www.gentlemenscoffeeclub.ch\/?s={search_term_string}\"},\"query-input\":{\"@type\":\"PropertyValueSpecification\",\"valueRequired\":true,\"valueName\":\"search_term_string\"}}],\"inLanguage\":\"de\"},{\"@type\":\"Organization\",\"@id\":\"https:\/\/www.gentlemenscoffeeclub.ch\/#organization\",\"name\":\"Gentlemens Coffee Club Montreux\",\"url\":\"https:\/\/www.gentlemenscoffeeclub.ch\/\",\"logo\":{\"@type\":\"ImageObject\",\"inLanguage\":\"de\",\"@id\":\"https:\/\/www.gentlemenscoffeeclub.ch\/#\/schema\/logo\/image\/\",\"url\":\"https:\/\/www.gentlemenscoffeeclub.ch\/wp-content\/uploads\/2020\/04\/singe-seul-lunettes-roses77.png\",\"contentUrl\":\"https:\/\/www.gentlemenscoffeeclub.ch\/wp-content\/uploads\/2020\/04\/singe-seul-lunettes-roses77.png\",\"width\":996,\"height\":1455,\"caption\":\"Gentlemens Coffee Club Montreux\"},\"image\":{\"@id\":\"https:\/\/www.gentlemenscoffeeclub.ch\/#\/schema\/logo\/image\/\"},\"sameAs\":[\"https:\/\/www.facebook.com\/Gentlemens-Coffee-Club-104579991113160\",\"https:\/\/www.instagram.com\/clubgentlemenscoffee\/\",\"https:\/\/www.linkedin.com\/company\/gentlemen-s-coffee-club\"]}]}<\/script>\n<!-- \/ Yoast SEO plugin. -->","yoast_head_json":{"title":"OPTION O - LAGOM P64 - Gentlemen's Coffee Club Riviera","robots":{"index":"index","follow":"follow","max-snippet":"max-snippet:-1","max-image-preview":"max-image-preview:large","max-video-preview":"max-video-preview:-1"},"canonical":"https:\/\/www.gentlemenscoffeeclub.ch\/de\/produkt\/option-o-lagom-p64\/","og_locale":"de_DE","og_type":"article","og_title":"OPTION O - LAGOM P64 - Gentlemen's Coffee Club Riviera","og_description":"LE MITHYQUE P64 Ni trop. Ni trop peu. Juste ce qu'il faut.  Moulin \u00e0 caf\u00e9 \u00e0 meules plates LAGOM P64, con\u00e7u pour le dosage unique. R\u00e9tention nulle pour un minimum de gaspillage Chemin de mouture et conception du moulin sp\u00e9cialement optimis\u00e9s pour r\u00e9duire la r\u00e9tention, avec la technique RDT \u00e9tant optionnelle pour la plupart des grains et cas d\u2019utilisation. Id\u00e9al pour le dosage \u00e0 la demande sans besoin de purge. Qualit\u00e9 de fabrication robuste Usinage CNC avec roulements \u00e0 contact angulaire double de qualit\u00e9 P5 et moteur BLDC de 300 W de qualit\u00e9 commerciale, garantissant des d\u00e9cennies de dur\u00e9e de vie. Le moteur est coupl\u00e9 au m\u00e9canisme de broyage via un accouplement flexible pour minimiser la transmission des vibrations, assurant ainsi la long\u00e9vit\u00e9 du moulin et des r\u00e9sultats de broyage plus pr\u00e9cis. Con\u00e7u pour le dosage unique Carte driver de moteur sur mesure avec profil de RPM optimis\u00e9 pour le fonctionnement en dosage unique. Le design unique d'alimentation des grains permet d'am\u00e9liorer les performances des meules plates en mode de dosage unique. Facile \u00e0 utiliser Lentille de chargement large permettant une alimentation facile des grains. La fourchette int\u00e9gr\u00e9e pour porte-filtre permet une exp\u00e9rience de broyage directe et sans les mains, du moulin au porte-filtre. La chambre de broyage est facile \u00e0 nettoyer avec un d\u00e9montage rapide (moins de 2 minutes) et le retour au r\u00e9glage de mouture pr\u00e9c\u00e9dent est un processus sans tracas. Flexible et personnalisable par l'utilisateur Le r\u00e9glage de la mouture sur le LAGOM P64 est facilement ajustable et sans crans, permettant des ajustements tr\u00e8s fins pour obtenir le r\u00e9glage de mouture parfait, tout en couvrant toute la plage de broyage, de la French Press \u00e0 l'espresso. La vitesse de rotation du moteur est ajustable selon les pr\u00e9f\u00e9rences et besoins de l'utilisateur. Les grains peuvent \u00eatre charg\u00e9s avec le moteur en marche ou \u00eatre plac\u00e9s dans le moulin avant de d\u00e9marrer le moteur. Moteur BLDC puissant Un moteur \u00e0 courant continu sans balais (BLDC) peut offrir jusqu'\u00e0 3 fois le couple de sortie par rapport \u00e0 un moteur AC de puissance \u00e9quivalente. Le moteur BLDC de 300 W du LAGOM P64 garantit une puissance de broyage abondante, quel que soit le niveau de torr\u00e9faction ou la m\u00e9thode de pr\u00e9paration que vous pr\u00e9f\u00e9rez. Haute pr\u00e9cision et alignement par conception Chaque composant critique du LAGOM P64 est sp\u00e9cifi\u00e9 avec une tol\u00e9rance de \u00b1 0,02 mm ou mieux. En combinaison avec le design monobloc unique, l'accumulation des tol\u00e9rances est minimis\u00e9e pour garantir une pr\u00e9cision maximale sur chaque LAGOM P64. Plus important encore, l'alignement est permanent et le moulin peut \u00eatre d\u00e9mont\u00e9 et remont\u00e9 sans craindre de perdre son alignement","og_url":"https:\/\/www.gentlemenscoffeeclub.ch\/de\/produkt\/option-o-lagom-p64\/","og_site_name":"Gentlemen's Coffee Club Riviera","article_publisher":"https:\/\/www.facebook.com\/Gentlemens-Coffee-Club-104579991113160","article_modified_time":"2024-12-17T08:16:36+00:00","og_image":[{"width":2500,"height":1667,"url":"https:\/\/www.gentlemenscoffeeclub.ch\/wp-content\/uploads\/2024\/12\/DSC01949.jpg","type":"image\/jpeg"}],"twitter_card":"summary_large_image","twitter_misc":{"Gesch\u00e4tzte Lesezeit":"1\u00a0Minute"},"schema":{"@context":"https:\/\/schema.org","@graph":[{"@type":"WebPage","@id":"https:\/\/www.gentlemenscoffeeclub.ch\/produit\/option-o-lagom-p64\/","url":"https:\/\/www.gentlemenscoffeeclub.ch\/produit\/option-o-lagom-p64\/","name":"OPTION O - LAGOM P64 - Gentlemen's Coffee Club Riviera","isPartOf":{"@id":"https:\/\/www.gentlemenscoffeeclub.ch\/#website"},"primaryImageOfPage":{"@id":"https:\/\/www.gentlemenscoffeeclub.ch\/produit\/option-o-lagom-p64\/#primaryimage"},"image":{"@id":"https:\/\/www.gentlemenscoffeeclub.ch\/produit\/option-o-lagom-p64\/#primaryimage"},"thumbnailUrl":"https:\/\/www.gentlemenscoffeeclub.ch\/wp-content\/uploads\/2024\/12\/DSC01949.jpg","datePublished":"2024-12-17T07:55:37+00:00","dateModified":"2024-12-17T08:16:36+00:00","breadcrumb":{"@id":"https:\/\/www.gentlemenscoffeeclub.ch\/produit\/option-o-lagom-p64\/#breadcrumb"},"inLanguage":"de","potentialAction":[{"@type":"ReadAction","target":["https:\/\/www.gentlemenscoffeeclub.ch\/produit\/option-o-lagom-p64\/"]}]},{"@type":"ImageObject","inLanguage":"de","@id":"https:\/\/www.gentlemenscoffeeclub.ch\/produit\/option-o-lagom-p64\/#primaryimage","url":"https:\/\/www.gentlemenscoffeeclub.ch\/wp-content\/uploads\/2024\/12\/DSC01949.jpg","contentUrl":"https:\/\/www.gentlemenscoffeeclub.ch\/wp-content\/uploads\/2024\/12\/DSC01949.jpg","width":2500,"height":1667},{"@type":"BreadcrumbList","@id":"https:\/\/www.gentlemenscoffeeclub.ch\/produit\/option-o-lagom-p64\/#breadcrumb","itemListElement":[{"@type":"ListItem","position":1,"name":"Accueil","item":"https:\/\/www.gentlemenscoffeeclub.ch\/"},{"@type":"ListItem","position":2,"name":"Shop","item":"https:\/\/www.gentlemenscoffeeclub.ch\/shop\/"},{"@type":"ListItem","position":3,"name":"Moulins \u00e0 caf\u00e9","item":"https:\/\/www.gentlemenscoffeeclub.ch\/categorie-produit\/moulins-a-cafe\/"},{"@type":"ListItem","position":4,"name":"OPTION O &#8211; LAGOM P64"}]},{"@type":"WebSite","@id":"https:\/\/www.gentlemenscoffeeclub.ch\/#website","url":"https:\/\/www.gentlemenscoffeeclub.ch\/","name":"Gentlemen's Coffee Club Riviera","description":"Caf&eacute; Premium torr&eacute;fi&eacute; &agrave; Montreux","publisher":{"@id":"https:\/\/www.gentlemenscoffeeclub.ch\/#organization"},"potentialAction":[{"@type":"SearchAction","target":{"@type":"EntryPoint","urlTemplate":"https:\/\/www.gentlemenscoffeeclub.ch\/?s={search_term_string}"},"query-input":{"@type":"PropertyValueSpecification","valueRequired":true,"valueName":"search_term_string"}}],"inLanguage":"de"},{"@type":"Organization","@id":"https:\/\/www.gentlemenscoffeeclub.ch\/#organization","name":"Gentlemens Coffee Club Montreux","url":"https:\/\/www.gentlemenscoffeeclub.ch\/","logo":{"@type":"ImageObject","inLanguage":"de","@id":"https:\/\/www.gentlemenscoffeeclub.ch\/#\/schema\/logo\/image\/","url":"https:\/\/www.gentlemenscoffeeclub.ch\/wp-content\/uploads\/2020\/04\/singe-seul-lunettes-roses77.png","contentUrl":"https:\/\/www.gentlemenscoffeeclub.ch\/wp-content\/uploads\/2020\/04\/singe-seul-lunettes-roses77.png","width":996,"height":1455,"caption":"Gentlemens Coffee Club Montreux"},"image":{"@id":"https:\/\/www.gentlemenscoffeeclub.ch\/#\/schema\/logo\/image\/"},"sameAs":["https:\/\/www.facebook.com\/Gentlemens-Coffee-Club-104579991113160","https:\/\/www.instagram.com\/clubgentlemenscoffee\/","https:\/\/www.linkedin.com\/company\/gentlemen-s-coffee-club"]}]}},"_links":{"self":[{"href":"https:\/\/www.gentlemenscoffeeclub.ch\/de\/wp-json\/wp\/v2\/product\/8281","targetHints":{"allow":["GET"]}}],"collection":[{"href":"https:\/\/www.gentlemenscoffeeclub.ch\/de\/wp-json\/wp\/v2\/product"}],"about":[{"href":"https:\/\/www.gentlemenscoffeeclub.ch\/de\/wp-json\/wp\/v2\/types\/product"}],"replies":[{"embeddable":true,"href":"https:\/\/www.gentlemenscoffeeclub.ch\/de\/wp-json\/wp\/v2\/comments?post=8281"}],"wp:featuredmedia":[{"embeddable":true,"href":"https:\/\/www.gentlemenscoffeeclub.ch\/de\/wp-json\/wp\/v2\/media\/8287"}],"wp:attachment":[{"href":"https:\/\/www.gentlemenscoffeeclub.ch\/de\/wp-json\/wp\/v2\/media?parent=8281"}],"wp:term":[{"taxonomy":"product_brand","embeddable":true,"href":"https:\/\/www.gentlemenscoffeeclub.ch\/de\/wp-json\/wp\/v2\/product_brand?post=8281"},{"taxonomy":"product_cat","embeddable":true,"href":"https:\/\/www.gentlemenscoffeeclub.ch\/de\/wp-json\/wp\/v2\/product_cat?post=8281"},{"taxonomy":"product_tag","embeddable":true,"href":"https:\/\/www.gentlemenscoffeeclub.ch\/de\/wp-json\/wp\/v2\/product_tag?post=8281"}],"curies":[{"name":"wp","href":"https:\/\/api.w.org\/{rel}","templated":true}]}}