{"id":8092,"date":"2024-01-31T14:50:31","date_gmt":"2024-01-31T14:50:31","guid":{"rendered":"https:\/\/www.gentlemenscoffeeclub.ch\/?post_type=product&#038;p=8092"},"modified":"2025-12-05T14:31:27","modified_gmt":"2025-12-05T14:31:27","slug":"lunji-tanzania","status":"publish","type":"product","link":"https:\/\/www.gentlemenscoffeeclub.ch\/de\/produkt\/lunji-tanzania\/","title":{"rendered":"Lunji Tanzania"},"content":{"rendered":"<h4>Le caf\u00e9 de Tanzanie, sp\u00e9cialement celui de la r\u00e9gion de Karatu, est tr\u00e8s appr\u00e9ci\u00e9 des amateurs de caf\u00e9 en raison de son go\u00fbt unique et de sa haute qualit\u00e9.<\/h4>\n<p>Les grains poss\u00e8dent une acidit\u00e9 moyenne et un corps plein avec des notes de th\u00e9 sucr\u00e9 et de prune jaune, ainsi qu&rsquo;une touche de chocolat d\u00e9licat.<\/p>\n<p>Les caf\u00e9iculteurs de Karatu utilisent des m\u00e9thodes de culture traditionnelles et r\u00e9coltent les grains \u00e0 la main pour s&rsquo;assurer qu&rsquo;ils s\u00e9lectionnent uniquement les grains les plus m\u00fbrs et de la meilleure qualit\u00e9. De plus, le caf\u00e9 en Tanzanie est cultiv\u00e9 et trait\u00e9 naturellement, sans l&rsquo;utilisation de produits chimiques. En achetant du caf\u00e9 de Karatu, vous soutenez donc non seulement l&rsquo;\u00e9conomie locale, mais aussi l&rsquo;agriculture durable du caf\u00e9.<\/p>\n<p>Id\u00e9al pour les machines \u00e0 caf\u00e9 automatiques, ainsi que pour une machine \u00e0 espresso ou un French Press, et m\u00eame adapt\u00e9 \u00e0 des m\u00e9thodes alternatives de pr\u00e9paration du caf\u00e9 comme l&rsquo;Aeropress.<\/p>\n<p>Le caf\u00e9 sur \u00ab Lunji \u00bb<br \/>\nLa d\u00e9couverte du caf\u00e9 et sa propagation ult\u00e9rieure comme boisson de plaisir en Asie et en Europe sont bien connues. Sur Lunji, cependant, Paul, le fils de Stella et Clemens Maier, continue de faire de nouvelles d\u00e9couvertes sur l&rsquo;histoire du caf\u00e9 en Tanzanie et du caf\u00e9 sur leur ferme. L&rsquo;\u00e9change d&rsquo;informations et d&rsquo;histoires avec des t\u00e9moins ou leurs descendants permet de mieux comprendre les aspects agronomiques ainsi que historiques de leur caf\u00e9.<\/p>\n<p>Vers la fin du 19\u00e8me si\u00e8cle, les premiers plants de caf\u00e9 de l&rsquo;\u00eele Bourbon (aujourd&rsquo;hui \u00ab La R\u00e9union \u00bb) ont \u00e9t\u00e9 introduits en Afrique de l&rsquo;Est par des missionnaires. Cette vari\u00e9t\u00e9 Bourbon a d&rsquo;abord \u00e9t\u00e9 cultiv\u00e9e dans la r\u00e9gion de Morogoro du pays et s&rsquo;est ensuite progressivement r\u00e9pandue \u00e0 travers le pays. Encore une fois, des missionnaires de la mission de Herrnhuter ont apport\u00e9 cette vari\u00e9t\u00e9 \u00e0 leur mission \u00e0 Utengule, un village situ\u00e9 \u00e0 seulement 5 km de Lunji. Les premiers champs de caf\u00e9 \u00e0 Lunji ont \u00e9t\u00e9 plant\u00e9s avec cette esp\u00e8ce de Coffea.<\/p>\n<p>Le microclimat unique et les conditions de localisation favorables ont depuis lors permis la culture de ce caf\u00e9 de haute qualit\u00e9.<\/p>\n<p>Au fil des ann\u00e9es, diverses autres vari\u00e9t\u00e9s ont \u00e9t\u00e9 ajout\u00e9es aux cultures de base, et certains champs ont \u00e9t\u00e9 remplac\u00e9s par des vari\u00e9t\u00e9s plus complexes, y compris Typica, Catimor, et le hybride Rume Sudan. Cette combinaison de diff\u00e9rentes vari\u00e9t\u00e9s et les caract\u00e9ristiques qui en r\u00e9sultent conf\u00e8rent au caf\u00e9 de Lunji-Estate un go\u00fbt unique et complexe.<\/p>\n<p>Les gens sur Lunji<br \/>\nDepuis de nombreuses ann\u00e9es, jeunes et moins jeunes se r\u00e9unissent presque tous les jours pour jouer et s&rsquo;entra\u00eener ensemble sur le terrain de football construit sp\u00e9cialement sur la ferme. Ensemble, ils fixent et atteignent des objectifs, et le sport favorise l&rsquo;unit\u00e9 et l&rsquo;amiti\u00e9.<br \/>\nEn tant que principal employeur du village, il est important pour les Maier d&rsquo;offrir les meilleures conditions possibles \u00e0 la communaut\u00e9 et aux familles de leurs employ\u00e9s. Toutes ces personnes qui ont permis une coexistence paisible au fil des d\u00e9cennies tiennent particuli\u00e8rement \u00e0 c\u0153ur aux propri\u00e9taires.<\/p>\n<p>Ils sont convaincus que l&rsquo;\u00e9ducation est l&rsquo;arme la plus puissante contre la pauvret\u00e9 et offre l&rsquo;espoir d&rsquo;un avenir meilleur pour la Tanzanie. Ainsi, Lunji a toujours \u00e9t\u00e9 en premi\u00e8re ligne quand il s&rsquo;agissait de construire des \u00e9coles dans le voisinage. L&rsquo;une des \u00e9coles soutenues par Lunji est l&rsquo;\u00e9cole primaire d&rsquo;Ihombe, o\u00f9 gar\u00e7ons et filles peuvent fr\u00e9quenter l&rsquo;\u00e9cole primaire selon le syst\u00e8me \u00e9ducatif tanzanien.<\/p>\n<p>Conservation de la biodiversit\u00e9<br \/>\nLunji est riche en une faune et flore impressionnantes. Il est important pour la famille Maier de prot\u00e9ger la composition naturelle afin de pr\u00e9server cet \u00e9cosyst\u00e8me pr\u00e9cieux. Ainsi, Lunji s&rsquo;est toujours engag\u00e9 dans la reforestation d&rsquo;arbres indig\u00e8nes sur la ferme et dans la r\u00e9serve foresti\u00e8re des montagnes de Mbeya Range. Des mesures sont prises pour limiter les incendies de for\u00eat et la d\u00e9forestation dans la r\u00e9serve. La production de caf\u00e9 suit les directives du Tanzania Coffee Board, une institution qui supervise l&rsquo;industrie du caf\u00e9 dans le pays.<\/p>","protected":false},"excerpt":{"rendered":"<p>Le caf\u00e9 de Tanzanie, sp\u00e9cialement celui de la r\u00e9gion de Karatu, est tr\u00e8s appr\u00e9ci\u00e9 des amateurs de caf\u00e9 en raison de son go\u00fbt unique et de sa haute qualit\u00e9. Les grains poss\u00e8dent une acidit\u00e9 moyenne et un corps plein avec des notes de th\u00e9 sucr\u00e9 et de prune jaune, ainsi qu&rsquo;une touche de chocolat d\u00e9licat. [&hellip;]<\/p>\n","protected":false},"featured_media":8097,"comment_status":"closed","ping_status":"closed","template":"","meta":[],"product_brand":[],"product_cat":[43],"product_tag":[],"class_list":{"0":"post-8092","1":"product","2":"type-product","3":"status-publish","4":"has-post-thumbnail","6":"product_cat-cafes","8":"first","9":"outofstock","10":"featured","11":"shipping-taxable","12":"purchasable","13":"product-type-variable","14":"has-default-attributes"},"yoast_head":"<!-- This site is optimized with the Yoast SEO plugin v27.5 - https:\/\/yoast.com\/product\/yoast-seo-wordpress\/ -->\n<title>Lunji Tanzania - Gentlemen&#039;s Coffee Club Riviera<\/title>\n<meta name=\"description\" content=\"women power chiapas mexique mexiko mexico coffe women maya mayas guatemala espresso cupping women groups femmes caf\u00e9 Mexique essentiel economies Nantic\" \/>\n<meta name=\"robots\" content=\"index, follow, max-snippet:-1, max-image-preview:large, max-video-preview:-1\" \/>\n<link rel=\"canonical\" href=\"https:\/\/www.gentlemenscoffeeclub.ch\/de\/produkt\/lunji-tanzania\/\" \/>\n<meta property=\"og:locale\" content=\"de_DE\" \/>\n<meta property=\"og:type\" content=\"article\" \/>\n<meta property=\"og:title\" content=\"Lunji Tanzania - Gentlemen&#039;s Coffee Club Riviera\" \/>\n<meta property=\"og:description\" content=\"women power chiapas mexique mexiko mexico coffe women maya mayas guatemala espresso cupping women groups femmes caf\u00e9 Mexique essentiel economies Nantic\" \/>\n<meta property=\"og:url\" content=\"https:\/\/www.gentlemenscoffeeclub.ch\/de\/produkt\/lunji-tanzania\/\" \/>\n<meta property=\"og:site_name\" content=\"Gentlemen&#039;s Coffee Club Riviera\" \/>\n<meta property=\"article:publisher\" content=\"https:\/\/www.facebook.com\/Gentlemens-Coffee-Club-104579991113160\" \/>\n<meta property=\"article:modified_time\" content=\"2025-12-05T14:31:27+00:00\" \/>\n<meta property=\"og:image\" content=\"https:\/\/www.gentlemenscoffeeclub.ch\/wp-content\/uploads\/2024\/01\/DJI_0784_970w.jpg\" \/>\n\t<meta property=\"og:image:width\" content=\"970\" \/>\n\t<meta property=\"og:image:height\" content=\"728\" \/>\n\t<meta property=\"og:image:type\" content=\"image\/jpeg\" \/>\n<meta name=\"twitter:card\" content=\"summary_large_image\" \/>\n<meta name=\"twitter:label1\" content=\"Gesch\u00e4tzte Lesezeit\" \/>\n\t<meta name=\"twitter:data1\" content=\"4\u00a0Minuten\" \/>\n<script type=\"application\/ld+json\" class=\"yoast-schema-graph\">{\"@context\":\"https:\\\/\\\/schema.org\",\"@graph\":[{\"@type\":\"WebPage\",\"@id\":\"https:\\\/\\\/www.gentlemenscoffeeclub.ch\\\/produit\\\/lunji-tanzania\\\/\",\"url\":\"https:\\\/\\\/www.gentlemenscoffeeclub.ch\\\/produit\\\/lunji-tanzania\\\/\",\"name\":\"Lunji Tanzania - Gentlemen's Coffee Club Riviera\",\"isPartOf\":{\"@id\":\"https:\\\/\\\/www.gentlemenscoffeeclub.ch\\\/#website\"},\"primaryImageOfPage\":{\"@id\":\"https:\\\/\\\/www.gentlemenscoffeeclub.ch\\\/produit\\\/lunji-tanzania\\\/#primaryimage\"},\"image\":{\"@id\":\"https:\\\/\\\/www.gentlemenscoffeeclub.ch\\\/produit\\\/lunji-tanzania\\\/#primaryimage\"},\"thumbnailUrl\":\"https:\\\/\\\/www.gentlemenscoffeeclub.ch\\\/wp-content\\\/uploads\\\/2024\\\/01\\\/DJI_0784_970w.jpg\",\"datePublished\":\"2024-01-31T14:50:31+00:00\",\"dateModified\":\"2025-12-05T14:31:27+00:00\",\"description\":\"women power chiapas mexique mexiko mexico coffe women maya mayas guatemala espresso cupping women groups femmes caf\u00e9 Mexique essentiel economies Nantic\",\"breadcrumb\":{\"@id\":\"https:\\\/\\\/www.gentlemenscoffeeclub.ch\\\/produit\\\/lunji-tanzania\\\/#breadcrumb\"},\"inLanguage\":\"de\",\"potentialAction\":[{\"@type\":\"ReadAction\",\"target\":[\"https:\\\/\\\/www.gentlemenscoffeeclub.ch\\\/produit\\\/lunji-tanzania\\\/\"]}]},{\"@type\":\"ImageObject\",\"inLanguage\":\"de\",\"@id\":\"https:\\\/\\\/www.gentlemenscoffeeclub.ch\\\/produit\\\/lunji-tanzania\\\/#primaryimage\",\"url\":\"https:\\\/\\\/www.gentlemenscoffeeclub.ch\\\/wp-content\\\/uploads\\\/2024\\\/01\\\/DJI_0784_970w.jpg\",\"contentUrl\":\"https:\\\/\\\/www.gentlemenscoffeeclub.ch\\\/wp-content\\\/uploads\\\/2024\\\/01\\\/DJI_0784_970w.jpg\",\"width\":970,\"height\":728},{\"@type\":\"BreadcrumbList\",\"@id\":\"https:\\\/\\\/www.gentlemenscoffeeclub.ch\\\/produit\\\/lunji-tanzania\\\/#breadcrumb\",\"itemListElement\":[{\"@type\":\"ListItem\",\"position\":1,\"name\":\"Accueil\",\"item\":\"https:\\\/\\\/www.gentlemenscoffeeclub.ch\\\/\"},{\"@type\":\"ListItem\",\"position\":2,\"name\":\"Shop\",\"item\":\"https:\\\/\\\/www.gentlemenscoffeeclub.ch\\\/shop\\\/\"},{\"@type\":\"ListItem\",\"position\":3,\"name\":\"Caf\u00e9s\",\"item\":\"https:\\\/\\\/www.gentlemenscoffeeclub.ch\\\/categorie-produit\\\/cafes\\\/\"},{\"@type\":\"ListItem\",\"position\":4,\"name\":\"Lunji Tanzania\"}]},{\"@type\":\"WebSite\",\"@id\":\"https:\\\/\\\/www.gentlemenscoffeeclub.ch\\\/#website\",\"url\":\"https:\\\/\\\/www.gentlemenscoffeeclub.ch\\\/\",\"name\":\"Gentlemen's Coffee Club Riviera\",\"description\":\"Caf&eacute; Premium torr&eacute;fi&eacute; &agrave; Montreux\",\"publisher\":{\"@id\":\"https:\\\/\\\/www.gentlemenscoffeeclub.ch\\\/#organization\"},\"potentialAction\":[{\"@type\":\"SearchAction\",\"target\":{\"@type\":\"EntryPoint\",\"urlTemplate\":\"https:\\\/\\\/www.gentlemenscoffeeclub.ch\\\/?s={search_term_string}\"},\"query-input\":{\"@type\":\"PropertyValueSpecification\",\"valueRequired\":true,\"valueName\":\"search_term_string\"}}],\"inLanguage\":\"de\"},{\"@type\":\"Organization\",\"@id\":\"https:\\\/\\\/www.gentlemenscoffeeclub.ch\\\/#organization\",\"name\":\"Gentlemens Coffee Club Montreux\",\"url\":\"https:\\\/\\\/www.gentlemenscoffeeclub.ch\\\/\",\"logo\":{\"@type\":\"ImageObject\",\"inLanguage\":\"de\",\"@id\":\"https:\\\/\\\/www.gentlemenscoffeeclub.ch\\\/#\\\/schema\\\/logo\\\/image\\\/\",\"url\":\"https:\\\/\\\/www.gentlemenscoffeeclub.ch\\\/wp-content\\\/uploads\\\/2020\\\/04\\\/singe-seul-lunettes-roses77.png\",\"contentUrl\":\"https:\\\/\\\/www.gentlemenscoffeeclub.ch\\\/wp-content\\\/uploads\\\/2020\\\/04\\\/singe-seul-lunettes-roses77.png\",\"width\":996,\"height\":1455,\"caption\":\"Gentlemens Coffee Club Montreux\"},\"image\":{\"@id\":\"https:\\\/\\\/www.gentlemenscoffeeclub.ch\\\/#\\\/schema\\\/logo\\\/image\\\/\"},\"sameAs\":[\"https:\\\/\\\/www.facebook.com\\\/Gentlemens-Coffee-Club-104579991113160\",\"https:\\\/\\\/www.instagram.com\\\/clubgentlemenscoffee\\\/\",\"https:\\\/\\\/www.linkedin.com\\\/company\\\/gentlemen-s-coffee-club\"]}]}<\/script>\n<!-- \/ Yoast SEO plugin. -->","yoast_head_json":{"title":"Lunji Tanzania - Gentlemen's Coffee Club Riviera","description":"women power chiapas mexique mexiko mexico coffe women maya mayas guatemala espresso cupping women groups femmes caf\u00e9 Mexique essentiel economies Nantic","robots":{"index":"index","follow":"follow","max-snippet":"max-snippet:-1","max-image-preview":"max-image-preview:large","max-video-preview":"max-video-preview:-1"},"canonical":"https:\/\/www.gentlemenscoffeeclub.ch\/de\/produkt\/lunji-tanzania\/","og_locale":"de_DE","og_type":"article","og_title":"Lunji Tanzania - Gentlemen's Coffee Club Riviera","og_description":"women power chiapas mexique mexiko mexico coffe women maya mayas guatemala espresso cupping women groups femmes caf\u00e9 Mexique essentiel economies Nantic","og_url":"https:\/\/www.gentlemenscoffeeclub.ch\/de\/produkt\/lunji-tanzania\/","og_site_name":"Gentlemen's Coffee Club Riviera","article_publisher":"https:\/\/www.facebook.com\/Gentlemens-Coffee-Club-104579991113160","article_modified_time":"2025-12-05T14:31:27+00:00","og_image":[{"width":970,"height":728,"url":"https:\/\/www.gentlemenscoffeeclub.ch\/wp-content\/uploads\/2024\/01\/DJI_0784_970w.jpg","type":"image\/jpeg"}],"twitter_card":"summary_large_image","twitter_misc":{"Gesch\u00e4tzte Lesezeit":"4\u00a0Minuten"},"schema":{"@context":"https:\/\/schema.org","@graph":[{"@type":"WebPage","@id":"https:\/\/www.gentlemenscoffeeclub.ch\/produit\/lunji-tanzania\/","url":"https:\/\/www.gentlemenscoffeeclub.ch\/produit\/lunji-tanzania\/","name":"Lunji Tanzania - Gentlemen's Coffee Club Riviera","isPartOf":{"@id":"https:\/\/www.gentlemenscoffeeclub.ch\/#website"},"primaryImageOfPage":{"@id":"https:\/\/www.gentlemenscoffeeclub.ch\/produit\/lunji-tanzania\/#primaryimage"},"image":{"@id":"https:\/\/www.gentlemenscoffeeclub.ch\/produit\/lunji-tanzania\/#primaryimage"},"thumbnailUrl":"https:\/\/www.gentlemenscoffeeclub.ch\/wp-content\/uploads\/2024\/01\/DJI_0784_970w.jpg","datePublished":"2024-01-31T14:50:31+00:00","dateModified":"2025-12-05T14:31:27+00:00","description":"women power chiapas mexique mexiko mexico coffe women maya mayas guatemala espresso cupping women groups femmes caf\u00e9 Mexique essentiel economies Nantic","breadcrumb":{"@id":"https:\/\/www.gentlemenscoffeeclub.ch\/produit\/lunji-tanzania\/#breadcrumb"},"inLanguage":"de","potentialAction":[{"@type":"ReadAction","target":["https:\/\/www.gentlemenscoffeeclub.ch\/produit\/lunji-tanzania\/"]}]},{"@type":"ImageObject","inLanguage":"de","@id":"https:\/\/www.gentlemenscoffeeclub.ch\/produit\/lunji-tanzania\/#primaryimage","url":"https:\/\/www.gentlemenscoffeeclub.ch\/wp-content\/uploads\/2024\/01\/DJI_0784_970w.jpg","contentUrl":"https:\/\/www.gentlemenscoffeeclub.ch\/wp-content\/uploads\/2024\/01\/DJI_0784_970w.jpg","width":970,"height":728},{"@type":"BreadcrumbList","@id":"https:\/\/www.gentlemenscoffeeclub.ch\/produit\/lunji-tanzania\/#breadcrumb","itemListElement":[{"@type":"ListItem","position":1,"name":"Accueil","item":"https:\/\/www.gentlemenscoffeeclub.ch\/"},{"@type":"ListItem","position":2,"name":"Shop","item":"https:\/\/www.gentlemenscoffeeclub.ch\/shop\/"},{"@type":"ListItem","position":3,"name":"Caf\u00e9s","item":"https:\/\/www.gentlemenscoffeeclub.ch\/categorie-produit\/cafes\/"},{"@type":"ListItem","position":4,"name":"Lunji Tanzania"}]},{"@type":"WebSite","@id":"https:\/\/www.gentlemenscoffeeclub.ch\/#website","url":"https:\/\/www.gentlemenscoffeeclub.ch\/","name":"Gentlemen's Coffee Club Riviera","description":"Caf&eacute; Premium torr&eacute;fi&eacute; &agrave; Montreux","publisher":{"@id":"https:\/\/www.gentlemenscoffeeclub.ch\/#organization"},"potentialAction":[{"@type":"SearchAction","target":{"@type":"EntryPoint","urlTemplate":"https:\/\/www.gentlemenscoffeeclub.ch\/?s={search_term_string}"},"query-input":{"@type":"PropertyValueSpecification","valueRequired":true,"valueName":"search_term_string"}}],"inLanguage":"de"},{"@type":"Organization","@id":"https:\/\/www.gentlemenscoffeeclub.ch\/#organization","name":"Gentlemens Coffee Club Montreux","url":"https:\/\/www.gentlemenscoffeeclub.ch\/","logo":{"@type":"ImageObject","inLanguage":"de","@id":"https:\/\/www.gentlemenscoffeeclub.ch\/#\/schema\/logo\/image\/","url":"https:\/\/www.gentlemenscoffeeclub.ch\/wp-content\/uploads\/2020\/04\/singe-seul-lunettes-roses77.png","contentUrl":"https:\/\/www.gentlemenscoffeeclub.ch\/wp-content\/uploads\/2020\/04\/singe-seul-lunettes-roses77.png","width":996,"height":1455,"caption":"Gentlemens Coffee Club Montreux"},"image":{"@id":"https:\/\/www.gentlemenscoffeeclub.ch\/#\/schema\/logo\/image\/"},"sameAs":["https:\/\/www.facebook.com\/Gentlemens-Coffee-Club-104579991113160","https:\/\/www.instagram.com\/clubgentlemenscoffee\/","https:\/\/www.linkedin.com\/company\/gentlemen-s-coffee-club"]}]}},"_links":{"self":[{"href":"https:\/\/www.gentlemenscoffeeclub.ch\/de\/wp-json\/wp\/v2\/product\/8092","targetHints":{"allow":["GET"]}}],"collection":[{"href":"https:\/\/www.gentlemenscoffeeclub.ch\/de\/wp-json\/wp\/v2\/product"}],"about":[{"href":"https:\/\/www.gentlemenscoffeeclub.ch\/de\/wp-json\/wp\/v2\/types\/product"}],"replies":[{"embeddable":true,"href":"https:\/\/www.gentlemenscoffeeclub.ch\/de\/wp-json\/wp\/v2\/comments?post=8092"}],"wp:featuredmedia":[{"embeddable":true,"href":"https:\/\/www.gentlemenscoffeeclub.ch\/de\/wp-json\/wp\/v2\/media\/8097"}],"wp:attachment":[{"href":"https:\/\/www.gentlemenscoffeeclub.ch\/de\/wp-json\/wp\/v2\/media?parent=8092"}],"wp:term":[{"taxonomy":"product_brand","embeddable":true,"href":"https:\/\/www.gentlemenscoffeeclub.ch\/de\/wp-json\/wp\/v2\/product_brand?post=8092"},{"taxonomy":"product_cat","embeddable":true,"href":"https:\/\/www.gentlemenscoffeeclub.ch\/de\/wp-json\/wp\/v2\/product_cat?post=8092"},{"taxonomy":"product_tag","embeddable":true,"href":"https:\/\/www.gentlemenscoffeeclub.ch\/de\/wp-json\/wp\/v2\/product_tag?post=8092"}],"curies":[{"name":"wp","href":"https:\/\/api.w.org\/{rel}","templated":true}]}}