{"id":8085,"date":"2024-01-31T14:29:34","date_gmt":"2024-01-31T14:29:34","guid":{"rendered":"https:\/\/www.gentlemenscoffeeclub.ch\/?post_type=product&#038;p=8085"},"modified":"2025-06-15T07:14:37","modified_gmt":"2025-06-15T07:14:37","slug":"mexico-honey-muxbal","status":"publish","type":"product","link":"https:\/\/www.gentlemenscoffeeclub.ch\/de\/produkt\/mexico-honey-muxbal\/","title":{"rendered":"Mexico honey Muxbal"},"content":{"rendered":"<h4>Muxbal Estate est une ferme de caf\u00e9 \u00e9poustouflante, situ\u00e9e au sommet d&rsquo;une montagne \u00e0 Uni\u00f3n Ju\u00e1rez, qui tire son nom de l&rsquo;expression maya signifiant \u00ab lieu entour\u00e9 de nuages \u00bb.<\/h4>\n<p>Muxbal s&rsquo;\u00e9tend sur 236 hectares litt\u00e9ralement \u00e0 la fronti\u00e8re du Guatemala. La moiti\u00e9 est plant\u00e9e de caf\u00e9 et l&rsquo;autre moiti\u00e9 est une r\u00e9serve \u00e9cologique prot\u00e9g\u00e9e de for\u00eat tropicale, de rivi\u00e8res, de sources et de flore et faune naturelles. Elle est certifi\u00e9e Rainforest Alliance depuis 2006 et met continuellement en \u0153uvre de bonnes pratiques environnementales et sociales. Sur la propri\u00e9t\u00e9 se trouvent une \u00e9cole pour les enfants des travailleurs, y compris ceux qui arrivent pour la r\u00e9colte ; des logements pour tous les employ\u00e9s ; et une cuisine qui les nourrit tous.<\/p>\n<p>La ferme est la propri\u00e9t\u00e9 de Maeggi Rodriguez et g\u00e9r\u00e9e par ses fils, Jorge et Juan Pablo, qui sont extr\u00eamement ouverts aux am\u00e9liorations des processus et aux nouvelles id\u00e9es. Cela inclut le d\u00e9veloppement, il y a deux ans, de la capacit\u00e9 \u00e0 cr\u00e9er des caf\u00e9s trait\u00e9s naturellement et par voie humide.<\/p>\n<p>Histoire de Muxbal<br \/>\nL&rsquo;histoire de Muxbal en tant que ferme de caf\u00e9 remonte \u00e0 la fin des ann\u00e9es 1700, lorsque le Chiapas faisait encore partie du Guatemala. Bien que peu de choses soient connues de ses premi\u00e8res ann\u00e9es, en 1860, elle appartenait \u00e0 Matias Romero, un prot\u00e9g\u00e9 du pr\u00e9sident mexicain Benito Juarez qui s&rsquo;est familiaris\u00e9 avec des politiciens et des chefs d&rsquo;entreprise am\u00e9ricains et est devenu secr\u00e9taire aux affaires juridiques aux \u00c9tats-Unis et plus tard n\u00e9goci\u00e9 l&rsquo;Accord des R\u00e9clamations \u00c9tats-Unis-Mexique de 1868 qui a facilit\u00e9 la cote de cr\u00e9dit du Mexique aupr\u00e8s des investisseurs am\u00e9ricains.<\/p>\n<p>Muxbal est ensuite pass\u00e9e dans la propri\u00e9t\u00e9 de la famille Brown et ensuite, par mariage, \u00e0 la famille Ochoa, qui a propos\u00e9 de la vendre \u00e0 Enrique Rodriguez (le p\u00e8re de Maeggi). Lorsque le jeune Don Enrique est arriv\u00e9 pour une visite, il n&rsquo;y avait pas de route ; il a gravi la colline abrupte \u00e0 pied pour trouver une simple ferme, des poules et des cochons se baladant et une plantation de caf\u00e9 gravement en besoin de r\u00e9novation. Il en est tomb\u00e9 amoureux.<\/p>\n<p>Il a dissous un partenariat commercial pour acqu\u00e9rir l&rsquo;argent et, au fil du temps, a replant\u00e9 la ferme et reconstruit le moulin humide et le moulin sec. En 1965, la construction d&rsquo;une route a \u00e9t\u00e9 entreprise, un projet qui durerait 10 ans et n\u00e9cessiterait le travail d\u00e9vou\u00e9 d&rsquo;un constructeur de routes utilisant de la dynamite. Au d\u00e9but, la route pouvait accueillir un \u00e2ne ; plus tard, une voiture, bien qu&rsquo;une petite et avec beaucoup de man\u0153uvres. Depuis, elle a \u00e9t\u00e9 \u00e9largie pour accueillir confortablement la plupart des v\u00e9hicules, mais el Caracol, comme elle est connue, reste aussi dramatique que les efforts n\u00e9cessaires \u00e0 sa construction (et fait para\u00eetre la Lombard Street de San Francisco comme une simple ruelle tortueuse).<\/p>\n<p>Muxbal Estate RFA Processus Honey : Miel, p\u00eache, tropical<\/p>\n<p>&nbsp;<\/p>\n<p>Region Union Juarez, Chiapas Growing Altitude 1&rsquo;500m Arabica Variety Caturra, Mondo Novo, Catuai Harvest Period November\u2013March Milling Process Grown with shade, sun dried on raised beds; washed, honey and natural processes.<\/p>","protected":false},"excerpt":{"rendered":"<p>Muxbal Estate est une ferme de caf\u00e9 \u00e9poustouflante, situ\u00e9e au sommet d&rsquo;une montagne \u00e0 Uni\u00f3n Ju\u00e1rez, qui tire son nom de l&rsquo;expression maya signifiant \u00ab lieu entour\u00e9 de nuages \u00bb. Muxbal s&rsquo;\u00e9tend sur 236 hectares litt\u00e9ralement \u00e0 la fronti\u00e8re du Guatemala. La moiti\u00e9 est plant\u00e9e de caf\u00e9 et l&rsquo;autre moiti\u00e9 est une r\u00e9serve \u00e9cologique prot\u00e9g\u00e9e [&hellip;]<\/p>\n","protected":false},"featured_media":8090,"comment_status":"closed","ping_status":"closed","template":"","meta":[],"product_brand":[],"product_cat":[43],"product_tag":[],"class_list":{"0":"post-8085","1":"product","2":"type-product","3":"status-publish","4":"has-post-thumbnail","6":"product_cat-cafes","8":"first","9":"instock","10":"featured","11":"shipping-taxable","12":"purchasable","13":"product-type-variable","14":"has-default-attributes"},"yoast_head":"<!-- This site is optimized with the Yoast SEO plugin v27.5 - https:\/\/yoast.com\/product\/yoast-seo-wordpress\/ -->\n<title>Mexico honey Muxbal - Gentlemen&#039;s Coffee Club Riviera<\/title>\n<meta name=\"description\" content=\"women power chiapas mexique mexiko mexico coffe women maya mayas guatemala espresso cupping women groups femmes caf\u00e9 Mexique essentiel economies Nantic\" \/>\n<meta name=\"robots\" content=\"index, follow, max-snippet:-1, max-image-preview:large, max-video-preview:-1\" \/>\n<link rel=\"canonical\" href=\"https:\/\/www.gentlemenscoffeeclub.ch\/de\/produkt\/mexico-honey-muxbal\/\" \/>\n<meta property=\"og:locale\" content=\"de_DE\" \/>\n<meta property=\"og:type\" content=\"article\" \/>\n<meta property=\"og:title\" content=\"Mexico honey Muxbal - Gentlemen&#039;s Coffee Club Riviera\" \/>\n<meta property=\"og:description\" content=\"women power chiapas mexique mexiko mexico coffe women maya mayas guatemala espresso cupping women groups femmes caf\u00e9 Mexique essentiel economies Nantic\" \/>\n<meta property=\"og:url\" content=\"https:\/\/www.gentlemenscoffeeclub.ch\/de\/produkt\/mexico-honey-muxbal\/\" \/>\n<meta property=\"og:site_name\" content=\"Gentlemen&#039;s Coffee Club Riviera\" \/>\n<meta property=\"article:publisher\" content=\"https:\/\/www.facebook.com\/Gentlemens-Coffee-Club-104579991113160\" \/>\n<meta property=\"article:modified_time\" content=\"2025-06-15T07:14:37+00:00\" \/>\n<meta property=\"og:image\" content=\"https:\/\/www.gentlemenscoffeeclub.ch\/wp-content\/uploads\/2024\/01\/mexico-landscape.webp\" \/>\n\t<meta property=\"og:image:width\" content=\"1500\" \/>\n\t<meta property=\"og:image:height\" content=\"1125\" \/>\n\t<meta property=\"og:image:type\" content=\"image\/webp\" \/>\n<meta name=\"twitter:card\" content=\"summary_large_image\" \/>\n<meta name=\"twitter:label1\" content=\"Gesch\u00e4tzte Lesezeit\" \/>\n\t<meta name=\"twitter:data1\" content=\"3\u00a0Minuten\" \/>\n<script type=\"application\/ld+json\" class=\"yoast-schema-graph\">{\"@context\":\"https:\\\/\\\/schema.org\",\"@graph\":[{\"@type\":\"WebPage\",\"@id\":\"https:\\\/\\\/www.gentlemenscoffeeclub.ch\\\/produit\\\/mexico-honey-muxbal\\\/\",\"url\":\"https:\\\/\\\/www.gentlemenscoffeeclub.ch\\\/produit\\\/mexico-honey-muxbal\\\/\",\"name\":\"Mexico honey Muxbal - Gentlemen's Coffee Club Riviera\",\"isPartOf\":{\"@id\":\"https:\\\/\\\/www.gentlemenscoffeeclub.ch\\\/#website\"},\"primaryImageOfPage\":{\"@id\":\"https:\\\/\\\/www.gentlemenscoffeeclub.ch\\\/produit\\\/mexico-honey-muxbal\\\/#primaryimage\"},\"image\":{\"@id\":\"https:\\\/\\\/www.gentlemenscoffeeclub.ch\\\/produit\\\/mexico-honey-muxbal\\\/#primaryimage\"},\"thumbnailUrl\":\"https:\\\/\\\/www.gentlemenscoffeeclub.ch\\\/wp-content\\\/uploads\\\/2024\\\/01\\\/mexico-landscape.webp\",\"datePublished\":\"2024-01-31T14:29:34+00:00\",\"dateModified\":\"2025-06-15T07:14:37+00:00\",\"description\":\"women power chiapas mexique mexiko mexico coffe women maya mayas guatemala espresso cupping women groups femmes caf\u00e9 Mexique essentiel economies Nantic\",\"breadcrumb\":{\"@id\":\"https:\\\/\\\/www.gentlemenscoffeeclub.ch\\\/produit\\\/mexico-honey-muxbal\\\/#breadcrumb\"},\"inLanguage\":\"de\",\"potentialAction\":[{\"@type\":\"ReadAction\",\"target\":[\"https:\\\/\\\/www.gentlemenscoffeeclub.ch\\\/produit\\\/mexico-honey-muxbal\\\/\"]}]},{\"@type\":\"ImageObject\",\"inLanguage\":\"de\",\"@id\":\"https:\\\/\\\/www.gentlemenscoffeeclub.ch\\\/produit\\\/mexico-honey-muxbal\\\/#primaryimage\",\"url\":\"https:\\\/\\\/www.gentlemenscoffeeclub.ch\\\/wp-content\\\/uploads\\\/2024\\\/01\\\/mexico-landscape.webp\",\"contentUrl\":\"https:\\\/\\\/www.gentlemenscoffeeclub.ch\\\/wp-content\\\/uploads\\\/2024\\\/01\\\/mexico-landscape.webp\",\"width\":1500,\"height\":1125},{\"@type\":\"BreadcrumbList\",\"@id\":\"https:\\\/\\\/www.gentlemenscoffeeclub.ch\\\/produit\\\/mexico-honey-muxbal\\\/#breadcrumb\",\"itemListElement\":[{\"@type\":\"ListItem\",\"position\":1,\"name\":\"Accueil\",\"item\":\"https:\\\/\\\/www.gentlemenscoffeeclub.ch\\\/\"},{\"@type\":\"ListItem\",\"position\":2,\"name\":\"Shop\",\"item\":\"https:\\\/\\\/www.gentlemenscoffeeclub.ch\\\/shop\\\/\"},{\"@type\":\"ListItem\",\"position\":3,\"name\":\"Caf\u00e9s\",\"item\":\"https:\\\/\\\/www.gentlemenscoffeeclub.ch\\\/categorie-produit\\\/cafes\\\/\"},{\"@type\":\"ListItem\",\"position\":4,\"name\":\"Mexico honey Muxbal\"}]},{\"@type\":\"WebSite\",\"@id\":\"https:\\\/\\\/www.gentlemenscoffeeclub.ch\\\/#website\",\"url\":\"https:\\\/\\\/www.gentlemenscoffeeclub.ch\\\/\",\"name\":\"Gentlemen's Coffee Club Riviera\",\"description\":\"Caf&eacute; Premium torr&eacute;fi&eacute; &agrave; Montreux\",\"publisher\":{\"@id\":\"https:\\\/\\\/www.gentlemenscoffeeclub.ch\\\/#organization\"},\"potentialAction\":[{\"@type\":\"SearchAction\",\"target\":{\"@type\":\"EntryPoint\",\"urlTemplate\":\"https:\\\/\\\/www.gentlemenscoffeeclub.ch\\\/?s={search_term_string}\"},\"query-input\":{\"@type\":\"PropertyValueSpecification\",\"valueRequired\":true,\"valueName\":\"search_term_string\"}}],\"inLanguage\":\"de\"},{\"@type\":\"Organization\",\"@id\":\"https:\\\/\\\/www.gentlemenscoffeeclub.ch\\\/#organization\",\"name\":\"Gentlemens Coffee Club Montreux\",\"url\":\"https:\\\/\\\/www.gentlemenscoffeeclub.ch\\\/\",\"logo\":{\"@type\":\"ImageObject\",\"inLanguage\":\"de\",\"@id\":\"https:\\\/\\\/www.gentlemenscoffeeclub.ch\\\/#\\\/schema\\\/logo\\\/image\\\/\",\"url\":\"https:\\\/\\\/www.gentlemenscoffeeclub.ch\\\/wp-content\\\/uploads\\\/2020\\\/04\\\/singe-seul-lunettes-roses77.png\",\"contentUrl\":\"https:\\\/\\\/www.gentlemenscoffeeclub.ch\\\/wp-content\\\/uploads\\\/2020\\\/04\\\/singe-seul-lunettes-roses77.png\",\"width\":996,\"height\":1455,\"caption\":\"Gentlemens Coffee Club Montreux\"},\"image\":{\"@id\":\"https:\\\/\\\/www.gentlemenscoffeeclub.ch\\\/#\\\/schema\\\/logo\\\/image\\\/\"},\"sameAs\":[\"https:\\\/\\\/www.facebook.com\\\/Gentlemens-Coffee-Club-104579991113160\",\"https:\\\/\\\/www.instagram.com\\\/clubgentlemenscoffee\\\/\",\"https:\\\/\\\/www.linkedin.com\\\/company\\\/gentlemen-s-coffee-club\"]}]}<\/script>\n<!-- \/ Yoast SEO plugin. -->","yoast_head_json":{"title":"Mexico honey Muxbal - Gentlemen's Coffee Club Riviera","description":"women power chiapas mexique mexiko mexico coffe women maya mayas guatemala espresso cupping women groups femmes caf\u00e9 Mexique essentiel economies Nantic","robots":{"index":"index","follow":"follow","max-snippet":"max-snippet:-1","max-image-preview":"max-image-preview:large","max-video-preview":"max-video-preview:-1"},"canonical":"https:\/\/www.gentlemenscoffeeclub.ch\/de\/produkt\/mexico-honey-muxbal\/","og_locale":"de_DE","og_type":"article","og_title":"Mexico honey Muxbal - Gentlemen's Coffee Club Riviera","og_description":"women power chiapas mexique mexiko mexico coffe women maya mayas guatemala espresso cupping women groups femmes caf\u00e9 Mexique essentiel economies Nantic","og_url":"https:\/\/www.gentlemenscoffeeclub.ch\/de\/produkt\/mexico-honey-muxbal\/","og_site_name":"Gentlemen's Coffee Club Riviera","article_publisher":"https:\/\/www.facebook.com\/Gentlemens-Coffee-Club-104579991113160","article_modified_time":"2025-06-15T07:14:37+00:00","og_image":[{"width":1500,"height":1125,"url":"https:\/\/www.gentlemenscoffeeclub.ch\/wp-content\/uploads\/2024\/01\/mexico-landscape.webp","type":"image\/webp"}],"twitter_card":"summary_large_image","twitter_misc":{"Gesch\u00e4tzte Lesezeit":"3\u00a0Minuten"},"schema":{"@context":"https:\/\/schema.org","@graph":[{"@type":"WebPage","@id":"https:\/\/www.gentlemenscoffeeclub.ch\/produit\/mexico-honey-muxbal\/","url":"https:\/\/www.gentlemenscoffeeclub.ch\/produit\/mexico-honey-muxbal\/","name":"Mexico honey Muxbal - Gentlemen's Coffee Club Riviera","isPartOf":{"@id":"https:\/\/www.gentlemenscoffeeclub.ch\/#website"},"primaryImageOfPage":{"@id":"https:\/\/www.gentlemenscoffeeclub.ch\/produit\/mexico-honey-muxbal\/#primaryimage"},"image":{"@id":"https:\/\/www.gentlemenscoffeeclub.ch\/produit\/mexico-honey-muxbal\/#primaryimage"},"thumbnailUrl":"https:\/\/www.gentlemenscoffeeclub.ch\/wp-content\/uploads\/2024\/01\/mexico-landscape.webp","datePublished":"2024-01-31T14:29:34+00:00","dateModified":"2025-06-15T07:14:37+00:00","description":"women power chiapas mexique mexiko mexico coffe women maya mayas guatemala espresso cupping women groups femmes caf\u00e9 Mexique essentiel economies Nantic","breadcrumb":{"@id":"https:\/\/www.gentlemenscoffeeclub.ch\/produit\/mexico-honey-muxbal\/#breadcrumb"},"inLanguage":"de","potentialAction":[{"@type":"ReadAction","target":["https:\/\/www.gentlemenscoffeeclub.ch\/produit\/mexico-honey-muxbal\/"]}]},{"@type":"ImageObject","inLanguage":"de","@id":"https:\/\/www.gentlemenscoffeeclub.ch\/produit\/mexico-honey-muxbal\/#primaryimage","url":"https:\/\/www.gentlemenscoffeeclub.ch\/wp-content\/uploads\/2024\/01\/mexico-landscape.webp","contentUrl":"https:\/\/www.gentlemenscoffeeclub.ch\/wp-content\/uploads\/2024\/01\/mexico-landscape.webp","width":1500,"height":1125},{"@type":"BreadcrumbList","@id":"https:\/\/www.gentlemenscoffeeclub.ch\/produit\/mexico-honey-muxbal\/#breadcrumb","itemListElement":[{"@type":"ListItem","position":1,"name":"Accueil","item":"https:\/\/www.gentlemenscoffeeclub.ch\/"},{"@type":"ListItem","position":2,"name":"Shop","item":"https:\/\/www.gentlemenscoffeeclub.ch\/shop\/"},{"@type":"ListItem","position":3,"name":"Caf\u00e9s","item":"https:\/\/www.gentlemenscoffeeclub.ch\/categorie-produit\/cafes\/"},{"@type":"ListItem","position":4,"name":"Mexico honey Muxbal"}]},{"@type":"WebSite","@id":"https:\/\/www.gentlemenscoffeeclub.ch\/#website","url":"https:\/\/www.gentlemenscoffeeclub.ch\/","name":"Gentlemen's Coffee Club Riviera","description":"Caf&eacute; Premium torr&eacute;fi&eacute; &agrave; Montreux","publisher":{"@id":"https:\/\/www.gentlemenscoffeeclub.ch\/#organization"},"potentialAction":[{"@type":"SearchAction","target":{"@type":"EntryPoint","urlTemplate":"https:\/\/www.gentlemenscoffeeclub.ch\/?s={search_term_string}"},"query-input":{"@type":"PropertyValueSpecification","valueRequired":true,"valueName":"search_term_string"}}],"inLanguage":"de"},{"@type":"Organization","@id":"https:\/\/www.gentlemenscoffeeclub.ch\/#organization","name":"Gentlemens Coffee Club Montreux","url":"https:\/\/www.gentlemenscoffeeclub.ch\/","logo":{"@type":"ImageObject","inLanguage":"de","@id":"https:\/\/www.gentlemenscoffeeclub.ch\/#\/schema\/logo\/image\/","url":"https:\/\/www.gentlemenscoffeeclub.ch\/wp-content\/uploads\/2020\/04\/singe-seul-lunettes-roses77.png","contentUrl":"https:\/\/www.gentlemenscoffeeclub.ch\/wp-content\/uploads\/2020\/04\/singe-seul-lunettes-roses77.png","width":996,"height":1455,"caption":"Gentlemens Coffee Club Montreux"},"image":{"@id":"https:\/\/www.gentlemenscoffeeclub.ch\/#\/schema\/logo\/image\/"},"sameAs":["https:\/\/www.facebook.com\/Gentlemens-Coffee-Club-104579991113160","https:\/\/www.instagram.com\/clubgentlemenscoffee\/","https:\/\/www.linkedin.com\/company\/gentlemen-s-coffee-club"]}]}},"_links":{"self":[{"href":"https:\/\/www.gentlemenscoffeeclub.ch\/de\/wp-json\/wp\/v2\/product\/8085","targetHints":{"allow":["GET"]}}],"collection":[{"href":"https:\/\/www.gentlemenscoffeeclub.ch\/de\/wp-json\/wp\/v2\/product"}],"about":[{"href":"https:\/\/www.gentlemenscoffeeclub.ch\/de\/wp-json\/wp\/v2\/types\/product"}],"replies":[{"embeddable":true,"href":"https:\/\/www.gentlemenscoffeeclub.ch\/de\/wp-json\/wp\/v2\/comments?post=8085"}],"wp:featuredmedia":[{"embeddable":true,"href":"https:\/\/www.gentlemenscoffeeclub.ch\/de\/wp-json\/wp\/v2\/media\/8090"}],"wp:attachment":[{"href":"https:\/\/www.gentlemenscoffeeclub.ch\/de\/wp-json\/wp\/v2\/media?parent=8085"}],"wp:term":[{"taxonomy":"product_brand","embeddable":true,"href":"https:\/\/www.gentlemenscoffeeclub.ch\/de\/wp-json\/wp\/v2\/product_brand?post=8085"},{"taxonomy":"product_cat","embeddable":true,"href":"https:\/\/www.gentlemenscoffeeclub.ch\/de\/wp-json\/wp\/v2\/product_cat?post=8085"},{"taxonomy":"product_tag","embeddable":true,"href":"https:\/\/www.gentlemenscoffeeclub.ch\/de\/wp-json\/wp\/v2\/product_tag?post=8085"}],"curies":[{"name":"wp","href":"https:\/\/api.w.org\/{rel}","templated":true}]}}