{"id":8077,"date":"2024-01-31T09:46:46","date_gmt":"2024-01-31T09:46:46","guid":{"rendered":"https:\/\/www.gentlemenscoffeeclub.ch\/?post_type=product&#038;p=8077"},"modified":"2024-04-26T05:26:13","modified_gmt":"2024-04-26T05:26:13","slug":"tasse-a-cafe-japonais-en-ceramique","status":"publish","type":"product","link":"https:\/\/www.gentlemenscoffeeclub.ch\/de\/produkt\/tasse-a-cafe-japonais-en-ceramique\/","title":{"rendered":"Tasse \u00e0 caf\u00e9 japonais en c\u00e9ramique"},"content":{"rendered":"<h3>Tasse \u00e0 caf\u00e9 japonais en c\u00e9ramique<\/h3>\n<p>CARACT\u00c9RISTIQUES DES TASSES JAPONAISES<\/p>\n<p>Artisanat traditionnel :<\/p>\n<p>Les tasses japonaises sont souvent faites \u00e0 la main, ce qui leur conf\u00e8re une beaut\u00e9 unique et incomparable. Elles repr\u00e9sentent l&rsquo;art s\u00e9culaire de la c\u00e9ramique au Japon.<\/p>\n<p>Diversit\u00e9 esth\u00e9tique :<\/p>\n<p>Les tasses japonaises se d\u00e9clinent en une vari\u00e9t\u00e9 de designs et de couleurs, allant de motifs minimalistes et \u00e9pur\u00e9s \u00e0 des motifs complexes et color\u00e9s.<\/p>\n<p>Mat\u00e9riaux de haute qualit\u00e9 :<\/p>\n<p>Elles sont g\u00e9n\u00e9ralement fabriqu\u00e9es \u00e0 partir de porcelaine ou de c\u00e9ramique de haute qualit\u00e9, ce qui leur assure durabilit\u00e9 et une texture agr\u00e9able au toucher. Elles sont\u00a0 faites de types d&rsquo;argile sp\u00e9ciaux qui am\u00e9liore le go\u00fbt des boissons chaude.<\/p>\n<p>Histoire et culture :<\/p>\n<p>Chaque tasse japonaise a une histoire \u00e0 raconter, car elles contiennent souvent des symboles et des designs bas\u00e9s sur les mythes, l\u00e9gendes et la riche culture du Japon.<\/p>\n<p>Utilisation diversifi\u00e9e :<\/p>\n<p>Bien qu&rsquo;elles soient souvent associ\u00e9es au th\u00e9, les tasses japonaises peuvent \u00eatre utilis\u00e9es pour diverses boissons, y compris\u00a0 le caf\u00e9 \ud83d\ude09<\/p>\n<p>&nbsp;<\/p>\n<p>&nbsp;<\/p>","protected":false},"excerpt":{"rendered":"<p>Tasse \u00e0 caf\u00e9 japonais en c\u00e9ramique CARACT\u00c9RISTIQUES DES TASSES JAPONAISES Artisanat traditionnel : Les tasses japonaises sont souvent faites \u00e0 la main, ce qui leur conf\u00e8re une beaut\u00e9 unique et incomparable. Elles repr\u00e9sentent l&rsquo;art s\u00e9culaire de la c\u00e9ramique au Japon. Diversit\u00e9 esth\u00e9tique : Les tasses japonaises se d\u00e9clinent en une vari\u00e9t\u00e9 de designs et de [&hellip;]<\/p>\n","protected":false},"featured_media":8080,"comment_status":"open","ping_status":"closed","template":"","meta":[],"product_brand":[],"product_cat":[67],"product_tag":[],"class_list":{"0":"post-8077","1":"product","2":"type-product","3":"status-publish","4":"has-post-thumbnail","6":"product_cat-equipement","8":"first","9":"instock","10":"shipping-taxable","11":"purchasable","12":"product-type-simple"},"yoast_head":"<!-- This site is optimized with the Yoast SEO plugin v27.5 - https:\/\/yoast.com\/product\/yoast-seo-wordpress\/ -->\n<title>Tasse \u00e0 caf\u00e9 japonais en c\u00e9ramique - Gentlemen&#039;s Coffee Club Riviera<\/title>\n<meta name=\"robots\" content=\"index, follow, max-snippet:-1, max-image-preview:large, max-video-preview:-1\" \/>\n<link rel=\"canonical\" href=\"https:\/\/www.gentlemenscoffeeclub.ch\/de\/produkt\/tasse-a-cafe-japonais-en-ceramique\/\" \/>\n<meta property=\"og:locale\" content=\"de_DE\" \/>\n<meta property=\"og:type\" content=\"article\" \/>\n<meta property=\"og:title\" content=\"Tasse \u00e0 caf\u00e9 japonais en c\u00e9ramique - Gentlemen&#039;s Coffee Club Riviera\" \/>\n<meta property=\"og:description\" content=\"Tasse \u00e0 caf\u00e9 japonais en c\u00e9ramique CARACT\u00c9RISTIQUES DES TASSES JAPONAISES Artisanat traditionnel : Les tasses japonaises sont souvent faites \u00e0 la main, ce qui leur conf\u00e8re une beaut\u00e9 unique et incomparable. Elles repr\u00e9sentent l&rsquo;art s\u00e9culaire de la c\u00e9ramique au Japon. Diversit\u00e9 esth\u00e9tique : Les tasses japonaises se d\u00e9clinent en une vari\u00e9t\u00e9 de designs et de [&hellip;]\" \/>\n<meta property=\"og:url\" content=\"https:\/\/www.gentlemenscoffeeclub.ch\/de\/produkt\/tasse-a-cafe-japonais-en-ceramique\/\" \/>\n<meta property=\"og:site_name\" content=\"Gentlemen&#039;s Coffee Club Riviera\" \/>\n<meta property=\"article:publisher\" content=\"https:\/\/www.facebook.com\/Gentlemens-Coffee-Club-104579991113160\" \/>\n<meta property=\"article:modified_time\" content=\"2024-04-26T05:26:13+00:00\" \/>\n<meta property=\"og:image\" content=\"https:\/\/www.gentlemenscoffeeclub.ch\/wp-content\/uploads\/2024\/01\/IMG_0030.jpeg\" \/>\n\t<meta property=\"og:image:width\" content=\"800\" \/>\n\t<meta property=\"og:image:height\" content=\"800\" \/>\n\t<meta property=\"og:image:type\" content=\"image\/jpeg\" \/>\n<meta name=\"twitter:card\" content=\"summary_large_image\" \/>\n<meta name=\"twitter:label1\" content=\"Gesch\u00e4tzte Lesezeit\" \/>\n\t<meta name=\"twitter:data1\" content=\"2\u00a0Minuten\" \/>\n<script type=\"application\/ld+json\" class=\"yoast-schema-graph\">{\"@context\":\"https:\\\/\\\/schema.org\",\"@graph\":[{\"@type\":\"WebPage\",\"@id\":\"https:\\\/\\\/www.gentlemenscoffeeclub.ch\\\/produit\\\/tasse-a-cafe-japonais-en-ceramique\\\/\",\"url\":\"https:\\\/\\\/www.gentlemenscoffeeclub.ch\\\/produit\\\/tasse-a-cafe-japonais-en-ceramique\\\/\",\"name\":\"Tasse \u00e0 caf\u00e9 japonais en c\u00e9ramique - Gentlemen's Coffee Club Riviera\",\"isPartOf\":{\"@id\":\"https:\\\/\\\/www.gentlemenscoffeeclub.ch\\\/#website\"},\"primaryImageOfPage\":{\"@id\":\"https:\\\/\\\/www.gentlemenscoffeeclub.ch\\\/produit\\\/tasse-a-cafe-japonais-en-ceramique\\\/#primaryimage\"},\"image\":{\"@id\":\"https:\\\/\\\/www.gentlemenscoffeeclub.ch\\\/produit\\\/tasse-a-cafe-japonais-en-ceramique\\\/#primaryimage\"},\"thumbnailUrl\":\"https:\\\/\\\/www.gentlemenscoffeeclub.ch\\\/wp-content\\\/uploads\\\/2024\\\/01\\\/IMG_0030.jpeg\",\"datePublished\":\"2024-01-31T09:46:46+00:00\",\"dateModified\":\"2024-04-26T05:26:13+00:00\",\"breadcrumb\":{\"@id\":\"https:\\\/\\\/www.gentlemenscoffeeclub.ch\\\/produit\\\/tasse-a-cafe-japonais-en-ceramique\\\/#breadcrumb\"},\"inLanguage\":\"de\",\"potentialAction\":[{\"@type\":\"ReadAction\",\"target\":[\"https:\\\/\\\/www.gentlemenscoffeeclub.ch\\\/produit\\\/tasse-a-cafe-japonais-en-ceramique\\\/\"]}]},{\"@type\":\"ImageObject\",\"inLanguage\":\"de\",\"@id\":\"https:\\\/\\\/www.gentlemenscoffeeclub.ch\\\/produit\\\/tasse-a-cafe-japonais-en-ceramique\\\/#primaryimage\",\"url\":\"https:\\\/\\\/www.gentlemenscoffeeclub.ch\\\/wp-content\\\/uploads\\\/2024\\\/01\\\/IMG_0030.jpeg\",\"contentUrl\":\"https:\\\/\\\/www.gentlemenscoffeeclub.ch\\\/wp-content\\\/uploads\\\/2024\\\/01\\\/IMG_0030.jpeg\",\"width\":800,\"height\":800},{\"@type\":\"BreadcrumbList\",\"@id\":\"https:\\\/\\\/www.gentlemenscoffeeclub.ch\\\/produit\\\/tasse-a-cafe-japonais-en-ceramique\\\/#breadcrumb\",\"itemListElement\":[{\"@type\":\"ListItem\",\"position\":1,\"name\":\"Accueil\",\"item\":\"https:\\\/\\\/www.gentlemenscoffeeclub.ch\\\/\"},{\"@type\":\"ListItem\",\"position\":2,\"name\":\"Shop\",\"item\":\"https:\\\/\\\/www.gentlemenscoffeeclub.ch\\\/shop\\\/\"},{\"@type\":\"ListItem\",\"position\":3,\"name\":\"Equipement\",\"item\":\"https:\\\/\\\/www.gentlemenscoffeeclub.ch\\\/categorie-produit\\\/equipement\\\/\"},{\"@type\":\"ListItem\",\"position\":4,\"name\":\"Tasse \u00e0 caf\u00e9 japonais en c\u00e9ramique\"}]},{\"@type\":\"WebSite\",\"@id\":\"https:\\\/\\\/www.gentlemenscoffeeclub.ch\\\/#website\",\"url\":\"https:\\\/\\\/www.gentlemenscoffeeclub.ch\\\/\",\"name\":\"Gentlemen's Coffee Club Riviera\",\"description\":\"Caf&eacute; Premium torr&eacute;fi&eacute; &agrave; Montreux\",\"publisher\":{\"@id\":\"https:\\\/\\\/www.gentlemenscoffeeclub.ch\\\/#organization\"},\"potentialAction\":[{\"@type\":\"SearchAction\",\"target\":{\"@type\":\"EntryPoint\",\"urlTemplate\":\"https:\\\/\\\/www.gentlemenscoffeeclub.ch\\\/?s={search_term_string}\"},\"query-input\":{\"@type\":\"PropertyValueSpecification\",\"valueRequired\":true,\"valueName\":\"search_term_string\"}}],\"inLanguage\":\"de\"},{\"@type\":\"Organization\",\"@id\":\"https:\\\/\\\/www.gentlemenscoffeeclub.ch\\\/#organization\",\"name\":\"Gentlemens Coffee Club Montreux\",\"url\":\"https:\\\/\\\/www.gentlemenscoffeeclub.ch\\\/\",\"logo\":{\"@type\":\"ImageObject\",\"inLanguage\":\"de\",\"@id\":\"https:\\\/\\\/www.gentlemenscoffeeclub.ch\\\/#\\\/schema\\\/logo\\\/image\\\/\",\"url\":\"https:\\\/\\\/www.gentlemenscoffeeclub.ch\\\/wp-content\\\/uploads\\\/2020\\\/04\\\/singe-seul-lunettes-roses77.png\",\"contentUrl\":\"https:\\\/\\\/www.gentlemenscoffeeclub.ch\\\/wp-content\\\/uploads\\\/2020\\\/04\\\/singe-seul-lunettes-roses77.png\",\"width\":996,\"height\":1455,\"caption\":\"Gentlemens Coffee Club Montreux\"},\"image\":{\"@id\":\"https:\\\/\\\/www.gentlemenscoffeeclub.ch\\\/#\\\/schema\\\/logo\\\/image\\\/\"},\"sameAs\":[\"https:\\\/\\\/www.facebook.com\\\/Gentlemens-Coffee-Club-104579991113160\",\"https:\\\/\\\/www.instagram.com\\\/clubgentlemenscoffee\\\/\",\"https:\\\/\\\/www.linkedin.com\\\/company\\\/gentlemen-s-coffee-club\"]}]}<\/script>\n<!-- \/ Yoast SEO plugin. -->","yoast_head_json":{"title":"Tasse \u00e0 caf\u00e9 japonais en c\u00e9ramique - Gentlemen's Coffee Club Riviera","robots":{"index":"index","follow":"follow","max-snippet":"max-snippet:-1","max-image-preview":"max-image-preview:large","max-video-preview":"max-video-preview:-1"},"canonical":"https:\/\/www.gentlemenscoffeeclub.ch\/de\/produkt\/tasse-a-cafe-japonais-en-ceramique\/","og_locale":"de_DE","og_type":"article","og_title":"Tasse \u00e0 caf\u00e9 japonais en c\u00e9ramique - Gentlemen's Coffee Club Riviera","og_description":"Tasse \u00e0 caf\u00e9 japonais en c\u00e9ramique CARACT\u00c9RISTIQUES DES TASSES JAPONAISES Artisanat traditionnel : Les tasses japonaises sont souvent faites \u00e0 la main, ce qui leur conf\u00e8re une beaut\u00e9 unique et incomparable. Elles repr\u00e9sentent l&rsquo;art s\u00e9culaire de la c\u00e9ramique au Japon. Diversit\u00e9 esth\u00e9tique : Les tasses japonaises se d\u00e9clinent en une vari\u00e9t\u00e9 de designs et de [&hellip;]","og_url":"https:\/\/www.gentlemenscoffeeclub.ch\/de\/produkt\/tasse-a-cafe-japonais-en-ceramique\/","og_site_name":"Gentlemen's Coffee Club Riviera","article_publisher":"https:\/\/www.facebook.com\/Gentlemens-Coffee-Club-104579991113160","article_modified_time":"2024-04-26T05:26:13+00:00","og_image":[{"width":800,"height":800,"url":"https:\/\/www.gentlemenscoffeeclub.ch\/wp-content\/uploads\/2024\/01\/IMG_0030.jpeg","type":"image\/jpeg"}],"twitter_card":"summary_large_image","twitter_misc":{"Gesch\u00e4tzte Lesezeit":"2\u00a0Minuten"},"schema":{"@context":"https:\/\/schema.org","@graph":[{"@type":"WebPage","@id":"https:\/\/www.gentlemenscoffeeclub.ch\/produit\/tasse-a-cafe-japonais-en-ceramique\/","url":"https:\/\/www.gentlemenscoffeeclub.ch\/produit\/tasse-a-cafe-japonais-en-ceramique\/","name":"Tasse \u00e0 caf\u00e9 japonais en c\u00e9ramique - Gentlemen's Coffee Club Riviera","isPartOf":{"@id":"https:\/\/www.gentlemenscoffeeclub.ch\/#website"},"primaryImageOfPage":{"@id":"https:\/\/www.gentlemenscoffeeclub.ch\/produit\/tasse-a-cafe-japonais-en-ceramique\/#primaryimage"},"image":{"@id":"https:\/\/www.gentlemenscoffeeclub.ch\/produit\/tasse-a-cafe-japonais-en-ceramique\/#primaryimage"},"thumbnailUrl":"https:\/\/www.gentlemenscoffeeclub.ch\/wp-content\/uploads\/2024\/01\/IMG_0030.jpeg","datePublished":"2024-01-31T09:46:46+00:00","dateModified":"2024-04-26T05:26:13+00:00","breadcrumb":{"@id":"https:\/\/www.gentlemenscoffeeclub.ch\/produit\/tasse-a-cafe-japonais-en-ceramique\/#breadcrumb"},"inLanguage":"de","potentialAction":[{"@type":"ReadAction","target":["https:\/\/www.gentlemenscoffeeclub.ch\/produit\/tasse-a-cafe-japonais-en-ceramique\/"]}]},{"@type":"ImageObject","inLanguage":"de","@id":"https:\/\/www.gentlemenscoffeeclub.ch\/produit\/tasse-a-cafe-japonais-en-ceramique\/#primaryimage","url":"https:\/\/www.gentlemenscoffeeclub.ch\/wp-content\/uploads\/2024\/01\/IMG_0030.jpeg","contentUrl":"https:\/\/www.gentlemenscoffeeclub.ch\/wp-content\/uploads\/2024\/01\/IMG_0030.jpeg","width":800,"height":800},{"@type":"BreadcrumbList","@id":"https:\/\/www.gentlemenscoffeeclub.ch\/produit\/tasse-a-cafe-japonais-en-ceramique\/#breadcrumb","itemListElement":[{"@type":"ListItem","position":1,"name":"Accueil","item":"https:\/\/www.gentlemenscoffeeclub.ch\/"},{"@type":"ListItem","position":2,"name":"Shop","item":"https:\/\/www.gentlemenscoffeeclub.ch\/shop\/"},{"@type":"ListItem","position":3,"name":"Equipement","item":"https:\/\/www.gentlemenscoffeeclub.ch\/categorie-produit\/equipement\/"},{"@type":"ListItem","position":4,"name":"Tasse \u00e0 caf\u00e9 japonais en c\u00e9ramique"}]},{"@type":"WebSite","@id":"https:\/\/www.gentlemenscoffeeclub.ch\/#website","url":"https:\/\/www.gentlemenscoffeeclub.ch\/","name":"Gentlemen's Coffee Club Riviera","description":"Caf&eacute; Premium torr&eacute;fi&eacute; &agrave; Montreux","publisher":{"@id":"https:\/\/www.gentlemenscoffeeclub.ch\/#organization"},"potentialAction":[{"@type":"SearchAction","target":{"@type":"EntryPoint","urlTemplate":"https:\/\/www.gentlemenscoffeeclub.ch\/?s={search_term_string}"},"query-input":{"@type":"PropertyValueSpecification","valueRequired":true,"valueName":"search_term_string"}}],"inLanguage":"de"},{"@type":"Organization","@id":"https:\/\/www.gentlemenscoffeeclub.ch\/#organization","name":"Gentlemens Coffee Club Montreux","url":"https:\/\/www.gentlemenscoffeeclub.ch\/","logo":{"@type":"ImageObject","inLanguage":"de","@id":"https:\/\/www.gentlemenscoffeeclub.ch\/#\/schema\/logo\/image\/","url":"https:\/\/www.gentlemenscoffeeclub.ch\/wp-content\/uploads\/2020\/04\/singe-seul-lunettes-roses77.png","contentUrl":"https:\/\/www.gentlemenscoffeeclub.ch\/wp-content\/uploads\/2020\/04\/singe-seul-lunettes-roses77.png","width":996,"height":1455,"caption":"Gentlemens Coffee Club Montreux"},"image":{"@id":"https:\/\/www.gentlemenscoffeeclub.ch\/#\/schema\/logo\/image\/"},"sameAs":["https:\/\/www.facebook.com\/Gentlemens-Coffee-Club-104579991113160","https:\/\/www.instagram.com\/clubgentlemenscoffee\/","https:\/\/www.linkedin.com\/company\/gentlemen-s-coffee-club"]}]}},"_links":{"self":[{"href":"https:\/\/www.gentlemenscoffeeclub.ch\/de\/wp-json\/wp\/v2\/product\/8077","targetHints":{"allow":["GET"]}}],"collection":[{"href":"https:\/\/www.gentlemenscoffeeclub.ch\/de\/wp-json\/wp\/v2\/product"}],"about":[{"href":"https:\/\/www.gentlemenscoffeeclub.ch\/de\/wp-json\/wp\/v2\/types\/product"}],"replies":[{"embeddable":true,"href":"https:\/\/www.gentlemenscoffeeclub.ch\/de\/wp-json\/wp\/v2\/comments?post=8077"}],"wp:featuredmedia":[{"embeddable":true,"href":"https:\/\/www.gentlemenscoffeeclub.ch\/de\/wp-json\/wp\/v2\/media\/8080"}],"wp:attachment":[{"href":"https:\/\/www.gentlemenscoffeeclub.ch\/de\/wp-json\/wp\/v2\/media?parent=8077"}],"wp:term":[{"taxonomy":"product_brand","embeddable":true,"href":"https:\/\/www.gentlemenscoffeeclub.ch\/de\/wp-json\/wp\/v2\/product_brand?post=8077"},{"taxonomy":"product_cat","embeddable":true,"href":"https:\/\/www.gentlemenscoffeeclub.ch\/de\/wp-json\/wp\/v2\/product_cat?post=8077"},{"taxonomy":"product_tag","embeddable":true,"href":"https:\/\/www.gentlemenscoffeeclub.ch\/de\/wp-json\/wp\/v2\/product_tag?post=8077"}],"curies":[{"name":"wp","href":"https:\/\/api.w.org\/{rel}","templated":true}]}}