{"id":8049,"date":"2024-01-24T15:22:11","date_gmt":"2024-01-24T15:22:11","guid":{"rendered":"https:\/\/www.gentlemenscoffeeclub.ch\/?post_type=product&#038;p=8049"},"modified":"2024-01-25T08:22:49","modified_gmt":"2024-01-25T08:22:49","slug":"fiorenzato-allground-sense-avec-balance-integree","status":"publish","type":"product","link":"https:\/\/www.gentlemenscoffeeclub.ch\/de\/produkt\/fiorenzato-allground-sense-avec-balance-integree\/","title":{"rendered":"Fiorenzato AllGround Sense (avec balance int\u00e9gr\u00e9e)"},"content":{"rendered":"<div class=\"elementor-element elementor-element-df1ac6b elementor-widget elementor-widget-woocommerce-product-short-description\" data-id=\"df1ac6b\" data-element_type=\"widget\" data-widget_type=\"woocommerce-product-short-description.default\">\n<div class=\"elementor-widget-container\">\n<div class=\"woocommerce-product-details__short-description\">\n<p><span class=\"\">Moulin \u00e0 caf\u00e9 facile \u00e0 utiliser pour un usage domestique, \u00e9quip\u00e9 de la derni\u00e8re technologie de mouture bas\u00e9e sur le poids (\u00a0<\/span><span class=\"\">technologie grind-by-weight).\u00a0<\/span>Gr\u00e2ce \u00e0 un contr\u00f4le pr\u00e9cis bas\u00e9 sur le poids, le moulin d\u00e9livre toujours la quantit\u00e9 exacte de caf\u00e9, quel que soit le niveau de mouture.<\/p>\n<div>\n<ul>\n<li>Technologie de broyage au poids<\/li>\n<li>Large gamme de niveaux de mouture, de l&rsquo;espresso au caf\u00e9 filtre.<\/li>\n<li>R\u00e9glage simple et \u00e0 petite \u00e9chelle du degr\u00e9 de mouture avec retour de clic.<\/li>\n<li>Disques de meulage : 64 mm<\/li>\n<li>Contenant \u00e0 grains : 250g<\/li>\n<li>Dimensions : 44,2 cm x 16,9 cm x 24 cm (H\/L\/P)<\/li>\n<li>Poids : 9kg<\/li>\n<\/ul>\n<\/div>\n<\/div>\n<\/div>\n<\/div>\n<div class=\"elementor-element elementor-element-b5191fe elementor-widget-divider--view-line elementor-widget elementor-widget-divider\" data-id=\"b5191fe\" data-element_type=\"widget\" data-widget_type=\"divider.default\">\n<div class=\"elementor-widget-container\">\n<div class=\"elementor-divider\"><\/div>\n<\/div>\n<\/div>","protected":false},"excerpt":{"rendered":"<p>Moulin \u00e0 caf\u00e9 facile \u00e0 utiliser pour un usage domestique, \u00e9quip\u00e9 de la derni\u00e8re technologie de mouture bas\u00e9e sur le poids (\u00a0technologie grind-by-weight).\u00a0Gr\u00e2ce \u00e0 un contr\u00f4le pr\u00e9cis bas\u00e9 sur le poids, le moulin d\u00e9livre toujours la quantit\u00e9 exacte de caf\u00e9, quel que soit le niveau de mouture. Technologie de broyage au poids Large gamme de [&hellip;]<\/p>\n","protected":false},"featured_media":8053,"comment_status":"closed","ping_status":"closed","template":"","meta":[],"product_brand":[],"product_cat":[20],"product_tag":[],"class_list":{"0":"post-8049","1":"product","2":"type-product","3":"status-publish","4":"has-post-thumbnail","6":"product_cat-moulins-a-cafe","8":"first","9":"instock","10":"purchasable","11":"product-type-variable"},"yoast_head":"<!-- This site is optimized with the Yoast SEO plugin v27.5 - https:\/\/yoast.com\/product\/yoast-seo-wordpress\/ -->\n<title>Fiorenzato AllGround Sense (avec balance int\u00e9gr\u00e9e) - Gentlemen&#039;s Coffee Club Riviera<\/title>\n<meta name=\"robots\" content=\"index, follow, max-snippet:-1, max-image-preview:large, max-video-preview:-1\" \/>\n<link rel=\"canonical\" href=\"https:\/\/www.gentlemenscoffeeclub.ch\/de\/produkt\/fiorenzato-allground-sense-avec-balance-integree\/\" \/>\n<meta property=\"og:locale\" content=\"de_DE\" \/>\n<meta property=\"og:type\" content=\"article\" \/>\n<meta property=\"og:title\" content=\"Fiorenzato AllGround Sense (avec balance int\u00e9gr\u00e9e) - Gentlemen&#039;s Coffee Club Riviera\" \/>\n<meta property=\"og:description\" content=\"Moulin \u00e0 caf\u00e9 facile \u00e0 utiliser pour un usage domestique, \u00e9quip\u00e9 de la derni\u00e8re technologie de mouture bas\u00e9e sur le poids (\u00a0technologie grind-by-weight).\u00a0Gr\u00e2ce \u00e0 un contr\u00f4le pr\u00e9cis bas\u00e9 sur le poids, le moulin d\u00e9livre toujours la quantit\u00e9 exacte de caf\u00e9, quel que soit le niveau de mouture. Technologie de broyage au poids Large gamme de [&hellip;]\" \/>\n<meta property=\"og:url\" content=\"https:\/\/www.gentlemenscoffeeclub.ch\/de\/produkt\/fiorenzato-allground-sense-avec-balance-integree\/\" \/>\n<meta property=\"og:site_name\" content=\"Gentlemen&#039;s Coffee Club Riviera\" \/>\n<meta property=\"article:publisher\" content=\"https:\/\/www.facebook.com\/Gentlemens-Coffee-Club-104579991113160\" \/>\n<meta property=\"article:modified_time\" content=\"2024-01-25T08:22:49+00:00\" \/>\n<meta property=\"og:image\" content=\"https:\/\/www.gentlemenscoffeeclub.ch\/wp-content\/uploads\/2024\/01\/Bildschirmfoto-2024-01-24-um-15.27.16.png\" \/>\n\t<meta property=\"og:image:width\" content=\"1140\" \/>\n\t<meta property=\"og:image:height\" content=\"1762\" \/>\n\t<meta property=\"og:image:type\" content=\"image\/png\" \/>\n<meta name=\"twitter:card\" content=\"summary_large_image\" \/>\n<meta name=\"twitter:label1\" content=\"Gesch\u00e4tzte Lesezeit\" \/>\n\t<meta name=\"twitter:data1\" content=\"1\u00a0Minute\" \/>\n<script type=\"application\/ld+json\" class=\"yoast-schema-graph\">{\"@context\":\"https:\\\/\\\/schema.org\",\"@graph\":[{\"@type\":\"WebPage\",\"@id\":\"https:\\\/\\\/www.gentlemenscoffeeclub.ch\\\/produit\\\/fiorenzato-allground-sense-avec-balance-integree\\\/\",\"url\":\"https:\\\/\\\/www.gentlemenscoffeeclub.ch\\\/produit\\\/fiorenzato-allground-sense-avec-balance-integree\\\/\",\"name\":\"Fiorenzato AllGround Sense (avec balance int\u00e9gr\u00e9e) - Gentlemen's Coffee Club Riviera\",\"isPartOf\":{\"@id\":\"https:\\\/\\\/www.gentlemenscoffeeclub.ch\\\/#website\"},\"primaryImageOfPage\":{\"@id\":\"https:\\\/\\\/www.gentlemenscoffeeclub.ch\\\/produit\\\/fiorenzato-allground-sense-avec-balance-integree\\\/#primaryimage\"},\"image\":{\"@id\":\"https:\\\/\\\/www.gentlemenscoffeeclub.ch\\\/produit\\\/fiorenzato-allground-sense-avec-balance-integree\\\/#primaryimage\"},\"thumbnailUrl\":\"https:\\\/\\\/www.gentlemenscoffeeclub.ch\\\/wp-content\\\/uploads\\\/2024\\\/01\\\/Bildschirmfoto-2024-01-24-um-15.27.16.png\",\"datePublished\":\"2024-01-24T15:22:11+00:00\",\"dateModified\":\"2024-01-25T08:22:49+00:00\",\"breadcrumb\":{\"@id\":\"https:\\\/\\\/www.gentlemenscoffeeclub.ch\\\/produit\\\/fiorenzato-allground-sense-avec-balance-integree\\\/#breadcrumb\"},\"inLanguage\":\"de\",\"potentialAction\":[{\"@type\":\"ReadAction\",\"target\":[\"https:\\\/\\\/www.gentlemenscoffeeclub.ch\\\/produit\\\/fiorenzato-allground-sense-avec-balance-integree\\\/\"]}]},{\"@type\":\"ImageObject\",\"inLanguage\":\"de\",\"@id\":\"https:\\\/\\\/www.gentlemenscoffeeclub.ch\\\/produit\\\/fiorenzato-allground-sense-avec-balance-integree\\\/#primaryimage\",\"url\":\"https:\\\/\\\/www.gentlemenscoffeeclub.ch\\\/wp-content\\\/uploads\\\/2024\\\/01\\\/Bildschirmfoto-2024-01-24-um-15.27.16.png\",\"contentUrl\":\"https:\\\/\\\/www.gentlemenscoffeeclub.ch\\\/wp-content\\\/uploads\\\/2024\\\/01\\\/Bildschirmfoto-2024-01-24-um-15.27.16.png\",\"width\":1140,\"height\":1762},{\"@type\":\"BreadcrumbList\",\"@id\":\"https:\\\/\\\/www.gentlemenscoffeeclub.ch\\\/produit\\\/fiorenzato-allground-sense-avec-balance-integree\\\/#breadcrumb\",\"itemListElement\":[{\"@type\":\"ListItem\",\"position\":1,\"name\":\"Accueil\",\"item\":\"https:\\\/\\\/www.gentlemenscoffeeclub.ch\\\/\"},{\"@type\":\"ListItem\",\"position\":2,\"name\":\"Shop\",\"item\":\"https:\\\/\\\/www.gentlemenscoffeeclub.ch\\\/shop\\\/\"},{\"@type\":\"ListItem\",\"position\":3,\"name\":\"Moulins \u00e0 caf\u00e9\",\"item\":\"https:\\\/\\\/www.gentlemenscoffeeclub.ch\\\/categorie-produit\\\/moulins-a-cafe\\\/\"},{\"@type\":\"ListItem\",\"position\":4,\"name\":\"Fiorenzato AllGround Sense (avec balance int\u00e9gr\u00e9e)\"}]},{\"@type\":\"WebSite\",\"@id\":\"https:\\\/\\\/www.gentlemenscoffeeclub.ch\\\/#website\",\"url\":\"https:\\\/\\\/www.gentlemenscoffeeclub.ch\\\/\",\"name\":\"Gentlemen's Coffee Club Riviera\",\"description\":\"Caf&eacute; Premium torr&eacute;fi&eacute; &agrave; Montreux\",\"publisher\":{\"@id\":\"https:\\\/\\\/www.gentlemenscoffeeclub.ch\\\/#organization\"},\"potentialAction\":[{\"@type\":\"SearchAction\",\"target\":{\"@type\":\"EntryPoint\",\"urlTemplate\":\"https:\\\/\\\/www.gentlemenscoffeeclub.ch\\\/?s={search_term_string}\"},\"query-input\":{\"@type\":\"PropertyValueSpecification\",\"valueRequired\":true,\"valueName\":\"search_term_string\"}}],\"inLanguage\":\"de\"},{\"@type\":\"Organization\",\"@id\":\"https:\\\/\\\/www.gentlemenscoffeeclub.ch\\\/#organization\",\"name\":\"Gentlemens Coffee Club Montreux\",\"url\":\"https:\\\/\\\/www.gentlemenscoffeeclub.ch\\\/\",\"logo\":{\"@type\":\"ImageObject\",\"inLanguage\":\"de\",\"@id\":\"https:\\\/\\\/www.gentlemenscoffeeclub.ch\\\/#\\\/schema\\\/logo\\\/image\\\/\",\"url\":\"https:\\\/\\\/www.gentlemenscoffeeclub.ch\\\/wp-content\\\/uploads\\\/2020\\\/04\\\/singe-seul-lunettes-roses77.png\",\"contentUrl\":\"https:\\\/\\\/www.gentlemenscoffeeclub.ch\\\/wp-content\\\/uploads\\\/2020\\\/04\\\/singe-seul-lunettes-roses77.png\",\"width\":996,\"height\":1455,\"caption\":\"Gentlemens Coffee Club Montreux\"},\"image\":{\"@id\":\"https:\\\/\\\/www.gentlemenscoffeeclub.ch\\\/#\\\/schema\\\/logo\\\/image\\\/\"},\"sameAs\":[\"https:\\\/\\\/www.facebook.com\\\/Gentlemens-Coffee-Club-104579991113160\",\"https:\\\/\\\/www.instagram.com\\\/clubgentlemenscoffee\\\/\",\"https:\\\/\\\/www.linkedin.com\\\/company\\\/gentlemen-s-coffee-club\"]}]}<\/script>\n<!-- \/ Yoast SEO plugin. -->","yoast_head_json":{"title":"Fiorenzato AllGround Sense (avec balance int\u00e9gr\u00e9e) - Gentlemen's Coffee Club Riviera","robots":{"index":"index","follow":"follow","max-snippet":"max-snippet:-1","max-image-preview":"max-image-preview:large","max-video-preview":"max-video-preview:-1"},"canonical":"https:\/\/www.gentlemenscoffeeclub.ch\/de\/produkt\/fiorenzato-allground-sense-avec-balance-integree\/","og_locale":"de_DE","og_type":"article","og_title":"Fiorenzato AllGround Sense (avec balance int\u00e9gr\u00e9e) - Gentlemen's Coffee Club Riviera","og_description":"Moulin \u00e0 caf\u00e9 facile \u00e0 utiliser pour un usage domestique, \u00e9quip\u00e9 de la derni\u00e8re technologie de mouture bas\u00e9e sur le poids (\u00a0technologie grind-by-weight).\u00a0Gr\u00e2ce \u00e0 un contr\u00f4le pr\u00e9cis bas\u00e9 sur le poids, le moulin d\u00e9livre toujours la quantit\u00e9 exacte de caf\u00e9, quel que soit le niveau de mouture. Technologie de broyage au poids Large gamme de [&hellip;]","og_url":"https:\/\/www.gentlemenscoffeeclub.ch\/de\/produkt\/fiorenzato-allground-sense-avec-balance-integree\/","og_site_name":"Gentlemen's Coffee Club Riviera","article_publisher":"https:\/\/www.facebook.com\/Gentlemens-Coffee-Club-104579991113160","article_modified_time":"2024-01-25T08:22:49+00:00","og_image":[{"width":1140,"height":1762,"url":"https:\/\/www.gentlemenscoffeeclub.ch\/wp-content\/uploads\/2024\/01\/Bildschirmfoto-2024-01-24-um-15.27.16.png","type":"image\/png"}],"twitter_card":"summary_large_image","twitter_misc":{"Gesch\u00e4tzte Lesezeit":"1\u00a0Minute"},"schema":{"@context":"https:\/\/schema.org","@graph":[{"@type":"WebPage","@id":"https:\/\/www.gentlemenscoffeeclub.ch\/produit\/fiorenzato-allground-sense-avec-balance-integree\/","url":"https:\/\/www.gentlemenscoffeeclub.ch\/produit\/fiorenzato-allground-sense-avec-balance-integree\/","name":"Fiorenzato AllGround Sense (avec balance int\u00e9gr\u00e9e) - Gentlemen's Coffee Club Riviera","isPartOf":{"@id":"https:\/\/www.gentlemenscoffeeclub.ch\/#website"},"primaryImageOfPage":{"@id":"https:\/\/www.gentlemenscoffeeclub.ch\/produit\/fiorenzato-allground-sense-avec-balance-integree\/#primaryimage"},"image":{"@id":"https:\/\/www.gentlemenscoffeeclub.ch\/produit\/fiorenzato-allground-sense-avec-balance-integree\/#primaryimage"},"thumbnailUrl":"https:\/\/www.gentlemenscoffeeclub.ch\/wp-content\/uploads\/2024\/01\/Bildschirmfoto-2024-01-24-um-15.27.16.png","datePublished":"2024-01-24T15:22:11+00:00","dateModified":"2024-01-25T08:22:49+00:00","breadcrumb":{"@id":"https:\/\/www.gentlemenscoffeeclub.ch\/produit\/fiorenzato-allground-sense-avec-balance-integree\/#breadcrumb"},"inLanguage":"de","potentialAction":[{"@type":"ReadAction","target":["https:\/\/www.gentlemenscoffeeclub.ch\/produit\/fiorenzato-allground-sense-avec-balance-integree\/"]}]},{"@type":"ImageObject","inLanguage":"de","@id":"https:\/\/www.gentlemenscoffeeclub.ch\/produit\/fiorenzato-allground-sense-avec-balance-integree\/#primaryimage","url":"https:\/\/www.gentlemenscoffeeclub.ch\/wp-content\/uploads\/2024\/01\/Bildschirmfoto-2024-01-24-um-15.27.16.png","contentUrl":"https:\/\/www.gentlemenscoffeeclub.ch\/wp-content\/uploads\/2024\/01\/Bildschirmfoto-2024-01-24-um-15.27.16.png","width":1140,"height":1762},{"@type":"BreadcrumbList","@id":"https:\/\/www.gentlemenscoffeeclub.ch\/produit\/fiorenzato-allground-sense-avec-balance-integree\/#breadcrumb","itemListElement":[{"@type":"ListItem","position":1,"name":"Accueil","item":"https:\/\/www.gentlemenscoffeeclub.ch\/"},{"@type":"ListItem","position":2,"name":"Shop","item":"https:\/\/www.gentlemenscoffeeclub.ch\/shop\/"},{"@type":"ListItem","position":3,"name":"Moulins \u00e0 caf\u00e9","item":"https:\/\/www.gentlemenscoffeeclub.ch\/categorie-produit\/moulins-a-cafe\/"},{"@type":"ListItem","position":4,"name":"Fiorenzato AllGround Sense (avec balance int\u00e9gr\u00e9e)"}]},{"@type":"WebSite","@id":"https:\/\/www.gentlemenscoffeeclub.ch\/#website","url":"https:\/\/www.gentlemenscoffeeclub.ch\/","name":"Gentlemen's Coffee Club Riviera","description":"Caf&eacute; Premium torr&eacute;fi&eacute; &agrave; Montreux","publisher":{"@id":"https:\/\/www.gentlemenscoffeeclub.ch\/#organization"},"potentialAction":[{"@type":"SearchAction","target":{"@type":"EntryPoint","urlTemplate":"https:\/\/www.gentlemenscoffeeclub.ch\/?s={search_term_string}"},"query-input":{"@type":"PropertyValueSpecification","valueRequired":true,"valueName":"search_term_string"}}],"inLanguage":"de"},{"@type":"Organization","@id":"https:\/\/www.gentlemenscoffeeclub.ch\/#organization","name":"Gentlemens Coffee Club Montreux","url":"https:\/\/www.gentlemenscoffeeclub.ch\/","logo":{"@type":"ImageObject","inLanguage":"de","@id":"https:\/\/www.gentlemenscoffeeclub.ch\/#\/schema\/logo\/image\/","url":"https:\/\/www.gentlemenscoffeeclub.ch\/wp-content\/uploads\/2020\/04\/singe-seul-lunettes-roses77.png","contentUrl":"https:\/\/www.gentlemenscoffeeclub.ch\/wp-content\/uploads\/2020\/04\/singe-seul-lunettes-roses77.png","width":996,"height":1455,"caption":"Gentlemens Coffee Club Montreux"},"image":{"@id":"https:\/\/www.gentlemenscoffeeclub.ch\/#\/schema\/logo\/image\/"},"sameAs":["https:\/\/www.facebook.com\/Gentlemens-Coffee-Club-104579991113160","https:\/\/www.instagram.com\/clubgentlemenscoffee\/","https:\/\/www.linkedin.com\/company\/gentlemen-s-coffee-club"]}]}},"_links":{"self":[{"href":"https:\/\/www.gentlemenscoffeeclub.ch\/de\/wp-json\/wp\/v2\/product\/8049","targetHints":{"allow":["GET"]}}],"collection":[{"href":"https:\/\/www.gentlemenscoffeeclub.ch\/de\/wp-json\/wp\/v2\/product"}],"about":[{"href":"https:\/\/www.gentlemenscoffeeclub.ch\/de\/wp-json\/wp\/v2\/types\/product"}],"replies":[{"embeddable":true,"href":"https:\/\/www.gentlemenscoffeeclub.ch\/de\/wp-json\/wp\/v2\/comments?post=8049"}],"wp:featuredmedia":[{"embeddable":true,"href":"https:\/\/www.gentlemenscoffeeclub.ch\/de\/wp-json\/wp\/v2\/media\/8053"}],"wp:attachment":[{"href":"https:\/\/www.gentlemenscoffeeclub.ch\/de\/wp-json\/wp\/v2\/media?parent=8049"}],"wp:term":[{"taxonomy":"product_brand","embeddable":true,"href":"https:\/\/www.gentlemenscoffeeclub.ch\/de\/wp-json\/wp\/v2\/product_brand?post=8049"},{"taxonomy":"product_cat","embeddable":true,"href":"https:\/\/www.gentlemenscoffeeclub.ch\/de\/wp-json\/wp\/v2\/product_cat?post=8049"},{"taxonomy":"product_tag","embeddable":true,"href":"https:\/\/www.gentlemenscoffeeclub.ch\/de\/wp-json\/wp\/v2\/product_tag?post=8049"}],"curies":[{"name":"wp","href":"https:\/\/api.w.org\/{rel}","templated":true}]}}