{"id":8035,"date":"2024-01-24T14:40:12","date_gmt":"2024-01-24T14:40:12","guid":{"rendered":"https:\/\/www.gentlemenscoffeeclub.ch\/?post_type=product&#038;p=8035"},"modified":"2024-01-24T14:50:15","modified_gmt":"2024-01-24T14:50:15","slug":"rocket-giannino","status":"publish","type":"product","link":"https:\/\/www.gentlemenscoffeeclub.ch\/de\/produkt\/rocket-giannino\/","title":{"rendered":"Rocket Giannino"},"content":{"rendered":"<h2 dir=\"ltr\">Rocket Espresso Giannino | Moulin \u00e0 espresso<\/h2>\n<p>Pour le nouveau Rocket \u00ab\u00a0Giannino\u00a0\u00bb, comme pour le Rocket Fausto, c&rsquo;est une l\u00e9gende du cyclisme italien qui a donn\u00e9 son nom au moulin \u00e0 espresso Giannino de Rocket Espresso, et il est rapide.<\/p>\n<ul>\n<li style=\"list-style-type: none;\">\n<ul>\n<li>Bo\u00eetier noir mat \/ chrome<\/li>\n<li>Disques de broyage brevet\u00e9s de 55mm<\/li>\n<li>r\u00e9glage microm\u00e9trique en continu de la mouture<\/li>\n<li>Trois r\u00e9glages de la minuterie, plus le mode manuel<\/li>\n<li>\u00e9cran tactile<\/li>\n<\/ul>\n<\/li>\n<\/ul>\n<p>.<\/p>\n<h3 class=\"body\">Unique : disques de broyage brevet\u00e9s sans trou<\/h3>\n<p dir=\"ltr\">Les disques de broyage de 55 mm sont fabriqu\u00e9s sans trous de per\u00e7age et convainquent par une performance de broyage de 2 grammes par seconde. La fixation m\u00e9canique sans vis des disques de broyage assure un meilleur parall\u00e9lisme et augmente les performances.<\/p>\n<h3 dir=\"ltr\">Nettoyage et remplacement du disque de broyage faciles<\/h3>\n<p dir=\"ltr\">Pour le nettoyage, il n&rsquo;y a pas de vis \u00e0 desserrer, il suffit de soulever le disque de broyage, de le nettoyer et de le remettre en place.<\/p>","protected":false},"excerpt":{"rendered":"<div class=\"product--technicaldata\">\n<h3>Caract\u00e9ristiques g\u00e9n\u00e9rales<\/h3>\n<table class=\"product--properties-table\">\n<tbody>\n<tr class=\"product--properties-row\">\n<td class=\"product--properties-label is--bold\">Burr Type:<\/td>\n<td class=\"product--properties-value\">Flat Burr<\/td>\n<\/tr>\n<tr class=\"product--properties-row\">\n<td class=\"product--properties-label is--bold\">Geh\u00e4usematerial:<\/td>\n<td class=\"product--properties-value\">Aluminium<\/td>\n<\/tr>\n<tr class=\"product--properties-row\">\n<td class=\"product--properties-label is--bold\">Color:<\/td>\n<td class=\"product--properties-value\">black, chrome<\/td>\n<\/tr>\n<tr class=\"product--properties-row\">\n<td class=\"product--properties-label is--bold\">Dosierung:<\/td>\n<td class=\"product--properties-value\">Timer mehrfach<\/td>\n<\/tr>\n<tr class=\"product--properties-row\">\n<td class=\"product--properties-label is--bold\">Mahlgradeinstellung:<\/td>\n<td class=\"product--properties-value\">Stufenlos<\/td>\n<\/tr>\n<tr class=\"product--properties-row\">\n<td class=\"product--properties-label is--bold\">Mahlscheibendurchmesser:<\/td>\n<td class=\"product--properties-value\">55mm<\/td>\n<\/tr>\n<\/tbody>\n<\/table>\n<\/div>\n<div class=\"product--technicaldata\">\n<h3>Caract\u00e9ristiques techniques<\/h3>\n<table class=\"product--properties-table\">\n<tbody>\n<tr class=\"product--properties-row\">\n<td class=\"product--properties-label is--bold\">Volume de la chaudi\u00e8re:<\/td>\n<td class=\"product--properties-value\"><\/td>\n<\/tr>\n<tr class=\"product--properties-row\">\n<td class=\"product--properties-label is--bold\">Capacit\u00e9 du r\u00e9servoir:<\/td>\n<td class=\"product--properties-value\"><\/td>\n<\/tr>\n<tr class=\"product--properties-row\">\n<td class=\"product--properties-label is--bold\">Puissance (Watt):<\/td>\n<td class=\"product--properties-value\">260<\/td>\n<\/tr>\n<tr class=\"product--properties-row\">\n<td class=\"product--properties-label is--bold\">Tension (Volt):<\/td>\n<td class=\"product--properties-value\">230<\/td>\n<\/tr>\n<tr class=\"product--properties-row\">\n<td class=\"product--properties-label is--bold\">Fr\u00e9quence (Hz):<\/td>\n<td class=\"product--properties-value\">50\/60<\/td>\n<\/tr>\n<tr class=\"product--properties-row\">\n<td class=\"product--properties-label is--bold\">Mode \u00e9conomie d&rsquo;\u00e9nergie:<\/td>\n<td class=\"product--properties-value\"><\/td>\n<\/tr>\n<\/tbody>\n<\/table>\n<\/div>\n<div class=\"product--technicaldata\">\n<h3>Dimensions et poids<\/h3>\n<table class=\"product--properties-table\">\n<tbody>\n<tr class=\"product--properties-row\">\n<td class=\"product--properties-label is--bold\">Hauteur:<\/td>\n<td class=\"product--properties-value\">38,5 cm<\/td>\n<\/tr>\n<tr class=\"product--properties-row\">\n<td class=\"product--properties-label is--bold\">Largeur:<\/td>\n<td class=\"product--properties-value\">13 cm (Breite Bohnenbeh\u00e4lter 16,2 cm)<\/td>\n<\/tr>\n<tr class=\"product--properties-row\">\n<td class=\"product--properties-label is--bold\">Profondeur:<\/td>\n<td class=\"product--properties-value\">24 cm<\/td>\n<\/tr>\n<tr class=\"product--properties-row\">\n<td class=\"product--properties-label is--bold\">Poids:<\/td>\n<td class=\"product--properties-value\">7,6 kg<\/td>\n<\/tr>\n<\/tbody>\n<\/table>\n<\/div>","protected":false},"featured_media":8038,"comment_status":"closed","ping_status":"closed","template":"","meta":[],"product_brand":[],"product_cat":[20],"product_tag":[],"class_list":{"0":"post-8035","1":"product","2":"type-product","3":"status-publish","4":"has-post-thumbnail","6":"product_cat-moulins-a-cafe","8":"first","9":"instock","10":"purchasable","11":"product-type-variable"},"yoast_head":"<!-- This site is optimized with the Yoast SEO plugin v27.5 - https:\/\/yoast.com\/product\/yoast-seo-wordpress\/ -->\n<title>Rocket Giannino - Gentlemen&#039;s Coffee Club Riviera<\/title>\n<meta name=\"robots\" content=\"index, follow, max-snippet:-1, max-image-preview:large, max-video-preview:-1\" \/>\n<link rel=\"canonical\" href=\"https:\/\/www.gentlemenscoffeeclub.ch\/de\/produkt\/rocket-giannino\/\" \/>\n<meta property=\"og:locale\" content=\"de_DE\" \/>\n<meta property=\"og:type\" content=\"article\" \/>\n<meta property=\"og:title\" content=\"Rocket Giannino - Gentlemen&#039;s Coffee Club Riviera\" \/>\n<meta property=\"og:description\" content=\"Caract\u00e9ristiques g\u00e9n\u00e9rales    Burr Type: Flat Burr   Geh\u00e4usematerial: Aluminium   Color: black, chrome   Dosierung: Timer mehrfach   Mahlgradeinstellung: Stufenlos   Mahlscheibendurchmesser: 55mm      Caract\u00e9ristiques techniques    Volume de la chaudi\u00e8re:    Capacit\u00e9 du r\u00e9servoir:    Puissance (Watt): 260   Tension (Volt): 230   Fr\u00e9quence (Hz): 50\/60   Mode \u00e9conomie d&#039;\u00e9nergie:       Dimensions et poids    Hauteur: 38,5 cm   Largeur: 13 cm (Breite Bohnenbeh\u00e4lter 16,2 cm)   Profondeur: 24 cm   Poids: 7,6 kg\" \/>\n<meta property=\"og:url\" content=\"https:\/\/www.gentlemenscoffeeclub.ch\/de\/produkt\/rocket-giannino\/\" \/>\n<meta property=\"og:site_name\" content=\"Gentlemen&#039;s Coffee Club Riviera\" \/>\n<meta property=\"article:publisher\" content=\"https:\/\/www.facebook.com\/Gentlemens-Coffee-Club-104579991113160\" \/>\n<meta property=\"article:modified_time\" content=\"2024-01-24T14:50:15+00:00\" \/>\n<meta property=\"og:image\" content=\"https:\/\/www.gentlemenscoffeeclub.ch\/wp-content\/uploads\/2024\/01\/Bildschirmfoto-2024-01-24-um-15.38.30.png\" \/>\n\t<meta property=\"og:image:width\" content=\"1294\" \/>\n\t<meta property=\"og:image:height\" content=\"1372\" \/>\n\t<meta property=\"og:image:type\" content=\"image\/png\" \/>\n<meta name=\"twitter:card\" content=\"summary_large_image\" \/>\n<meta name=\"twitter:label1\" content=\"Gesch\u00e4tzte Lesezeit\" \/>\n\t<meta name=\"twitter:data1\" content=\"1\u00a0Minute\" \/>\n<script type=\"application\/ld+json\" class=\"yoast-schema-graph\">{\"@context\":\"https:\\\/\\\/schema.org\",\"@graph\":[{\"@type\":\"WebPage\",\"@id\":\"https:\\\/\\\/www.gentlemenscoffeeclub.ch\\\/produit\\\/rocket-giannino\\\/\",\"url\":\"https:\\\/\\\/www.gentlemenscoffeeclub.ch\\\/produit\\\/rocket-giannino\\\/\",\"name\":\"Rocket Giannino - Gentlemen's Coffee Club Riviera\",\"isPartOf\":{\"@id\":\"https:\\\/\\\/www.gentlemenscoffeeclub.ch\\\/#website\"},\"primaryImageOfPage\":{\"@id\":\"https:\\\/\\\/www.gentlemenscoffeeclub.ch\\\/produit\\\/rocket-giannino\\\/#primaryimage\"},\"image\":{\"@id\":\"https:\\\/\\\/www.gentlemenscoffeeclub.ch\\\/produit\\\/rocket-giannino\\\/#primaryimage\"},\"thumbnailUrl\":\"https:\\\/\\\/www.gentlemenscoffeeclub.ch\\\/wp-content\\\/uploads\\\/2024\\\/01\\\/Bildschirmfoto-2024-01-24-um-15.38.30.png\",\"datePublished\":\"2024-01-24T14:40:12+00:00\",\"dateModified\":\"2024-01-24T14:50:15+00:00\",\"breadcrumb\":{\"@id\":\"https:\\\/\\\/www.gentlemenscoffeeclub.ch\\\/produit\\\/rocket-giannino\\\/#breadcrumb\"},\"inLanguage\":\"de\",\"potentialAction\":[{\"@type\":\"ReadAction\",\"target\":[\"https:\\\/\\\/www.gentlemenscoffeeclub.ch\\\/produit\\\/rocket-giannino\\\/\"]}]},{\"@type\":\"ImageObject\",\"inLanguage\":\"de\",\"@id\":\"https:\\\/\\\/www.gentlemenscoffeeclub.ch\\\/produit\\\/rocket-giannino\\\/#primaryimage\",\"url\":\"https:\\\/\\\/www.gentlemenscoffeeclub.ch\\\/wp-content\\\/uploads\\\/2024\\\/01\\\/Bildschirmfoto-2024-01-24-um-15.38.30.png\",\"contentUrl\":\"https:\\\/\\\/www.gentlemenscoffeeclub.ch\\\/wp-content\\\/uploads\\\/2024\\\/01\\\/Bildschirmfoto-2024-01-24-um-15.38.30.png\",\"width\":1294,\"height\":1372},{\"@type\":\"BreadcrumbList\",\"@id\":\"https:\\\/\\\/www.gentlemenscoffeeclub.ch\\\/produit\\\/rocket-giannino\\\/#breadcrumb\",\"itemListElement\":[{\"@type\":\"ListItem\",\"position\":1,\"name\":\"Accueil\",\"item\":\"https:\\\/\\\/www.gentlemenscoffeeclub.ch\\\/\"},{\"@type\":\"ListItem\",\"position\":2,\"name\":\"Shop\",\"item\":\"https:\\\/\\\/www.gentlemenscoffeeclub.ch\\\/shop\\\/\"},{\"@type\":\"ListItem\",\"position\":3,\"name\":\"Moulins \u00e0 caf\u00e9\",\"item\":\"https:\\\/\\\/www.gentlemenscoffeeclub.ch\\\/categorie-produit\\\/moulins-a-cafe\\\/\"},{\"@type\":\"ListItem\",\"position\":4,\"name\":\"Rocket Giannino\"}]},{\"@type\":\"WebSite\",\"@id\":\"https:\\\/\\\/www.gentlemenscoffeeclub.ch\\\/#website\",\"url\":\"https:\\\/\\\/www.gentlemenscoffeeclub.ch\\\/\",\"name\":\"Gentlemen's Coffee Club Riviera\",\"description\":\"Caf&eacute; Premium torr&eacute;fi&eacute; &agrave; Montreux\",\"publisher\":{\"@id\":\"https:\\\/\\\/www.gentlemenscoffeeclub.ch\\\/#organization\"},\"potentialAction\":[{\"@type\":\"SearchAction\",\"target\":{\"@type\":\"EntryPoint\",\"urlTemplate\":\"https:\\\/\\\/www.gentlemenscoffeeclub.ch\\\/?s={search_term_string}\"},\"query-input\":{\"@type\":\"PropertyValueSpecification\",\"valueRequired\":true,\"valueName\":\"search_term_string\"}}],\"inLanguage\":\"de\"},{\"@type\":\"Organization\",\"@id\":\"https:\\\/\\\/www.gentlemenscoffeeclub.ch\\\/#organization\",\"name\":\"Gentlemens Coffee Club Montreux\",\"url\":\"https:\\\/\\\/www.gentlemenscoffeeclub.ch\\\/\",\"logo\":{\"@type\":\"ImageObject\",\"inLanguage\":\"de\",\"@id\":\"https:\\\/\\\/www.gentlemenscoffeeclub.ch\\\/#\\\/schema\\\/logo\\\/image\\\/\",\"url\":\"https:\\\/\\\/www.gentlemenscoffeeclub.ch\\\/wp-content\\\/uploads\\\/2020\\\/04\\\/singe-seul-lunettes-roses77.png\",\"contentUrl\":\"https:\\\/\\\/www.gentlemenscoffeeclub.ch\\\/wp-content\\\/uploads\\\/2020\\\/04\\\/singe-seul-lunettes-roses77.png\",\"width\":996,\"height\":1455,\"caption\":\"Gentlemens Coffee Club Montreux\"},\"image\":{\"@id\":\"https:\\\/\\\/www.gentlemenscoffeeclub.ch\\\/#\\\/schema\\\/logo\\\/image\\\/\"},\"sameAs\":[\"https:\\\/\\\/www.facebook.com\\\/Gentlemens-Coffee-Club-104579991113160\",\"https:\\\/\\\/www.instagram.com\\\/clubgentlemenscoffee\\\/\",\"https:\\\/\\\/www.linkedin.com\\\/company\\\/gentlemen-s-coffee-club\"]}]}<\/script>\n<!-- \/ Yoast SEO plugin. -->","yoast_head_json":{"title":"Rocket Giannino - Gentlemen's Coffee Club Riviera","robots":{"index":"index","follow":"follow","max-snippet":"max-snippet:-1","max-image-preview":"max-image-preview:large","max-video-preview":"max-video-preview:-1"},"canonical":"https:\/\/www.gentlemenscoffeeclub.ch\/de\/produkt\/rocket-giannino\/","og_locale":"de_DE","og_type":"article","og_title":"Rocket Giannino - Gentlemen's Coffee Club Riviera","og_description":"Caract\u00e9ristiques g\u00e9n\u00e9rales    Burr Type: Flat Burr   Geh\u00e4usematerial: Aluminium   Color: black, chrome   Dosierung: Timer mehrfach   Mahlgradeinstellung: Stufenlos   Mahlscheibendurchmesser: 55mm      Caract\u00e9ristiques techniques    Volume de la chaudi\u00e8re:    Capacit\u00e9 du r\u00e9servoir:    Puissance (Watt): 260   Tension (Volt): 230   Fr\u00e9quence (Hz): 50\/60   Mode \u00e9conomie d'\u00e9nergie:       Dimensions et poids    Hauteur: 38,5 cm   Largeur: 13 cm (Breite Bohnenbeh\u00e4lter 16,2 cm)   Profondeur: 24 cm   Poids: 7,6 kg","og_url":"https:\/\/www.gentlemenscoffeeclub.ch\/de\/produkt\/rocket-giannino\/","og_site_name":"Gentlemen's Coffee Club Riviera","article_publisher":"https:\/\/www.facebook.com\/Gentlemens-Coffee-Club-104579991113160","article_modified_time":"2024-01-24T14:50:15+00:00","og_image":[{"width":1294,"height":1372,"url":"https:\/\/www.gentlemenscoffeeclub.ch\/wp-content\/uploads\/2024\/01\/Bildschirmfoto-2024-01-24-um-15.38.30.png","type":"image\/png"}],"twitter_card":"summary_large_image","twitter_misc":{"Gesch\u00e4tzte Lesezeit":"1\u00a0Minute"},"schema":{"@context":"https:\/\/schema.org","@graph":[{"@type":"WebPage","@id":"https:\/\/www.gentlemenscoffeeclub.ch\/produit\/rocket-giannino\/","url":"https:\/\/www.gentlemenscoffeeclub.ch\/produit\/rocket-giannino\/","name":"Rocket Giannino - Gentlemen's Coffee Club Riviera","isPartOf":{"@id":"https:\/\/www.gentlemenscoffeeclub.ch\/#website"},"primaryImageOfPage":{"@id":"https:\/\/www.gentlemenscoffeeclub.ch\/produit\/rocket-giannino\/#primaryimage"},"image":{"@id":"https:\/\/www.gentlemenscoffeeclub.ch\/produit\/rocket-giannino\/#primaryimage"},"thumbnailUrl":"https:\/\/www.gentlemenscoffeeclub.ch\/wp-content\/uploads\/2024\/01\/Bildschirmfoto-2024-01-24-um-15.38.30.png","datePublished":"2024-01-24T14:40:12+00:00","dateModified":"2024-01-24T14:50:15+00:00","breadcrumb":{"@id":"https:\/\/www.gentlemenscoffeeclub.ch\/produit\/rocket-giannino\/#breadcrumb"},"inLanguage":"de","potentialAction":[{"@type":"ReadAction","target":["https:\/\/www.gentlemenscoffeeclub.ch\/produit\/rocket-giannino\/"]}]},{"@type":"ImageObject","inLanguage":"de","@id":"https:\/\/www.gentlemenscoffeeclub.ch\/produit\/rocket-giannino\/#primaryimage","url":"https:\/\/www.gentlemenscoffeeclub.ch\/wp-content\/uploads\/2024\/01\/Bildschirmfoto-2024-01-24-um-15.38.30.png","contentUrl":"https:\/\/www.gentlemenscoffeeclub.ch\/wp-content\/uploads\/2024\/01\/Bildschirmfoto-2024-01-24-um-15.38.30.png","width":1294,"height":1372},{"@type":"BreadcrumbList","@id":"https:\/\/www.gentlemenscoffeeclub.ch\/produit\/rocket-giannino\/#breadcrumb","itemListElement":[{"@type":"ListItem","position":1,"name":"Accueil","item":"https:\/\/www.gentlemenscoffeeclub.ch\/"},{"@type":"ListItem","position":2,"name":"Shop","item":"https:\/\/www.gentlemenscoffeeclub.ch\/shop\/"},{"@type":"ListItem","position":3,"name":"Moulins \u00e0 caf\u00e9","item":"https:\/\/www.gentlemenscoffeeclub.ch\/categorie-produit\/moulins-a-cafe\/"},{"@type":"ListItem","position":4,"name":"Rocket Giannino"}]},{"@type":"WebSite","@id":"https:\/\/www.gentlemenscoffeeclub.ch\/#website","url":"https:\/\/www.gentlemenscoffeeclub.ch\/","name":"Gentlemen's Coffee Club Riviera","description":"Caf&eacute; Premium torr&eacute;fi&eacute; &agrave; Montreux","publisher":{"@id":"https:\/\/www.gentlemenscoffeeclub.ch\/#organization"},"potentialAction":[{"@type":"SearchAction","target":{"@type":"EntryPoint","urlTemplate":"https:\/\/www.gentlemenscoffeeclub.ch\/?s={search_term_string}"},"query-input":{"@type":"PropertyValueSpecification","valueRequired":true,"valueName":"search_term_string"}}],"inLanguage":"de"},{"@type":"Organization","@id":"https:\/\/www.gentlemenscoffeeclub.ch\/#organization","name":"Gentlemens Coffee Club Montreux","url":"https:\/\/www.gentlemenscoffeeclub.ch\/","logo":{"@type":"ImageObject","inLanguage":"de","@id":"https:\/\/www.gentlemenscoffeeclub.ch\/#\/schema\/logo\/image\/","url":"https:\/\/www.gentlemenscoffeeclub.ch\/wp-content\/uploads\/2020\/04\/singe-seul-lunettes-roses77.png","contentUrl":"https:\/\/www.gentlemenscoffeeclub.ch\/wp-content\/uploads\/2020\/04\/singe-seul-lunettes-roses77.png","width":996,"height":1455,"caption":"Gentlemens Coffee Club Montreux"},"image":{"@id":"https:\/\/www.gentlemenscoffeeclub.ch\/#\/schema\/logo\/image\/"},"sameAs":["https:\/\/www.facebook.com\/Gentlemens-Coffee-Club-104579991113160","https:\/\/www.instagram.com\/clubgentlemenscoffee\/","https:\/\/www.linkedin.com\/company\/gentlemen-s-coffee-club"]}]}},"_links":{"self":[{"href":"https:\/\/www.gentlemenscoffeeclub.ch\/de\/wp-json\/wp\/v2\/product\/8035","targetHints":{"allow":["GET"]}}],"collection":[{"href":"https:\/\/www.gentlemenscoffeeclub.ch\/de\/wp-json\/wp\/v2\/product"}],"about":[{"href":"https:\/\/www.gentlemenscoffeeclub.ch\/de\/wp-json\/wp\/v2\/types\/product"}],"replies":[{"embeddable":true,"href":"https:\/\/www.gentlemenscoffeeclub.ch\/de\/wp-json\/wp\/v2\/comments?post=8035"}],"wp:featuredmedia":[{"embeddable":true,"href":"https:\/\/www.gentlemenscoffeeclub.ch\/de\/wp-json\/wp\/v2\/media\/8038"}],"wp:attachment":[{"href":"https:\/\/www.gentlemenscoffeeclub.ch\/de\/wp-json\/wp\/v2\/media?parent=8035"}],"wp:term":[{"taxonomy":"product_brand","embeddable":true,"href":"https:\/\/www.gentlemenscoffeeclub.ch\/de\/wp-json\/wp\/v2\/product_brand?post=8035"},{"taxonomy":"product_cat","embeddable":true,"href":"https:\/\/www.gentlemenscoffeeclub.ch\/de\/wp-json\/wp\/v2\/product_cat?post=8035"},{"taxonomy":"product_tag","embeddable":true,"href":"https:\/\/www.gentlemenscoffeeclub.ch\/de\/wp-json\/wp\/v2\/product_tag?post=8035"}],"curies":[{"name":"wp","href":"https:\/\/api.w.org\/{rel}","templated":true}]}}