{"id":5876,"date":"2021-04-27T10:00:30","date_gmt":"2021-04-27T10:00:30","guid":{"rendered":"https:\/\/www.gentlemenscoffeeclub.ch\/?post_type=product&#038;p=5876"},"modified":"2025-02-06T21:02:56","modified_gmt":"2025-02-06T21:02:56","slug":"berbero","status":"publish","type":"product","link":"https:\/\/www.gentlemenscoffeeclub.ch\/de\/produkt\/berbero\/","title":{"rendered":"Berbero"},"content":{"rendered":"<h2>Zone de production<\/h2>\n<p>Ce caf\u00e9 est donc produit en \u00c9thiopie, berceau du caf\u00e9, dans la zone de\u00a0Sidama . Cette zone se trouve au sud du pays, \u00e0 cheval sur deux des neuf r\u00e9gions d\u2019\u00c9thiopie. La r\u00e9gion d\u2019Oromia et la r\u00e9gion des nations, nationalit\u00e9s et peuples du Sud (souvent abr\u00e9g\u00e9e par RNNPS ou SNNPR).<\/p>\n<p>Son altitude se situe entre\u00a01500m et 2000m.\u00a0La production est en majeur partie r\u00e9alis\u00e9e\u00a0sous ombrage naturel. Il y a plusieurs utilit\u00e9s \u00e0 cela\u00a0:<\/p>\n<ul>\n<li>L\u2019ombrage permet d\u2019avoir une\u00a0maturation plus lente des cerises de caf\u00e9.\u00a0Donc une plus grande densit\u00e9 des grains, et une meilleure complexit\u00e9 aromatique (la cerise a le temps de profiter des ressources du sol avant d\u2019arriver \u00e0 maturit\u00e9).<\/li>\n<li>Il \u00e9vite \u00e9galement que le soleil soit constamment en contact avec le caf\u00e9ier. Ce qui provoquerait l\u00e0-bas un dess\u00e8chement des feuilles par une trop grande \u00e9vaporation d\u2019eau.<\/li>\n<li>La\u00a0biodiversit\u00e9 permet la pr\u00e9sence plus importante de vie dans l\u2019\u00e9cosyst\u00e8me.<\/li>\n<li>Cette biodiversit\u00e9 am\u00e8ne de la mati\u00e8re premi\u00e8re au sol permettant le d\u00e9veloppement d\u2019un humus efficace, gardant l\u2019humidit\u00e9\u00a0et d\u00e9livrant des\u00a0nutriments\u00a0au fur et \u00e0 mesure de sa d\u00e9composition.<\/li>\n<\/ul>\n<h2>Profil gustatif de ce Moka<\/h2>\n<p>Les profils gustatifs sont assez larges dans cette zone que nous connaissions auparavant sous le nom de \u00ab Sidamo \u00bb. Mais pour avoir l\u2019appellation \u00ab Sidama \u00bb et \u00eatre vendu sous ce nom, le caf\u00e9 doit avoir les marqueurs forts de la zone :\u00a0citron, abricot et final v\u00e9g\u00e9tal\/floral.<\/p>\n<p>Son altitude se situe entre\u00a01500m et 2000m.\u00a0La production est en majeur partie r\u00e9alis\u00e9e\u00a0sous ombrage naturel. Il y a plusieurs utilit\u00e9s \u00e0 cela\u00a0:<\/p>\n<p>&nbsp;<\/p>\n<p>In Montreux ger\u00f6stet<\/p>","protected":false},"excerpt":{"rendered":"<h4><strong>Single origin<\/strong><\/h4>\n<p>Le Moka Sidamo est un caf\u00e9 d\u2019Afrique d\u2019exception qui jouit d\u2019une tr\u00e8s grande renomm\u00e9edepuis plusieurs dizaines d\u2019ann\u00e9es. Ce caf\u00e9 est donc produit en \u00c9thiopie, berceau du caf\u00e9, dans la zone de\u00a0<strong>Sidama<\/strong>\u00a0 Cette zone se trouve au sud du pays, \u00e0 cheval sur deux des neuf r\u00e9gions d\u2019\u00c9thiopie. La r\u00e9gion d\u2019Oromia et la r\u00e9gion des nations, nationalit\u00e9s et peuples du Sud (souvent abr\u00e9g\u00e9e par RNNPS ou SNNPR).<\/p>\n<p>&nbsp;<\/p>","protected":false},"featured_media":5873,"comment_status":"closed","ping_status":"closed","template":"","meta":[],"product_brand":[],"product_cat":[43],"product_tag":[],"class_list":{"0":"post-5876","1":"product","2":"type-product","3":"status-publish","4":"has-post-thumbnail","6":"product_cat-cafes","8":"first","9":"instock","10":"featured","11":"shipping-taxable","12":"purchasable","13":"product-type-variable","14":"has-default-attributes"},"yoast_head":"<!-- This site is optimized with the Yoast SEO plugin v27.5 - https:\/\/yoast.com\/product\/yoast-seo-wordpress\/ -->\n<title>Berbero - Gentlemen&#039;s Coffee Club Riviera<\/title>\n<meta name=\"robots\" content=\"index, follow, max-snippet:-1, max-image-preview:large, max-video-preview:-1\" \/>\n<link rel=\"canonical\" href=\"https:\/\/www.gentlemenscoffeeclub.ch\/de\/produkt\/berbero\/\" \/>\n<meta property=\"og:locale\" content=\"de_DE\" \/>\n<meta property=\"og:type\" content=\"article\" \/>\n<meta property=\"og:title\" content=\"Berbero - Gentlemen&#039;s Coffee Club Riviera\" \/>\n<meta property=\"og:description\" content=\"Single origin Le Moka Sidamo est un caf\u00e9 d\u2019Afrique d\u2019exception qui jouit d\u2019une tr\u00e8s grande renomm\u00e9edepuis plusieurs dizaines d\u2019ann\u00e9es. Ce caf\u00e9 est donc produit en \u00c9thiopie, berceau du caf\u00e9, dans la zone de\u00a0Sidama\u00a0 Cette zone se trouve au sud du pays, \u00e0 cheval sur deux des neuf r\u00e9gions d\u2019\u00c9thiopie. La r\u00e9gion d\u2019Oromia et la r\u00e9gion des nations, nationalit\u00e9s et peuples du Sud (souvent abr\u00e9g\u00e9e par RNNPS ou SNNPR).  &nbsp;\" \/>\n<meta property=\"og:url\" content=\"https:\/\/www.gentlemenscoffeeclub.ch\/de\/produkt\/berbero\/\" \/>\n<meta property=\"og:site_name\" content=\"Gentlemen&#039;s Coffee Club Riviera\" \/>\n<meta property=\"article:publisher\" content=\"https:\/\/www.facebook.com\/Gentlemens-Coffee-Club-104579991113160\" \/>\n<meta property=\"article:modified_time\" content=\"2025-02-06T21:02:56+00:00\" \/>\n<meta property=\"og:image\" content=\"https:\/\/www.gentlemenscoffeeclub.ch\/wp-content\/uploads\/2021\/04\/Produit_Berbero_MS_web_02.jpg\" \/>\n\t<meta property=\"og:image:width\" content=\"2000\" \/>\n\t<meta property=\"og:image:height\" content=\"2000\" \/>\n\t<meta property=\"og:image:type\" content=\"image\/jpeg\" \/>\n<meta name=\"twitter:card\" content=\"summary_large_image\" \/>\n<meta name=\"twitter:label1\" content=\"Gesch\u00e4tzte Lesezeit\" \/>\n\t<meta name=\"twitter:data1\" content=\"2\u00a0Minuten\" \/>\n<script type=\"application\/ld+json\" class=\"yoast-schema-graph\">{\"@context\":\"https:\\\/\\\/schema.org\",\"@graph\":[{\"@type\":\"WebPage\",\"@id\":\"https:\\\/\\\/www.gentlemenscoffeeclub.ch\\\/produit\\\/berbero\\\/\",\"url\":\"https:\\\/\\\/www.gentlemenscoffeeclub.ch\\\/produit\\\/berbero\\\/\",\"name\":\"Berbero - Gentlemen's Coffee Club Riviera\",\"isPartOf\":{\"@id\":\"https:\\\/\\\/www.gentlemenscoffeeclub.ch\\\/#website\"},\"primaryImageOfPage\":{\"@id\":\"https:\\\/\\\/www.gentlemenscoffeeclub.ch\\\/produit\\\/berbero\\\/#primaryimage\"},\"image\":{\"@id\":\"https:\\\/\\\/www.gentlemenscoffeeclub.ch\\\/produit\\\/berbero\\\/#primaryimage\"},\"thumbnailUrl\":\"https:\\\/\\\/www.gentlemenscoffeeclub.ch\\\/wp-content\\\/uploads\\\/2021\\\/04\\\/Produit_Berbero_MS_web_02.jpg\",\"datePublished\":\"2021-04-27T10:00:30+00:00\",\"dateModified\":\"2025-02-06T21:02:56+00:00\",\"breadcrumb\":{\"@id\":\"https:\\\/\\\/www.gentlemenscoffeeclub.ch\\\/produit\\\/berbero\\\/#breadcrumb\"},\"inLanguage\":\"de\",\"potentialAction\":[{\"@type\":\"ReadAction\",\"target\":[\"https:\\\/\\\/www.gentlemenscoffeeclub.ch\\\/produit\\\/berbero\\\/\"]}]},{\"@type\":\"ImageObject\",\"inLanguage\":\"de\",\"@id\":\"https:\\\/\\\/www.gentlemenscoffeeclub.ch\\\/produit\\\/berbero\\\/#primaryimage\",\"url\":\"https:\\\/\\\/www.gentlemenscoffeeclub.ch\\\/wp-content\\\/uploads\\\/2021\\\/04\\\/Produit_Berbero_MS_web_02.jpg\",\"contentUrl\":\"https:\\\/\\\/www.gentlemenscoffeeclub.ch\\\/wp-content\\\/uploads\\\/2021\\\/04\\\/Produit_Berbero_MS_web_02.jpg\",\"width\":2000,\"height\":2000},{\"@type\":\"BreadcrumbList\",\"@id\":\"https:\\\/\\\/www.gentlemenscoffeeclub.ch\\\/produit\\\/berbero\\\/#breadcrumb\",\"itemListElement\":[{\"@type\":\"ListItem\",\"position\":1,\"name\":\"Accueil\",\"item\":\"https:\\\/\\\/www.gentlemenscoffeeclub.ch\\\/\"},{\"@type\":\"ListItem\",\"position\":2,\"name\":\"Shop\",\"item\":\"https:\\\/\\\/www.gentlemenscoffeeclub.ch\\\/shop\\\/\"},{\"@type\":\"ListItem\",\"position\":3,\"name\":\"Caf\u00e9s\",\"item\":\"https:\\\/\\\/www.gentlemenscoffeeclub.ch\\\/categorie-produit\\\/cafes\\\/\"},{\"@type\":\"ListItem\",\"position\":4,\"name\":\"Berbero\"}]},{\"@type\":\"WebSite\",\"@id\":\"https:\\\/\\\/www.gentlemenscoffeeclub.ch\\\/#website\",\"url\":\"https:\\\/\\\/www.gentlemenscoffeeclub.ch\\\/\",\"name\":\"Gentlemen's Coffee Club Riviera\",\"description\":\"Caf&eacute; Premium torr&eacute;fi&eacute; &agrave; Montreux\",\"publisher\":{\"@id\":\"https:\\\/\\\/www.gentlemenscoffeeclub.ch\\\/#organization\"},\"potentialAction\":[{\"@type\":\"SearchAction\",\"target\":{\"@type\":\"EntryPoint\",\"urlTemplate\":\"https:\\\/\\\/www.gentlemenscoffeeclub.ch\\\/?s={search_term_string}\"},\"query-input\":{\"@type\":\"PropertyValueSpecification\",\"valueRequired\":true,\"valueName\":\"search_term_string\"}}],\"inLanguage\":\"de\"},{\"@type\":\"Organization\",\"@id\":\"https:\\\/\\\/www.gentlemenscoffeeclub.ch\\\/#organization\",\"name\":\"Gentlemens Coffee Club Montreux\",\"url\":\"https:\\\/\\\/www.gentlemenscoffeeclub.ch\\\/\",\"logo\":{\"@type\":\"ImageObject\",\"inLanguage\":\"de\",\"@id\":\"https:\\\/\\\/www.gentlemenscoffeeclub.ch\\\/#\\\/schema\\\/logo\\\/image\\\/\",\"url\":\"https:\\\/\\\/www.gentlemenscoffeeclub.ch\\\/wp-content\\\/uploads\\\/2020\\\/04\\\/singe-seul-lunettes-roses77.png\",\"contentUrl\":\"https:\\\/\\\/www.gentlemenscoffeeclub.ch\\\/wp-content\\\/uploads\\\/2020\\\/04\\\/singe-seul-lunettes-roses77.png\",\"width\":996,\"height\":1455,\"caption\":\"Gentlemens Coffee Club Montreux\"},\"image\":{\"@id\":\"https:\\\/\\\/www.gentlemenscoffeeclub.ch\\\/#\\\/schema\\\/logo\\\/image\\\/\"},\"sameAs\":[\"https:\\\/\\\/www.facebook.com\\\/Gentlemens-Coffee-Club-104579991113160\",\"https:\\\/\\\/www.instagram.com\\\/clubgentlemenscoffee\\\/\",\"https:\\\/\\\/www.linkedin.com\\\/company\\\/gentlemen-s-coffee-club\"]}]}<\/script>\n<!-- \/ Yoast SEO plugin. -->","yoast_head_json":{"title":"Berbero - Gentlemen's Coffee Club Riviera","robots":{"index":"index","follow":"follow","max-snippet":"max-snippet:-1","max-image-preview":"max-image-preview:large","max-video-preview":"max-video-preview:-1"},"canonical":"https:\/\/www.gentlemenscoffeeclub.ch\/de\/produkt\/berbero\/","og_locale":"de_DE","og_type":"article","og_title":"Berbero - Gentlemen's Coffee Club Riviera","og_description":"Single origin Le Moka Sidamo est un caf\u00e9 d\u2019Afrique d\u2019exception qui jouit d\u2019une tr\u00e8s grande renomm\u00e9edepuis plusieurs dizaines d\u2019ann\u00e9es. Ce caf\u00e9 est donc produit en \u00c9thiopie, berceau du caf\u00e9, dans la zone de\u00a0Sidama\u00a0 Cette zone se trouve au sud du pays, \u00e0 cheval sur deux des neuf r\u00e9gions d\u2019\u00c9thiopie. La r\u00e9gion d\u2019Oromia et la r\u00e9gion des nations, nationalit\u00e9s et peuples du Sud (souvent abr\u00e9g\u00e9e par RNNPS ou SNNPR).  &nbsp;","og_url":"https:\/\/www.gentlemenscoffeeclub.ch\/de\/produkt\/berbero\/","og_site_name":"Gentlemen's Coffee Club Riviera","article_publisher":"https:\/\/www.facebook.com\/Gentlemens-Coffee-Club-104579991113160","article_modified_time":"2025-02-06T21:02:56+00:00","og_image":[{"width":2000,"height":2000,"url":"https:\/\/www.gentlemenscoffeeclub.ch\/wp-content\/uploads\/2021\/04\/Produit_Berbero_MS_web_02.jpg","type":"image\/jpeg"}],"twitter_card":"summary_large_image","twitter_misc":{"Gesch\u00e4tzte Lesezeit":"2\u00a0Minuten"},"schema":{"@context":"https:\/\/schema.org","@graph":[{"@type":"WebPage","@id":"https:\/\/www.gentlemenscoffeeclub.ch\/produit\/berbero\/","url":"https:\/\/www.gentlemenscoffeeclub.ch\/produit\/berbero\/","name":"Berbero - Gentlemen's Coffee Club Riviera","isPartOf":{"@id":"https:\/\/www.gentlemenscoffeeclub.ch\/#website"},"primaryImageOfPage":{"@id":"https:\/\/www.gentlemenscoffeeclub.ch\/produit\/berbero\/#primaryimage"},"image":{"@id":"https:\/\/www.gentlemenscoffeeclub.ch\/produit\/berbero\/#primaryimage"},"thumbnailUrl":"https:\/\/www.gentlemenscoffeeclub.ch\/wp-content\/uploads\/2021\/04\/Produit_Berbero_MS_web_02.jpg","datePublished":"2021-04-27T10:00:30+00:00","dateModified":"2025-02-06T21:02:56+00:00","breadcrumb":{"@id":"https:\/\/www.gentlemenscoffeeclub.ch\/produit\/berbero\/#breadcrumb"},"inLanguage":"de","potentialAction":[{"@type":"ReadAction","target":["https:\/\/www.gentlemenscoffeeclub.ch\/produit\/berbero\/"]}]},{"@type":"ImageObject","inLanguage":"de","@id":"https:\/\/www.gentlemenscoffeeclub.ch\/produit\/berbero\/#primaryimage","url":"https:\/\/www.gentlemenscoffeeclub.ch\/wp-content\/uploads\/2021\/04\/Produit_Berbero_MS_web_02.jpg","contentUrl":"https:\/\/www.gentlemenscoffeeclub.ch\/wp-content\/uploads\/2021\/04\/Produit_Berbero_MS_web_02.jpg","width":2000,"height":2000},{"@type":"BreadcrumbList","@id":"https:\/\/www.gentlemenscoffeeclub.ch\/produit\/berbero\/#breadcrumb","itemListElement":[{"@type":"ListItem","position":1,"name":"Accueil","item":"https:\/\/www.gentlemenscoffeeclub.ch\/"},{"@type":"ListItem","position":2,"name":"Shop","item":"https:\/\/www.gentlemenscoffeeclub.ch\/shop\/"},{"@type":"ListItem","position":3,"name":"Caf\u00e9s","item":"https:\/\/www.gentlemenscoffeeclub.ch\/categorie-produit\/cafes\/"},{"@type":"ListItem","position":4,"name":"Berbero"}]},{"@type":"WebSite","@id":"https:\/\/www.gentlemenscoffeeclub.ch\/#website","url":"https:\/\/www.gentlemenscoffeeclub.ch\/","name":"Gentlemen's Coffee Club Riviera","description":"Caf&eacute; Premium torr&eacute;fi&eacute; &agrave; Montreux","publisher":{"@id":"https:\/\/www.gentlemenscoffeeclub.ch\/#organization"},"potentialAction":[{"@type":"SearchAction","target":{"@type":"EntryPoint","urlTemplate":"https:\/\/www.gentlemenscoffeeclub.ch\/?s={search_term_string}"},"query-input":{"@type":"PropertyValueSpecification","valueRequired":true,"valueName":"search_term_string"}}],"inLanguage":"de"},{"@type":"Organization","@id":"https:\/\/www.gentlemenscoffeeclub.ch\/#organization","name":"Gentlemens Coffee Club Montreux","url":"https:\/\/www.gentlemenscoffeeclub.ch\/","logo":{"@type":"ImageObject","inLanguage":"de","@id":"https:\/\/www.gentlemenscoffeeclub.ch\/#\/schema\/logo\/image\/","url":"https:\/\/www.gentlemenscoffeeclub.ch\/wp-content\/uploads\/2020\/04\/singe-seul-lunettes-roses77.png","contentUrl":"https:\/\/www.gentlemenscoffeeclub.ch\/wp-content\/uploads\/2020\/04\/singe-seul-lunettes-roses77.png","width":996,"height":1455,"caption":"Gentlemens Coffee Club Montreux"},"image":{"@id":"https:\/\/www.gentlemenscoffeeclub.ch\/#\/schema\/logo\/image\/"},"sameAs":["https:\/\/www.facebook.com\/Gentlemens-Coffee-Club-104579991113160","https:\/\/www.instagram.com\/clubgentlemenscoffee\/","https:\/\/www.linkedin.com\/company\/gentlemen-s-coffee-club"]}]}},"_links":{"self":[{"href":"https:\/\/www.gentlemenscoffeeclub.ch\/de\/wp-json\/wp\/v2\/product\/5876","targetHints":{"allow":["GET"]}}],"collection":[{"href":"https:\/\/www.gentlemenscoffeeclub.ch\/de\/wp-json\/wp\/v2\/product"}],"about":[{"href":"https:\/\/www.gentlemenscoffeeclub.ch\/de\/wp-json\/wp\/v2\/types\/product"}],"replies":[{"embeddable":true,"href":"https:\/\/www.gentlemenscoffeeclub.ch\/de\/wp-json\/wp\/v2\/comments?post=5876"}],"wp:featuredmedia":[{"embeddable":true,"href":"https:\/\/www.gentlemenscoffeeclub.ch\/de\/wp-json\/wp\/v2\/media\/5873"}],"wp:attachment":[{"href":"https:\/\/www.gentlemenscoffeeclub.ch\/de\/wp-json\/wp\/v2\/media?parent=5876"}],"wp:term":[{"taxonomy":"product_brand","embeddable":true,"href":"https:\/\/www.gentlemenscoffeeclub.ch\/de\/wp-json\/wp\/v2\/product_brand?post=5876"},{"taxonomy":"product_cat","embeddable":true,"href":"https:\/\/www.gentlemenscoffeeclub.ch\/de\/wp-json\/wp\/v2\/product_cat?post=5876"},{"taxonomy":"product_tag","embeddable":true,"href":"https:\/\/www.gentlemenscoffeeclub.ch\/de\/wp-json\/wp\/v2\/product_tag?post=5876"}],"curies":[{"name":"wp","href":"https:\/\/api.w.org\/{rel}","templated":true}]}}