{"id":5830,"date":"2021-03-19T13:54:02","date_gmt":"2021-03-19T13:54:02","guid":{"rendered":"https:\/\/www.gentlemenscoffeeclub.ch\/?post_type=product&#038;p=5830"},"modified":"2021-03-19T13:57:59","modified_gmt":"2021-03-19T13:57:59","slug":"capsules-kimbo-napoli","status":"publish","type":"product","link":"https:\/\/www.gentlemenscoffeeclub.ch\/de\/produkt\/capsules-kimbo-napoli\/","title":{"rendered":"Capsules Kimbo Napoli"},"content":{"rendered":"<p>100 capsules de 5,5g chacune,<\/p>\n<p>Blend au go\u00fbt fort et intense &#8211; Caf\u00e9 typique d\u00b4Italie du sud.<\/p>\n<p>*la marque n\u00b4est pas la propri\u00e9t\u00e9 de Kimbo S.p.A, ni des soci\u00e9t\u00e9s qui lui sont li\u00e9es.<\/p>","protected":false},"excerpt":{"rendered":"<h4>Kimbo &#8211; capsules compatibles Nespresso\u00ae*<\/h4>\n<div>\n<p>Le succ\u00e8s d\u00b4un d\u00e9licieux caf\u00e9 commence par la s\u00e9lection des ingr\u00e9dients. La soci\u00e9t\u00e9 visite les plantations des caf\u00e9iculteurs afin d\u00b4acqu\u00e9rir les meilleurs grains et les torr\u00e9fier selon la tradition napolitaine.<\/p>\n<\/div>\n<p>La soci\u00e9t\u00e9 Kimbo Coffee a \u00e9t\u00e9 fond\u00e9e par les fr\u00e8res Rubino en 1963, lors de la cr\u00e9ation de la marque Kimbo. En 1994, Kimbo s&rsquo;est hiss\u00e9e \u00e0 la deuxi\u00e8me place sur le march\u00e9 italien du caf\u00e9 au d\u00e9tail, place que Kimbo conserve encore aujourd&rsquo;hui. Ce succ\u00e8s croissant est certainement d\u00fb \u00e0 la stricte d\u00e9termination \u00e0 la tradition et \u00e0 l&rsquo;excellente qualit\u00e9, mais aussi \u00e0 une communication forte et \u00e0 l&rsquo;investissement dans l&rsquo;infrastructure commerciale. Le succ\u00e8s d&rsquo;un v\u00e9ritable caf\u00e9 espresso commence par la s\u00e9lection des ingr\u00e9dients. Kimbo Coffee visite les plantations des producteurs de caf\u00e9 afin d&rsquo;acqu\u00e9rir les meilleurs caf\u00e9s et d&rsquo;am\u00e9liorer la mati\u00e8re premi\u00e8re selon la tradition napolitaine. Si vous souhaitez d\u00e9guster un m\u00e9lange des meilleurs caf\u00e9s Arabica et Robusta, pr\u00e9sentant un go\u00fbt \u00e9quilibr\u00e9, cors\u00e9 et doux avec d&rsquo;agr\u00e9ables notes florales et des relents de biscuits fra\u00eechement cuits, vous devez commander vos capsules Nespresso\u00ae Kimbo d\u00e8s aujourd&rsquo;hui<\/p>\n<p>&nbsp;<\/p>","protected":false},"featured_media":5805,"comment_status":"closed","ping_status":"closed","template":"","meta":[],"product_brand":[],"product_cat":[90],"product_tag":[],"class_list":{"0":"post-5830","1":"product","2":"type-product","3":"status-publish","4":"has-post-thumbnail","6":"product_cat-capsules-compatibles-avec-machines-nespresso","8":"first","9":"instock","10":"shipping-taxable","11":"purchasable","12":"product-type-simple"},"yoast_head":"<!-- This site is optimized with the Yoast SEO plugin v27.5 - https:\/\/yoast.com\/product\/yoast-seo-wordpress\/ -->\n<title>Capsules Kimbo Napoli - Gentlemen&#039;s Coffee Club Riviera<\/title>\n<meta name=\"robots\" content=\"index, follow, max-snippet:-1, max-image-preview:large, max-video-preview:-1\" \/>\n<link rel=\"canonical\" href=\"https:\/\/www.gentlemenscoffeeclub.ch\/de\/produkt\/capsules-kimbo-napoli\/\" \/>\n<meta property=\"og:locale\" content=\"de_DE\" \/>\n<meta property=\"og:type\" content=\"article\" \/>\n<meta property=\"og:title\" content=\"Capsules Kimbo Napoli - Gentlemen&#039;s Coffee Club Riviera\" \/>\n<meta property=\"og:description\" content=\"Kimbo - capsules compatibles Nespresso\u00ae*   Le succ\u00e8s d\u00b4un d\u00e9licieux caf\u00e9 commence par la s\u00e9lection des ingr\u00e9dients. La soci\u00e9t\u00e9 visite les plantations des caf\u00e9iculteurs afin d\u00b4acqu\u00e9rir les meilleurs grains et les torr\u00e9fier selon la tradition napolitaine.   La soci\u00e9t\u00e9 Kimbo Coffee a \u00e9t\u00e9 fond\u00e9e par les fr\u00e8res Rubino en 1963, lors de la cr\u00e9ation de la marque Kimbo. En 1994, Kimbo s&#039;est hiss\u00e9e \u00e0 la deuxi\u00e8me place sur le march\u00e9 italien du caf\u00e9 au d\u00e9tail, place que Kimbo conserve encore aujourd&#039;hui. Ce succ\u00e8s croissant est certainement d\u00fb \u00e0 la stricte d\u00e9termination \u00e0 la tradition et \u00e0 l&#039;excellente qualit\u00e9, mais aussi \u00e0 une communication forte et \u00e0 l&#039;investissement dans l&#039;infrastructure commerciale. Le succ\u00e8s d&#039;un v\u00e9ritable caf\u00e9 espresso commence par la s\u00e9lection des ingr\u00e9dients. Kimbo Coffee visite les plantations des producteurs de caf\u00e9 afin d&#039;acqu\u00e9rir les meilleurs caf\u00e9s et d&#039;am\u00e9liorer la mati\u00e8re premi\u00e8re selon la tradition napolitaine. Si vous souhaitez d\u00e9guster un m\u00e9lange des meilleurs caf\u00e9s Arabica et Robusta, pr\u00e9sentant un go\u00fbt \u00e9quilibr\u00e9, cors\u00e9 et doux avec d&#039;agr\u00e9ables notes florales et des relents de biscuits fra\u00eechement cuits, vous devez commander vos capsules Nespresso\u00ae Kimbo d\u00e8s aujourd&#039;hui  &nbsp;\" \/>\n<meta property=\"og:url\" content=\"https:\/\/www.gentlemenscoffeeclub.ch\/de\/produkt\/capsules-kimbo-napoli\/\" \/>\n<meta property=\"og:site_name\" content=\"Gentlemen&#039;s Coffee Club Riviera\" \/>\n<meta property=\"article:publisher\" content=\"https:\/\/www.facebook.com\/Gentlemens-Coffee-Club-104579991113160\" \/>\n<meta property=\"article:modified_time\" content=\"2021-03-19T13:57:59+00:00\" \/>\n<meta property=\"og:image\" content=\"https:\/\/www.gentlemenscoffeeclub.ch\/wp-content\/uploads\/2021\/03\/10_kimbo_napoli_nespresso_2_1_900x.png\" \/>\n\t<meta property=\"og:image:width\" content=\"500\" \/>\n\t<meta property=\"og:image:height\" content=\"332\" \/>\n\t<meta property=\"og:image:type\" content=\"image\/png\" \/>\n<meta name=\"twitter:card\" content=\"summary_large_image\" \/>\n<meta name=\"twitter:label1\" content=\"Gesch\u00e4tzte Lesezeit\" \/>\n\t<meta name=\"twitter:data1\" content=\"1\u00a0Minute\" \/>\n<script type=\"application\/ld+json\" class=\"yoast-schema-graph\">{\"@context\":\"https:\\\/\\\/schema.org\",\"@graph\":[{\"@type\":\"WebPage\",\"@id\":\"https:\\\/\\\/www.gentlemenscoffeeclub.ch\\\/de\\\/produkt\\\/capsules-kimbo-napoli\\\/\",\"url\":\"https:\\\/\\\/www.gentlemenscoffeeclub.ch\\\/de\\\/produkt\\\/capsules-kimbo-napoli\\\/\",\"name\":\"Capsules Kimbo Napoli - Gentlemen's Coffee Club Riviera\",\"isPartOf\":{\"@id\":\"https:\\\/\\\/www.gentlemenscoffeeclub.ch\\\/#website\"},\"primaryImageOfPage\":{\"@id\":\"https:\\\/\\\/www.gentlemenscoffeeclub.ch\\\/de\\\/produkt\\\/capsules-kimbo-napoli\\\/#primaryimage\"},\"image\":{\"@id\":\"https:\\\/\\\/www.gentlemenscoffeeclub.ch\\\/de\\\/produkt\\\/capsules-kimbo-napoli\\\/#primaryimage\"},\"thumbnailUrl\":\"https:\\\/\\\/www.gentlemenscoffeeclub.ch\\\/wp-content\\\/uploads\\\/2021\\\/03\\\/10_kimbo_napoli_nespresso_2_1_900x.png\",\"datePublished\":\"2021-03-19T13:54:02+00:00\",\"dateModified\":\"2021-03-19T13:57:59+00:00\",\"breadcrumb\":{\"@id\":\"https:\\\/\\\/www.gentlemenscoffeeclub.ch\\\/de\\\/produkt\\\/capsules-kimbo-napoli\\\/#breadcrumb\"},\"inLanguage\":\"de\",\"potentialAction\":[{\"@type\":\"ReadAction\",\"target\":[\"https:\\\/\\\/www.gentlemenscoffeeclub.ch\\\/de\\\/produkt\\\/capsules-kimbo-napoli\\\/\"]}]},{\"@type\":\"ImageObject\",\"inLanguage\":\"de\",\"@id\":\"https:\\\/\\\/www.gentlemenscoffeeclub.ch\\\/de\\\/produkt\\\/capsules-kimbo-napoli\\\/#primaryimage\",\"url\":\"https:\\\/\\\/www.gentlemenscoffeeclub.ch\\\/wp-content\\\/uploads\\\/2021\\\/03\\\/10_kimbo_napoli_nespresso_2_1_900x.png\",\"contentUrl\":\"https:\\\/\\\/www.gentlemenscoffeeclub.ch\\\/wp-content\\\/uploads\\\/2021\\\/03\\\/10_kimbo_napoli_nespresso_2_1_900x.png\",\"width\":500,\"height\":332},{\"@type\":\"BreadcrumbList\",\"@id\":\"https:\\\/\\\/www.gentlemenscoffeeclub.ch\\\/de\\\/produkt\\\/capsules-kimbo-napoli\\\/#breadcrumb\",\"itemListElement\":[{\"@type\":\"ListItem\",\"position\":1,\"name\":\"Accueil\",\"item\":\"https:\\\/\\\/www.gentlemenscoffeeclub.ch\\\/\"},{\"@type\":\"ListItem\",\"position\":2,\"name\":\"Shop\",\"item\":\"https:\\\/\\\/www.gentlemenscoffeeclub.ch\\\/shop\\\/\"},{\"@type\":\"ListItem\",\"position\":3,\"name\":\"Capsules compatibles avec machines Nespresso\",\"item\":\"https:\\\/\\\/www.gentlemenscoffeeclub.ch\\\/de\\\/produkt-kategorie\\\/capsules-compatibles-avec-machines-nespresso\\\/\"},{\"@type\":\"ListItem\",\"position\":4,\"name\":\"Capsules Kimbo Napoli\"}]},{\"@type\":\"WebSite\",\"@id\":\"https:\\\/\\\/www.gentlemenscoffeeclub.ch\\\/#website\",\"url\":\"https:\\\/\\\/www.gentlemenscoffeeclub.ch\\\/\",\"name\":\"Gentlemen's Coffee Club Riviera\",\"description\":\"Caf&eacute; Premium torr&eacute;fi&eacute; &agrave; Montreux\",\"publisher\":{\"@id\":\"https:\\\/\\\/www.gentlemenscoffeeclub.ch\\\/#organization\"},\"potentialAction\":[{\"@type\":\"SearchAction\",\"target\":{\"@type\":\"EntryPoint\",\"urlTemplate\":\"https:\\\/\\\/www.gentlemenscoffeeclub.ch\\\/?s={search_term_string}\"},\"query-input\":{\"@type\":\"PropertyValueSpecification\",\"valueRequired\":true,\"valueName\":\"search_term_string\"}}],\"inLanguage\":\"de\"},{\"@type\":\"Organization\",\"@id\":\"https:\\\/\\\/www.gentlemenscoffeeclub.ch\\\/#organization\",\"name\":\"Gentlemens Coffee Club Montreux\",\"url\":\"https:\\\/\\\/www.gentlemenscoffeeclub.ch\\\/\",\"logo\":{\"@type\":\"ImageObject\",\"inLanguage\":\"de\",\"@id\":\"https:\\\/\\\/www.gentlemenscoffeeclub.ch\\\/#\\\/schema\\\/logo\\\/image\\\/\",\"url\":\"https:\\\/\\\/www.gentlemenscoffeeclub.ch\\\/wp-content\\\/uploads\\\/2020\\\/04\\\/singe-seul-lunettes-roses77.png\",\"contentUrl\":\"https:\\\/\\\/www.gentlemenscoffeeclub.ch\\\/wp-content\\\/uploads\\\/2020\\\/04\\\/singe-seul-lunettes-roses77.png\",\"width\":996,\"height\":1455,\"caption\":\"Gentlemens Coffee Club Montreux\"},\"image\":{\"@id\":\"https:\\\/\\\/www.gentlemenscoffeeclub.ch\\\/#\\\/schema\\\/logo\\\/image\\\/\"},\"sameAs\":[\"https:\\\/\\\/www.facebook.com\\\/Gentlemens-Coffee-Club-104579991113160\",\"https:\\\/\\\/www.instagram.com\\\/clubgentlemenscoffee\\\/\",\"https:\\\/\\\/www.linkedin.com\\\/company\\\/gentlemen-s-coffee-club\"]}]}<\/script>\n<!-- \/ Yoast SEO plugin. -->","yoast_head_json":{"title":"Capsules Kimbo Napoli - Gentlemen's Coffee Club Riviera","robots":{"index":"index","follow":"follow","max-snippet":"max-snippet:-1","max-image-preview":"max-image-preview:large","max-video-preview":"max-video-preview:-1"},"canonical":"https:\/\/www.gentlemenscoffeeclub.ch\/de\/produkt\/capsules-kimbo-napoli\/","og_locale":"de_DE","og_type":"article","og_title":"Capsules Kimbo Napoli - Gentlemen's Coffee Club Riviera","og_description":"Kimbo - capsules compatibles Nespresso\u00ae*   Le succ\u00e8s d\u00b4un d\u00e9licieux caf\u00e9 commence par la s\u00e9lection des ingr\u00e9dients. La soci\u00e9t\u00e9 visite les plantations des caf\u00e9iculteurs afin d\u00b4acqu\u00e9rir les meilleurs grains et les torr\u00e9fier selon la tradition napolitaine.   La soci\u00e9t\u00e9 Kimbo Coffee a \u00e9t\u00e9 fond\u00e9e par les fr\u00e8res Rubino en 1963, lors de la cr\u00e9ation de la marque Kimbo. En 1994, Kimbo s'est hiss\u00e9e \u00e0 la deuxi\u00e8me place sur le march\u00e9 italien du caf\u00e9 au d\u00e9tail, place que Kimbo conserve encore aujourd'hui. Ce succ\u00e8s croissant est certainement d\u00fb \u00e0 la stricte d\u00e9termination \u00e0 la tradition et \u00e0 l'excellente qualit\u00e9, mais aussi \u00e0 une communication forte et \u00e0 l'investissement dans l'infrastructure commerciale. Le succ\u00e8s d'un v\u00e9ritable caf\u00e9 espresso commence par la s\u00e9lection des ingr\u00e9dients. Kimbo Coffee visite les plantations des producteurs de caf\u00e9 afin d'acqu\u00e9rir les meilleurs caf\u00e9s et d'am\u00e9liorer la mati\u00e8re premi\u00e8re selon la tradition napolitaine. Si vous souhaitez d\u00e9guster un m\u00e9lange des meilleurs caf\u00e9s Arabica et Robusta, pr\u00e9sentant un go\u00fbt \u00e9quilibr\u00e9, cors\u00e9 et doux avec d'agr\u00e9ables notes florales et des relents de biscuits fra\u00eechement cuits, vous devez commander vos capsules Nespresso\u00ae Kimbo d\u00e8s aujourd'hui  &nbsp;","og_url":"https:\/\/www.gentlemenscoffeeclub.ch\/de\/produkt\/capsules-kimbo-napoli\/","og_site_name":"Gentlemen's Coffee Club Riviera","article_publisher":"https:\/\/www.facebook.com\/Gentlemens-Coffee-Club-104579991113160","article_modified_time":"2021-03-19T13:57:59+00:00","og_image":[{"width":500,"height":332,"url":"https:\/\/www.gentlemenscoffeeclub.ch\/wp-content\/uploads\/2021\/03\/10_kimbo_napoli_nespresso_2_1_900x.png","type":"image\/png"}],"twitter_card":"summary_large_image","twitter_misc":{"Gesch\u00e4tzte Lesezeit":"1\u00a0Minute"},"schema":{"@context":"https:\/\/schema.org","@graph":[{"@type":"WebPage","@id":"https:\/\/www.gentlemenscoffeeclub.ch\/de\/produkt\/capsules-kimbo-napoli\/","url":"https:\/\/www.gentlemenscoffeeclub.ch\/de\/produkt\/capsules-kimbo-napoli\/","name":"Capsules Kimbo Napoli - Gentlemen's Coffee Club Riviera","isPartOf":{"@id":"https:\/\/www.gentlemenscoffeeclub.ch\/#website"},"primaryImageOfPage":{"@id":"https:\/\/www.gentlemenscoffeeclub.ch\/de\/produkt\/capsules-kimbo-napoli\/#primaryimage"},"image":{"@id":"https:\/\/www.gentlemenscoffeeclub.ch\/de\/produkt\/capsules-kimbo-napoli\/#primaryimage"},"thumbnailUrl":"https:\/\/www.gentlemenscoffeeclub.ch\/wp-content\/uploads\/2021\/03\/10_kimbo_napoli_nespresso_2_1_900x.png","datePublished":"2021-03-19T13:54:02+00:00","dateModified":"2021-03-19T13:57:59+00:00","breadcrumb":{"@id":"https:\/\/www.gentlemenscoffeeclub.ch\/de\/produkt\/capsules-kimbo-napoli\/#breadcrumb"},"inLanguage":"de","potentialAction":[{"@type":"ReadAction","target":["https:\/\/www.gentlemenscoffeeclub.ch\/de\/produkt\/capsules-kimbo-napoli\/"]}]},{"@type":"ImageObject","inLanguage":"de","@id":"https:\/\/www.gentlemenscoffeeclub.ch\/de\/produkt\/capsules-kimbo-napoli\/#primaryimage","url":"https:\/\/www.gentlemenscoffeeclub.ch\/wp-content\/uploads\/2021\/03\/10_kimbo_napoli_nespresso_2_1_900x.png","contentUrl":"https:\/\/www.gentlemenscoffeeclub.ch\/wp-content\/uploads\/2021\/03\/10_kimbo_napoli_nespresso_2_1_900x.png","width":500,"height":332},{"@type":"BreadcrumbList","@id":"https:\/\/www.gentlemenscoffeeclub.ch\/de\/produkt\/capsules-kimbo-napoli\/#breadcrumb","itemListElement":[{"@type":"ListItem","position":1,"name":"Accueil","item":"https:\/\/www.gentlemenscoffeeclub.ch\/"},{"@type":"ListItem","position":2,"name":"Shop","item":"https:\/\/www.gentlemenscoffeeclub.ch\/shop\/"},{"@type":"ListItem","position":3,"name":"Capsules compatibles avec machines Nespresso","item":"https:\/\/www.gentlemenscoffeeclub.ch\/de\/produkt-kategorie\/capsules-compatibles-avec-machines-nespresso\/"},{"@type":"ListItem","position":4,"name":"Capsules Kimbo Napoli"}]},{"@type":"WebSite","@id":"https:\/\/www.gentlemenscoffeeclub.ch\/#website","url":"https:\/\/www.gentlemenscoffeeclub.ch\/","name":"Gentlemen's Coffee Club Riviera","description":"Caf&eacute; Premium torr&eacute;fi&eacute; &agrave; Montreux","publisher":{"@id":"https:\/\/www.gentlemenscoffeeclub.ch\/#organization"},"potentialAction":[{"@type":"SearchAction","target":{"@type":"EntryPoint","urlTemplate":"https:\/\/www.gentlemenscoffeeclub.ch\/?s={search_term_string}"},"query-input":{"@type":"PropertyValueSpecification","valueRequired":true,"valueName":"search_term_string"}}],"inLanguage":"de"},{"@type":"Organization","@id":"https:\/\/www.gentlemenscoffeeclub.ch\/#organization","name":"Gentlemens Coffee Club Montreux","url":"https:\/\/www.gentlemenscoffeeclub.ch\/","logo":{"@type":"ImageObject","inLanguage":"de","@id":"https:\/\/www.gentlemenscoffeeclub.ch\/#\/schema\/logo\/image\/","url":"https:\/\/www.gentlemenscoffeeclub.ch\/wp-content\/uploads\/2020\/04\/singe-seul-lunettes-roses77.png","contentUrl":"https:\/\/www.gentlemenscoffeeclub.ch\/wp-content\/uploads\/2020\/04\/singe-seul-lunettes-roses77.png","width":996,"height":1455,"caption":"Gentlemens Coffee Club Montreux"},"image":{"@id":"https:\/\/www.gentlemenscoffeeclub.ch\/#\/schema\/logo\/image\/"},"sameAs":["https:\/\/www.facebook.com\/Gentlemens-Coffee-Club-104579991113160","https:\/\/www.instagram.com\/clubgentlemenscoffee\/","https:\/\/www.linkedin.com\/company\/gentlemen-s-coffee-club"]}]}},"_links":{"self":[{"href":"https:\/\/www.gentlemenscoffeeclub.ch\/de\/wp-json\/wp\/v2\/product\/5830","targetHints":{"allow":["GET"]}}],"collection":[{"href":"https:\/\/www.gentlemenscoffeeclub.ch\/de\/wp-json\/wp\/v2\/product"}],"about":[{"href":"https:\/\/www.gentlemenscoffeeclub.ch\/de\/wp-json\/wp\/v2\/types\/product"}],"replies":[{"embeddable":true,"href":"https:\/\/www.gentlemenscoffeeclub.ch\/de\/wp-json\/wp\/v2\/comments?post=5830"}],"wp:featuredmedia":[{"embeddable":true,"href":"https:\/\/www.gentlemenscoffeeclub.ch\/de\/wp-json\/wp\/v2\/media\/5805"}],"wp:attachment":[{"href":"https:\/\/www.gentlemenscoffeeclub.ch\/de\/wp-json\/wp\/v2\/media?parent=5830"}],"wp:term":[{"taxonomy":"product_brand","embeddable":true,"href":"https:\/\/www.gentlemenscoffeeclub.ch\/de\/wp-json\/wp\/v2\/product_brand?post=5830"},{"taxonomy":"product_cat","embeddable":true,"href":"https:\/\/www.gentlemenscoffeeclub.ch\/de\/wp-json\/wp\/v2\/product_cat?post=5830"},{"taxonomy":"product_tag","embeddable":true,"href":"https:\/\/www.gentlemenscoffeeclub.ch\/de\/wp-json\/wp\/v2\/product_tag?post=5830"}],"curies":[{"name":"wp","href":"https:\/\/api.w.org\/{rel}","templated":true}]}}