{"id":5829,"date":"2021-03-19T13:46:27","date_gmt":"2021-03-19T13:46:27","guid":{"rendered":"https:\/\/www.gentlemenscoffeeclub.ch\/?post_type=product&#038;p=5829"},"modified":"2021-06-30T13:04:52","modified_gmt":"2021-06-30T13:04:52","slug":"capsules-lollo-caffe-classico","status":"publish","type":"product","link":"https:\/\/www.gentlemenscoffeeclub.ch\/de\/produkt\/capsules-lollo-caffe-classico\/","title":{"rendered":"Capsules Lollo Caffe Classico"},"content":{"rendered":"<p>Composition : 80% Arabica \/ 20% RobustaLes caf\u00e9s verts Arabica proviennent du Br\u00e9sil et de Colombie. Les grains Robusta responsables d\u00b4une belle cr\u00e8me, couleur noisette, proviennent d\u00b4Inde.<\/p>\n<p>\u00c9valuation : Caf\u00e9 doux et agr\u00e9able, teneur moyenne en caf\u00e9ine.<\/p>\n<p>100 capsules d\u00b4environ 5g chacune<\/p>","protected":false},"excerpt":{"rendered":"<h4>Lollo caff\u00e9 &#8211; capsules compatibles Nespresso\u00ae*<\/h4>\n<p>Les capsules Nespresso\u00ae compatibles par Lollo Caff\u00e8 \u00abLollo\u00bb est l&rsquo;un des fleurons de la tradition napolitaine de l&rsquo;espresso en Italie et dans le monde, en constante expansion, mais toujours li\u00e9 au professionnalisme et \u00e0 la passion du caf\u00e9. Les m\u00e9langes de caf\u00e9 \u00abLollo\u00bb sont issus de l&rsquo;exp\u00e9rience et des m\u00e9thodes typiquement napolitaine. Ce petit torr\u00e9facteur en pleine expansion traite aujourd&rsquo;hui plus de 5 tonnes par jour dans son usine de Sciscano.<\/p>\n<p>&nbsp;<\/p>","protected":false},"featured_media":5811,"comment_status":"closed","ping_status":"closed","template":"","meta":[],"product_brand":[],"product_cat":[90],"product_tag":[],"class_list":{"0":"post-5829","1":"product","2":"type-product","3":"status-publish","4":"has-post-thumbnail","6":"product_cat-capsules-compatibles-avec-machines-nespresso","8":"first","9":"instock","10":"shipping-taxable","11":"purchasable","12":"product-type-simple"},"yoast_head":"<!-- This site is optimized with the Yoast SEO plugin v27.5 - https:\/\/yoast.com\/product\/yoast-seo-wordpress\/ -->\n<title>Capsules Lollo Caffe Classico - Gentlemen&#039;s Coffee Club Riviera<\/title>\n<meta name=\"robots\" content=\"index, follow, max-snippet:-1, max-image-preview:large, max-video-preview:-1\" \/>\n<link rel=\"canonical\" href=\"https:\/\/www.gentlemenscoffeeclub.ch\/de\/produkt\/capsules-lollo-caffe-classico\/\" \/>\n<meta property=\"og:locale\" content=\"de_DE\" \/>\n<meta property=\"og:type\" content=\"article\" \/>\n<meta property=\"og:title\" content=\"Capsules Lollo Caffe Classico - Gentlemen&#039;s Coffee Club Riviera\" \/>\n<meta property=\"og:description\" content=\"Lollo caff\u00e9 - capsules compatibles Nespresso\u00ae* Les capsules Nespresso\u00ae compatibles par Lollo Caff\u00e8 \u00abLollo\u00bb est l&#039;un des fleurons de la tradition napolitaine de l&#039;espresso en Italie et dans le monde, en constante expansion, mais toujours li\u00e9 au professionnalisme et \u00e0 la passion du caf\u00e9. Les m\u00e9langes de caf\u00e9 \u00abLollo\u00bb sont issus de l&#039;exp\u00e9rience et des m\u00e9thodes typiquement napolitaine. Ce petit torr\u00e9facteur en pleine expansion traite aujourd&#039;hui plus de 5 tonnes par jour dans son usine de Sciscano.  &nbsp;\" \/>\n<meta property=\"og:url\" content=\"https:\/\/www.gentlemenscoffeeclub.ch\/de\/produkt\/capsules-lollo-caffe-classico\/\" \/>\n<meta property=\"og:site_name\" content=\"Gentlemen&#039;s Coffee Club Riviera\" \/>\n<meta property=\"article:publisher\" content=\"https:\/\/www.facebook.com\/Gentlemens-Coffee-Club-104579991113160\" \/>\n<meta property=\"article:modified_time\" content=\"2021-06-30T13:04:52+00:00\" \/>\n<meta property=\"og:image\" content=\"https:\/\/www.gentlemenscoffeeclub.ch\/wp-content\/uploads\/2021\/03\/nespresso-lollo-classica-offerta_540x.jpg\" \/>\n\t<meta property=\"og:image:width\" content=\"400\" \/>\n\t<meta property=\"og:image:height\" content=\"400\" \/>\n\t<meta property=\"og:image:type\" content=\"image\/jpeg\" \/>\n<meta name=\"twitter:card\" content=\"summary_large_image\" \/>\n<meta name=\"twitter:label1\" content=\"Gesch\u00e4tzte Lesezeit\" \/>\n\t<meta name=\"twitter:data1\" content=\"1\u00a0Minute\" \/>\n<script type=\"application\/ld+json\" class=\"yoast-schema-graph\">{\"@context\":\"https:\\\/\\\/schema.org\",\"@graph\":[{\"@type\":\"WebPage\",\"@id\":\"https:\\\/\\\/www.gentlemenscoffeeclub.ch\\\/de\\\/produkt\\\/capsules-lollo-caffe-classico\\\/\",\"url\":\"https:\\\/\\\/www.gentlemenscoffeeclub.ch\\\/de\\\/produkt\\\/capsules-lollo-caffe-classico\\\/\",\"name\":\"Capsules Lollo Caffe Classico - Gentlemen's Coffee Club Riviera\",\"isPartOf\":{\"@id\":\"https:\\\/\\\/www.gentlemenscoffeeclub.ch\\\/#website\"},\"primaryImageOfPage\":{\"@id\":\"https:\\\/\\\/www.gentlemenscoffeeclub.ch\\\/de\\\/produkt\\\/capsules-lollo-caffe-classico\\\/#primaryimage\"},\"image\":{\"@id\":\"https:\\\/\\\/www.gentlemenscoffeeclub.ch\\\/de\\\/produkt\\\/capsules-lollo-caffe-classico\\\/#primaryimage\"},\"thumbnailUrl\":\"https:\\\/\\\/www.gentlemenscoffeeclub.ch\\\/wp-content\\\/uploads\\\/2021\\\/03\\\/nespresso-lollo-classica-offerta_540x.jpg\",\"datePublished\":\"2021-03-19T13:46:27+00:00\",\"dateModified\":\"2021-06-30T13:04:52+00:00\",\"breadcrumb\":{\"@id\":\"https:\\\/\\\/www.gentlemenscoffeeclub.ch\\\/de\\\/produkt\\\/capsules-lollo-caffe-classico\\\/#breadcrumb\"},\"inLanguage\":\"de\",\"potentialAction\":[{\"@type\":\"ReadAction\",\"target\":[\"https:\\\/\\\/www.gentlemenscoffeeclub.ch\\\/de\\\/produkt\\\/capsules-lollo-caffe-classico\\\/\"]}]},{\"@type\":\"ImageObject\",\"inLanguage\":\"de\",\"@id\":\"https:\\\/\\\/www.gentlemenscoffeeclub.ch\\\/de\\\/produkt\\\/capsules-lollo-caffe-classico\\\/#primaryimage\",\"url\":\"https:\\\/\\\/www.gentlemenscoffeeclub.ch\\\/wp-content\\\/uploads\\\/2021\\\/03\\\/nespresso-lollo-classica-offerta_540x.jpg\",\"contentUrl\":\"https:\\\/\\\/www.gentlemenscoffeeclub.ch\\\/wp-content\\\/uploads\\\/2021\\\/03\\\/nespresso-lollo-classica-offerta_540x.jpg\",\"width\":400,\"height\":400},{\"@type\":\"BreadcrumbList\",\"@id\":\"https:\\\/\\\/www.gentlemenscoffeeclub.ch\\\/de\\\/produkt\\\/capsules-lollo-caffe-classico\\\/#breadcrumb\",\"itemListElement\":[{\"@type\":\"ListItem\",\"position\":1,\"name\":\"Accueil\",\"item\":\"https:\\\/\\\/www.gentlemenscoffeeclub.ch\\\/\"},{\"@type\":\"ListItem\",\"position\":2,\"name\":\"Shop\",\"item\":\"https:\\\/\\\/www.gentlemenscoffeeclub.ch\\\/shop\\\/\"},{\"@type\":\"ListItem\",\"position\":3,\"name\":\"Capsules compatibles avec machines Nespresso\",\"item\":\"https:\\\/\\\/www.gentlemenscoffeeclub.ch\\\/de\\\/produkt-kategorie\\\/capsules-compatibles-avec-machines-nespresso\\\/\"},{\"@type\":\"ListItem\",\"position\":4,\"name\":\"Capsules Lollo Caffe Classico\"}]},{\"@type\":\"WebSite\",\"@id\":\"https:\\\/\\\/www.gentlemenscoffeeclub.ch\\\/#website\",\"url\":\"https:\\\/\\\/www.gentlemenscoffeeclub.ch\\\/\",\"name\":\"Gentlemen's Coffee Club Riviera\",\"description\":\"Caf&eacute; Premium torr&eacute;fi&eacute; &agrave; Montreux\",\"publisher\":{\"@id\":\"https:\\\/\\\/www.gentlemenscoffeeclub.ch\\\/#organization\"},\"potentialAction\":[{\"@type\":\"SearchAction\",\"target\":{\"@type\":\"EntryPoint\",\"urlTemplate\":\"https:\\\/\\\/www.gentlemenscoffeeclub.ch\\\/?s={search_term_string}\"},\"query-input\":{\"@type\":\"PropertyValueSpecification\",\"valueRequired\":true,\"valueName\":\"search_term_string\"}}],\"inLanguage\":\"de\"},{\"@type\":\"Organization\",\"@id\":\"https:\\\/\\\/www.gentlemenscoffeeclub.ch\\\/#organization\",\"name\":\"Gentlemens Coffee Club Montreux\",\"url\":\"https:\\\/\\\/www.gentlemenscoffeeclub.ch\\\/\",\"logo\":{\"@type\":\"ImageObject\",\"inLanguage\":\"de\",\"@id\":\"https:\\\/\\\/www.gentlemenscoffeeclub.ch\\\/#\\\/schema\\\/logo\\\/image\\\/\",\"url\":\"https:\\\/\\\/www.gentlemenscoffeeclub.ch\\\/wp-content\\\/uploads\\\/2020\\\/04\\\/singe-seul-lunettes-roses77.png\",\"contentUrl\":\"https:\\\/\\\/www.gentlemenscoffeeclub.ch\\\/wp-content\\\/uploads\\\/2020\\\/04\\\/singe-seul-lunettes-roses77.png\",\"width\":996,\"height\":1455,\"caption\":\"Gentlemens Coffee Club Montreux\"},\"image\":{\"@id\":\"https:\\\/\\\/www.gentlemenscoffeeclub.ch\\\/#\\\/schema\\\/logo\\\/image\\\/\"},\"sameAs\":[\"https:\\\/\\\/www.facebook.com\\\/Gentlemens-Coffee-Club-104579991113160\",\"https:\\\/\\\/www.instagram.com\\\/clubgentlemenscoffee\\\/\",\"https:\\\/\\\/www.linkedin.com\\\/company\\\/gentlemen-s-coffee-club\"]}]}<\/script>\n<!-- \/ Yoast SEO plugin. -->","yoast_head_json":{"title":"Capsules Lollo Caffe Classico - Gentlemen's Coffee Club Riviera","robots":{"index":"index","follow":"follow","max-snippet":"max-snippet:-1","max-image-preview":"max-image-preview:large","max-video-preview":"max-video-preview:-1"},"canonical":"https:\/\/www.gentlemenscoffeeclub.ch\/de\/produkt\/capsules-lollo-caffe-classico\/","og_locale":"de_DE","og_type":"article","og_title":"Capsules Lollo Caffe Classico - Gentlemen's Coffee Club Riviera","og_description":"Lollo caff\u00e9 - capsules compatibles Nespresso\u00ae* Les capsules Nespresso\u00ae compatibles par Lollo Caff\u00e8 \u00abLollo\u00bb est l'un des fleurons de la tradition napolitaine de l'espresso en Italie et dans le monde, en constante expansion, mais toujours li\u00e9 au professionnalisme et \u00e0 la passion du caf\u00e9. Les m\u00e9langes de caf\u00e9 \u00abLollo\u00bb sont issus de l'exp\u00e9rience et des m\u00e9thodes typiquement napolitaine. Ce petit torr\u00e9facteur en pleine expansion traite aujourd'hui plus de 5 tonnes par jour dans son usine de Sciscano.  &nbsp;","og_url":"https:\/\/www.gentlemenscoffeeclub.ch\/de\/produkt\/capsules-lollo-caffe-classico\/","og_site_name":"Gentlemen's Coffee Club Riviera","article_publisher":"https:\/\/www.facebook.com\/Gentlemens-Coffee-Club-104579991113160","article_modified_time":"2021-06-30T13:04:52+00:00","og_image":[{"width":400,"height":400,"url":"https:\/\/www.gentlemenscoffeeclub.ch\/wp-content\/uploads\/2021\/03\/nespresso-lollo-classica-offerta_540x.jpg","type":"image\/jpeg"}],"twitter_card":"summary_large_image","twitter_misc":{"Gesch\u00e4tzte Lesezeit":"1\u00a0Minute"},"schema":{"@context":"https:\/\/schema.org","@graph":[{"@type":"WebPage","@id":"https:\/\/www.gentlemenscoffeeclub.ch\/de\/produkt\/capsules-lollo-caffe-classico\/","url":"https:\/\/www.gentlemenscoffeeclub.ch\/de\/produkt\/capsules-lollo-caffe-classico\/","name":"Capsules Lollo Caffe Classico - Gentlemen's Coffee Club Riviera","isPartOf":{"@id":"https:\/\/www.gentlemenscoffeeclub.ch\/#website"},"primaryImageOfPage":{"@id":"https:\/\/www.gentlemenscoffeeclub.ch\/de\/produkt\/capsules-lollo-caffe-classico\/#primaryimage"},"image":{"@id":"https:\/\/www.gentlemenscoffeeclub.ch\/de\/produkt\/capsules-lollo-caffe-classico\/#primaryimage"},"thumbnailUrl":"https:\/\/www.gentlemenscoffeeclub.ch\/wp-content\/uploads\/2021\/03\/nespresso-lollo-classica-offerta_540x.jpg","datePublished":"2021-03-19T13:46:27+00:00","dateModified":"2021-06-30T13:04:52+00:00","breadcrumb":{"@id":"https:\/\/www.gentlemenscoffeeclub.ch\/de\/produkt\/capsules-lollo-caffe-classico\/#breadcrumb"},"inLanguage":"de","potentialAction":[{"@type":"ReadAction","target":["https:\/\/www.gentlemenscoffeeclub.ch\/de\/produkt\/capsules-lollo-caffe-classico\/"]}]},{"@type":"ImageObject","inLanguage":"de","@id":"https:\/\/www.gentlemenscoffeeclub.ch\/de\/produkt\/capsules-lollo-caffe-classico\/#primaryimage","url":"https:\/\/www.gentlemenscoffeeclub.ch\/wp-content\/uploads\/2021\/03\/nespresso-lollo-classica-offerta_540x.jpg","contentUrl":"https:\/\/www.gentlemenscoffeeclub.ch\/wp-content\/uploads\/2021\/03\/nespresso-lollo-classica-offerta_540x.jpg","width":400,"height":400},{"@type":"BreadcrumbList","@id":"https:\/\/www.gentlemenscoffeeclub.ch\/de\/produkt\/capsules-lollo-caffe-classico\/#breadcrumb","itemListElement":[{"@type":"ListItem","position":1,"name":"Accueil","item":"https:\/\/www.gentlemenscoffeeclub.ch\/"},{"@type":"ListItem","position":2,"name":"Shop","item":"https:\/\/www.gentlemenscoffeeclub.ch\/shop\/"},{"@type":"ListItem","position":3,"name":"Capsules compatibles avec machines Nespresso","item":"https:\/\/www.gentlemenscoffeeclub.ch\/de\/produkt-kategorie\/capsules-compatibles-avec-machines-nespresso\/"},{"@type":"ListItem","position":4,"name":"Capsules Lollo Caffe Classico"}]},{"@type":"WebSite","@id":"https:\/\/www.gentlemenscoffeeclub.ch\/#website","url":"https:\/\/www.gentlemenscoffeeclub.ch\/","name":"Gentlemen's Coffee Club Riviera","description":"Caf&eacute; Premium torr&eacute;fi&eacute; &agrave; Montreux","publisher":{"@id":"https:\/\/www.gentlemenscoffeeclub.ch\/#organization"},"potentialAction":[{"@type":"SearchAction","target":{"@type":"EntryPoint","urlTemplate":"https:\/\/www.gentlemenscoffeeclub.ch\/?s={search_term_string}"},"query-input":{"@type":"PropertyValueSpecification","valueRequired":true,"valueName":"search_term_string"}}],"inLanguage":"de"},{"@type":"Organization","@id":"https:\/\/www.gentlemenscoffeeclub.ch\/#organization","name":"Gentlemens Coffee Club Montreux","url":"https:\/\/www.gentlemenscoffeeclub.ch\/","logo":{"@type":"ImageObject","inLanguage":"de","@id":"https:\/\/www.gentlemenscoffeeclub.ch\/#\/schema\/logo\/image\/","url":"https:\/\/www.gentlemenscoffeeclub.ch\/wp-content\/uploads\/2020\/04\/singe-seul-lunettes-roses77.png","contentUrl":"https:\/\/www.gentlemenscoffeeclub.ch\/wp-content\/uploads\/2020\/04\/singe-seul-lunettes-roses77.png","width":996,"height":1455,"caption":"Gentlemens Coffee Club Montreux"},"image":{"@id":"https:\/\/www.gentlemenscoffeeclub.ch\/#\/schema\/logo\/image\/"},"sameAs":["https:\/\/www.facebook.com\/Gentlemens-Coffee-Club-104579991113160","https:\/\/www.instagram.com\/clubgentlemenscoffee\/","https:\/\/www.linkedin.com\/company\/gentlemen-s-coffee-club"]}]}},"_links":{"self":[{"href":"https:\/\/www.gentlemenscoffeeclub.ch\/de\/wp-json\/wp\/v2\/product\/5829","targetHints":{"allow":["GET"]}}],"collection":[{"href":"https:\/\/www.gentlemenscoffeeclub.ch\/de\/wp-json\/wp\/v2\/product"}],"about":[{"href":"https:\/\/www.gentlemenscoffeeclub.ch\/de\/wp-json\/wp\/v2\/types\/product"}],"replies":[{"embeddable":true,"href":"https:\/\/www.gentlemenscoffeeclub.ch\/de\/wp-json\/wp\/v2\/comments?post=5829"}],"wp:featuredmedia":[{"embeddable":true,"href":"https:\/\/www.gentlemenscoffeeclub.ch\/de\/wp-json\/wp\/v2\/media\/5811"}],"wp:attachment":[{"href":"https:\/\/www.gentlemenscoffeeclub.ch\/de\/wp-json\/wp\/v2\/media?parent=5829"}],"wp:term":[{"taxonomy":"product_brand","embeddable":true,"href":"https:\/\/www.gentlemenscoffeeclub.ch\/de\/wp-json\/wp\/v2\/product_brand?post=5829"},{"taxonomy":"product_cat","embeddable":true,"href":"https:\/\/www.gentlemenscoffeeclub.ch\/de\/wp-json\/wp\/v2\/product_cat?post=5829"},{"taxonomy":"product_tag","embeddable":true,"href":"https:\/\/www.gentlemenscoffeeclub.ch\/de\/wp-json\/wp\/v2\/product_tag?post=5829"}],"curies":[{"name":"wp","href":"https:\/\/api.w.org\/{rel}","templated":true}]}}