{"id":5825,"date":"2021-03-19T13:40:07","date_gmt":"2021-03-19T13:40:07","guid":{"rendered":"https:\/\/www.gentlemenscoffeeclub.ch\/?post_type=product&#038;p=5825"},"modified":"2021-03-19T13:41:52","modified_gmt":"2021-03-19T13:41:52","slug":"capsules-borbone-deka","status":"publish","type":"product","link":"https:\/\/www.gentlemenscoffeeclub.ch\/de\/produkt\/capsules-borbone-deka\/","title":{"rendered":"Capsules Borbone DEKA"},"content":{"rendered":"<section id=\"js-p-claims\" class=\"l-module is-seamless--bottom has-section-border oh\">\n<div class=\"alerts\">\n<h2 class=\"f-h1\">Caract\u00e9ristiques<\/h2>\n<div class=\"alert alert-info\">Typologie: Monodose<br \/>\nPois net minimum garanti: 5 gr<br \/>\nEmballage: Atmosph\u00e8re protectrice en alluminium en triple couche<br \/>\nExpiration: 24 mois \u00e0 partir de sa production<br \/>\nEmballage:\u00a0 100 pce<\/div>\n<\/div>\n<\/section>\n<p>&nbsp;<\/p>\n<p>&nbsp;<\/p>\n<h6>* Cette marque appartient \u00e0 des tiers qui n&rsquo;ont aucun lien avec la societ\u00e9 gentlemens coffee club<\/h6>","protected":false},"excerpt":{"rendered":"<h4>Caf\u00e9 Borbone en capsules, compatibles Nespresso\u00ae* Deka<\/h4>\n<p>N\u00e9 pour vous surprendre! Grace \u00e0 la technologie de Caff\u00e8 Borbone, ce m\u00e9lange garde la cr\u00e8me, corps, go\u00fbt et toute la douceur du parfait espresso, mais\u2026 d\u00e9caf\u00e9in\u00e9.<\/p>\n<div class=\"ingredients-content l-half fl\">\n<div class=\"content\">Caff\u00e8 Borbone m\u00e9lange vert est le m\u00e9lange parfait pour ce qui veulent un espresso d\u00e9caf\u00e9in\u00e9 l\u00e9ger pour le palais, sans renoncer au go\u00fbt et \u00e0 la force typiques du vrai bon caf\u00e8.<br \/>\nGrace \u00e0 la technologie de Caff\u00e8 Borbone ce m\u00e9lange garde toutes les traits d\u2019un excellent caf\u00e8 napolitain avec cremosit\u00e9, force et pl\u00e9nitude dans la tasse.<\/div>\n<\/div>","protected":false},"featured_media":5826,"comment_status":"closed","ping_status":"closed","template":"","meta":[],"product_brand":[],"product_cat":[90],"product_tag":[],"class_list":{"0":"post-5825","1":"product","2":"type-product","3":"status-publish","4":"has-post-thumbnail","6":"product_cat-capsules-compatibles-avec-machines-nespresso","8":"first","9":"instock","10":"shipping-taxable","11":"purchasable","12":"product-type-simple"},"yoast_head":"<!-- This site is optimized with the Yoast SEO plugin v27.5 - https:\/\/yoast.com\/product\/yoast-seo-wordpress\/ -->\n<title>Capsules Borbone DEKA - Gentlemen&#039;s Coffee Club Riviera<\/title>\n<meta name=\"robots\" content=\"index, follow, max-snippet:-1, max-image-preview:large, max-video-preview:-1\" \/>\n<link rel=\"canonical\" href=\"https:\/\/www.gentlemenscoffeeclub.ch\/de\/produkt\/capsules-borbone-deka\/\" \/>\n<meta property=\"og:locale\" content=\"de_DE\" \/>\n<meta property=\"og:type\" content=\"article\" \/>\n<meta property=\"og:title\" content=\"Capsules Borbone DEKA - Gentlemen&#039;s Coffee Club Riviera\" \/>\n<meta property=\"og:description\" content=\"Caf\u00e9 Borbone en capsules, compatibles Nespresso\u00ae* Deka N\u00e9 pour vous surprendre! Grace \u00e0 la technologie de Caff\u00e8 Borbone, ce m\u00e9lange garde la cr\u00e8me, corps, go\u00fbt et toute la douceur du parfait espresso, mais\u2026 d\u00e9caf\u00e9in\u00e9.  Caff\u00e8 Borbone m\u00e9lange vert est le m\u00e9lange parfait pour ce qui veulent un espresso d\u00e9caf\u00e9in\u00e9 l\u00e9ger pour le palais, sans renoncer au go\u00fbt et \u00e0 la force typiques du vrai bon caf\u00e8. Grace \u00e0 la technologie de Caff\u00e8 Borbone ce m\u00e9lange garde toutes les traits d\u2019un excellent caf\u00e8 napolitain avec cremosit\u00e9, force et pl\u00e9nitude dans la tasse.\" \/>\n<meta property=\"og:url\" content=\"https:\/\/www.gentlemenscoffeeclub.ch\/de\/produkt\/capsules-borbone-deka\/\" \/>\n<meta property=\"og:site_name\" content=\"Gentlemen&#039;s Coffee Club Riviera\" \/>\n<meta property=\"article:publisher\" content=\"https:\/\/www.facebook.com\/Gentlemens-Coffee-Club-104579991113160\" \/>\n<meta property=\"article:modified_time\" content=\"2021-03-19T13:41:52+00:00\" \/>\n<meta property=\"og:image\" content=\"https:\/\/www.gentlemenscoffeeclub.ch\/wp-content\/uploads\/2021\/03\/Borbone-deka.png\" \/>\n\t<meta property=\"og:image:width\" content=\"500\" \/>\n\t<meta property=\"og:image:height\" content=\"500\" \/>\n\t<meta property=\"og:image:type\" content=\"image\/png\" \/>\n<meta name=\"twitter:card\" content=\"summary_large_image\" \/>\n<meta name=\"twitter:label1\" content=\"Gesch\u00e4tzte Lesezeit\" \/>\n\t<meta name=\"twitter:data1\" content=\"1\u00a0Minute\" \/>\n<script type=\"application\/ld+json\" class=\"yoast-schema-graph\">{\"@context\":\"https:\\\/\\\/schema.org\",\"@graph\":[{\"@type\":\"WebPage\",\"@id\":\"https:\\\/\\\/www.gentlemenscoffeeclub.ch\\\/de\\\/produkt\\\/capsules-borbone-deka\\\/\",\"url\":\"https:\\\/\\\/www.gentlemenscoffeeclub.ch\\\/de\\\/produkt\\\/capsules-borbone-deka\\\/\",\"name\":\"Capsules Borbone DEKA - Gentlemen's Coffee Club Riviera\",\"isPartOf\":{\"@id\":\"https:\\\/\\\/www.gentlemenscoffeeclub.ch\\\/#website\"},\"primaryImageOfPage\":{\"@id\":\"https:\\\/\\\/www.gentlemenscoffeeclub.ch\\\/de\\\/produkt\\\/capsules-borbone-deka\\\/#primaryimage\"},\"image\":{\"@id\":\"https:\\\/\\\/www.gentlemenscoffeeclub.ch\\\/de\\\/produkt\\\/capsules-borbone-deka\\\/#primaryimage\"},\"thumbnailUrl\":\"https:\\\/\\\/www.gentlemenscoffeeclub.ch\\\/wp-content\\\/uploads\\\/2021\\\/03\\\/Borbone-deka.png\",\"datePublished\":\"2021-03-19T13:40:07+00:00\",\"dateModified\":\"2021-03-19T13:41:52+00:00\",\"breadcrumb\":{\"@id\":\"https:\\\/\\\/www.gentlemenscoffeeclub.ch\\\/de\\\/produkt\\\/capsules-borbone-deka\\\/#breadcrumb\"},\"inLanguage\":\"de\",\"potentialAction\":[{\"@type\":\"ReadAction\",\"target\":[\"https:\\\/\\\/www.gentlemenscoffeeclub.ch\\\/de\\\/produkt\\\/capsules-borbone-deka\\\/\"]}]},{\"@type\":\"ImageObject\",\"inLanguage\":\"de\",\"@id\":\"https:\\\/\\\/www.gentlemenscoffeeclub.ch\\\/de\\\/produkt\\\/capsules-borbone-deka\\\/#primaryimage\",\"url\":\"https:\\\/\\\/www.gentlemenscoffeeclub.ch\\\/wp-content\\\/uploads\\\/2021\\\/03\\\/Borbone-deka.png\",\"contentUrl\":\"https:\\\/\\\/www.gentlemenscoffeeclub.ch\\\/wp-content\\\/uploads\\\/2021\\\/03\\\/Borbone-deka.png\",\"width\":500,\"height\":500},{\"@type\":\"BreadcrumbList\",\"@id\":\"https:\\\/\\\/www.gentlemenscoffeeclub.ch\\\/de\\\/produkt\\\/capsules-borbone-deka\\\/#breadcrumb\",\"itemListElement\":[{\"@type\":\"ListItem\",\"position\":1,\"name\":\"Accueil\",\"item\":\"https:\\\/\\\/www.gentlemenscoffeeclub.ch\\\/\"},{\"@type\":\"ListItem\",\"position\":2,\"name\":\"Shop\",\"item\":\"https:\\\/\\\/www.gentlemenscoffeeclub.ch\\\/shop\\\/\"},{\"@type\":\"ListItem\",\"position\":3,\"name\":\"Capsules compatibles avec machines Nespresso\",\"item\":\"https:\\\/\\\/www.gentlemenscoffeeclub.ch\\\/de\\\/produkt-kategorie\\\/capsules-compatibles-avec-machines-nespresso\\\/\"},{\"@type\":\"ListItem\",\"position\":4,\"name\":\"Capsules Borbone DEKA\"}]},{\"@type\":\"WebSite\",\"@id\":\"https:\\\/\\\/www.gentlemenscoffeeclub.ch\\\/#website\",\"url\":\"https:\\\/\\\/www.gentlemenscoffeeclub.ch\\\/\",\"name\":\"Gentlemen's Coffee Club Riviera\",\"description\":\"Caf&eacute; Premium torr&eacute;fi&eacute; &agrave; Montreux\",\"publisher\":{\"@id\":\"https:\\\/\\\/www.gentlemenscoffeeclub.ch\\\/#organization\"},\"potentialAction\":[{\"@type\":\"SearchAction\",\"target\":{\"@type\":\"EntryPoint\",\"urlTemplate\":\"https:\\\/\\\/www.gentlemenscoffeeclub.ch\\\/?s={search_term_string}\"},\"query-input\":{\"@type\":\"PropertyValueSpecification\",\"valueRequired\":true,\"valueName\":\"search_term_string\"}}],\"inLanguage\":\"de\"},{\"@type\":\"Organization\",\"@id\":\"https:\\\/\\\/www.gentlemenscoffeeclub.ch\\\/#organization\",\"name\":\"Gentlemens Coffee Club Montreux\",\"url\":\"https:\\\/\\\/www.gentlemenscoffeeclub.ch\\\/\",\"logo\":{\"@type\":\"ImageObject\",\"inLanguage\":\"de\",\"@id\":\"https:\\\/\\\/www.gentlemenscoffeeclub.ch\\\/#\\\/schema\\\/logo\\\/image\\\/\",\"url\":\"https:\\\/\\\/www.gentlemenscoffeeclub.ch\\\/wp-content\\\/uploads\\\/2020\\\/04\\\/singe-seul-lunettes-roses77.png\",\"contentUrl\":\"https:\\\/\\\/www.gentlemenscoffeeclub.ch\\\/wp-content\\\/uploads\\\/2020\\\/04\\\/singe-seul-lunettes-roses77.png\",\"width\":996,\"height\":1455,\"caption\":\"Gentlemens Coffee Club Montreux\"},\"image\":{\"@id\":\"https:\\\/\\\/www.gentlemenscoffeeclub.ch\\\/#\\\/schema\\\/logo\\\/image\\\/\"},\"sameAs\":[\"https:\\\/\\\/www.facebook.com\\\/Gentlemens-Coffee-Club-104579991113160\",\"https:\\\/\\\/www.instagram.com\\\/clubgentlemenscoffee\\\/\",\"https:\\\/\\\/www.linkedin.com\\\/company\\\/gentlemen-s-coffee-club\"]}]}<\/script>\n<!-- \/ Yoast SEO plugin. -->","yoast_head_json":{"title":"Capsules Borbone DEKA - Gentlemen's Coffee Club Riviera","robots":{"index":"index","follow":"follow","max-snippet":"max-snippet:-1","max-image-preview":"max-image-preview:large","max-video-preview":"max-video-preview:-1"},"canonical":"https:\/\/www.gentlemenscoffeeclub.ch\/de\/produkt\/capsules-borbone-deka\/","og_locale":"de_DE","og_type":"article","og_title":"Capsules Borbone DEKA - Gentlemen's Coffee Club Riviera","og_description":"Caf\u00e9 Borbone en capsules, compatibles Nespresso\u00ae* Deka N\u00e9 pour vous surprendre! Grace \u00e0 la technologie de Caff\u00e8 Borbone, ce m\u00e9lange garde la cr\u00e8me, corps, go\u00fbt et toute la douceur du parfait espresso, mais\u2026 d\u00e9caf\u00e9in\u00e9.  Caff\u00e8 Borbone m\u00e9lange vert est le m\u00e9lange parfait pour ce qui veulent un espresso d\u00e9caf\u00e9in\u00e9 l\u00e9ger pour le palais, sans renoncer au go\u00fbt et \u00e0 la force typiques du vrai bon caf\u00e8. Grace \u00e0 la technologie de Caff\u00e8 Borbone ce m\u00e9lange garde toutes les traits d\u2019un excellent caf\u00e8 napolitain avec cremosit\u00e9, force et pl\u00e9nitude dans la tasse.","og_url":"https:\/\/www.gentlemenscoffeeclub.ch\/de\/produkt\/capsules-borbone-deka\/","og_site_name":"Gentlemen's Coffee Club Riviera","article_publisher":"https:\/\/www.facebook.com\/Gentlemens-Coffee-Club-104579991113160","article_modified_time":"2021-03-19T13:41:52+00:00","og_image":[{"width":500,"height":500,"url":"https:\/\/www.gentlemenscoffeeclub.ch\/wp-content\/uploads\/2021\/03\/Borbone-deka.png","type":"image\/png"}],"twitter_card":"summary_large_image","twitter_misc":{"Gesch\u00e4tzte Lesezeit":"1\u00a0Minute"},"schema":{"@context":"https:\/\/schema.org","@graph":[{"@type":"WebPage","@id":"https:\/\/www.gentlemenscoffeeclub.ch\/de\/produkt\/capsules-borbone-deka\/","url":"https:\/\/www.gentlemenscoffeeclub.ch\/de\/produkt\/capsules-borbone-deka\/","name":"Capsules Borbone DEKA - Gentlemen's Coffee Club Riviera","isPartOf":{"@id":"https:\/\/www.gentlemenscoffeeclub.ch\/#website"},"primaryImageOfPage":{"@id":"https:\/\/www.gentlemenscoffeeclub.ch\/de\/produkt\/capsules-borbone-deka\/#primaryimage"},"image":{"@id":"https:\/\/www.gentlemenscoffeeclub.ch\/de\/produkt\/capsules-borbone-deka\/#primaryimage"},"thumbnailUrl":"https:\/\/www.gentlemenscoffeeclub.ch\/wp-content\/uploads\/2021\/03\/Borbone-deka.png","datePublished":"2021-03-19T13:40:07+00:00","dateModified":"2021-03-19T13:41:52+00:00","breadcrumb":{"@id":"https:\/\/www.gentlemenscoffeeclub.ch\/de\/produkt\/capsules-borbone-deka\/#breadcrumb"},"inLanguage":"de","potentialAction":[{"@type":"ReadAction","target":["https:\/\/www.gentlemenscoffeeclub.ch\/de\/produkt\/capsules-borbone-deka\/"]}]},{"@type":"ImageObject","inLanguage":"de","@id":"https:\/\/www.gentlemenscoffeeclub.ch\/de\/produkt\/capsules-borbone-deka\/#primaryimage","url":"https:\/\/www.gentlemenscoffeeclub.ch\/wp-content\/uploads\/2021\/03\/Borbone-deka.png","contentUrl":"https:\/\/www.gentlemenscoffeeclub.ch\/wp-content\/uploads\/2021\/03\/Borbone-deka.png","width":500,"height":500},{"@type":"BreadcrumbList","@id":"https:\/\/www.gentlemenscoffeeclub.ch\/de\/produkt\/capsules-borbone-deka\/#breadcrumb","itemListElement":[{"@type":"ListItem","position":1,"name":"Accueil","item":"https:\/\/www.gentlemenscoffeeclub.ch\/"},{"@type":"ListItem","position":2,"name":"Shop","item":"https:\/\/www.gentlemenscoffeeclub.ch\/shop\/"},{"@type":"ListItem","position":3,"name":"Capsules compatibles avec machines Nespresso","item":"https:\/\/www.gentlemenscoffeeclub.ch\/de\/produkt-kategorie\/capsules-compatibles-avec-machines-nespresso\/"},{"@type":"ListItem","position":4,"name":"Capsules Borbone DEKA"}]},{"@type":"WebSite","@id":"https:\/\/www.gentlemenscoffeeclub.ch\/#website","url":"https:\/\/www.gentlemenscoffeeclub.ch\/","name":"Gentlemen's Coffee Club Riviera","description":"Caf&eacute; Premium torr&eacute;fi&eacute; &agrave; Montreux","publisher":{"@id":"https:\/\/www.gentlemenscoffeeclub.ch\/#organization"},"potentialAction":[{"@type":"SearchAction","target":{"@type":"EntryPoint","urlTemplate":"https:\/\/www.gentlemenscoffeeclub.ch\/?s={search_term_string}"},"query-input":{"@type":"PropertyValueSpecification","valueRequired":true,"valueName":"search_term_string"}}],"inLanguage":"de"},{"@type":"Organization","@id":"https:\/\/www.gentlemenscoffeeclub.ch\/#organization","name":"Gentlemens Coffee Club Montreux","url":"https:\/\/www.gentlemenscoffeeclub.ch\/","logo":{"@type":"ImageObject","inLanguage":"de","@id":"https:\/\/www.gentlemenscoffeeclub.ch\/#\/schema\/logo\/image\/","url":"https:\/\/www.gentlemenscoffeeclub.ch\/wp-content\/uploads\/2020\/04\/singe-seul-lunettes-roses77.png","contentUrl":"https:\/\/www.gentlemenscoffeeclub.ch\/wp-content\/uploads\/2020\/04\/singe-seul-lunettes-roses77.png","width":996,"height":1455,"caption":"Gentlemens Coffee Club Montreux"},"image":{"@id":"https:\/\/www.gentlemenscoffeeclub.ch\/#\/schema\/logo\/image\/"},"sameAs":["https:\/\/www.facebook.com\/Gentlemens-Coffee-Club-104579991113160","https:\/\/www.instagram.com\/clubgentlemenscoffee\/","https:\/\/www.linkedin.com\/company\/gentlemen-s-coffee-club"]}]}},"_links":{"self":[{"href":"https:\/\/www.gentlemenscoffeeclub.ch\/de\/wp-json\/wp\/v2\/product\/5825","targetHints":{"allow":["GET"]}}],"collection":[{"href":"https:\/\/www.gentlemenscoffeeclub.ch\/de\/wp-json\/wp\/v2\/product"}],"about":[{"href":"https:\/\/www.gentlemenscoffeeclub.ch\/de\/wp-json\/wp\/v2\/types\/product"}],"replies":[{"embeddable":true,"href":"https:\/\/www.gentlemenscoffeeclub.ch\/de\/wp-json\/wp\/v2\/comments?post=5825"}],"wp:featuredmedia":[{"embeddable":true,"href":"https:\/\/www.gentlemenscoffeeclub.ch\/de\/wp-json\/wp\/v2\/media\/5826"}],"wp:attachment":[{"href":"https:\/\/www.gentlemenscoffeeclub.ch\/de\/wp-json\/wp\/v2\/media?parent=5825"}],"wp:term":[{"taxonomy":"product_brand","embeddable":true,"href":"https:\/\/www.gentlemenscoffeeclub.ch\/de\/wp-json\/wp\/v2\/product_brand?post=5825"},{"taxonomy":"product_cat","embeddable":true,"href":"https:\/\/www.gentlemenscoffeeclub.ch\/de\/wp-json\/wp\/v2\/product_cat?post=5825"},{"taxonomy":"product_tag","embeddable":true,"href":"https:\/\/www.gentlemenscoffeeclub.ch\/de\/wp-json\/wp\/v2\/product_tag?post=5825"}],"curies":[{"name":"wp","href":"https:\/\/api.w.org\/{rel}","templated":true}]}}