{"id":5419,"date":"2020-12-08T17:01:58","date_gmt":"2020-12-08T17:01:58","guid":{"rendered":"https:\/\/www.gentlemenscoffeeclub.ch\/?post_type=product&#038;p=5419"},"modified":"2024-09-18T06:54:21","modified_gmt":"2024-09-18T06:54:21","slug":"coffret-cadeau-teahouse-exclusives-luxury","status":"publish","type":"product","link":"https:\/\/www.gentlemenscoffeeclub.ch\/de\/produkt\/coffret-cadeau-teahouse-exclusives-luxury\/","title":{"rendered":"Coffret cadeau Teahouse Exclusives \u2013 Luxury"},"content":{"rendered":"<p>L&rsquo;id\u00e9e cadeau<br \/>\nCe coffret cadeau se compose d&rsquo;une tasse, d&rsquo;une soucoupe, d&rsquo;un distributeur de sachets de th\u00e9 et d&rsquo;une assiette de sachets de th\u00e9.<\/p>\n<p>On plus, vous recevrez une bo\u00eete de th\u00e9 \u00e0 votre pr\u00e9f\u00e9rence gratuitement avec l&rsquo;ensemble.<\/p>\n<h5>Coffret compos\u00e9 de:<\/h5>\n<h5>1 Tasse \u00e0 th\u00e9 en verre massif<\/h5>\n<h5>1 assiette de sachets de th\u00e9<\/h5>\n<h5>1 distributeur de sachets en m\u00e9tal<\/h5>\n<h5>1 bo\u00eete de th\u00e9 d\u00e9gustation de 15 sachet de th\u00e9<\/h5>\n<h5>1 bo\u00eete de th\u00e9 \u00e0 votre choix<\/h5>","protected":false},"excerpt":{"rendered":"<h3>Coffret cadeau Teahouse Exclusives \u2013 Luxury<\/h3>\n<p><strong>Nous sommes heureux de vous pr\u00e9senter enfin notre gamme exclusive de th\u00e9s.<\/strong><\/p>\n<p>Teahouse Exclusives marque leader sur le march\u00e9 allemand au savoir-faire de plus de 130 ans m\u00eale tradition et innovation afin de vous proposer un th\u00e9 aux ar\u00f4mes subtils et d\u00e9licats. Une marque d\u2019exp\u00e9rience qui offre des compositions uniques aux saveurs d\u00e9licieuses.<\/p>\n<p>Les amateurs de th\u00e9 appr\u00e9cient les sachets\u00a0minutieusement cousus \u00e0 la main. Ceux-ci offrent non seulement au th\u00e9\u00a0beaucoup d&rsquo;espace pour se d\u00e9plier, mais permettent \u00e9galement une vue d\u00e9gag\u00e9e sur les beaux th\u00e9s en feuilles soigneusement s\u00e9lectionn\u00e9s.<br \/>\nId\u00e9al pour les pots de 400 ml ou le mug 310 ml<\/p>","protected":false},"featured_media":5373,"comment_status":"closed","ping_status":"closed","template":"","meta":[],"product_brand":[],"product_cat":[95],"product_tag":[],"class_list":{"0":"post-5419","1":"product","2":"type-product","3":"status-publish","4":"has-post-thumbnail","6":"product_cat-the","8":"first","9":"outofstock","10":"sale","11":"shipping-taxable","12":"purchasable","13":"product-type-simple"},"yoast_head":"<!-- This site is optimized with the Yoast SEO plugin v27.5 - https:\/\/yoast.com\/product\/yoast-seo-wordpress\/ -->\n<title>Coffret cadeau Teahouse Exclusives \u2013 Luxury - Gentlemen&#039;s Coffee Club Riviera<\/title>\n<meta name=\"robots\" content=\"index, follow, max-snippet:-1, max-image-preview:large, max-video-preview:-1\" \/>\n<link rel=\"canonical\" href=\"https:\/\/www.gentlemenscoffeeclub.ch\/de\/produkt\/coffret-cadeau-teahouse-exclusives-luxury\/\" \/>\n<meta property=\"og:locale\" content=\"de_DE\" \/>\n<meta property=\"og:type\" content=\"article\" \/>\n<meta property=\"og:title\" content=\"Coffret cadeau Teahouse Exclusives \u2013 Luxury - Gentlemen&#039;s Coffee Club Riviera\" \/>\n<meta property=\"og:description\" content=\"Coffret cadeau Teahouse Exclusives \u2013 Luxury Nous sommes heureux de vous pr\u00e9senter enfin notre gamme exclusive de th\u00e9s.  Teahouse Exclusives marque leader sur le march\u00e9 allemand au savoir-faire de plus de 130 ans m\u00eale tradition et innovation afin de vous proposer un th\u00e9 aux ar\u00f4mes subtils et d\u00e9licats. Une marque d\u2019exp\u00e9rience qui offre des compositions uniques aux saveurs d\u00e9licieuses.  Les amateurs de th\u00e9 appr\u00e9cient les sachets\u00a0minutieusement cousus \u00e0 la main. Ceux-ci offrent non seulement au th\u00e9\u00a0beaucoup d&#039;espace pour se d\u00e9plier, mais permettent \u00e9galement une vue d\u00e9gag\u00e9e sur les beaux th\u00e9s en feuilles soigneusement s\u00e9lectionn\u00e9s. Id\u00e9al pour les pots de 400 ml ou le mug 310 ml\" \/>\n<meta property=\"og:url\" content=\"https:\/\/www.gentlemenscoffeeclub.ch\/de\/produkt\/coffret-cadeau-teahouse-exclusives-luxury\/\" \/>\n<meta property=\"og:site_name\" content=\"Gentlemen&#039;s Coffee Club Riviera\" \/>\n<meta property=\"article:publisher\" content=\"https:\/\/www.facebook.com\/Gentlemens-Coffee-Club-104579991113160\" \/>\n<meta property=\"article:modified_time\" content=\"2024-09-18T06:54:21+00:00\" \/>\n<meta property=\"og:image\" content=\"https:\/\/www.gentlemenscoffeeclub.ch\/wp-content\/uploads\/2020\/12\/SET.jpg\" \/>\n\t<meta property=\"og:image:width\" content=\"1000\" \/>\n\t<meta property=\"og:image:height\" content=\"667\" \/>\n\t<meta property=\"og:image:type\" content=\"image\/jpeg\" \/>\n<meta name=\"twitter:card\" content=\"summary_large_image\" \/>\n<script type=\"application\/ld+json\" class=\"yoast-schema-graph\">{\"@context\":\"https:\\\/\\\/schema.org\",\"@graph\":[{\"@type\":\"WebPage\",\"@id\":\"https:\\\/\\\/www.gentlemenscoffeeclub.ch\\\/produit\\\/coffret-cadeau-teahouse-exclusives-luxury\\\/\",\"url\":\"https:\\\/\\\/www.gentlemenscoffeeclub.ch\\\/produit\\\/coffret-cadeau-teahouse-exclusives-luxury\\\/\",\"name\":\"Coffret cadeau Teahouse Exclusives \u2013 Luxury - Gentlemen's Coffee Club Riviera\",\"isPartOf\":{\"@id\":\"https:\\\/\\\/www.gentlemenscoffeeclub.ch\\\/#website\"},\"primaryImageOfPage\":{\"@id\":\"https:\\\/\\\/www.gentlemenscoffeeclub.ch\\\/produit\\\/coffret-cadeau-teahouse-exclusives-luxury\\\/#primaryimage\"},\"image\":{\"@id\":\"https:\\\/\\\/www.gentlemenscoffeeclub.ch\\\/produit\\\/coffret-cadeau-teahouse-exclusives-luxury\\\/#primaryimage\"},\"thumbnailUrl\":\"https:\\\/\\\/www.gentlemenscoffeeclub.ch\\\/wp-content\\\/uploads\\\/2020\\\/12\\\/SET.jpg\",\"datePublished\":\"2020-12-08T17:01:58+00:00\",\"dateModified\":\"2024-09-18T06:54:21+00:00\",\"breadcrumb\":{\"@id\":\"https:\\\/\\\/www.gentlemenscoffeeclub.ch\\\/produit\\\/coffret-cadeau-teahouse-exclusives-luxury\\\/#breadcrumb\"},\"inLanguage\":\"de\",\"potentialAction\":[{\"@type\":\"ReadAction\",\"target\":[\"https:\\\/\\\/www.gentlemenscoffeeclub.ch\\\/produit\\\/coffret-cadeau-teahouse-exclusives-luxury\\\/\"]}]},{\"@type\":\"ImageObject\",\"inLanguage\":\"de\",\"@id\":\"https:\\\/\\\/www.gentlemenscoffeeclub.ch\\\/produit\\\/coffret-cadeau-teahouse-exclusives-luxury\\\/#primaryimage\",\"url\":\"https:\\\/\\\/www.gentlemenscoffeeclub.ch\\\/wp-content\\\/uploads\\\/2020\\\/12\\\/SET.jpg\",\"contentUrl\":\"https:\\\/\\\/www.gentlemenscoffeeclub.ch\\\/wp-content\\\/uploads\\\/2020\\\/12\\\/SET.jpg\",\"width\":1000,\"height\":667},{\"@type\":\"BreadcrumbList\",\"@id\":\"https:\\\/\\\/www.gentlemenscoffeeclub.ch\\\/produit\\\/coffret-cadeau-teahouse-exclusives-luxury\\\/#breadcrumb\",\"itemListElement\":[{\"@type\":\"ListItem\",\"position\":1,\"name\":\"Accueil\",\"item\":\"https:\\\/\\\/www.gentlemenscoffeeclub.ch\\\/\"},{\"@type\":\"ListItem\",\"position\":2,\"name\":\"Shop\",\"item\":\"https:\\\/\\\/www.gentlemenscoffeeclub.ch\\\/shop\\\/\"},{\"@type\":\"ListItem\",\"position\":3,\"name\":\"Th\u00e9\",\"item\":\"https:\\\/\\\/www.gentlemenscoffeeclub.ch\\\/de\\\/produkt-kategorie\\\/the\\\/\"},{\"@type\":\"ListItem\",\"position\":4,\"name\":\"Coffret cadeau Teahouse Exclusives \u2013 Luxury\"}]},{\"@type\":\"WebSite\",\"@id\":\"https:\\\/\\\/www.gentlemenscoffeeclub.ch\\\/#website\",\"url\":\"https:\\\/\\\/www.gentlemenscoffeeclub.ch\\\/\",\"name\":\"Gentlemen's Coffee Club Riviera\",\"description\":\"Caf&eacute; Premium torr&eacute;fi&eacute; &agrave; Montreux\",\"publisher\":{\"@id\":\"https:\\\/\\\/www.gentlemenscoffeeclub.ch\\\/#organization\"},\"potentialAction\":[{\"@type\":\"SearchAction\",\"target\":{\"@type\":\"EntryPoint\",\"urlTemplate\":\"https:\\\/\\\/www.gentlemenscoffeeclub.ch\\\/?s={search_term_string}\"},\"query-input\":{\"@type\":\"PropertyValueSpecification\",\"valueRequired\":true,\"valueName\":\"search_term_string\"}}],\"inLanguage\":\"de\"},{\"@type\":\"Organization\",\"@id\":\"https:\\\/\\\/www.gentlemenscoffeeclub.ch\\\/#organization\",\"name\":\"Gentlemens Coffee Club Montreux\",\"url\":\"https:\\\/\\\/www.gentlemenscoffeeclub.ch\\\/\",\"logo\":{\"@type\":\"ImageObject\",\"inLanguage\":\"de\",\"@id\":\"https:\\\/\\\/www.gentlemenscoffeeclub.ch\\\/#\\\/schema\\\/logo\\\/image\\\/\",\"url\":\"https:\\\/\\\/www.gentlemenscoffeeclub.ch\\\/wp-content\\\/uploads\\\/2020\\\/04\\\/singe-seul-lunettes-roses77.png\",\"contentUrl\":\"https:\\\/\\\/www.gentlemenscoffeeclub.ch\\\/wp-content\\\/uploads\\\/2020\\\/04\\\/singe-seul-lunettes-roses77.png\",\"width\":996,\"height\":1455,\"caption\":\"Gentlemens Coffee Club Montreux\"},\"image\":{\"@id\":\"https:\\\/\\\/www.gentlemenscoffeeclub.ch\\\/#\\\/schema\\\/logo\\\/image\\\/\"},\"sameAs\":[\"https:\\\/\\\/www.facebook.com\\\/Gentlemens-Coffee-Club-104579991113160\",\"https:\\\/\\\/www.instagram.com\\\/clubgentlemenscoffee\\\/\",\"https:\\\/\\\/www.linkedin.com\\\/company\\\/gentlemen-s-coffee-club\"]}]}<\/script>\n<!-- \/ Yoast SEO plugin. -->","yoast_head_json":{"title":"Coffret cadeau Teahouse Exclusives \u2013 Luxury - Gentlemen's Coffee Club Riviera","robots":{"index":"index","follow":"follow","max-snippet":"max-snippet:-1","max-image-preview":"max-image-preview:large","max-video-preview":"max-video-preview:-1"},"canonical":"https:\/\/www.gentlemenscoffeeclub.ch\/de\/produkt\/coffret-cadeau-teahouse-exclusives-luxury\/","og_locale":"de_DE","og_type":"article","og_title":"Coffret cadeau Teahouse Exclusives \u2013 Luxury - Gentlemen's Coffee Club Riviera","og_description":"Coffret cadeau Teahouse Exclusives \u2013 Luxury Nous sommes heureux de vous pr\u00e9senter enfin notre gamme exclusive de th\u00e9s.  Teahouse Exclusives marque leader sur le march\u00e9 allemand au savoir-faire de plus de 130 ans m\u00eale tradition et innovation afin de vous proposer un th\u00e9 aux ar\u00f4mes subtils et d\u00e9licats. Une marque d\u2019exp\u00e9rience qui offre des compositions uniques aux saveurs d\u00e9licieuses.  Les amateurs de th\u00e9 appr\u00e9cient les sachets\u00a0minutieusement cousus \u00e0 la main. Ceux-ci offrent non seulement au th\u00e9\u00a0beaucoup d'espace pour se d\u00e9plier, mais permettent \u00e9galement une vue d\u00e9gag\u00e9e sur les beaux th\u00e9s en feuilles soigneusement s\u00e9lectionn\u00e9s. Id\u00e9al pour les pots de 400 ml ou le mug 310 ml","og_url":"https:\/\/www.gentlemenscoffeeclub.ch\/de\/produkt\/coffret-cadeau-teahouse-exclusives-luxury\/","og_site_name":"Gentlemen's Coffee Club Riviera","article_publisher":"https:\/\/www.facebook.com\/Gentlemens-Coffee-Club-104579991113160","article_modified_time":"2024-09-18T06:54:21+00:00","og_image":[{"width":1000,"height":667,"url":"https:\/\/www.gentlemenscoffeeclub.ch\/wp-content\/uploads\/2020\/12\/SET.jpg","type":"image\/jpeg"}],"twitter_card":"summary_large_image","schema":{"@context":"https:\/\/schema.org","@graph":[{"@type":"WebPage","@id":"https:\/\/www.gentlemenscoffeeclub.ch\/produit\/coffret-cadeau-teahouse-exclusives-luxury\/","url":"https:\/\/www.gentlemenscoffeeclub.ch\/produit\/coffret-cadeau-teahouse-exclusives-luxury\/","name":"Coffret cadeau Teahouse Exclusives \u2013 Luxury - Gentlemen's Coffee Club Riviera","isPartOf":{"@id":"https:\/\/www.gentlemenscoffeeclub.ch\/#website"},"primaryImageOfPage":{"@id":"https:\/\/www.gentlemenscoffeeclub.ch\/produit\/coffret-cadeau-teahouse-exclusives-luxury\/#primaryimage"},"image":{"@id":"https:\/\/www.gentlemenscoffeeclub.ch\/produit\/coffret-cadeau-teahouse-exclusives-luxury\/#primaryimage"},"thumbnailUrl":"https:\/\/www.gentlemenscoffeeclub.ch\/wp-content\/uploads\/2020\/12\/SET.jpg","datePublished":"2020-12-08T17:01:58+00:00","dateModified":"2024-09-18T06:54:21+00:00","breadcrumb":{"@id":"https:\/\/www.gentlemenscoffeeclub.ch\/produit\/coffret-cadeau-teahouse-exclusives-luxury\/#breadcrumb"},"inLanguage":"de","potentialAction":[{"@type":"ReadAction","target":["https:\/\/www.gentlemenscoffeeclub.ch\/produit\/coffret-cadeau-teahouse-exclusives-luxury\/"]}]},{"@type":"ImageObject","inLanguage":"de","@id":"https:\/\/www.gentlemenscoffeeclub.ch\/produit\/coffret-cadeau-teahouse-exclusives-luxury\/#primaryimage","url":"https:\/\/www.gentlemenscoffeeclub.ch\/wp-content\/uploads\/2020\/12\/SET.jpg","contentUrl":"https:\/\/www.gentlemenscoffeeclub.ch\/wp-content\/uploads\/2020\/12\/SET.jpg","width":1000,"height":667},{"@type":"BreadcrumbList","@id":"https:\/\/www.gentlemenscoffeeclub.ch\/produit\/coffret-cadeau-teahouse-exclusives-luxury\/#breadcrumb","itemListElement":[{"@type":"ListItem","position":1,"name":"Accueil","item":"https:\/\/www.gentlemenscoffeeclub.ch\/"},{"@type":"ListItem","position":2,"name":"Shop","item":"https:\/\/www.gentlemenscoffeeclub.ch\/shop\/"},{"@type":"ListItem","position":3,"name":"Th\u00e9","item":"https:\/\/www.gentlemenscoffeeclub.ch\/de\/produkt-kategorie\/the\/"},{"@type":"ListItem","position":4,"name":"Coffret cadeau Teahouse Exclusives \u2013 Luxury"}]},{"@type":"WebSite","@id":"https:\/\/www.gentlemenscoffeeclub.ch\/#website","url":"https:\/\/www.gentlemenscoffeeclub.ch\/","name":"Gentlemen's Coffee Club Riviera","description":"Caf&eacute; Premium torr&eacute;fi&eacute; &agrave; Montreux","publisher":{"@id":"https:\/\/www.gentlemenscoffeeclub.ch\/#organization"},"potentialAction":[{"@type":"SearchAction","target":{"@type":"EntryPoint","urlTemplate":"https:\/\/www.gentlemenscoffeeclub.ch\/?s={search_term_string}"},"query-input":{"@type":"PropertyValueSpecification","valueRequired":true,"valueName":"search_term_string"}}],"inLanguage":"de"},{"@type":"Organization","@id":"https:\/\/www.gentlemenscoffeeclub.ch\/#organization","name":"Gentlemens Coffee Club Montreux","url":"https:\/\/www.gentlemenscoffeeclub.ch\/","logo":{"@type":"ImageObject","inLanguage":"de","@id":"https:\/\/www.gentlemenscoffeeclub.ch\/#\/schema\/logo\/image\/","url":"https:\/\/www.gentlemenscoffeeclub.ch\/wp-content\/uploads\/2020\/04\/singe-seul-lunettes-roses77.png","contentUrl":"https:\/\/www.gentlemenscoffeeclub.ch\/wp-content\/uploads\/2020\/04\/singe-seul-lunettes-roses77.png","width":996,"height":1455,"caption":"Gentlemens Coffee Club Montreux"},"image":{"@id":"https:\/\/www.gentlemenscoffeeclub.ch\/#\/schema\/logo\/image\/"},"sameAs":["https:\/\/www.facebook.com\/Gentlemens-Coffee-Club-104579991113160","https:\/\/www.instagram.com\/clubgentlemenscoffee\/","https:\/\/www.linkedin.com\/company\/gentlemen-s-coffee-club"]}]}},"_links":{"self":[{"href":"https:\/\/www.gentlemenscoffeeclub.ch\/de\/wp-json\/wp\/v2\/product\/5419","targetHints":{"allow":["GET"]}}],"collection":[{"href":"https:\/\/www.gentlemenscoffeeclub.ch\/de\/wp-json\/wp\/v2\/product"}],"about":[{"href":"https:\/\/www.gentlemenscoffeeclub.ch\/de\/wp-json\/wp\/v2\/types\/product"}],"replies":[{"embeddable":true,"href":"https:\/\/www.gentlemenscoffeeclub.ch\/de\/wp-json\/wp\/v2\/comments?post=5419"}],"wp:featuredmedia":[{"embeddable":true,"href":"https:\/\/www.gentlemenscoffeeclub.ch\/de\/wp-json\/wp\/v2\/media\/5373"}],"wp:attachment":[{"href":"https:\/\/www.gentlemenscoffeeclub.ch\/de\/wp-json\/wp\/v2\/media?parent=5419"}],"wp:term":[{"taxonomy":"product_brand","embeddable":true,"href":"https:\/\/www.gentlemenscoffeeclub.ch\/de\/wp-json\/wp\/v2\/product_brand?post=5419"},{"taxonomy":"product_cat","embeddable":true,"href":"https:\/\/www.gentlemenscoffeeclub.ch\/de\/wp-json\/wp\/v2\/product_cat?post=5419"},{"taxonomy":"product_tag","embeddable":true,"href":"https:\/\/www.gentlemenscoffeeclub.ch\/de\/wp-json\/wp\/v2\/product_tag?post=5419"}],"curies":[{"name":"wp","href":"https:\/\/api.w.org\/{rel}","templated":true}]}}