{"id":5391,"date":"2020-12-08T11:04:38","date_gmt":"2020-12-08T11:04:38","guid":{"rendered":"https:\/\/www.gentlemenscoffeeclub.ch\/?post_type=product&#038;p=5391"},"modified":"2023-12-18T08:23:58","modified_gmt":"2023-12-18T08:23:58","slug":"teahouse-exclusives-luxury-spiced-chai","status":"publish","type":"product","link":"https:\/\/www.gentlemenscoffeeclub.ch\/de\/produkt\/teahouse-exclusives-luxury-spiced-chai\/","title":{"rendered":"Teahouse Exclusives \u2013 Luxury Spiced Chai"},"content":{"rendered":"<p>Chai \u00e9pic\u00e9<\/p>\n<p>M\u00e9lange traditionnel et aromatique de chai avec des \u00e9pices orientales s\u00e9lectionn\u00e9es et une touche de piment fougueux.<\/p>\n<p>M\u00e9lange de th\u00e9 \u00e9pic\u00e9 au th\u00e9 noir<\/p>\n<p>Ingr\u00e9dients: th\u00e9 noir, \u00e9corce de cannelle, gingembre, graines de cardamome, gousses de cardamome, piment, clou de girofle, vanille, ar\u00f4mes<\/p>\n<p>15 sachets th\u00e9i\u00e8re \/ th\u00e9 de 3,5 g dans le coffret saveur TE. Le sachet de th\u00e9 de luxe convient aux tasses et aux pichets jusqu&rsquo;\u00e0 400 ml.<\/p>","protected":false},"excerpt":{"rendered":"<h4>M\u00e9lange traditionnel et aromatique de chai avec des \u00e9pices orientales s\u00e9lectionn\u00e9es et une touche de piment fougueux.<\/h4>\n<p><strong>Nous sommes heureux de vous pr\u00e9senter enfin notre gamme exclusive de th\u00e9s.<\/strong><\/p>\n<p>Teahouse Exclusives marque leader sur le march\u00e9 allemand au savoir-faire de plus de 130 ans m\u00eale tradition et innovation afin de vous proposer un th\u00e9 aux ar\u00f4mes subtils et d\u00e9licats. Une marque d\u2019exp\u00e9rience qui offre des compositions uniques aux saveurs d\u00e9licieuses.<\/p>\n<p>Les amateurs de th\u00e9 appr\u00e9cient les sachets\u00a0minutieusement cousus \u00e0 la main. Ceux-ci offrent non seulement au th\u00e9\u00a0beaucoup d&rsquo;espace pour se d\u00e9plier, mais permettent \u00e9galement une vue d\u00e9gag\u00e9e sur les beaux th\u00e9s en feuilles soigneusement s\u00e9lectionn\u00e9s.<br \/>\nId\u00e9al pour les pots de 400 ml ou le mug 310 ml<\/p>","protected":false},"featured_media":5369,"comment_status":"closed","ping_status":"closed","template":"","meta":[],"product_brand":[],"product_cat":[95],"product_tag":[],"class_list":{"0":"post-5391","1":"product","2":"type-product","3":"status-publish","4":"has-post-thumbnail","6":"product_cat-the","8":"first","9":"instock","10":"shipping-taxable","11":"purchasable","12":"product-type-simple"},"yoast_head":"<!-- This site is optimized with the Yoast SEO plugin v27.5 - https:\/\/yoast.com\/product\/yoast-seo-wordpress\/ -->\n<title>Teahouse Exclusives \u2013 Luxury Spiced Chai - Gentlemen&#039;s Coffee Club Riviera<\/title>\n<meta name=\"robots\" content=\"index, follow, max-snippet:-1, max-image-preview:large, max-video-preview:-1\" \/>\n<link rel=\"canonical\" href=\"https:\/\/www.gentlemenscoffeeclub.ch\/de\/produkt\/teahouse-exclusives-luxury-spiced-chai\/\" \/>\n<meta property=\"og:locale\" content=\"de_DE\" \/>\n<meta property=\"og:type\" content=\"article\" \/>\n<meta property=\"og:title\" content=\"Teahouse Exclusives \u2013 Luxury Spiced Chai - Gentlemen&#039;s Coffee Club Riviera\" \/>\n<meta property=\"og:description\" content=\"M\u00e9lange traditionnel et aromatique de chai avec des \u00e9pices orientales s\u00e9lectionn\u00e9es et une touche de piment fougueux. Nous sommes heureux de vous pr\u00e9senter enfin notre gamme exclusive de th\u00e9s.  Teahouse Exclusives marque leader sur le march\u00e9 allemand au savoir-faire de plus de 130 ans m\u00eale tradition et innovation afin de vous proposer un th\u00e9 aux ar\u00f4mes subtils et d\u00e9licats. Une marque d\u2019exp\u00e9rience qui offre des compositions uniques aux saveurs d\u00e9licieuses.  Les amateurs de th\u00e9 appr\u00e9cient les sachets\u00a0minutieusement cousus \u00e0 la main. Ceux-ci offrent non seulement au th\u00e9\u00a0beaucoup d&#039;espace pour se d\u00e9plier, mais permettent \u00e9galement une vue d\u00e9gag\u00e9e sur les beaux th\u00e9s en feuilles soigneusement s\u00e9lectionn\u00e9s. Id\u00e9al pour les pots de 400 ml ou le mug 310 ml\" \/>\n<meta property=\"og:url\" content=\"https:\/\/www.gentlemenscoffeeclub.ch\/de\/produkt\/teahouse-exclusives-luxury-spiced-chai\/\" \/>\n<meta property=\"og:site_name\" content=\"Gentlemen&#039;s Coffee Club Riviera\" \/>\n<meta property=\"article:publisher\" content=\"https:\/\/www.facebook.com\/Gentlemens-Coffee-Club-104579991113160\" \/>\n<meta property=\"article:modified_time\" content=\"2023-12-18T08:23:58+00:00\" \/>\n<meta property=\"og:image\" content=\"https:\/\/www.gentlemenscoffeeclub.ch\/wp-content\/uploads\/2020\/12\/SC.jpg\" \/>\n\t<meta property=\"og:image:width\" content=\"1181\" \/>\n\t<meta property=\"og:image:height\" content=\"1181\" \/>\n\t<meta property=\"og:image:type\" content=\"image\/jpeg\" \/>\n<meta name=\"twitter:card\" content=\"summary_large_image\" \/>\n<script type=\"application\/ld+json\" class=\"yoast-schema-graph\">{\"@context\":\"https:\\\/\\\/schema.org\",\"@graph\":[{\"@type\":\"WebPage\",\"@id\":\"https:\\\/\\\/www.gentlemenscoffeeclub.ch\\\/produit\\\/teahouse-exclusives-luxury-spiced-chai\\\/\",\"url\":\"https:\\\/\\\/www.gentlemenscoffeeclub.ch\\\/produit\\\/teahouse-exclusives-luxury-spiced-chai\\\/\",\"name\":\"Teahouse Exclusives \u2013 Luxury Spiced Chai - Gentlemen's Coffee Club Riviera\",\"isPartOf\":{\"@id\":\"https:\\\/\\\/www.gentlemenscoffeeclub.ch\\\/#website\"},\"primaryImageOfPage\":{\"@id\":\"https:\\\/\\\/www.gentlemenscoffeeclub.ch\\\/produit\\\/teahouse-exclusives-luxury-spiced-chai\\\/#primaryimage\"},\"image\":{\"@id\":\"https:\\\/\\\/www.gentlemenscoffeeclub.ch\\\/produit\\\/teahouse-exclusives-luxury-spiced-chai\\\/#primaryimage\"},\"thumbnailUrl\":\"https:\\\/\\\/www.gentlemenscoffeeclub.ch\\\/wp-content\\\/uploads\\\/2020\\\/12\\\/SC.jpg\",\"datePublished\":\"2020-12-08T11:04:38+00:00\",\"dateModified\":\"2023-12-18T08:23:58+00:00\",\"breadcrumb\":{\"@id\":\"https:\\\/\\\/www.gentlemenscoffeeclub.ch\\\/produit\\\/teahouse-exclusives-luxury-spiced-chai\\\/#breadcrumb\"},\"inLanguage\":\"de\",\"potentialAction\":[{\"@type\":\"ReadAction\",\"target\":[\"https:\\\/\\\/www.gentlemenscoffeeclub.ch\\\/produit\\\/teahouse-exclusives-luxury-spiced-chai\\\/\"]}]},{\"@type\":\"ImageObject\",\"inLanguage\":\"de\",\"@id\":\"https:\\\/\\\/www.gentlemenscoffeeclub.ch\\\/produit\\\/teahouse-exclusives-luxury-spiced-chai\\\/#primaryimage\",\"url\":\"https:\\\/\\\/www.gentlemenscoffeeclub.ch\\\/wp-content\\\/uploads\\\/2020\\\/12\\\/SC.jpg\",\"contentUrl\":\"https:\\\/\\\/www.gentlemenscoffeeclub.ch\\\/wp-content\\\/uploads\\\/2020\\\/12\\\/SC.jpg\",\"width\":1181,\"height\":1181},{\"@type\":\"BreadcrumbList\",\"@id\":\"https:\\\/\\\/www.gentlemenscoffeeclub.ch\\\/produit\\\/teahouse-exclusives-luxury-spiced-chai\\\/#breadcrumb\",\"itemListElement\":[{\"@type\":\"ListItem\",\"position\":1,\"name\":\"Accueil\",\"item\":\"https:\\\/\\\/www.gentlemenscoffeeclub.ch\\\/\"},{\"@type\":\"ListItem\",\"position\":2,\"name\":\"Shop\",\"item\":\"https:\\\/\\\/www.gentlemenscoffeeclub.ch\\\/shop\\\/\"},{\"@type\":\"ListItem\",\"position\":3,\"name\":\"Th\u00e9\",\"item\":\"https:\\\/\\\/www.gentlemenscoffeeclub.ch\\\/de\\\/produkt-kategorie\\\/the\\\/\"},{\"@type\":\"ListItem\",\"position\":4,\"name\":\"Teahouse Exclusives \u2013 Luxury Spiced Chai\"}]},{\"@type\":\"WebSite\",\"@id\":\"https:\\\/\\\/www.gentlemenscoffeeclub.ch\\\/#website\",\"url\":\"https:\\\/\\\/www.gentlemenscoffeeclub.ch\\\/\",\"name\":\"Gentlemen's Coffee Club Riviera\",\"description\":\"Caf&eacute; Premium torr&eacute;fi&eacute; &agrave; Montreux\",\"publisher\":{\"@id\":\"https:\\\/\\\/www.gentlemenscoffeeclub.ch\\\/#organization\"},\"potentialAction\":[{\"@type\":\"SearchAction\",\"target\":{\"@type\":\"EntryPoint\",\"urlTemplate\":\"https:\\\/\\\/www.gentlemenscoffeeclub.ch\\\/?s={search_term_string}\"},\"query-input\":{\"@type\":\"PropertyValueSpecification\",\"valueRequired\":true,\"valueName\":\"search_term_string\"}}],\"inLanguage\":\"de\"},{\"@type\":\"Organization\",\"@id\":\"https:\\\/\\\/www.gentlemenscoffeeclub.ch\\\/#organization\",\"name\":\"Gentlemens Coffee Club Montreux\",\"url\":\"https:\\\/\\\/www.gentlemenscoffeeclub.ch\\\/\",\"logo\":{\"@type\":\"ImageObject\",\"inLanguage\":\"de\",\"@id\":\"https:\\\/\\\/www.gentlemenscoffeeclub.ch\\\/#\\\/schema\\\/logo\\\/image\\\/\",\"url\":\"https:\\\/\\\/www.gentlemenscoffeeclub.ch\\\/wp-content\\\/uploads\\\/2020\\\/04\\\/singe-seul-lunettes-roses77.png\",\"contentUrl\":\"https:\\\/\\\/www.gentlemenscoffeeclub.ch\\\/wp-content\\\/uploads\\\/2020\\\/04\\\/singe-seul-lunettes-roses77.png\",\"width\":996,\"height\":1455,\"caption\":\"Gentlemens Coffee Club Montreux\"},\"image\":{\"@id\":\"https:\\\/\\\/www.gentlemenscoffeeclub.ch\\\/#\\\/schema\\\/logo\\\/image\\\/\"},\"sameAs\":[\"https:\\\/\\\/www.facebook.com\\\/Gentlemens-Coffee-Club-104579991113160\",\"https:\\\/\\\/www.instagram.com\\\/clubgentlemenscoffee\\\/\",\"https:\\\/\\\/www.linkedin.com\\\/company\\\/gentlemen-s-coffee-club\"]}]}<\/script>\n<!-- \/ Yoast SEO plugin. -->","yoast_head_json":{"title":"Teahouse Exclusives \u2013 Luxury Spiced Chai - Gentlemen's Coffee Club Riviera","robots":{"index":"index","follow":"follow","max-snippet":"max-snippet:-1","max-image-preview":"max-image-preview:large","max-video-preview":"max-video-preview:-1"},"canonical":"https:\/\/www.gentlemenscoffeeclub.ch\/de\/produkt\/teahouse-exclusives-luxury-spiced-chai\/","og_locale":"de_DE","og_type":"article","og_title":"Teahouse Exclusives \u2013 Luxury Spiced Chai - Gentlemen's Coffee Club Riviera","og_description":"M\u00e9lange traditionnel et aromatique de chai avec des \u00e9pices orientales s\u00e9lectionn\u00e9es et une touche de piment fougueux. Nous sommes heureux de vous pr\u00e9senter enfin notre gamme exclusive de th\u00e9s.  Teahouse Exclusives marque leader sur le march\u00e9 allemand au savoir-faire de plus de 130 ans m\u00eale tradition et innovation afin de vous proposer un th\u00e9 aux ar\u00f4mes subtils et d\u00e9licats. Une marque d\u2019exp\u00e9rience qui offre des compositions uniques aux saveurs d\u00e9licieuses.  Les amateurs de th\u00e9 appr\u00e9cient les sachets\u00a0minutieusement cousus \u00e0 la main. Ceux-ci offrent non seulement au th\u00e9\u00a0beaucoup d'espace pour se d\u00e9plier, mais permettent \u00e9galement une vue d\u00e9gag\u00e9e sur les beaux th\u00e9s en feuilles soigneusement s\u00e9lectionn\u00e9s. Id\u00e9al pour les pots de 400 ml ou le mug 310 ml","og_url":"https:\/\/www.gentlemenscoffeeclub.ch\/de\/produkt\/teahouse-exclusives-luxury-spiced-chai\/","og_site_name":"Gentlemen's Coffee Club Riviera","article_publisher":"https:\/\/www.facebook.com\/Gentlemens-Coffee-Club-104579991113160","article_modified_time":"2023-12-18T08:23:58+00:00","og_image":[{"width":1181,"height":1181,"url":"https:\/\/www.gentlemenscoffeeclub.ch\/wp-content\/uploads\/2020\/12\/SC.jpg","type":"image\/jpeg"}],"twitter_card":"summary_large_image","schema":{"@context":"https:\/\/schema.org","@graph":[{"@type":"WebPage","@id":"https:\/\/www.gentlemenscoffeeclub.ch\/produit\/teahouse-exclusives-luxury-spiced-chai\/","url":"https:\/\/www.gentlemenscoffeeclub.ch\/produit\/teahouse-exclusives-luxury-spiced-chai\/","name":"Teahouse Exclusives \u2013 Luxury Spiced Chai - Gentlemen's Coffee Club Riviera","isPartOf":{"@id":"https:\/\/www.gentlemenscoffeeclub.ch\/#website"},"primaryImageOfPage":{"@id":"https:\/\/www.gentlemenscoffeeclub.ch\/produit\/teahouse-exclusives-luxury-spiced-chai\/#primaryimage"},"image":{"@id":"https:\/\/www.gentlemenscoffeeclub.ch\/produit\/teahouse-exclusives-luxury-spiced-chai\/#primaryimage"},"thumbnailUrl":"https:\/\/www.gentlemenscoffeeclub.ch\/wp-content\/uploads\/2020\/12\/SC.jpg","datePublished":"2020-12-08T11:04:38+00:00","dateModified":"2023-12-18T08:23:58+00:00","breadcrumb":{"@id":"https:\/\/www.gentlemenscoffeeclub.ch\/produit\/teahouse-exclusives-luxury-spiced-chai\/#breadcrumb"},"inLanguage":"de","potentialAction":[{"@type":"ReadAction","target":["https:\/\/www.gentlemenscoffeeclub.ch\/produit\/teahouse-exclusives-luxury-spiced-chai\/"]}]},{"@type":"ImageObject","inLanguage":"de","@id":"https:\/\/www.gentlemenscoffeeclub.ch\/produit\/teahouse-exclusives-luxury-spiced-chai\/#primaryimage","url":"https:\/\/www.gentlemenscoffeeclub.ch\/wp-content\/uploads\/2020\/12\/SC.jpg","contentUrl":"https:\/\/www.gentlemenscoffeeclub.ch\/wp-content\/uploads\/2020\/12\/SC.jpg","width":1181,"height":1181},{"@type":"BreadcrumbList","@id":"https:\/\/www.gentlemenscoffeeclub.ch\/produit\/teahouse-exclusives-luxury-spiced-chai\/#breadcrumb","itemListElement":[{"@type":"ListItem","position":1,"name":"Accueil","item":"https:\/\/www.gentlemenscoffeeclub.ch\/"},{"@type":"ListItem","position":2,"name":"Shop","item":"https:\/\/www.gentlemenscoffeeclub.ch\/shop\/"},{"@type":"ListItem","position":3,"name":"Th\u00e9","item":"https:\/\/www.gentlemenscoffeeclub.ch\/de\/produkt-kategorie\/the\/"},{"@type":"ListItem","position":4,"name":"Teahouse Exclusives \u2013 Luxury Spiced Chai"}]},{"@type":"WebSite","@id":"https:\/\/www.gentlemenscoffeeclub.ch\/#website","url":"https:\/\/www.gentlemenscoffeeclub.ch\/","name":"Gentlemen's Coffee Club Riviera","description":"Caf&eacute; Premium torr&eacute;fi&eacute; &agrave; Montreux","publisher":{"@id":"https:\/\/www.gentlemenscoffeeclub.ch\/#organization"},"potentialAction":[{"@type":"SearchAction","target":{"@type":"EntryPoint","urlTemplate":"https:\/\/www.gentlemenscoffeeclub.ch\/?s={search_term_string}"},"query-input":{"@type":"PropertyValueSpecification","valueRequired":true,"valueName":"search_term_string"}}],"inLanguage":"de"},{"@type":"Organization","@id":"https:\/\/www.gentlemenscoffeeclub.ch\/#organization","name":"Gentlemens Coffee Club Montreux","url":"https:\/\/www.gentlemenscoffeeclub.ch\/","logo":{"@type":"ImageObject","inLanguage":"de","@id":"https:\/\/www.gentlemenscoffeeclub.ch\/#\/schema\/logo\/image\/","url":"https:\/\/www.gentlemenscoffeeclub.ch\/wp-content\/uploads\/2020\/04\/singe-seul-lunettes-roses77.png","contentUrl":"https:\/\/www.gentlemenscoffeeclub.ch\/wp-content\/uploads\/2020\/04\/singe-seul-lunettes-roses77.png","width":996,"height":1455,"caption":"Gentlemens Coffee Club Montreux"},"image":{"@id":"https:\/\/www.gentlemenscoffeeclub.ch\/#\/schema\/logo\/image\/"},"sameAs":["https:\/\/www.facebook.com\/Gentlemens-Coffee-Club-104579991113160","https:\/\/www.instagram.com\/clubgentlemenscoffee\/","https:\/\/www.linkedin.com\/company\/gentlemen-s-coffee-club"]}]}},"_links":{"self":[{"href":"https:\/\/www.gentlemenscoffeeclub.ch\/de\/wp-json\/wp\/v2\/product\/5391","targetHints":{"allow":["GET"]}}],"collection":[{"href":"https:\/\/www.gentlemenscoffeeclub.ch\/de\/wp-json\/wp\/v2\/product"}],"about":[{"href":"https:\/\/www.gentlemenscoffeeclub.ch\/de\/wp-json\/wp\/v2\/types\/product"}],"replies":[{"embeddable":true,"href":"https:\/\/www.gentlemenscoffeeclub.ch\/de\/wp-json\/wp\/v2\/comments?post=5391"}],"wp:featuredmedia":[{"embeddable":true,"href":"https:\/\/www.gentlemenscoffeeclub.ch\/de\/wp-json\/wp\/v2\/media\/5369"}],"wp:attachment":[{"href":"https:\/\/www.gentlemenscoffeeclub.ch\/de\/wp-json\/wp\/v2\/media?parent=5391"}],"wp:term":[{"taxonomy":"product_brand","embeddable":true,"href":"https:\/\/www.gentlemenscoffeeclub.ch\/de\/wp-json\/wp\/v2\/product_brand?post=5391"},{"taxonomy":"product_cat","embeddable":true,"href":"https:\/\/www.gentlemenscoffeeclub.ch\/de\/wp-json\/wp\/v2\/product_cat?post=5391"},{"taxonomy":"product_tag","embeddable":true,"href":"https:\/\/www.gentlemenscoffeeclub.ch\/de\/wp-json\/wp\/v2\/product_tag?post=5391"}],"curies":[{"name":"wp","href":"https:\/\/api.w.org\/{rel}","templated":true}]}}