{"id":5387,"date":"2020-12-08T10:56:19","date_gmt":"2020-12-08T10:56:19","guid":{"rendered":"https:\/\/www.gentlemenscoffeeclub.ch\/?post_type=product&#038;p=5387"},"modified":"2021-04-17T16:37:39","modified_gmt":"2021-04-17T16:37:39","slug":"teahouse-exclusives-luxury-gunpowder-mint","status":"publish","type":"product","link":"https:\/\/www.gentlemenscoffeeclub.ch\/de\/produkt\/teahouse-exclusives-luxury-gunpowder-mint\/","title":{"rendered":"Teahouse Exclusives \u2013 Luxury Gunpowder Mint"},"content":{"rendered":"<p>Menthe \u00e0 poudre<\/p>\n<p>Ce th\u00e9 vert japonais classique au go\u00fbt fin et acidul\u00e9 est fabriqu\u00e9 \u00e0 partir de feuilles de couleur \u00e9meraude.<\/p>\n<p>Th\u00e9 vert pur du Japon<\/p>\n<p>Ingr\u00e9dients: th\u00e9 vert<\/p>\n<p>15 sachets th\u00e9i\u00e8re \/ th\u00e9 de 3,5 g dans le coffret saveur TE. Le sachet de th\u00e9 de luxe convient aux tasses et aux pichets jusqu&rsquo;\u00e0 400 ml.<\/p>","protected":false},"excerpt":{"rendered":"<h4>Une exp\u00e9rience \u00e0 la menthe absolue. Le th\u00e9 vert raffin\u00e9 \u00e0 la menthe verte rafra\u00eechissante surprend et r\u00e9veille en m\u00eame temps. Un plaisir rafra\u00eechissant.<\/h4>\n<p>Teahouse Exclusives d\u00e9puis 130 ans m\u00eale tradition et innovation afin de vous proposer un th\u00e9 aux ar\u00f4mes subtils et d\u00e9licats. Une marque d\u2019exp\u00e9rience qui offre des compositions uniques aux saveurs d\u00e9licieuses.<\/p>\n<p>Les amateurs de th\u00e9 appr\u00e9cient les sachets\u00a0minutieusement cousus \u00e0 la main. Ceux-ci offrent non seulement au th\u00e9\u00a0beaucoup d&rsquo;espace pour se d\u00e9plier, mais permettent \u00e9galement une vue d\u00e9gag\u00e9e sur les beaux th\u00e9s en feuilles soigneusement s\u00e9lectionn\u00e9s.<br \/>\nId\u00e9al pour les pots de 400 ml ou le mug 310 ml<\/p>\n<p>&nbsp;<\/p>","protected":false},"featured_media":5356,"comment_status":"closed","ping_status":"closed","template":"","meta":[],"product_brand":[],"product_cat":[95],"product_tag":[],"class_list":{"0":"post-5387","1":"product","2":"type-product","3":"status-publish","4":"has-post-thumbnail","6":"product_cat-the","8":"first","9":"instock","10":"shipping-taxable","11":"purchasable","12":"product-type-simple"},"yoast_head":"<!-- This site is optimized with the Yoast SEO plugin v27.5 - https:\/\/yoast.com\/product\/yoast-seo-wordpress\/ -->\n<title>Teahouse Exclusives \u2013 Luxury Gunpowder Mint - Gentlemen&#039;s Coffee Club Riviera<\/title>\n<meta name=\"robots\" content=\"index, follow, max-snippet:-1, max-image-preview:large, max-video-preview:-1\" \/>\n<link rel=\"canonical\" href=\"https:\/\/www.gentlemenscoffeeclub.ch\/de\/produkt\/teahouse-exclusives-luxury-gunpowder-mint\/\" \/>\n<meta property=\"og:locale\" content=\"de_DE\" \/>\n<meta property=\"og:type\" content=\"article\" \/>\n<meta property=\"og:title\" content=\"Teahouse Exclusives \u2013 Luxury Gunpowder Mint - Gentlemen&#039;s Coffee Club Riviera\" \/>\n<meta property=\"og:description\" content=\"Une exp\u00e9rience \u00e0 la menthe absolue. Le th\u00e9 vert raffin\u00e9 \u00e0 la menthe verte rafra\u00eechissante surprend et r\u00e9veille en m\u00eame temps. Un plaisir rafra\u00eechissant. Teahouse Exclusives d\u00e9puis 130 ans m\u00eale tradition et innovation afin de vous proposer un th\u00e9 aux ar\u00f4mes subtils et d\u00e9licats. Une marque d\u2019exp\u00e9rience qui offre des compositions uniques aux saveurs d\u00e9licieuses.  Les amateurs de th\u00e9 appr\u00e9cient les sachets\u00a0minutieusement cousus \u00e0 la main. Ceux-ci offrent non seulement au th\u00e9\u00a0beaucoup d&#039;espace pour se d\u00e9plier, mais permettent \u00e9galement une vue d\u00e9gag\u00e9e sur les beaux th\u00e9s en feuilles soigneusement s\u00e9lectionn\u00e9s. Id\u00e9al pour les pots de 400 ml ou le mug 310 ml  &nbsp;\" \/>\n<meta property=\"og:url\" content=\"https:\/\/www.gentlemenscoffeeclub.ch\/de\/produkt\/teahouse-exclusives-luxury-gunpowder-mint\/\" \/>\n<meta property=\"og:site_name\" content=\"Gentlemen&#039;s Coffee Club Riviera\" \/>\n<meta property=\"article:publisher\" content=\"https:\/\/www.facebook.com\/Gentlemens-Coffee-Club-104579991113160\" \/>\n<meta property=\"article:modified_time\" content=\"2021-04-17T16:37:39+00:00\" \/>\n<meta property=\"og:image\" content=\"https:\/\/www.gentlemenscoffeeclub.ch\/wp-content\/uploads\/2020\/12\/GM.jpg\" \/>\n\t<meta property=\"og:image:width\" content=\"1181\" \/>\n\t<meta property=\"og:image:height\" content=\"1181\" \/>\n\t<meta property=\"og:image:type\" content=\"image\/jpeg\" \/>\n<meta name=\"twitter:card\" content=\"summary_large_image\" \/>\n<script type=\"application\/ld+json\" class=\"yoast-schema-graph\">{\"@context\":\"https:\\\/\\\/schema.org\",\"@graph\":[{\"@type\":\"WebPage\",\"@id\":\"https:\\\/\\\/www.gentlemenscoffeeclub.ch\\\/de\\\/produkt\\\/teahouse-exclusives-luxury-gunpowder-mint\\\/\",\"url\":\"https:\\\/\\\/www.gentlemenscoffeeclub.ch\\\/de\\\/produkt\\\/teahouse-exclusives-luxury-gunpowder-mint\\\/\",\"name\":\"Teahouse Exclusives \u2013 Luxury Gunpowder Mint - Gentlemen's Coffee Club Riviera\",\"isPartOf\":{\"@id\":\"https:\\\/\\\/www.gentlemenscoffeeclub.ch\\\/#website\"},\"primaryImageOfPage\":{\"@id\":\"https:\\\/\\\/www.gentlemenscoffeeclub.ch\\\/de\\\/produkt\\\/teahouse-exclusives-luxury-gunpowder-mint\\\/#primaryimage\"},\"image\":{\"@id\":\"https:\\\/\\\/www.gentlemenscoffeeclub.ch\\\/de\\\/produkt\\\/teahouse-exclusives-luxury-gunpowder-mint\\\/#primaryimage\"},\"thumbnailUrl\":\"https:\\\/\\\/www.gentlemenscoffeeclub.ch\\\/wp-content\\\/uploads\\\/2020\\\/12\\\/GM.jpg\",\"datePublished\":\"2020-12-08T10:56:19+00:00\",\"dateModified\":\"2021-04-17T16:37:39+00:00\",\"breadcrumb\":{\"@id\":\"https:\\\/\\\/www.gentlemenscoffeeclub.ch\\\/de\\\/produkt\\\/teahouse-exclusives-luxury-gunpowder-mint\\\/#breadcrumb\"},\"inLanguage\":\"de\",\"potentialAction\":[{\"@type\":\"ReadAction\",\"target\":[\"https:\\\/\\\/www.gentlemenscoffeeclub.ch\\\/de\\\/produkt\\\/teahouse-exclusives-luxury-gunpowder-mint\\\/\"]}]},{\"@type\":\"ImageObject\",\"inLanguage\":\"de\",\"@id\":\"https:\\\/\\\/www.gentlemenscoffeeclub.ch\\\/de\\\/produkt\\\/teahouse-exclusives-luxury-gunpowder-mint\\\/#primaryimage\",\"url\":\"https:\\\/\\\/www.gentlemenscoffeeclub.ch\\\/wp-content\\\/uploads\\\/2020\\\/12\\\/GM.jpg\",\"contentUrl\":\"https:\\\/\\\/www.gentlemenscoffeeclub.ch\\\/wp-content\\\/uploads\\\/2020\\\/12\\\/GM.jpg\",\"width\":1181,\"height\":1181},{\"@type\":\"BreadcrumbList\",\"@id\":\"https:\\\/\\\/www.gentlemenscoffeeclub.ch\\\/de\\\/produkt\\\/teahouse-exclusives-luxury-gunpowder-mint\\\/#breadcrumb\",\"itemListElement\":[{\"@type\":\"ListItem\",\"position\":1,\"name\":\"Accueil\",\"item\":\"https:\\\/\\\/www.gentlemenscoffeeclub.ch\\\/\"},{\"@type\":\"ListItem\",\"position\":2,\"name\":\"Shop\",\"item\":\"https:\\\/\\\/www.gentlemenscoffeeclub.ch\\\/shop\\\/\"},{\"@type\":\"ListItem\",\"position\":3,\"name\":\"Th\u00e9\",\"item\":\"https:\\\/\\\/www.gentlemenscoffeeclub.ch\\\/de\\\/produkt-kategorie\\\/the\\\/\"},{\"@type\":\"ListItem\",\"position\":4,\"name\":\"Teahouse Exclusives \u2013 Luxury Gunpowder Mint\"}]},{\"@type\":\"WebSite\",\"@id\":\"https:\\\/\\\/www.gentlemenscoffeeclub.ch\\\/#website\",\"url\":\"https:\\\/\\\/www.gentlemenscoffeeclub.ch\\\/\",\"name\":\"Gentlemen's Coffee Club Riviera\",\"description\":\"Caf&eacute; Premium torr&eacute;fi&eacute; &agrave; Montreux\",\"publisher\":{\"@id\":\"https:\\\/\\\/www.gentlemenscoffeeclub.ch\\\/#organization\"},\"potentialAction\":[{\"@type\":\"SearchAction\",\"target\":{\"@type\":\"EntryPoint\",\"urlTemplate\":\"https:\\\/\\\/www.gentlemenscoffeeclub.ch\\\/?s={search_term_string}\"},\"query-input\":{\"@type\":\"PropertyValueSpecification\",\"valueRequired\":true,\"valueName\":\"search_term_string\"}}],\"inLanguage\":\"de\"},{\"@type\":\"Organization\",\"@id\":\"https:\\\/\\\/www.gentlemenscoffeeclub.ch\\\/#organization\",\"name\":\"Gentlemens Coffee Club Montreux\",\"url\":\"https:\\\/\\\/www.gentlemenscoffeeclub.ch\\\/\",\"logo\":{\"@type\":\"ImageObject\",\"inLanguage\":\"de\",\"@id\":\"https:\\\/\\\/www.gentlemenscoffeeclub.ch\\\/#\\\/schema\\\/logo\\\/image\\\/\",\"url\":\"https:\\\/\\\/www.gentlemenscoffeeclub.ch\\\/wp-content\\\/uploads\\\/2020\\\/04\\\/singe-seul-lunettes-roses77.png\",\"contentUrl\":\"https:\\\/\\\/www.gentlemenscoffeeclub.ch\\\/wp-content\\\/uploads\\\/2020\\\/04\\\/singe-seul-lunettes-roses77.png\",\"width\":996,\"height\":1455,\"caption\":\"Gentlemens Coffee Club Montreux\"},\"image\":{\"@id\":\"https:\\\/\\\/www.gentlemenscoffeeclub.ch\\\/#\\\/schema\\\/logo\\\/image\\\/\"},\"sameAs\":[\"https:\\\/\\\/www.facebook.com\\\/Gentlemens-Coffee-Club-104579991113160\",\"https:\\\/\\\/www.instagram.com\\\/clubgentlemenscoffee\\\/\",\"https:\\\/\\\/www.linkedin.com\\\/company\\\/gentlemen-s-coffee-club\"]}]}<\/script>\n<!-- \/ Yoast SEO plugin. -->","yoast_head_json":{"title":"Teahouse Exclusives \u2013 Luxury Gunpowder Mint - Gentlemen's Coffee Club Riviera","robots":{"index":"index","follow":"follow","max-snippet":"max-snippet:-1","max-image-preview":"max-image-preview:large","max-video-preview":"max-video-preview:-1"},"canonical":"https:\/\/www.gentlemenscoffeeclub.ch\/de\/produkt\/teahouse-exclusives-luxury-gunpowder-mint\/","og_locale":"de_DE","og_type":"article","og_title":"Teahouse Exclusives \u2013 Luxury Gunpowder Mint - Gentlemen's Coffee Club Riviera","og_description":"Une exp\u00e9rience \u00e0 la menthe absolue. Le th\u00e9 vert raffin\u00e9 \u00e0 la menthe verte rafra\u00eechissante surprend et r\u00e9veille en m\u00eame temps. Un plaisir rafra\u00eechissant. Teahouse Exclusives d\u00e9puis 130 ans m\u00eale tradition et innovation afin de vous proposer un th\u00e9 aux ar\u00f4mes subtils et d\u00e9licats. Une marque d\u2019exp\u00e9rience qui offre des compositions uniques aux saveurs d\u00e9licieuses.  Les amateurs de th\u00e9 appr\u00e9cient les sachets\u00a0minutieusement cousus \u00e0 la main. Ceux-ci offrent non seulement au th\u00e9\u00a0beaucoup d'espace pour se d\u00e9plier, mais permettent \u00e9galement une vue d\u00e9gag\u00e9e sur les beaux th\u00e9s en feuilles soigneusement s\u00e9lectionn\u00e9s. Id\u00e9al pour les pots de 400 ml ou le mug 310 ml  &nbsp;","og_url":"https:\/\/www.gentlemenscoffeeclub.ch\/de\/produkt\/teahouse-exclusives-luxury-gunpowder-mint\/","og_site_name":"Gentlemen's Coffee Club Riviera","article_publisher":"https:\/\/www.facebook.com\/Gentlemens-Coffee-Club-104579991113160","article_modified_time":"2021-04-17T16:37:39+00:00","og_image":[{"width":1181,"height":1181,"url":"https:\/\/www.gentlemenscoffeeclub.ch\/wp-content\/uploads\/2020\/12\/GM.jpg","type":"image\/jpeg"}],"twitter_card":"summary_large_image","schema":{"@context":"https:\/\/schema.org","@graph":[{"@type":"WebPage","@id":"https:\/\/www.gentlemenscoffeeclub.ch\/de\/produkt\/teahouse-exclusives-luxury-gunpowder-mint\/","url":"https:\/\/www.gentlemenscoffeeclub.ch\/de\/produkt\/teahouse-exclusives-luxury-gunpowder-mint\/","name":"Teahouse Exclusives \u2013 Luxury Gunpowder Mint - Gentlemen's Coffee Club Riviera","isPartOf":{"@id":"https:\/\/www.gentlemenscoffeeclub.ch\/#website"},"primaryImageOfPage":{"@id":"https:\/\/www.gentlemenscoffeeclub.ch\/de\/produkt\/teahouse-exclusives-luxury-gunpowder-mint\/#primaryimage"},"image":{"@id":"https:\/\/www.gentlemenscoffeeclub.ch\/de\/produkt\/teahouse-exclusives-luxury-gunpowder-mint\/#primaryimage"},"thumbnailUrl":"https:\/\/www.gentlemenscoffeeclub.ch\/wp-content\/uploads\/2020\/12\/GM.jpg","datePublished":"2020-12-08T10:56:19+00:00","dateModified":"2021-04-17T16:37:39+00:00","breadcrumb":{"@id":"https:\/\/www.gentlemenscoffeeclub.ch\/de\/produkt\/teahouse-exclusives-luxury-gunpowder-mint\/#breadcrumb"},"inLanguage":"de","potentialAction":[{"@type":"ReadAction","target":["https:\/\/www.gentlemenscoffeeclub.ch\/de\/produkt\/teahouse-exclusives-luxury-gunpowder-mint\/"]}]},{"@type":"ImageObject","inLanguage":"de","@id":"https:\/\/www.gentlemenscoffeeclub.ch\/de\/produkt\/teahouse-exclusives-luxury-gunpowder-mint\/#primaryimage","url":"https:\/\/www.gentlemenscoffeeclub.ch\/wp-content\/uploads\/2020\/12\/GM.jpg","contentUrl":"https:\/\/www.gentlemenscoffeeclub.ch\/wp-content\/uploads\/2020\/12\/GM.jpg","width":1181,"height":1181},{"@type":"BreadcrumbList","@id":"https:\/\/www.gentlemenscoffeeclub.ch\/de\/produkt\/teahouse-exclusives-luxury-gunpowder-mint\/#breadcrumb","itemListElement":[{"@type":"ListItem","position":1,"name":"Accueil","item":"https:\/\/www.gentlemenscoffeeclub.ch\/"},{"@type":"ListItem","position":2,"name":"Shop","item":"https:\/\/www.gentlemenscoffeeclub.ch\/shop\/"},{"@type":"ListItem","position":3,"name":"Th\u00e9","item":"https:\/\/www.gentlemenscoffeeclub.ch\/de\/produkt-kategorie\/the\/"},{"@type":"ListItem","position":4,"name":"Teahouse Exclusives \u2013 Luxury Gunpowder Mint"}]},{"@type":"WebSite","@id":"https:\/\/www.gentlemenscoffeeclub.ch\/#website","url":"https:\/\/www.gentlemenscoffeeclub.ch\/","name":"Gentlemen's Coffee Club Riviera","description":"Caf&eacute; Premium torr&eacute;fi&eacute; &agrave; Montreux","publisher":{"@id":"https:\/\/www.gentlemenscoffeeclub.ch\/#organization"},"potentialAction":[{"@type":"SearchAction","target":{"@type":"EntryPoint","urlTemplate":"https:\/\/www.gentlemenscoffeeclub.ch\/?s={search_term_string}"},"query-input":{"@type":"PropertyValueSpecification","valueRequired":true,"valueName":"search_term_string"}}],"inLanguage":"de"},{"@type":"Organization","@id":"https:\/\/www.gentlemenscoffeeclub.ch\/#organization","name":"Gentlemens Coffee Club Montreux","url":"https:\/\/www.gentlemenscoffeeclub.ch\/","logo":{"@type":"ImageObject","inLanguage":"de","@id":"https:\/\/www.gentlemenscoffeeclub.ch\/#\/schema\/logo\/image\/","url":"https:\/\/www.gentlemenscoffeeclub.ch\/wp-content\/uploads\/2020\/04\/singe-seul-lunettes-roses77.png","contentUrl":"https:\/\/www.gentlemenscoffeeclub.ch\/wp-content\/uploads\/2020\/04\/singe-seul-lunettes-roses77.png","width":996,"height":1455,"caption":"Gentlemens Coffee Club Montreux"},"image":{"@id":"https:\/\/www.gentlemenscoffeeclub.ch\/#\/schema\/logo\/image\/"},"sameAs":["https:\/\/www.facebook.com\/Gentlemens-Coffee-Club-104579991113160","https:\/\/www.instagram.com\/clubgentlemenscoffee\/","https:\/\/www.linkedin.com\/company\/gentlemen-s-coffee-club"]}]}},"_links":{"self":[{"href":"https:\/\/www.gentlemenscoffeeclub.ch\/de\/wp-json\/wp\/v2\/product\/5387","targetHints":{"allow":["GET"]}}],"collection":[{"href":"https:\/\/www.gentlemenscoffeeclub.ch\/de\/wp-json\/wp\/v2\/product"}],"about":[{"href":"https:\/\/www.gentlemenscoffeeclub.ch\/de\/wp-json\/wp\/v2\/types\/product"}],"replies":[{"embeddable":true,"href":"https:\/\/www.gentlemenscoffeeclub.ch\/de\/wp-json\/wp\/v2\/comments?post=5387"}],"wp:featuredmedia":[{"embeddable":true,"href":"https:\/\/www.gentlemenscoffeeclub.ch\/de\/wp-json\/wp\/v2\/media\/5356"}],"wp:attachment":[{"href":"https:\/\/www.gentlemenscoffeeclub.ch\/de\/wp-json\/wp\/v2\/media?parent=5387"}],"wp:term":[{"taxonomy":"product_brand","embeddable":true,"href":"https:\/\/www.gentlemenscoffeeclub.ch\/de\/wp-json\/wp\/v2\/product_brand?post=5387"},{"taxonomy":"product_cat","embeddable":true,"href":"https:\/\/www.gentlemenscoffeeclub.ch\/de\/wp-json\/wp\/v2\/product_cat?post=5387"},{"taxonomy":"product_tag","embeddable":true,"href":"https:\/\/www.gentlemenscoffeeclub.ch\/de\/wp-json\/wp\/v2\/product_tag?post=5387"}],"curies":[{"name":"wp","href":"https:\/\/api.w.org\/{rel}","templated":true}]}}