{"id":4018,"date":"2020-04-20T14:41:29","date_gmt":"2020-04-20T14:41:29","guid":{"rendered":"https:\/\/www.gentlemenscoffeeclub.ch\/?post_type=product&#038;p=4018"},"modified":"2024-04-23T15:41:25","modified_gmt":"2024-04-23T15:41:25","slug":"la-marzocco-leva-x-1-group","status":"publish","type":"product","link":"https:\/\/www.gentlemenscoffeeclub.ch\/de\/produkt\/la-marzocco-leva-x-1-group\/","title":{"rendered":"La Marzocco Leva X 1 group"},"content":{"rendered":"<p>Le Leva est la plus r\u00e9cente machine \u00e0 levier professionnel 2.0 du march\u00e9, ce qui pousse le concept et la conception du levier au prochain niveau. Le Leva est d\u00e9di\u00e9 aux passionn\u00e9s du brassage du caf\u00e9, et offre une technologie \u00e0 levier innovante pour ceux dont le but est de piloter une machine solide, m\u00e9canique, robuste mais s\u00fbre, fiable et conviviale.<\/p>\n<h4>Leva xles technologies de pointe s\u2019allient aux concepts traditionnels<\/h4>\n<p>Caract\u00e9ris\u00e9e par un design accrocheur et un profil plus bas pour inciter l\u2019engagement du client, Leva r\u00e9invente le design d\u2019une machine \u00e0 levier iconique avec des \u00e9l\u00e9ments plus ergonomiques. Leva est l\u2019\u00e9l\u00e9ment-phare de l\u2019\u00e9tablissement<br \/>\nd\u2019avant-garde qui encourage l\u2019engagement du client, l\u2019exp\u00e9rimentation du barman et les conversations autour d\u2019un caf\u00e9, tout en fournissant la meilleure extraction de caf\u00e9 au monde. Avec son design, Leva ne se limite pas \u00e0 l\u2019aspect esth\u00e9tique, mais ambitionne \u00e9galement la satisfaction que l\u2019on ne trouve que dans un syst\u00e8me purement m\u00e9canique.<\/p>\n<p>L\u2019utilisateur peut intervenir dans la pression de pr\u00e9-infusion, le volume du jet et la pression d\u2019extraction de chaque groupe. De plus, Leva am\u00e9liore grandement la stabilit\u00e9 de temp\u00e9rature de la machine \u00e0 levier traditionnelle gr\u00e2ce \u00e0 sa r\u00e9gulation PID innovante. Les \u00e9crans num\u00e9riques Leva affichent en temps r\u00e9el la pression d\u2019extraction sur le marc de caf\u00e9, les temps de pr\u00e9-infusion et d\u2019extraction ainsi que la courbe de pression du jet.<\/p>\n<p><iframe title=\"La Marzocco Leva\" width=\"980\" height=\"551\" src=\"https:\/\/www.youtube.com\/embed\/NmAcB01s0xg?feature=oembed\" frameborder=\"0\" allow=\"accelerometer; autoplay; encrypted-media; gyroscope; picture-in-picture\" allowfullscreen><\/iframe><\/p>","protected":false},"excerpt":{"rendered":"<h4><span id=\"fld1097\">La machine pour les frimeurs!<\/span><\/h4>","protected":false},"featured_media":4020,"comment_status":"open","ping_status":"closed","template":"","meta":[],"product_brand":[],"product_cat":[94],"product_tag":[],"class_list":{"0":"post-4018","1":"product","2":"type-product","3":"status-publish","4":"has-post-thumbnail","6":"product_cat-machines-a-expresso","8":"first","9":"onbackorder","10":"shipping-taxable","11":"purchasable","12":"product-type-simple"},"yoast_head":"<!-- This site is optimized with the Yoast SEO plugin v27.5 - https:\/\/yoast.com\/product\/yoast-seo-wordpress\/ -->\n<title>La Marzocco Leva X 1 group - Gentlemen&#039;s Coffee Club Riviera<\/title>\n<meta name=\"robots\" content=\"index, follow, max-snippet:-1, max-image-preview:large, max-video-preview:-1\" \/>\n<link rel=\"canonical\" href=\"https:\/\/www.gentlemenscoffeeclub.ch\/de\/produkt\/la-marzocco-leva-x-1-group\/\" \/>\n<meta property=\"og:locale\" content=\"de_DE\" \/>\n<meta property=\"og:type\" content=\"article\" \/>\n<meta property=\"og:title\" content=\"La Marzocco Leva X 1 group - Gentlemen&#039;s Coffee Club Riviera\" \/>\n<meta property=\"og:description\" content=\"La machine pour les frimeurs!\" \/>\n<meta property=\"og:url\" content=\"https:\/\/www.gentlemenscoffeeclub.ch\/de\/produkt\/la-marzocco-leva-x-1-group\/\" \/>\n<meta property=\"og:site_name\" content=\"Gentlemen&#039;s Coffee Club Riviera\" \/>\n<meta property=\"article:publisher\" content=\"https:\/\/www.facebook.com\/Gentlemens-Coffee-Club-104579991113160\" \/>\n<meta property=\"article:modified_time\" content=\"2024-04-23T15:41:25+00:00\" \/>\n<meta property=\"og:image\" content=\"https:\/\/www.gentlemenscoffeeclub.ch\/wp-content\/uploads\/2020\/04\/A02665_1.jpg\" \/>\n\t<meta property=\"og:image:width\" content=\"1537\" \/>\n\t<meta property=\"og:image:height\" content=\"1363\" \/>\n\t<meta property=\"og:image:type\" content=\"image\/jpeg\" \/>\n<meta name=\"twitter:card\" content=\"summary_large_image\" \/>\n<meta name=\"twitter:label1\" content=\"Gesch\u00e4tzte Lesezeit\" \/>\n\t<meta name=\"twitter:data1\" content=\"1\u00a0Minute\" \/>\n<script type=\"application\/ld+json\" class=\"yoast-schema-graph\">{\"@context\":\"https:\\\/\\\/schema.org\",\"@graph\":[{\"@type\":\"WebPage\",\"@id\":\"https:\\\/\\\/www.gentlemenscoffeeclub.ch\\\/produit\\\/la-marzocco-leva-x-1-group\\\/\",\"url\":\"https:\\\/\\\/www.gentlemenscoffeeclub.ch\\\/produit\\\/la-marzocco-leva-x-1-group\\\/\",\"name\":\"La Marzocco Leva X 1 group - Gentlemen's Coffee Club Riviera\",\"isPartOf\":{\"@id\":\"https:\\\/\\\/www.gentlemenscoffeeclub.ch\\\/#website\"},\"primaryImageOfPage\":{\"@id\":\"https:\\\/\\\/www.gentlemenscoffeeclub.ch\\\/produit\\\/la-marzocco-leva-x-1-group\\\/#primaryimage\"},\"image\":{\"@id\":\"https:\\\/\\\/www.gentlemenscoffeeclub.ch\\\/produit\\\/la-marzocco-leva-x-1-group\\\/#primaryimage\"},\"thumbnailUrl\":\"https:\\\/\\\/www.gentlemenscoffeeclub.ch\\\/wp-content\\\/uploads\\\/2020\\\/04\\\/A02665_1.jpg\",\"datePublished\":\"2020-04-20T14:41:29+00:00\",\"dateModified\":\"2024-04-23T15:41:25+00:00\",\"breadcrumb\":{\"@id\":\"https:\\\/\\\/www.gentlemenscoffeeclub.ch\\\/produit\\\/la-marzocco-leva-x-1-group\\\/#breadcrumb\"},\"inLanguage\":\"de\",\"potentialAction\":[{\"@type\":\"ReadAction\",\"target\":[\"https:\\\/\\\/www.gentlemenscoffeeclub.ch\\\/produit\\\/la-marzocco-leva-x-1-group\\\/\"]}]},{\"@type\":\"ImageObject\",\"inLanguage\":\"de\",\"@id\":\"https:\\\/\\\/www.gentlemenscoffeeclub.ch\\\/produit\\\/la-marzocco-leva-x-1-group\\\/#primaryimage\",\"url\":\"https:\\\/\\\/www.gentlemenscoffeeclub.ch\\\/wp-content\\\/uploads\\\/2020\\\/04\\\/A02665_1.jpg\",\"contentUrl\":\"https:\\\/\\\/www.gentlemenscoffeeclub.ch\\\/wp-content\\\/uploads\\\/2020\\\/04\\\/A02665_1.jpg\",\"width\":1537,\"height\":1363},{\"@type\":\"BreadcrumbList\",\"@id\":\"https:\\\/\\\/www.gentlemenscoffeeclub.ch\\\/produit\\\/la-marzocco-leva-x-1-group\\\/#breadcrumb\",\"itemListElement\":[{\"@type\":\"ListItem\",\"position\":1,\"name\":\"Accueil\",\"item\":\"https:\\\/\\\/www.gentlemenscoffeeclub.ch\\\/\"},{\"@type\":\"ListItem\",\"position\":2,\"name\":\"Shop\",\"item\":\"https:\\\/\\\/www.gentlemenscoffeeclub.ch\\\/shop\\\/\"},{\"@type\":\"ListItem\",\"position\":3,\"name\":\"Machines \u00e0 expresso\",\"item\":\"https:\\\/\\\/www.gentlemenscoffeeclub.ch\\\/categorie-produit\\\/machines-a-expresso\\\/\"},{\"@type\":\"ListItem\",\"position\":4,\"name\":\"La Marzocco Leva X 1 group\"}]},{\"@type\":\"WebSite\",\"@id\":\"https:\\\/\\\/www.gentlemenscoffeeclub.ch\\\/#website\",\"url\":\"https:\\\/\\\/www.gentlemenscoffeeclub.ch\\\/\",\"name\":\"Gentlemen's Coffee Club Riviera\",\"description\":\"Caf&eacute; Premium torr&eacute;fi&eacute; &agrave; Montreux\",\"publisher\":{\"@id\":\"https:\\\/\\\/www.gentlemenscoffeeclub.ch\\\/#organization\"},\"potentialAction\":[{\"@type\":\"SearchAction\",\"target\":{\"@type\":\"EntryPoint\",\"urlTemplate\":\"https:\\\/\\\/www.gentlemenscoffeeclub.ch\\\/?s={search_term_string}\"},\"query-input\":{\"@type\":\"PropertyValueSpecification\",\"valueRequired\":true,\"valueName\":\"search_term_string\"}}],\"inLanguage\":\"de\"},{\"@type\":\"Organization\",\"@id\":\"https:\\\/\\\/www.gentlemenscoffeeclub.ch\\\/#organization\",\"name\":\"Gentlemens Coffee Club Montreux\",\"url\":\"https:\\\/\\\/www.gentlemenscoffeeclub.ch\\\/\",\"logo\":{\"@type\":\"ImageObject\",\"inLanguage\":\"de\",\"@id\":\"https:\\\/\\\/www.gentlemenscoffeeclub.ch\\\/#\\\/schema\\\/logo\\\/image\\\/\",\"url\":\"https:\\\/\\\/www.gentlemenscoffeeclub.ch\\\/wp-content\\\/uploads\\\/2020\\\/04\\\/singe-seul-lunettes-roses77.png\",\"contentUrl\":\"https:\\\/\\\/www.gentlemenscoffeeclub.ch\\\/wp-content\\\/uploads\\\/2020\\\/04\\\/singe-seul-lunettes-roses77.png\",\"width\":996,\"height\":1455,\"caption\":\"Gentlemens Coffee Club Montreux\"},\"image\":{\"@id\":\"https:\\\/\\\/www.gentlemenscoffeeclub.ch\\\/#\\\/schema\\\/logo\\\/image\\\/\"},\"sameAs\":[\"https:\\\/\\\/www.facebook.com\\\/Gentlemens-Coffee-Club-104579991113160\",\"https:\\\/\\\/www.instagram.com\\\/clubgentlemenscoffee\\\/\",\"https:\\\/\\\/www.linkedin.com\\\/company\\\/gentlemen-s-coffee-club\"]}]}<\/script>\n<!-- \/ Yoast SEO plugin. -->","yoast_head_json":{"title":"La Marzocco Leva X 1 group - Gentlemen's Coffee Club Riviera","robots":{"index":"index","follow":"follow","max-snippet":"max-snippet:-1","max-image-preview":"max-image-preview:large","max-video-preview":"max-video-preview:-1"},"canonical":"https:\/\/www.gentlemenscoffeeclub.ch\/de\/produkt\/la-marzocco-leva-x-1-group\/","og_locale":"de_DE","og_type":"article","og_title":"La Marzocco Leva X 1 group - Gentlemen's Coffee Club Riviera","og_description":"La machine pour les frimeurs!","og_url":"https:\/\/www.gentlemenscoffeeclub.ch\/de\/produkt\/la-marzocco-leva-x-1-group\/","og_site_name":"Gentlemen's Coffee Club Riviera","article_publisher":"https:\/\/www.facebook.com\/Gentlemens-Coffee-Club-104579991113160","article_modified_time":"2024-04-23T15:41:25+00:00","og_image":[{"width":1537,"height":1363,"url":"https:\/\/www.gentlemenscoffeeclub.ch\/wp-content\/uploads\/2020\/04\/A02665_1.jpg","type":"image\/jpeg"}],"twitter_card":"summary_large_image","twitter_misc":{"Gesch\u00e4tzte Lesezeit":"1\u00a0Minute"},"schema":{"@context":"https:\/\/schema.org","@graph":[{"@type":"WebPage","@id":"https:\/\/www.gentlemenscoffeeclub.ch\/produit\/la-marzocco-leva-x-1-group\/","url":"https:\/\/www.gentlemenscoffeeclub.ch\/produit\/la-marzocco-leva-x-1-group\/","name":"La Marzocco Leva X 1 group - Gentlemen's Coffee Club Riviera","isPartOf":{"@id":"https:\/\/www.gentlemenscoffeeclub.ch\/#website"},"primaryImageOfPage":{"@id":"https:\/\/www.gentlemenscoffeeclub.ch\/produit\/la-marzocco-leva-x-1-group\/#primaryimage"},"image":{"@id":"https:\/\/www.gentlemenscoffeeclub.ch\/produit\/la-marzocco-leva-x-1-group\/#primaryimage"},"thumbnailUrl":"https:\/\/www.gentlemenscoffeeclub.ch\/wp-content\/uploads\/2020\/04\/A02665_1.jpg","datePublished":"2020-04-20T14:41:29+00:00","dateModified":"2024-04-23T15:41:25+00:00","breadcrumb":{"@id":"https:\/\/www.gentlemenscoffeeclub.ch\/produit\/la-marzocco-leva-x-1-group\/#breadcrumb"},"inLanguage":"de","potentialAction":[{"@type":"ReadAction","target":["https:\/\/www.gentlemenscoffeeclub.ch\/produit\/la-marzocco-leva-x-1-group\/"]}]},{"@type":"ImageObject","inLanguage":"de","@id":"https:\/\/www.gentlemenscoffeeclub.ch\/produit\/la-marzocco-leva-x-1-group\/#primaryimage","url":"https:\/\/www.gentlemenscoffeeclub.ch\/wp-content\/uploads\/2020\/04\/A02665_1.jpg","contentUrl":"https:\/\/www.gentlemenscoffeeclub.ch\/wp-content\/uploads\/2020\/04\/A02665_1.jpg","width":1537,"height":1363},{"@type":"BreadcrumbList","@id":"https:\/\/www.gentlemenscoffeeclub.ch\/produit\/la-marzocco-leva-x-1-group\/#breadcrumb","itemListElement":[{"@type":"ListItem","position":1,"name":"Accueil","item":"https:\/\/www.gentlemenscoffeeclub.ch\/"},{"@type":"ListItem","position":2,"name":"Shop","item":"https:\/\/www.gentlemenscoffeeclub.ch\/shop\/"},{"@type":"ListItem","position":3,"name":"Machines \u00e0 expresso","item":"https:\/\/www.gentlemenscoffeeclub.ch\/categorie-produit\/machines-a-expresso\/"},{"@type":"ListItem","position":4,"name":"La Marzocco Leva X 1 group"}]},{"@type":"WebSite","@id":"https:\/\/www.gentlemenscoffeeclub.ch\/#website","url":"https:\/\/www.gentlemenscoffeeclub.ch\/","name":"Gentlemen's Coffee Club Riviera","description":"Caf&eacute; Premium torr&eacute;fi&eacute; &agrave; Montreux","publisher":{"@id":"https:\/\/www.gentlemenscoffeeclub.ch\/#organization"},"potentialAction":[{"@type":"SearchAction","target":{"@type":"EntryPoint","urlTemplate":"https:\/\/www.gentlemenscoffeeclub.ch\/?s={search_term_string}"},"query-input":{"@type":"PropertyValueSpecification","valueRequired":true,"valueName":"search_term_string"}}],"inLanguage":"de"},{"@type":"Organization","@id":"https:\/\/www.gentlemenscoffeeclub.ch\/#organization","name":"Gentlemens Coffee Club Montreux","url":"https:\/\/www.gentlemenscoffeeclub.ch\/","logo":{"@type":"ImageObject","inLanguage":"de","@id":"https:\/\/www.gentlemenscoffeeclub.ch\/#\/schema\/logo\/image\/","url":"https:\/\/www.gentlemenscoffeeclub.ch\/wp-content\/uploads\/2020\/04\/singe-seul-lunettes-roses77.png","contentUrl":"https:\/\/www.gentlemenscoffeeclub.ch\/wp-content\/uploads\/2020\/04\/singe-seul-lunettes-roses77.png","width":996,"height":1455,"caption":"Gentlemens Coffee Club Montreux"},"image":{"@id":"https:\/\/www.gentlemenscoffeeclub.ch\/#\/schema\/logo\/image\/"},"sameAs":["https:\/\/www.facebook.com\/Gentlemens-Coffee-Club-104579991113160","https:\/\/www.instagram.com\/clubgentlemenscoffee\/","https:\/\/www.linkedin.com\/company\/gentlemen-s-coffee-club"]}]}},"_links":{"self":[{"href":"https:\/\/www.gentlemenscoffeeclub.ch\/de\/wp-json\/wp\/v2\/product\/4018","targetHints":{"allow":["GET"]}}],"collection":[{"href":"https:\/\/www.gentlemenscoffeeclub.ch\/de\/wp-json\/wp\/v2\/product"}],"about":[{"href":"https:\/\/www.gentlemenscoffeeclub.ch\/de\/wp-json\/wp\/v2\/types\/product"}],"replies":[{"embeddable":true,"href":"https:\/\/www.gentlemenscoffeeclub.ch\/de\/wp-json\/wp\/v2\/comments?post=4018"}],"wp:featuredmedia":[{"embeddable":true,"href":"https:\/\/www.gentlemenscoffeeclub.ch\/de\/wp-json\/wp\/v2\/media\/4020"}],"wp:attachment":[{"href":"https:\/\/www.gentlemenscoffeeclub.ch\/de\/wp-json\/wp\/v2\/media?parent=4018"}],"wp:term":[{"taxonomy":"product_brand","embeddable":true,"href":"https:\/\/www.gentlemenscoffeeclub.ch\/de\/wp-json\/wp\/v2\/product_brand?post=4018"},{"taxonomy":"product_cat","embeddable":true,"href":"https:\/\/www.gentlemenscoffeeclub.ch\/de\/wp-json\/wp\/v2\/product_cat?post=4018"},{"taxonomy":"product_tag","embeddable":true,"href":"https:\/\/www.gentlemenscoffeeclub.ch\/de\/wp-json\/wp\/v2\/product_tag?post=4018"}],"curies":[{"name":"wp","href":"https:\/\/api.w.org\/{rel}","templated":true}]}}