{"id":3603,"date":"2020-04-14T09:23:37","date_gmt":"2020-04-14T09:23:37","guid":{"rendered":"https:\/\/www.gentlemenscoffeeclub.ch\/produit\/moulin-a-cafe-macap-m42d-noir\/"},"modified":"2020-04-20T12:33:17","modified_gmt":"2020-04-20T12:33:17","slug":"moulin-a-cafe-macap-m42d-noir","status":"publish","type":"product","link":"https:\/\/www.gentlemenscoffeeclub.ch\/de\/produkt\/moulin-a-cafe-macap-m42d-noir\/","title":{"rendered":"Moulin \u00e0 Caf\u00e9 \u2013 Macap M42D"},"content":{"rendered":"<p>Moulin \u00e0 caf\u00e8 semi -professional Le M42D est<\/p>\n<p>le successeur ou le tr\u00e8s populaire M4D avec un nouveau design,<br \/>\nun meilleur affichage et un r\u00e9glage plus facile de la minuterie.<br \/>\nMeuleuse m\u00e9nag\u00e8re ou petite gastronomie id\u00e9ale, r\u00e9glage continu,<br \/>\n3 doses programmables, rendement: 2g \/ s, bavures: 58mm, tr\u00e9mie: 500g<br \/>\ngrace a ses dose personnalisable il temps de finir avec les compromis entre le porte filtre double et simple<\/p>\n<p>les dose ne depend pas une de l autre de co\u00fbt le plus symple<br \/>\nles extractions passe en simple et double dans les r\u00e8gles de l\u2019art<\/p>\n<p>ce moulin grace a ses meules plates pour une dur\u00e9e de vie plus optimale et surtout ca chauffe pas le caf\u00e8 pendant la rotation<br \/>\nSes meules 58 mm \u00e9t\u00e9 con\u00e7u pour les machines professionnel pour plus de frecheur et rapidit\u00e9<br \/>\nun moteur tres puissant et silencieux permit d avoir les dose en moin de temps 2gr\/seconde<br \/>\nce que veut dire une dose optimale ,<br \/>\nde 8 gr\/4seconde et c est les meme performance que les meilleurs moulin professionnel existant<br \/>\nLes r\u00e9glages con\u00e7u s\u2019ont d\u2019une pr\u00e9cision optimale<br \/>\nont parle de micro r\u00e9glage ce que nous permettent de rectifier les extractions<br \/>\nen fonction du climat et humidit\u00e9 de plus .<br \/>\nAvec votre moulin ont vous offre une formation d\u2019utilisation ,<br \/>\ncomme vous pouvez le constater 80% de travail de bonne extraction se passe sur le moulin.<br \/>\nce moulin \u00e0 caf\u00e8 est vraiment ce que a besoin les Barista.<br \/>\npassionn\u00e9s de plus au file de temps ont s am\u00e9liorent et il faut un moulin qui arrive a nous suivre<br \/>\npour aller le plus loin dans<br \/>\nl\u2019extraction des ar\u00f4mes et changement du caf\u00e8s ont doit \u00eatre capable d\u2019ajuster au deferent type de torr\u00e9faction<\/p>","protected":false},"excerpt":{"rendered":"<h4>Macap M42D<\/h4>","protected":false},"featured_media":3672,"comment_status":"closed","ping_status":"closed","template":"","meta":[],"product_brand":[],"product_cat":[20],"product_tag":[],"class_list":{"0":"post-3603","1":"product","2":"type-product","3":"status-publish","4":"has-post-thumbnail","6":"product_cat-moulins-a-cafe","8":"first","9":"instock","10":"purchasable","11":"product-type-variable"},"yoast_head":"<!-- This site is optimized with the Yoast SEO plugin v27.5 - https:\/\/yoast.com\/product\/yoast-seo-wordpress\/ -->\n<title>Moulin \u00e0 Caf\u00e9 \u2013 Macap M42D - Gentlemen&#039;s Coffee Club Riviera<\/title>\n<meta name=\"robots\" content=\"index, follow, max-snippet:-1, max-image-preview:large, max-video-preview:-1\" \/>\n<link rel=\"canonical\" href=\"https:\/\/www.gentlemenscoffeeclub.ch\/de\/produkt\/moulin-a-cafe-macap-m42d-noir\/\" \/>\n<meta property=\"og:locale\" content=\"de_DE\" \/>\n<meta property=\"og:type\" content=\"article\" \/>\n<meta property=\"og:title\" content=\"Moulin \u00e0 Caf\u00e9 \u2013 Macap M42D - Gentlemen&#039;s Coffee Club Riviera\" \/>\n<meta property=\"og:description\" content=\"Macap M42D\" \/>\n<meta property=\"og:url\" content=\"https:\/\/www.gentlemenscoffeeclub.ch\/de\/produkt\/moulin-a-cafe-macap-m42d-noir\/\" \/>\n<meta property=\"og:site_name\" content=\"Gentlemen&#039;s Coffee Club Riviera\" \/>\n<meta property=\"article:publisher\" content=\"https:\/\/www.facebook.com\/Gentlemens-Coffee-Club-104579991113160\" \/>\n<meta property=\"article:modified_time\" content=\"2020-04-20T12:33:17+00:00\" \/>\n<meta property=\"og:image\" content=\"https:\/\/www.gentlemenscoffeeclub.ch\/wp-content\/uploads\/2020\/04\/macap-m42d-schwarz.jpg\" \/>\n\t<meta property=\"og:image:width\" content=\"554\" \/>\n\t<meta property=\"og:image:height\" content=\"501\" \/>\n\t<meta property=\"og:image:type\" content=\"image\/jpeg\" \/>\n<meta name=\"twitter:card\" content=\"summary_large_image\" \/>\n<meta name=\"twitter:label1\" content=\"Gesch\u00e4tzte Lesezeit\" \/>\n\t<meta name=\"twitter:data1\" content=\"2\u00a0Minuten\" \/>\n<script type=\"application\/ld+json\" class=\"yoast-schema-graph\">{\"@context\":\"https:\\\/\\\/schema.org\",\"@graph\":[{\"@type\":\"WebPage\",\"@id\":\"https:\\\/\\\/www.gentlemenscoffeeclub.ch\\\/produit\\\/moulin-a-cafe-macap-m42d-noir\\\/\",\"url\":\"https:\\\/\\\/www.gentlemenscoffeeclub.ch\\\/produit\\\/moulin-a-cafe-macap-m42d-noir\\\/\",\"name\":\"Moulin \u00e0 Caf\u00e9 \u2013 Macap M42D - Gentlemen's Coffee Club Riviera\",\"isPartOf\":{\"@id\":\"https:\\\/\\\/www.gentlemenscoffeeclub.ch\\\/#website\"},\"primaryImageOfPage\":{\"@id\":\"https:\\\/\\\/www.gentlemenscoffeeclub.ch\\\/produit\\\/moulin-a-cafe-macap-m42d-noir\\\/#primaryimage\"},\"image\":{\"@id\":\"https:\\\/\\\/www.gentlemenscoffeeclub.ch\\\/produit\\\/moulin-a-cafe-macap-m42d-noir\\\/#primaryimage\"},\"thumbnailUrl\":\"https:\\\/\\\/www.gentlemenscoffeeclub.ch\\\/wp-content\\\/uploads\\\/2020\\\/04\\\/macap-m42d-schwarz.jpg\",\"datePublished\":\"2020-04-14T09:23:37+00:00\",\"dateModified\":\"2020-04-20T12:33:17+00:00\",\"breadcrumb\":{\"@id\":\"https:\\\/\\\/www.gentlemenscoffeeclub.ch\\\/produit\\\/moulin-a-cafe-macap-m42d-noir\\\/#breadcrumb\"},\"inLanguage\":\"de\",\"potentialAction\":[{\"@type\":\"ReadAction\",\"target\":[\"https:\\\/\\\/www.gentlemenscoffeeclub.ch\\\/produit\\\/moulin-a-cafe-macap-m42d-noir\\\/\"]}]},{\"@type\":\"ImageObject\",\"inLanguage\":\"de\",\"@id\":\"https:\\\/\\\/www.gentlemenscoffeeclub.ch\\\/produit\\\/moulin-a-cafe-macap-m42d-noir\\\/#primaryimage\",\"url\":\"https:\\\/\\\/www.gentlemenscoffeeclub.ch\\\/wp-content\\\/uploads\\\/2020\\\/04\\\/macap-m42d-schwarz.jpg\",\"contentUrl\":\"https:\\\/\\\/www.gentlemenscoffeeclub.ch\\\/wp-content\\\/uploads\\\/2020\\\/04\\\/macap-m42d-schwarz.jpg\",\"width\":554,\"height\":501},{\"@type\":\"BreadcrumbList\",\"@id\":\"https:\\\/\\\/www.gentlemenscoffeeclub.ch\\\/produit\\\/moulin-a-cafe-macap-m42d-noir\\\/#breadcrumb\",\"itemListElement\":[{\"@type\":\"ListItem\",\"position\":1,\"name\":\"Accueil\",\"item\":\"https:\\\/\\\/www.gentlemenscoffeeclub.ch\\\/\"},{\"@type\":\"ListItem\",\"position\":2,\"name\":\"Shop\",\"item\":\"https:\\\/\\\/www.gentlemenscoffeeclub.ch\\\/shop\\\/\"},{\"@type\":\"ListItem\",\"position\":3,\"name\":\"Moulins \u00e0 caf\u00e9\",\"item\":\"https:\\\/\\\/www.gentlemenscoffeeclub.ch\\\/categorie-produit\\\/moulins-a-cafe\\\/\"},{\"@type\":\"ListItem\",\"position\":4,\"name\":\"Moulin \u00e0 Caf\u00e9 \u2013 Macap M42D\"}]},{\"@type\":\"WebSite\",\"@id\":\"https:\\\/\\\/www.gentlemenscoffeeclub.ch\\\/#website\",\"url\":\"https:\\\/\\\/www.gentlemenscoffeeclub.ch\\\/\",\"name\":\"Gentlemen's Coffee Club Riviera\",\"description\":\"Caf&eacute; Premium torr&eacute;fi&eacute; &agrave; Montreux\",\"publisher\":{\"@id\":\"https:\\\/\\\/www.gentlemenscoffeeclub.ch\\\/#organization\"},\"potentialAction\":[{\"@type\":\"SearchAction\",\"target\":{\"@type\":\"EntryPoint\",\"urlTemplate\":\"https:\\\/\\\/www.gentlemenscoffeeclub.ch\\\/?s={search_term_string}\"},\"query-input\":{\"@type\":\"PropertyValueSpecification\",\"valueRequired\":true,\"valueName\":\"search_term_string\"}}],\"inLanguage\":\"de\"},{\"@type\":\"Organization\",\"@id\":\"https:\\\/\\\/www.gentlemenscoffeeclub.ch\\\/#organization\",\"name\":\"Gentlemens Coffee Club Montreux\",\"url\":\"https:\\\/\\\/www.gentlemenscoffeeclub.ch\\\/\",\"logo\":{\"@type\":\"ImageObject\",\"inLanguage\":\"de\",\"@id\":\"https:\\\/\\\/www.gentlemenscoffeeclub.ch\\\/#\\\/schema\\\/logo\\\/image\\\/\",\"url\":\"https:\\\/\\\/www.gentlemenscoffeeclub.ch\\\/wp-content\\\/uploads\\\/2020\\\/04\\\/singe-seul-lunettes-roses77.png\",\"contentUrl\":\"https:\\\/\\\/www.gentlemenscoffeeclub.ch\\\/wp-content\\\/uploads\\\/2020\\\/04\\\/singe-seul-lunettes-roses77.png\",\"width\":996,\"height\":1455,\"caption\":\"Gentlemens Coffee Club Montreux\"},\"image\":{\"@id\":\"https:\\\/\\\/www.gentlemenscoffeeclub.ch\\\/#\\\/schema\\\/logo\\\/image\\\/\"},\"sameAs\":[\"https:\\\/\\\/www.facebook.com\\\/Gentlemens-Coffee-Club-104579991113160\",\"https:\\\/\\\/www.instagram.com\\\/clubgentlemenscoffee\\\/\",\"https:\\\/\\\/www.linkedin.com\\\/company\\\/gentlemen-s-coffee-club\"]}]}<\/script>\n<!-- \/ Yoast SEO plugin. -->","yoast_head_json":{"title":"Moulin \u00e0 Caf\u00e9 \u2013 Macap M42D - Gentlemen's Coffee Club Riviera","robots":{"index":"index","follow":"follow","max-snippet":"max-snippet:-1","max-image-preview":"max-image-preview:large","max-video-preview":"max-video-preview:-1"},"canonical":"https:\/\/www.gentlemenscoffeeclub.ch\/de\/produkt\/moulin-a-cafe-macap-m42d-noir\/","og_locale":"de_DE","og_type":"article","og_title":"Moulin \u00e0 Caf\u00e9 \u2013 Macap M42D - Gentlemen's Coffee Club Riviera","og_description":"Macap M42D","og_url":"https:\/\/www.gentlemenscoffeeclub.ch\/de\/produkt\/moulin-a-cafe-macap-m42d-noir\/","og_site_name":"Gentlemen's Coffee Club Riviera","article_publisher":"https:\/\/www.facebook.com\/Gentlemens-Coffee-Club-104579991113160","article_modified_time":"2020-04-20T12:33:17+00:00","og_image":[{"width":554,"height":501,"url":"https:\/\/www.gentlemenscoffeeclub.ch\/wp-content\/uploads\/2020\/04\/macap-m42d-schwarz.jpg","type":"image\/jpeg"}],"twitter_card":"summary_large_image","twitter_misc":{"Gesch\u00e4tzte Lesezeit":"2\u00a0Minuten"},"schema":{"@context":"https:\/\/schema.org","@graph":[{"@type":"WebPage","@id":"https:\/\/www.gentlemenscoffeeclub.ch\/produit\/moulin-a-cafe-macap-m42d-noir\/","url":"https:\/\/www.gentlemenscoffeeclub.ch\/produit\/moulin-a-cafe-macap-m42d-noir\/","name":"Moulin \u00e0 Caf\u00e9 \u2013 Macap M42D - Gentlemen's Coffee Club Riviera","isPartOf":{"@id":"https:\/\/www.gentlemenscoffeeclub.ch\/#website"},"primaryImageOfPage":{"@id":"https:\/\/www.gentlemenscoffeeclub.ch\/produit\/moulin-a-cafe-macap-m42d-noir\/#primaryimage"},"image":{"@id":"https:\/\/www.gentlemenscoffeeclub.ch\/produit\/moulin-a-cafe-macap-m42d-noir\/#primaryimage"},"thumbnailUrl":"https:\/\/www.gentlemenscoffeeclub.ch\/wp-content\/uploads\/2020\/04\/macap-m42d-schwarz.jpg","datePublished":"2020-04-14T09:23:37+00:00","dateModified":"2020-04-20T12:33:17+00:00","breadcrumb":{"@id":"https:\/\/www.gentlemenscoffeeclub.ch\/produit\/moulin-a-cafe-macap-m42d-noir\/#breadcrumb"},"inLanguage":"de","potentialAction":[{"@type":"ReadAction","target":["https:\/\/www.gentlemenscoffeeclub.ch\/produit\/moulin-a-cafe-macap-m42d-noir\/"]}]},{"@type":"ImageObject","inLanguage":"de","@id":"https:\/\/www.gentlemenscoffeeclub.ch\/produit\/moulin-a-cafe-macap-m42d-noir\/#primaryimage","url":"https:\/\/www.gentlemenscoffeeclub.ch\/wp-content\/uploads\/2020\/04\/macap-m42d-schwarz.jpg","contentUrl":"https:\/\/www.gentlemenscoffeeclub.ch\/wp-content\/uploads\/2020\/04\/macap-m42d-schwarz.jpg","width":554,"height":501},{"@type":"BreadcrumbList","@id":"https:\/\/www.gentlemenscoffeeclub.ch\/produit\/moulin-a-cafe-macap-m42d-noir\/#breadcrumb","itemListElement":[{"@type":"ListItem","position":1,"name":"Accueil","item":"https:\/\/www.gentlemenscoffeeclub.ch\/"},{"@type":"ListItem","position":2,"name":"Shop","item":"https:\/\/www.gentlemenscoffeeclub.ch\/shop\/"},{"@type":"ListItem","position":3,"name":"Moulins \u00e0 caf\u00e9","item":"https:\/\/www.gentlemenscoffeeclub.ch\/categorie-produit\/moulins-a-cafe\/"},{"@type":"ListItem","position":4,"name":"Moulin \u00e0 Caf\u00e9 \u2013 Macap M42D"}]},{"@type":"WebSite","@id":"https:\/\/www.gentlemenscoffeeclub.ch\/#website","url":"https:\/\/www.gentlemenscoffeeclub.ch\/","name":"Gentlemen's Coffee Club Riviera","description":"Caf&eacute; Premium torr&eacute;fi&eacute; &agrave; Montreux","publisher":{"@id":"https:\/\/www.gentlemenscoffeeclub.ch\/#organization"},"potentialAction":[{"@type":"SearchAction","target":{"@type":"EntryPoint","urlTemplate":"https:\/\/www.gentlemenscoffeeclub.ch\/?s={search_term_string}"},"query-input":{"@type":"PropertyValueSpecification","valueRequired":true,"valueName":"search_term_string"}}],"inLanguage":"de"},{"@type":"Organization","@id":"https:\/\/www.gentlemenscoffeeclub.ch\/#organization","name":"Gentlemens Coffee Club Montreux","url":"https:\/\/www.gentlemenscoffeeclub.ch\/","logo":{"@type":"ImageObject","inLanguage":"de","@id":"https:\/\/www.gentlemenscoffeeclub.ch\/#\/schema\/logo\/image\/","url":"https:\/\/www.gentlemenscoffeeclub.ch\/wp-content\/uploads\/2020\/04\/singe-seul-lunettes-roses77.png","contentUrl":"https:\/\/www.gentlemenscoffeeclub.ch\/wp-content\/uploads\/2020\/04\/singe-seul-lunettes-roses77.png","width":996,"height":1455,"caption":"Gentlemens Coffee Club Montreux"},"image":{"@id":"https:\/\/www.gentlemenscoffeeclub.ch\/#\/schema\/logo\/image\/"},"sameAs":["https:\/\/www.facebook.com\/Gentlemens-Coffee-Club-104579991113160","https:\/\/www.instagram.com\/clubgentlemenscoffee\/","https:\/\/www.linkedin.com\/company\/gentlemen-s-coffee-club"]}]}},"_links":{"self":[{"href":"https:\/\/www.gentlemenscoffeeclub.ch\/de\/wp-json\/wp\/v2\/product\/3603","targetHints":{"allow":["GET"]}}],"collection":[{"href":"https:\/\/www.gentlemenscoffeeclub.ch\/de\/wp-json\/wp\/v2\/product"}],"about":[{"href":"https:\/\/www.gentlemenscoffeeclub.ch\/de\/wp-json\/wp\/v2\/types\/product"}],"replies":[{"embeddable":true,"href":"https:\/\/www.gentlemenscoffeeclub.ch\/de\/wp-json\/wp\/v2\/comments?post=3603"}],"wp:featuredmedia":[{"embeddable":true,"href":"https:\/\/www.gentlemenscoffeeclub.ch\/de\/wp-json\/wp\/v2\/media\/3672"}],"wp:attachment":[{"href":"https:\/\/www.gentlemenscoffeeclub.ch\/de\/wp-json\/wp\/v2\/media?parent=3603"}],"wp:term":[{"taxonomy":"product_brand","embeddable":true,"href":"https:\/\/www.gentlemenscoffeeclub.ch\/de\/wp-json\/wp\/v2\/product_brand?post=3603"},{"taxonomy":"product_cat","embeddable":true,"href":"https:\/\/www.gentlemenscoffeeclub.ch\/de\/wp-json\/wp\/v2\/product_cat?post=3603"},{"taxonomy":"product_tag","embeddable":true,"href":"https:\/\/www.gentlemenscoffeeclub.ch\/de\/wp-json\/wp\/v2\/product_tag?post=3603"}],"curies":[{"name":"wp","href":"https:\/\/api.w.org\/{rel}","templated":true}]}}