{"id":3602,"date":"2020-04-14T09:23:37","date_gmt":"2020-04-14T09:23:37","guid":{"rendered":"https:\/\/www.gentlemenscoffeeclub.ch\/produit\/moulin-a-cafe-eureka-mignon-silenzio-blanc\/"},"modified":"2020-04-17T20:11:51","modified_gmt":"2020-04-17T20:11:51","slug":"moulin-a-cafe-eureka-mignon-silenzio-blanc","status":"publish","type":"product","link":"https:\/\/www.gentlemenscoffeeclub.ch\/de\/produkt\/moulin-a-cafe-eureka-mignon-silenzio-blanc\/","title":{"rendered":"Eureka Mignon Silenzio"},"content":{"rendered":"<p class=\"meta\">Un broyeur direct \u00e9conomique \u00e0 r\u00e9glage continu. Le bruit de broyage agr\u00e9able et silencieux le rend id\u00e9al pour une utilisation \u00e0 la maison ou dans les petits bureaux. Le design du nouveau mod\u00e8le est fortement inspir\u00e9 de celui de la version originale. Esth\u00e9tiquement plus moderne, l\u00e9g\u00e8rement plus grand, l\u00e9g\u00e8rement plus angulaire, con\u00e7u de mani\u00e8re optimale.<\/p>\n<article>Le Mignon Silenzio est robuste, stable, compact et facile \u00e0 utiliser. Une minuterie permet de r\u00e9gler la quantit\u00e9 de caf\u00e9 au moyen d&rsquo;une commande rotative qui peut \u00eatre abaiss\u00e9e sur le c\u00f4t\u00e9. Le passage en mode manuel s&rsquo;effectue par simple pression sur un bouton. Le degr\u00e9 de broyage peut \u00eatre facilement ajust\u00e9 avec 2 doigts sur la meule rotative sup\u00e9rieure. Le porte-filtre peut \u00eatre y facilement accroch\u00e9.<\/p>\n<p id=\"collapsed\" class=\"\">Ses points forts : &#8211; Disque de broyage \u00d8 50 mm &#8211; Bo\u00eetier recouvert de plastique &#8211; Ergot d&rsquo;\u00e9jection en plastique &#8211; Minuterie lat\u00e9rale r\u00e9glable manuellement<\/p>\n<\/article>","protected":false},"excerpt":{"rendered":"<h4>EUREKA MIGNON SILENZIO<\/h4>\n<h4>Compact, automatique et tr\u00e8s silencieux<\/h4>","protected":false},"featured_media":3763,"comment_status":"closed","ping_status":"closed","template":"","meta":[],"product_brand":[],"product_cat":[20],"product_tag":[],"class_list":{"0":"post-3602","1":"product","2":"type-product","3":"status-publish","4":"has-post-thumbnail","6":"product_cat-moulins-a-cafe","8":"first","9":"instock","10":"purchasable","11":"product-type-variable"},"yoast_head":"<!-- This site is optimized with the Yoast SEO plugin v27.5 - https:\/\/yoast.com\/product\/yoast-seo-wordpress\/ -->\n<title>Eureka Mignon Silenzio - Gentlemen&#039;s Coffee Club Riviera<\/title>\n<meta name=\"robots\" content=\"index, follow, max-snippet:-1, max-image-preview:large, max-video-preview:-1\" \/>\n<link rel=\"canonical\" href=\"https:\/\/www.gentlemenscoffeeclub.ch\/de\/produkt\/moulin-a-cafe-eureka-mignon-silenzio-blanc\/\" \/>\n<meta property=\"og:locale\" content=\"de_DE\" \/>\n<meta property=\"og:type\" content=\"article\" \/>\n<meta property=\"og:title\" content=\"Eureka Mignon Silenzio - Gentlemen&#039;s Coffee Club Riviera\" \/>\n<meta property=\"og:description\" content=\"EUREKA MIGNON SILENZIO Compact, automatique et tr\u00e8s silencieux\" \/>\n<meta property=\"og:url\" content=\"https:\/\/www.gentlemenscoffeeclub.ch\/de\/produkt\/moulin-a-cafe-eureka-mignon-silenzio-blanc\/\" \/>\n<meta property=\"og:site_name\" content=\"Gentlemen&#039;s Coffee Club Riviera\" \/>\n<meta property=\"article:publisher\" content=\"https:\/\/www.facebook.com\/Gentlemens-Coffee-Club-104579991113160\" \/>\n<meta property=\"article:modified_time\" content=\"2020-04-17T20:11:51+00:00\" \/>\n<meta property=\"og:image\" content=\"https:\/\/www.gentlemenscoffeeclub.ch\/wp-content\/uploads\/2020\/04\/eureka-mignon-silenzio-noir-1.png\" \/>\n\t<meta property=\"og:image:width\" content=\"800\" \/>\n\t<meta property=\"og:image:height\" content=\"800\" \/>\n\t<meta property=\"og:image:type\" content=\"image\/png\" \/>\n<meta name=\"twitter:card\" content=\"summary_large_image\" \/>\n<meta name=\"twitter:label1\" content=\"Gesch\u00e4tzte Lesezeit\" \/>\n\t<meta name=\"twitter:data1\" content=\"1\u00a0Minute\" \/>\n<script type=\"application\/ld+json\" class=\"yoast-schema-graph\">{\"@context\":\"https:\\\/\\\/schema.org\",\"@graph\":[{\"@type\":\"WebPage\",\"@id\":\"https:\\\/\\\/www.gentlemenscoffeeclub.ch\\\/de\\\/produkt\\\/moulin-a-cafe-eureka-mignon-silenzio-blanc\\\/\",\"url\":\"https:\\\/\\\/www.gentlemenscoffeeclub.ch\\\/de\\\/produkt\\\/moulin-a-cafe-eureka-mignon-silenzio-blanc\\\/\",\"name\":\"Eureka Mignon Silenzio - Gentlemen's Coffee Club Riviera\",\"isPartOf\":{\"@id\":\"https:\\\/\\\/www.gentlemenscoffeeclub.ch\\\/#website\"},\"primaryImageOfPage\":{\"@id\":\"https:\\\/\\\/www.gentlemenscoffeeclub.ch\\\/de\\\/produkt\\\/moulin-a-cafe-eureka-mignon-silenzio-blanc\\\/#primaryimage\"},\"image\":{\"@id\":\"https:\\\/\\\/www.gentlemenscoffeeclub.ch\\\/de\\\/produkt\\\/moulin-a-cafe-eureka-mignon-silenzio-blanc\\\/#primaryimage\"},\"thumbnailUrl\":\"https:\\\/\\\/www.gentlemenscoffeeclub.ch\\\/wp-content\\\/uploads\\\/2020\\\/04\\\/eureka-mignon-silenzio-noir-1.png\",\"datePublished\":\"2020-04-14T09:23:37+00:00\",\"dateModified\":\"2020-04-17T20:11:51+00:00\",\"breadcrumb\":{\"@id\":\"https:\\\/\\\/www.gentlemenscoffeeclub.ch\\\/de\\\/produkt\\\/moulin-a-cafe-eureka-mignon-silenzio-blanc\\\/#breadcrumb\"},\"inLanguage\":\"de\",\"potentialAction\":[{\"@type\":\"ReadAction\",\"target\":[\"https:\\\/\\\/www.gentlemenscoffeeclub.ch\\\/de\\\/produkt\\\/moulin-a-cafe-eureka-mignon-silenzio-blanc\\\/\"]}]},{\"@type\":\"ImageObject\",\"inLanguage\":\"de\",\"@id\":\"https:\\\/\\\/www.gentlemenscoffeeclub.ch\\\/de\\\/produkt\\\/moulin-a-cafe-eureka-mignon-silenzio-blanc\\\/#primaryimage\",\"url\":\"https:\\\/\\\/www.gentlemenscoffeeclub.ch\\\/wp-content\\\/uploads\\\/2020\\\/04\\\/eureka-mignon-silenzio-noir-1.png\",\"contentUrl\":\"https:\\\/\\\/www.gentlemenscoffeeclub.ch\\\/wp-content\\\/uploads\\\/2020\\\/04\\\/eureka-mignon-silenzio-noir-1.png\",\"width\":800,\"height\":800},{\"@type\":\"BreadcrumbList\",\"@id\":\"https:\\\/\\\/www.gentlemenscoffeeclub.ch\\\/de\\\/produkt\\\/moulin-a-cafe-eureka-mignon-silenzio-blanc\\\/#breadcrumb\",\"itemListElement\":[{\"@type\":\"ListItem\",\"position\":1,\"name\":\"Accueil\",\"item\":\"https:\\\/\\\/www.gentlemenscoffeeclub.ch\\\/\"},{\"@type\":\"ListItem\",\"position\":2,\"name\":\"Shop\",\"item\":\"https:\\\/\\\/www.gentlemenscoffeeclub.ch\\\/shop\\\/\"},{\"@type\":\"ListItem\",\"position\":3,\"name\":\"Moulins \u00e0 caf\u00e9\",\"item\":\"https:\\\/\\\/www.gentlemenscoffeeclub.ch\\\/categorie-produit\\\/moulins-a-cafe\\\/\"},{\"@type\":\"ListItem\",\"position\":4,\"name\":\"Eureka Mignon Silenzio\"}]},{\"@type\":\"WebSite\",\"@id\":\"https:\\\/\\\/www.gentlemenscoffeeclub.ch\\\/#website\",\"url\":\"https:\\\/\\\/www.gentlemenscoffeeclub.ch\\\/\",\"name\":\"Gentlemen's Coffee Club Riviera\",\"description\":\"Caf&eacute; Premium torr&eacute;fi&eacute; &agrave; Montreux\",\"publisher\":{\"@id\":\"https:\\\/\\\/www.gentlemenscoffeeclub.ch\\\/#organization\"},\"potentialAction\":[{\"@type\":\"SearchAction\",\"target\":{\"@type\":\"EntryPoint\",\"urlTemplate\":\"https:\\\/\\\/www.gentlemenscoffeeclub.ch\\\/?s={search_term_string}\"},\"query-input\":{\"@type\":\"PropertyValueSpecification\",\"valueRequired\":true,\"valueName\":\"search_term_string\"}}],\"inLanguage\":\"de\"},{\"@type\":\"Organization\",\"@id\":\"https:\\\/\\\/www.gentlemenscoffeeclub.ch\\\/#organization\",\"name\":\"Gentlemens Coffee Club Montreux\",\"url\":\"https:\\\/\\\/www.gentlemenscoffeeclub.ch\\\/\",\"logo\":{\"@type\":\"ImageObject\",\"inLanguage\":\"de\",\"@id\":\"https:\\\/\\\/www.gentlemenscoffeeclub.ch\\\/#\\\/schema\\\/logo\\\/image\\\/\",\"url\":\"https:\\\/\\\/www.gentlemenscoffeeclub.ch\\\/wp-content\\\/uploads\\\/2020\\\/04\\\/singe-seul-lunettes-roses77.png\",\"contentUrl\":\"https:\\\/\\\/www.gentlemenscoffeeclub.ch\\\/wp-content\\\/uploads\\\/2020\\\/04\\\/singe-seul-lunettes-roses77.png\",\"width\":996,\"height\":1455,\"caption\":\"Gentlemens Coffee Club Montreux\"},\"image\":{\"@id\":\"https:\\\/\\\/www.gentlemenscoffeeclub.ch\\\/#\\\/schema\\\/logo\\\/image\\\/\"},\"sameAs\":[\"https:\\\/\\\/www.facebook.com\\\/Gentlemens-Coffee-Club-104579991113160\",\"https:\\\/\\\/www.instagram.com\\\/clubgentlemenscoffee\\\/\",\"https:\\\/\\\/www.linkedin.com\\\/company\\\/gentlemen-s-coffee-club\"]}]}<\/script>\n<!-- \/ Yoast SEO plugin. -->","yoast_head_json":{"title":"Eureka Mignon Silenzio - Gentlemen's Coffee Club Riviera","robots":{"index":"index","follow":"follow","max-snippet":"max-snippet:-1","max-image-preview":"max-image-preview:large","max-video-preview":"max-video-preview:-1"},"canonical":"https:\/\/www.gentlemenscoffeeclub.ch\/de\/produkt\/moulin-a-cafe-eureka-mignon-silenzio-blanc\/","og_locale":"de_DE","og_type":"article","og_title":"Eureka Mignon Silenzio - Gentlemen's Coffee Club Riviera","og_description":"EUREKA MIGNON SILENZIO Compact, automatique et tr\u00e8s silencieux","og_url":"https:\/\/www.gentlemenscoffeeclub.ch\/de\/produkt\/moulin-a-cafe-eureka-mignon-silenzio-blanc\/","og_site_name":"Gentlemen's Coffee Club Riviera","article_publisher":"https:\/\/www.facebook.com\/Gentlemens-Coffee-Club-104579991113160","article_modified_time":"2020-04-17T20:11:51+00:00","og_image":[{"width":800,"height":800,"url":"https:\/\/www.gentlemenscoffeeclub.ch\/wp-content\/uploads\/2020\/04\/eureka-mignon-silenzio-noir-1.png","type":"image\/png"}],"twitter_card":"summary_large_image","twitter_misc":{"Gesch\u00e4tzte Lesezeit":"1\u00a0Minute"},"schema":{"@context":"https:\/\/schema.org","@graph":[{"@type":"WebPage","@id":"https:\/\/www.gentlemenscoffeeclub.ch\/de\/produkt\/moulin-a-cafe-eureka-mignon-silenzio-blanc\/","url":"https:\/\/www.gentlemenscoffeeclub.ch\/de\/produkt\/moulin-a-cafe-eureka-mignon-silenzio-blanc\/","name":"Eureka Mignon Silenzio - Gentlemen's Coffee Club Riviera","isPartOf":{"@id":"https:\/\/www.gentlemenscoffeeclub.ch\/#website"},"primaryImageOfPage":{"@id":"https:\/\/www.gentlemenscoffeeclub.ch\/de\/produkt\/moulin-a-cafe-eureka-mignon-silenzio-blanc\/#primaryimage"},"image":{"@id":"https:\/\/www.gentlemenscoffeeclub.ch\/de\/produkt\/moulin-a-cafe-eureka-mignon-silenzio-blanc\/#primaryimage"},"thumbnailUrl":"https:\/\/www.gentlemenscoffeeclub.ch\/wp-content\/uploads\/2020\/04\/eureka-mignon-silenzio-noir-1.png","datePublished":"2020-04-14T09:23:37+00:00","dateModified":"2020-04-17T20:11:51+00:00","breadcrumb":{"@id":"https:\/\/www.gentlemenscoffeeclub.ch\/de\/produkt\/moulin-a-cafe-eureka-mignon-silenzio-blanc\/#breadcrumb"},"inLanguage":"de","potentialAction":[{"@type":"ReadAction","target":["https:\/\/www.gentlemenscoffeeclub.ch\/de\/produkt\/moulin-a-cafe-eureka-mignon-silenzio-blanc\/"]}]},{"@type":"ImageObject","inLanguage":"de","@id":"https:\/\/www.gentlemenscoffeeclub.ch\/de\/produkt\/moulin-a-cafe-eureka-mignon-silenzio-blanc\/#primaryimage","url":"https:\/\/www.gentlemenscoffeeclub.ch\/wp-content\/uploads\/2020\/04\/eureka-mignon-silenzio-noir-1.png","contentUrl":"https:\/\/www.gentlemenscoffeeclub.ch\/wp-content\/uploads\/2020\/04\/eureka-mignon-silenzio-noir-1.png","width":800,"height":800},{"@type":"BreadcrumbList","@id":"https:\/\/www.gentlemenscoffeeclub.ch\/de\/produkt\/moulin-a-cafe-eureka-mignon-silenzio-blanc\/#breadcrumb","itemListElement":[{"@type":"ListItem","position":1,"name":"Accueil","item":"https:\/\/www.gentlemenscoffeeclub.ch\/"},{"@type":"ListItem","position":2,"name":"Shop","item":"https:\/\/www.gentlemenscoffeeclub.ch\/shop\/"},{"@type":"ListItem","position":3,"name":"Moulins \u00e0 caf\u00e9","item":"https:\/\/www.gentlemenscoffeeclub.ch\/categorie-produit\/moulins-a-cafe\/"},{"@type":"ListItem","position":4,"name":"Eureka Mignon Silenzio"}]},{"@type":"WebSite","@id":"https:\/\/www.gentlemenscoffeeclub.ch\/#website","url":"https:\/\/www.gentlemenscoffeeclub.ch\/","name":"Gentlemen's Coffee Club Riviera","description":"Caf&eacute; Premium torr&eacute;fi&eacute; &agrave; Montreux","publisher":{"@id":"https:\/\/www.gentlemenscoffeeclub.ch\/#organization"},"potentialAction":[{"@type":"SearchAction","target":{"@type":"EntryPoint","urlTemplate":"https:\/\/www.gentlemenscoffeeclub.ch\/?s={search_term_string}"},"query-input":{"@type":"PropertyValueSpecification","valueRequired":true,"valueName":"search_term_string"}}],"inLanguage":"de"},{"@type":"Organization","@id":"https:\/\/www.gentlemenscoffeeclub.ch\/#organization","name":"Gentlemens Coffee Club Montreux","url":"https:\/\/www.gentlemenscoffeeclub.ch\/","logo":{"@type":"ImageObject","inLanguage":"de","@id":"https:\/\/www.gentlemenscoffeeclub.ch\/#\/schema\/logo\/image\/","url":"https:\/\/www.gentlemenscoffeeclub.ch\/wp-content\/uploads\/2020\/04\/singe-seul-lunettes-roses77.png","contentUrl":"https:\/\/www.gentlemenscoffeeclub.ch\/wp-content\/uploads\/2020\/04\/singe-seul-lunettes-roses77.png","width":996,"height":1455,"caption":"Gentlemens Coffee Club Montreux"},"image":{"@id":"https:\/\/www.gentlemenscoffeeclub.ch\/#\/schema\/logo\/image\/"},"sameAs":["https:\/\/www.facebook.com\/Gentlemens-Coffee-Club-104579991113160","https:\/\/www.instagram.com\/clubgentlemenscoffee\/","https:\/\/www.linkedin.com\/company\/gentlemen-s-coffee-club"]}]}},"_links":{"self":[{"href":"https:\/\/www.gentlemenscoffeeclub.ch\/de\/wp-json\/wp\/v2\/product\/3602","targetHints":{"allow":["GET"]}}],"collection":[{"href":"https:\/\/www.gentlemenscoffeeclub.ch\/de\/wp-json\/wp\/v2\/product"}],"about":[{"href":"https:\/\/www.gentlemenscoffeeclub.ch\/de\/wp-json\/wp\/v2\/types\/product"}],"replies":[{"embeddable":true,"href":"https:\/\/www.gentlemenscoffeeclub.ch\/de\/wp-json\/wp\/v2\/comments?post=3602"}],"wp:featuredmedia":[{"embeddable":true,"href":"https:\/\/www.gentlemenscoffeeclub.ch\/de\/wp-json\/wp\/v2\/media\/3763"}],"wp:attachment":[{"href":"https:\/\/www.gentlemenscoffeeclub.ch\/de\/wp-json\/wp\/v2\/media?parent=3602"}],"wp:term":[{"taxonomy":"product_brand","embeddable":true,"href":"https:\/\/www.gentlemenscoffeeclub.ch\/de\/wp-json\/wp\/v2\/product_brand?post=3602"},{"taxonomy":"product_cat","embeddable":true,"href":"https:\/\/www.gentlemenscoffeeclub.ch\/de\/wp-json\/wp\/v2\/product_cat?post=3602"},{"taxonomy":"product_tag","embeddable":true,"href":"https:\/\/www.gentlemenscoffeeclub.ch\/de\/wp-json\/wp\/v2\/product_tag?post=3602"}],"curies":[{"name":"wp","href":"https:\/\/api.w.org\/{rel}","templated":true}]}}