{"id":3594,"date":"2020-04-14T09:23:37","date_gmt":"2020-04-14T09:23:37","guid":{"rendered":"https:\/\/www.gentlemenscoffeeclub.ch\/produit\/rocket-fausto-grinder\/"},"modified":"2020-04-20T12:28:12","modified_gmt":"2020-04-20T12:28:12","slug":"rocket-fausto-grinder","status":"publish","type":"product","link":"https:\/\/www.gentlemenscoffeeclub.ch\/de\/produkt\/rocket-fausto-grinder\/","title":{"rendered":"Rocket FAUSTO Grinder"},"content":{"rendered":"<p>Le moulin \u00e0 caf\u00e9 Rocket Fausto Macinatore est le tout premier moulin vendu par Rocket Espresso. Fid\u00e8le \u00e0 la r\u00e9putation de la maison, ce moulin offre une qualit\u00e9 de mouture exceptionnelle gr\u00e2ce \u00e0 ses meules plates de 65 mm et une finition irr\u00e9prochable gr\u00e2ce \u00e0 son boitier massif en aluminium coul\u00e9. Lisez ci-dessous pourquoi ce moulin est le compagnon id\u00e9al \u00e0 votre machine espresso Rocket!<\/p>\n<p class=\"h3\">MEULES PLATES DE 65 MM<\/p>\n<div class=\"product-landing-section-text\">\n<p>Le moulin Rocket Fausto est \u00e9quip\u00e9 de meules plates de 65 mm de diam\u00e8tre, comparable \u00e0 ce qui \u00e9quipe le moulin commercial de votre caf\u00e9 pr\u00e9f\u00e9r\u00e9. En comparaison \u00e0 une meule conique, une meule plate produira une mouture plus uniforme, permettant un contr\u00f4le plus pr\u00e9cis de l\u2019extraction. Ce type de meule va aussi produire moins d\u2019\u00e9lectricit\u00e9 statique, ce qui r\u00e9duit l\u2019agglutination (\u00ab clumping \u00bb) et permet une meilleure distribution de la mouture \u00e0 l\u2019int\u00e9rieur du porte-filtre.<\/p>\n<p class=\"h3\">CONTR\u00d4LE INFINI DE LA MOUTURE<\/p>\n<div class=\"product-landing-section-text\">\n<p>Le contr\u00f4le infini de la grosseur de mouture sur le Rocket Fausto est atteint gr\u00e2ce \u00e0 une molette microm\u00e9trique facilement accessible sur le dessus du moulin. Comportant juste assez de r\u00e9sistance \u00e0 la rotation afin d\u2019offrir un contr\u00f4le pr\u00e9cis, elle vous permettra d\u2019atteindre la mouture parfaite, extraction apr\u00e8s extraction.<\/p>\n<p class=\"h3\">CONTR\u00d4LE CHRONOM\u00c9TRIQUE DU DOSAGE<\/p>\n<div class=\"product-landing-section-text\">\n<p>Le moulin Rocket Fausto comporte un doseur chronom\u00e9trique tr\u00e8s pr\u00e9cis, permettant de sauvegarder une dose simple ou une dose double pour \u00e9viter d\u2019avoir \u00e0 ajuster le moulin chaque matin. Selon nos tests, une dose d\u2019espresso double de 16 g est produite en approximativement 8,5 secondes, avec une tr\u00e8s l\u00e9g\u00e8re variation de plus ou moins 0,3 g d\u2019une dose \u00e0 l\u2019autre, ce qui est tr\u00e8s pr\u00e9cis pour un doseur \u00e0 chronom\u00e8tre.<\/p>\n<div class=\"product-landing-section-line\">\n<div class=\"product-landing-section-line-number\"><\/div>\n<\/div>\n<div class=\"product-landing-section-info\">\n<p class=\"h3\">QUALIT\u00c9 DE CONSTRUCTION<\/p>\n<div class=\"product-landing-section-text\">\n<p>Lorsqu\u2019on retire le moulin Rocket Fausto de sa bo\u00eete, on est imm\u00e9diatement impressionn\u00e9 par son poids (11,5 kg!) et son efficacit\u00e9. Fait d\u2019aluminium coul\u00e9 tr\u00e8s \u00e9pais et d\u2019un moteur produisant 245 W (110 V) \u00e0 une vitesse de 1650 rpm, on est imm\u00e9diatement impressionn\u00e9 par son c\u00f4t\u00e9 silencieux. Avec un entretien minimal, ce moulin est bon pour rouler pendant de nombreuses ann\u00e9es.<\/p>\n<p class=\"h3\">SP\u00c9CIFICATIONS<\/p>\n<div class=\"product-landing-section-text\">\n<p>Meules : plates, en acier, 65 mm<\/p>\n<p>Vitesse de rotation : 1350 rpm<\/p>\n<p>Moteur : 245 W (110 V)<\/p>\n<p>Vitesse de mouture : 1,6 g \u00e0 2,9 g \/ seconde<\/p>\n<p>Poids : 11,5 kg<\/p>\n<p>Dimensions (L x P x H) : 17 cm x 28 cm x 44,5 cm<\/p>\n<\/div>\n<\/div>\n<\/div>\n<\/div>\n<\/div>\n<\/div>","protected":false},"excerpt":{"rendered":"<h4 class=\"product-name\">MOULIN FAUSTO<\/h4>","protected":false},"featured_media":3788,"comment_status":"closed","ping_status":"closed","template":"","meta":[],"product_brand":[],"product_cat":[20],"product_tag":[],"class_list":{"0":"post-3594","1":"product","2":"type-product","3":"status-publish","4":"has-post-thumbnail","6":"product_cat-moulins-a-cafe","8":"first","9":"instock","10":"purchasable","11":"product-type-variable"},"yoast_head":"<!-- This site is optimized with the Yoast SEO plugin v27.5 - https:\/\/yoast.com\/product\/yoast-seo-wordpress\/ -->\n<title>Rocket FAUSTO Grinder - Gentlemen&#039;s Coffee Club Riviera<\/title>\n<meta name=\"robots\" content=\"index, follow, max-snippet:-1, max-image-preview:large, max-video-preview:-1\" \/>\n<link rel=\"canonical\" href=\"https:\/\/www.gentlemenscoffeeclub.ch\/de\/produkt\/rocket-fausto-grinder\/\" \/>\n<meta property=\"og:locale\" content=\"de_DE\" \/>\n<meta property=\"og:type\" content=\"article\" \/>\n<meta property=\"og:title\" content=\"Rocket FAUSTO Grinder - Gentlemen&#039;s Coffee Club Riviera\" \/>\n<meta property=\"og:description\" content=\"MOULIN FAUSTO\" \/>\n<meta property=\"og:url\" content=\"https:\/\/www.gentlemenscoffeeclub.ch\/de\/produkt\/rocket-fausto-grinder\/\" \/>\n<meta property=\"og:site_name\" content=\"Gentlemen&#039;s Coffee Club Riviera\" \/>\n<meta property=\"article:publisher\" content=\"https:\/\/www.facebook.com\/Gentlemens-Coffee-Club-104579991113160\" \/>\n<meta property=\"article:modified_time\" content=\"2020-04-20T12:28:12+00:00\" \/>\n<meta property=\"og:image\" content=\"https:\/\/www.gentlemenscoffeeclub.ch\/wp-content\/uploads\/2020\/04\/A01803_1-scaled.jpg\" \/>\n\t<meta property=\"og:image:width\" content=\"2552\" \/>\n\t<meta property=\"og:image:height\" content=\"2560\" \/>\n\t<meta property=\"og:image:type\" content=\"image\/jpeg\" \/>\n<meta name=\"twitter:card\" content=\"summary_large_image\" \/>\n<meta name=\"twitter:label1\" content=\"Gesch\u00e4tzte Lesezeit\" \/>\n\t<meta name=\"twitter:data1\" content=\"2\u00a0Minuten\" \/>\n<script type=\"application\/ld+json\" class=\"yoast-schema-graph\">{\"@context\":\"https:\\\/\\\/schema.org\",\"@graph\":[{\"@type\":\"WebPage\",\"@id\":\"https:\\\/\\\/www.gentlemenscoffeeclub.ch\\\/produit\\\/rocket-fausto-grinder\\\/\",\"url\":\"https:\\\/\\\/www.gentlemenscoffeeclub.ch\\\/produit\\\/rocket-fausto-grinder\\\/\",\"name\":\"Rocket FAUSTO Grinder - Gentlemen's Coffee Club Riviera\",\"isPartOf\":{\"@id\":\"https:\\\/\\\/www.gentlemenscoffeeclub.ch\\\/#website\"},\"primaryImageOfPage\":{\"@id\":\"https:\\\/\\\/www.gentlemenscoffeeclub.ch\\\/produit\\\/rocket-fausto-grinder\\\/#primaryimage\"},\"image\":{\"@id\":\"https:\\\/\\\/www.gentlemenscoffeeclub.ch\\\/produit\\\/rocket-fausto-grinder\\\/#primaryimage\"},\"thumbnailUrl\":\"https:\\\/\\\/www.gentlemenscoffeeclub.ch\\\/wp-content\\\/uploads\\\/2020\\\/04\\\/A01803_1-scaled.jpg\",\"datePublished\":\"2020-04-14T09:23:37+00:00\",\"dateModified\":\"2020-04-20T12:28:12+00:00\",\"breadcrumb\":{\"@id\":\"https:\\\/\\\/www.gentlemenscoffeeclub.ch\\\/produit\\\/rocket-fausto-grinder\\\/#breadcrumb\"},\"inLanguage\":\"de\",\"potentialAction\":[{\"@type\":\"ReadAction\",\"target\":[\"https:\\\/\\\/www.gentlemenscoffeeclub.ch\\\/produit\\\/rocket-fausto-grinder\\\/\"]}]},{\"@type\":\"ImageObject\",\"inLanguage\":\"de\",\"@id\":\"https:\\\/\\\/www.gentlemenscoffeeclub.ch\\\/produit\\\/rocket-fausto-grinder\\\/#primaryimage\",\"url\":\"https:\\\/\\\/www.gentlemenscoffeeclub.ch\\\/wp-content\\\/uploads\\\/2020\\\/04\\\/A01803_1-scaled.jpg\",\"contentUrl\":\"https:\\\/\\\/www.gentlemenscoffeeclub.ch\\\/wp-content\\\/uploads\\\/2020\\\/04\\\/A01803_1-scaled.jpg\",\"width\":2552,\"height\":2560},{\"@type\":\"BreadcrumbList\",\"@id\":\"https:\\\/\\\/www.gentlemenscoffeeclub.ch\\\/produit\\\/rocket-fausto-grinder\\\/#breadcrumb\",\"itemListElement\":[{\"@type\":\"ListItem\",\"position\":1,\"name\":\"Accueil\",\"item\":\"https:\\\/\\\/www.gentlemenscoffeeclub.ch\\\/\"},{\"@type\":\"ListItem\",\"position\":2,\"name\":\"Shop\",\"item\":\"https:\\\/\\\/www.gentlemenscoffeeclub.ch\\\/shop\\\/\"},{\"@type\":\"ListItem\",\"position\":3,\"name\":\"Moulins \u00e0 caf\u00e9\",\"item\":\"https:\\\/\\\/www.gentlemenscoffeeclub.ch\\\/categorie-produit\\\/moulins-a-cafe\\\/\"},{\"@type\":\"ListItem\",\"position\":4,\"name\":\"Rocket FAUSTO Grinder\"}]},{\"@type\":\"WebSite\",\"@id\":\"https:\\\/\\\/www.gentlemenscoffeeclub.ch\\\/#website\",\"url\":\"https:\\\/\\\/www.gentlemenscoffeeclub.ch\\\/\",\"name\":\"Gentlemen's Coffee Club Riviera\",\"description\":\"Caf&eacute; Premium torr&eacute;fi&eacute; &agrave; Montreux\",\"publisher\":{\"@id\":\"https:\\\/\\\/www.gentlemenscoffeeclub.ch\\\/#organization\"},\"potentialAction\":[{\"@type\":\"SearchAction\",\"target\":{\"@type\":\"EntryPoint\",\"urlTemplate\":\"https:\\\/\\\/www.gentlemenscoffeeclub.ch\\\/?s={search_term_string}\"},\"query-input\":{\"@type\":\"PropertyValueSpecification\",\"valueRequired\":true,\"valueName\":\"search_term_string\"}}],\"inLanguage\":\"de\"},{\"@type\":\"Organization\",\"@id\":\"https:\\\/\\\/www.gentlemenscoffeeclub.ch\\\/#organization\",\"name\":\"Gentlemens Coffee Club Montreux\",\"url\":\"https:\\\/\\\/www.gentlemenscoffeeclub.ch\\\/\",\"logo\":{\"@type\":\"ImageObject\",\"inLanguage\":\"de\",\"@id\":\"https:\\\/\\\/www.gentlemenscoffeeclub.ch\\\/#\\\/schema\\\/logo\\\/image\\\/\",\"url\":\"https:\\\/\\\/www.gentlemenscoffeeclub.ch\\\/wp-content\\\/uploads\\\/2020\\\/04\\\/singe-seul-lunettes-roses77.png\",\"contentUrl\":\"https:\\\/\\\/www.gentlemenscoffeeclub.ch\\\/wp-content\\\/uploads\\\/2020\\\/04\\\/singe-seul-lunettes-roses77.png\",\"width\":996,\"height\":1455,\"caption\":\"Gentlemens Coffee Club Montreux\"},\"image\":{\"@id\":\"https:\\\/\\\/www.gentlemenscoffeeclub.ch\\\/#\\\/schema\\\/logo\\\/image\\\/\"},\"sameAs\":[\"https:\\\/\\\/www.facebook.com\\\/Gentlemens-Coffee-Club-104579991113160\",\"https:\\\/\\\/www.instagram.com\\\/clubgentlemenscoffee\\\/\",\"https:\\\/\\\/www.linkedin.com\\\/company\\\/gentlemen-s-coffee-club\"]}]}<\/script>\n<!-- \/ Yoast SEO plugin. -->","yoast_head_json":{"title":"Rocket FAUSTO Grinder - Gentlemen's Coffee Club Riviera","robots":{"index":"index","follow":"follow","max-snippet":"max-snippet:-1","max-image-preview":"max-image-preview:large","max-video-preview":"max-video-preview:-1"},"canonical":"https:\/\/www.gentlemenscoffeeclub.ch\/de\/produkt\/rocket-fausto-grinder\/","og_locale":"de_DE","og_type":"article","og_title":"Rocket FAUSTO Grinder - Gentlemen's Coffee Club Riviera","og_description":"MOULIN FAUSTO","og_url":"https:\/\/www.gentlemenscoffeeclub.ch\/de\/produkt\/rocket-fausto-grinder\/","og_site_name":"Gentlemen's Coffee Club Riviera","article_publisher":"https:\/\/www.facebook.com\/Gentlemens-Coffee-Club-104579991113160","article_modified_time":"2020-04-20T12:28:12+00:00","og_image":[{"width":2552,"height":2560,"url":"https:\/\/www.gentlemenscoffeeclub.ch\/wp-content\/uploads\/2020\/04\/A01803_1-scaled.jpg","type":"image\/jpeg"}],"twitter_card":"summary_large_image","twitter_misc":{"Gesch\u00e4tzte Lesezeit":"2\u00a0Minuten"},"schema":{"@context":"https:\/\/schema.org","@graph":[{"@type":"WebPage","@id":"https:\/\/www.gentlemenscoffeeclub.ch\/produit\/rocket-fausto-grinder\/","url":"https:\/\/www.gentlemenscoffeeclub.ch\/produit\/rocket-fausto-grinder\/","name":"Rocket FAUSTO Grinder - Gentlemen's Coffee Club Riviera","isPartOf":{"@id":"https:\/\/www.gentlemenscoffeeclub.ch\/#website"},"primaryImageOfPage":{"@id":"https:\/\/www.gentlemenscoffeeclub.ch\/produit\/rocket-fausto-grinder\/#primaryimage"},"image":{"@id":"https:\/\/www.gentlemenscoffeeclub.ch\/produit\/rocket-fausto-grinder\/#primaryimage"},"thumbnailUrl":"https:\/\/www.gentlemenscoffeeclub.ch\/wp-content\/uploads\/2020\/04\/A01803_1-scaled.jpg","datePublished":"2020-04-14T09:23:37+00:00","dateModified":"2020-04-20T12:28:12+00:00","breadcrumb":{"@id":"https:\/\/www.gentlemenscoffeeclub.ch\/produit\/rocket-fausto-grinder\/#breadcrumb"},"inLanguage":"de","potentialAction":[{"@type":"ReadAction","target":["https:\/\/www.gentlemenscoffeeclub.ch\/produit\/rocket-fausto-grinder\/"]}]},{"@type":"ImageObject","inLanguage":"de","@id":"https:\/\/www.gentlemenscoffeeclub.ch\/produit\/rocket-fausto-grinder\/#primaryimage","url":"https:\/\/www.gentlemenscoffeeclub.ch\/wp-content\/uploads\/2020\/04\/A01803_1-scaled.jpg","contentUrl":"https:\/\/www.gentlemenscoffeeclub.ch\/wp-content\/uploads\/2020\/04\/A01803_1-scaled.jpg","width":2552,"height":2560},{"@type":"BreadcrumbList","@id":"https:\/\/www.gentlemenscoffeeclub.ch\/produit\/rocket-fausto-grinder\/#breadcrumb","itemListElement":[{"@type":"ListItem","position":1,"name":"Accueil","item":"https:\/\/www.gentlemenscoffeeclub.ch\/"},{"@type":"ListItem","position":2,"name":"Shop","item":"https:\/\/www.gentlemenscoffeeclub.ch\/shop\/"},{"@type":"ListItem","position":3,"name":"Moulins \u00e0 caf\u00e9","item":"https:\/\/www.gentlemenscoffeeclub.ch\/categorie-produit\/moulins-a-cafe\/"},{"@type":"ListItem","position":4,"name":"Rocket FAUSTO Grinder"}]},{"@type":"WebSite","@id":"https:\/\/www.gentlemenscoffeeclub.ch\/#website","url":"https:\/\/www.gentlemenscoffeeclub.ch\/","name":"Gentlemen's Coffee Club Riviera","description":"Caf&eacute; Premium torr&eacute;fi&eacute; &agrave; Montreux","publisher":{"@id":"https:\/\/www.gentlemenscoffeeclub.ch\/#organization"},"potentialAction":[{"@type":"SearchAction","target":{"@type":"EntryPoint","urlTemplate":"https:\/\/www.gentlemenscoffeeclub.ch\/?s={search_term_string}"},"query-input":{"@type":"PropertyValueSpecification","valueRequired":true,"valueName":"search_term_string"}}],"inLanguage":"de"},{"@type":"Organization","@id":"https:\/\/www.gentlemenscoffeeclub.ch\/#organization","name":"Gentlemens Coffee Club Montreux","url":"https:\/\/www.gentlemenscoffeeclub.ch\/","logo":{"@type":"ImageObject","inLanguage":"de","@id":"https:\/\/www.gentlemenscoffeeclub.ch\/#\/schema\/logo\/image\/","url":"https:\/\/www.gentlemenscoffeeclub.ch\/wp-content\/uploads\/2020\/04\/singe-seul-lunettes-roses77.png","contentUrl":"https:\/\/www.gentlemenscoffeeclub.ch\/wp-content\/uploads\/2020\/04\/singe-seul-lunettes-roses77.png","width":996,"height":1455,"caption":"Gentlemens Coffee Club Montreux"},"image":{"@id":"https:\/\/www.gentlemenscoffeeclub.ch\/#\/schema\/logo\/image\/"},"sameAs":["https:\/\/www.facebook.com\/Gentlemens-Coffee-Club-104579991113160","https:\/\/www.instagram.com\/clubgentlemenscoffee\/","https:\/\/www.linkedin.com\/company\/gentlemen-s-coffee-club"]}]}},"_links":{"self":[{"href":"https:\/\/www.gentlemenscoffeeclub.ch\/de\/wp-json\/wp\/v2\/product\/3594","targetHints":{"allow":["GET"]}}],"collection":[{"href":"https:\/\/www.gentlemenscoffeeclub.ch\/de\/wp-json\/wp\/v2\/product"}],"about":[{"href":"https:\/\/www.gentlemenscoffeeclub.ch\/de\/wp-json\/wp\/v2\/types\/product"}],"replies":[{"embeddable":true,"href":"https:\/\/www.gentlemenscoffeeclub.ch\/de\/wp-json\/wp\/v2\/comments?post=3594"}],"wp:featuredmedia":[{"embeddable":true,"href":"https:\/\/www.gentlemenscoffeeclub.ch\/de\/wp-json\/wp\/v2\/media\/3788"}],"wp:attachment":[{"href":"https:\/\/www.gentlemenscoffeeclub.ch\/de\/wp-json\/wp\/v2\/media?parent=3594"}],"wp:term":[{"taxonomy":"product_brand","embeddable":true,"href":"https:\/\/www.gentlemenscoffeeclub.ch\/de\/wp-json\/wp\/v2\/product_brand?post=3594"},{"taxonomy":"product_cat","embeddable":true,"href":"https:\/\/www.gentlemenscoffeeclub.ch\/de\/wp-json\/wp\/v2\/product_cat?post=3594"},{"taxonomy":"product_tag","embeddable":true,"href":"https:\/\/www.gentlemenscoffeeclub.ch\/de\/wp-json\/wp\/v2\/product_tag?post=3594"}],"curies":[{"name":"wp","href":"https:\/\/api.w.org\/{rel}","templated":true}]}}