{"id":3591,"date":"2020-04-14T09:23:37","date_gmt":"2020-04-14T09:23:37","guid":{"rendered":"https:\/\/www.gentlemenscoffeeclub.ch\/produit\/rocket-r-nine-one-stainless-steel\/"},"modified":"2020-10-25T08:35:30","modified_gmt":"2020-10-25T08:35:30","slug":"rocket-r-nine-one-stainless-steel","status":"publish","type":"product","link":"https:\/\/www.gentlemenscoffeeclub.ch\/de\/produkt\/rocket-r-nine-one-stainless-steel\/","title":{"rendered":"Rocket R NINE ONE Stainless Steel"},"content":{"rendered":"<p>Rocket Espresso fabrique les meilleures machines \u00e0 expresso dans la tradition de \u00abFatto a Mano\u00bb, qui signifie \u00abfabriqu\u00e9 \u00e0 la main\u00bb.<br \/>\nNotre petite \u00e9quipe d\u2019artisans produit \u00e0 la fois de l\u2019expresso domestique et commercial haut de gamme<br \/>\nmachines, magnifiquement faites avec un soin m\u00e9ticuleux et une attention aux d\u00e9tails.<br \/>\nPlus important encore, les machines Rocket Espresso d\u00e9livrent le meilleur espresso de la tasse, chaque fois.<br \/>\nUn partenariat entre<br \/>\nLe N\u00e9o-Z\u00e9landais Andrew Meo et l\u2019Italien Daniele Berenbruch ont apport\u00e9 dans leur usine de Milan des philosophies oppos\u00e9es du monde entier afin de fabriquer les meilleures machines \u00e0 expresso possibles.Le R NINE ONE a \u00e9t\u00e9 d\u00e9velopp\u00e9<br \/>\nd\u2019apporter le meilleur de notre programme de d\u00e9veloppement de machines commerciales dans une machine capable d\u2019obtenir des r\u00e9sultats exceptionnels. Con\u00e7u pour une utilisation dans une petite application commerciale ou dans un environnement domestique.<br \/>\nStabilit\u00e9 thermique gr\u00e2ce au syst\u00e8me de groupe enti\u00e8rement satur\u00e9 Rocket Espresso, associ\u00e9 au contr\u00f4le de temp\u00e9rature num\u00e9rique PID<br \/>\nPr\u00e9 et post infusion contr\u00f4l\u00e9es par un syst\u00e8me de profilage de pression complet, en utilisant les 5 programmes pr\u00e9r\u00e9gl\u00e9s ou par une commande manuelle via le syst\u00e8me de palette Rocket Espresso.<br \/>\nConnexion directe \u00e0 l\u2019eau ou r\u00e9servoir int\u00e9gr\u00e9, machine \u00e0 expresso con\u00e7ue pour produire des r\u00e9sultats spectaculaires dans la tasse, gr\u00e2ce \u00e0 la stabilit\u00e9 et \u00e0 la flexibilit\u00e9 des param\u00e8tres de contr\u00f4le.<br \/>\nR NINE ONE CARACT\u00c9RISTIQUES DIMENSIONS<br \/>\n\u2022 5 profils de pression de pompe 1 profil semi-automatique (\u00e0 r\u00e9gler \u00e0 l\u2019aide de la palette du groupe)<br \/>\n\u2022 \u00c9cran tactile couleur graphique<br \/>\n\u2022 Pompe volum\u00e9trique \u00e0 aimants permanents pour un fonctionnement absolument pr\u00e9cis et silencieux<br \/>\n\u2022 Carrosserie enti\u00e8rement en acier inoxydable (commande sp\u00e9ciale: panneaux lat\u00e9raux et arri\u00e8re blancs ou noirs finis en caoutchouc)<br \/>\n\u2022 Chaudi\u00e8res enti\u00e8rement en acier inoxydable AISI 316L.<br \/>\n\u2022 Ensemble groupe satur\u00e9 de la chaudi\u00e8re: 1,9 litre \u2013 1200 W<br \/>\n\u2022 Chaudi\u00e8re de service: 3,6 litres \u00e0 1400 W<br \/>\n\u2022 Max. consommation d\u2019\u00e9nergie de la machine: 1600 W<br \/>\n\u2022 410 x 505 x 430 mm (largeur x profondeur x hauteur)<br \/>\n\u2022 Poids: 47,4 kg<br \/>\n\u2022 Alimentation en eau: op\u00e9ration \u00e0 plomberie dure ou \u00e0 verser<\/p>\n<p><iframe title=\"The Rocket Espresso Story\" src=\"https:\/\/player.vimeo.com\/video\/122628035?dnt=1&amp;app_id=122963\" width=\"980\" height=\"551\" frameborder=\"0\" allow=\"autoplay; fullscreen\" allowfullscreen><\/iframe><\/p>\n<p><iframe title=\"First look at the NEW ROCKET R NINE ONE\" width=\"980\" height=\"551\" src=\"https:\/\/www.youtube.com\/embed\/IpzxpDNS8PQ?feature=oembed\" frameborder=\"0\" allow=\"accelerometer; autoplay; encrypted-media; gyroscope; picture-in-picture\" allowfullscreen><\/iframe><\/p>\n<p>UGS : A02263<br \/>\nCAT\u00c9GORIE : MACHINE ESPRESSO BARISTA<br \/>\n\u00c9TIQUETTE : ROCKET<br \/>\nBRAND: ROCKET<\/p>","protected":false},"excerpt":{"rendered":"<h4>Rocket R NINE ONE<\/h4>\n<p>\u00ab\u00a0pour les GENTLEMENS\u00a0\u00bb<\/p>","protected":false},"featured_media":3690,"comment_status":"closed","ping_status":"closed","template":"","meta":[],"product_brand":[],"product_cat":[94],"product_tag":[],"class_list":{"0":"post-3591","1":"product","2":"type-product","3":"status-publish","4":"has-post-thumbnail","6":"product_cat-machines-a-expresso","8":"first","9":"instock","10":"purchasable","11":"product-type-simple"},"yoast_head":"<!-- This site is optimized with the Yoast SEO plugin v27.5 - https:\/\/yoast.com\/product\/yoast-seo-wordpress\/ -->\n<title>Rocket R NINE ONE Stainless Steel - Gentlemen&#039;s Coffee Club Riviera<\/title>\n<meta name=\"robots\" content=\"index, follow, max-snippet:-1, max-image-preview:large, max-video-preview:-1\" \/>\n<link rel=\"canonical\" href=\"https:\/\/www.gentlemenscoffeeclub.ch\/de\/produkt\/rocket-r-nine-one-stainless-steel\/\" \/>\n<meta property=\"og:locale\" content=\"de_DE\" \/>\n<meta property=\"og:type\" content=\"article\" \/>\n<meta property=\"og:title\" content=\"Rocket R NINE ONE Stainless Steel - Gentlemen&#039;s Coffee Club Riviera\" \/>\n<meta property=\"og:description\" content=\"Rocket R NINE ONE &quot;pour les GENTLEMENS&quot;\" \/>\n<meta property=\"og:url\" content=\"https:\/\/www.gentlemenscoffeeclub.ch\/de\/produkt\/rocket-r-nine-one-stainless-steel\/\" \/>\n<meta property=\"og:site_name\" content=\"Gentlemen&#039;s Coffee Club Riviera\" \/>\n<meta property=\"article:publisher\" content=\"https:\/\/www.facebook.com\/Gentlemens-Coffee-Club-104579991113160\" \/>\n<meta property=\"article:modified_time\" content=\"2020-10-25T08:35:30+00:00\" \/>\n<meta property=\"og:image\" content=\"https:\/\/www.gentlemenscoffeeclub.ch\/wp-content\/uploads\/2020\/04\/A02263_1-scaled.jpg\" \/>\n\t<meta property=\"og:image:width\" content=\"2560\" \/>\n\t<meta property=\"og:image:height\" content=\"2045\" \/>\n\t<meta property=\"og:image:type\" content=\"image\/jpeg\" \/>\n<meta name=\"twitter:card\" content=\"summary_large_image\" \/>\n<meta name=\"twitter:label1\" content=\"Gesch\u00e4tzte Lesezeit\" \/>\n\t<meta name=\"twitter:data1\" content=\"2\u00a0Minuten\" \/>\n<script type=\"application\/ld+json\" class=\"yoast-schema-graph\">{\"@context\":\"https:\\\/\\\/schema.org\",\"@graph\":[{\"@type\":\"WebPage\",\"@id\":\"https:\\\/\\\/www.gentlemenscoffeeclub.ch\\\/produit\\\/rocket-r-nine-one-stainless-steel\\\/\",\"url\":\"https:\\\/\\\/www.gentlemenscoffeeclub.ch\\\/produit\\\/rocket-r-nine-one-stainless-steel\\\/\",\"name\":\"Rocket R NINE ONE Stainless Steel - Gentlemen's Coffee Club Riviera\",\"isPartOf\":{\"@id\":\"https:\\\/\\\/www.gentlemenscoffeeclub.ch\\\/#website\"},\"primaryImageOfPage\":{\"@id\":\"https:\\\/\\\/www.gentlemenscoffeeclub.ch\\\/produit\\\/rocket-r-nine-one-stainless-steel\\\/#primaryimage\"},\"image\":{\"@id\":\"https:\\\/\\\/www.gentlemenscoffeeclub.ch\\\/produit\\\/rocket-r-nine-one-stainless-steel\\\/#primaryimage\"},\"thumbnailUrl\":\"https:\\\/\\\/www.gentlemenscoffeeclub.ch\\\/wp-content\\\/uploads\\\/2020\\\/04\\\/A02263_1-scaled.jpg\",\"datePublished\":\"2020-04-14T09:23:37+00:00\",\"dateModified\":\"2020-10-25T08:35:30+00:00\",\"breadcrumb\":{\"@id\":\"https:\\\/\\\/www.gentlemenscoffeeclub.ch\\\/produit\\\/rocket-r-nine-one-stainless-steel\\\/#breadcrumb\"},\"inLanguage\":\"de\",\"potentialAction\":[{\"@type\":\"ReadAction\",\"target\":[\"https:\\\/\\\/www.gentlemenscoffeeclub.ch\\\/produit\\\/rocket-r-nine-one-stainless-steel\\\/\"]}]},{\"@type\":\"ImageObject\",\"inLanguage\":\"de\",\"@id\":\"https:\\\/\\\/www.gentlemenscoffeeclub.ch\\\/produit\\\/rocket-r-nine-one-stainless-steel\\\/#primaryimage\",\"url\":\"https:\\\/\\\/www.gentlemenscoffeeclub.ch\\\/wp-content\\\/uploads\\\/2020\\\/04\\\/A02263_1-scaled.jpg\",\"contentUrl\":\"https:\\\/\\\/www.gentlemenscoffeeclub.ch\\\/wp-content\\\/uploads\\\/2020\\\/04\\\/A02263_1-scaled.jpg\",\"width\":2560,\"height\":2045},{\"@type\":\"BreadcrumbList\",\"@id\":\"https:\\\/\\\/www.gentlemenscoffeeclub.ch\\\/produit\\\/rocket-r-nine-one-stainless-steel\\\/#breadcrumb\",\"itemListElement\":[{\"@type\":\"ListItem\",\"position\":1,\"name\":\"Accueil\",\"item\":\"https:\\\/\\\/www.gentlemenscoffeeclub.ch\\\/\"},{\"@type\":\"ListItem\",\"position\":2,\"name\":\"Shop\",\"item\":\"https:\\\/\\\/www.gentlemenscoffeeclub.ch\\\/shop\\\/\"},{\"@type\":\"ListItem\",\"position\":3,\"name\":\"Machines \u00e0 expresso\",\"item\":\"https:\\\/\\\/www.gentlemenscoffeeclub.ch\\\/categorie-produit\\\/machines-a-expresso\\\/\"},{\"@type\":\"ListItem\",\"position\":4,\"name\":\"Rocket R NINE ONE Stainless Steel\"}]},{\"@type\":\"WebSite\",\"@id\":\"https:\\\/\\\/www.gentlemenscoffeeclub.ch\\\/#website\",\"url\":\"https:\\\/\\\/www.gentlemenscoffeeclub.ch\\\/\",\"name\":\"Gentlemen's Coffee Club Riviera\",\"description\":\"Caf&eacute; Premium torr&eacute;fi&eacute; &agrave; Montreux\",\"publisher\":{\"@id\":\"https:\\\/\\\/www.gentlemenscoffeeclub.ch\\\/#organization\"},\"potentialAction\":[{\"@type\":\"SearchAction\",\"target\":{\"@type\":\"EntryPoint\",\"urlTemplate\":\"https:\\\/\\\/www.gentlemenscoffeeclub.ch\\\/?s={search_term_string}\"},\"query-input\":{\"@type\":\"PropertyValueSpecification\",\"valueRequired\":true,\"valueName\":\"search_term_string\"}}],\"inLanguage\":\"de\"},{\"@type\":\"Organization\",\"@id\":\"https:\\\/\\\/www.gentlemenscoffeeclub.ch\\\/#organization\",\"name\":\"Gentlemens Coffee Club Montreux\",\"url\":\"https:\\\/\\\/www.gentlemenscoffeeclub.ch\\\/\",\"logo\":{\"@type\":\"ImageObject\",\"inLanguage\":\"de\",\"@id\":\"https:\\\/\\\/www.gentlemenscoffeeclub.ch\\\/#\\\/schema\\\/logo\\\/image\\\/\",\"url\":\"https:\\\/\\\/www.gentlemenscoffeeclub.ch\\\/wp-content\\\/uploads\\\/2020\\\/04\\\/singe-seul-lunettes-roses77.png\",\"contentUrl\":\"https:\\\/\\\/www.gentlemenscoffeeclub.ch\\\/wp-content\\\/uploads\\\/2020\\\/04\\\/singe-seul-lunettes-roses77.png\",\"width\":996,\"height\":1455,\"caption\":\"Gentlemens Coffee Club Montreux\"},\"image\":{\"@id\":\"https:\\\/\\\/www.gentlemenscoffeeclub.ch\\\/#\\\/schema\\\/logo\\\/image\\\/\"},\"sameAs\":[\"https:\\\/\\\/www.facebook.com\\\/Gentlemens-Coffee-Club-104579991113160\",\"https:\\\/\\\/www.instagram.com\\\/clubgentlemenscoffee\\\/\",\"https:\\\/\\\/www.linkedin.com\\\/company\\\/gentlemen-s-coffee-club\"]}]}<\/script>\n<!-- \/ Yoast SEO plugin. -->","yoast_head_json":{"title":"Rocket R NINE ONE Stainless Steel - Gentlemen's Coffee Club Riviera","robots":{"index":"index","follow":"follow","max-snippet":"max-snippet:-1","max-image-preview":"max-image-preview:large","max-video-preview":"max-video-preview:-1"},"canonical":"https:\/\/www.gentlemenscoffeeclub.ch\/de\/produkt\/rocket-r-nine-one-stainless-steel\/","og_locale":"de_DE","og_type":"article","og_title":"Rocket R NINE ONE Stainless Steel - Gentlemen's Coffee Club Riviera","og_description":"Rocket R NINE ONE \"pour les GENTLEMENS\"","og_url":"https:\/\/www.gentlemenscoffeeclub.ch\/de\/produkt\/rocket-r-nine-one-stainless-steel\/","og_site_name":"Gentlemen's Coffee Club Riviera","article_publisher":"https:\/\/www.facebook.com\/Gentlemens-Coffee-Club-104579991113160","article_modified_time":"2020-10-25T08:35:30+00:00","og_image":[{"width":2560,"height":2045,"url":"https:\/\/www.gentlemenscoffeeclub.ch\/wp-content\/uploads\/2020\/04\/A02263_1-scaled.jpg","type":"image\/jpeg"}],"twitter_card":"summary_large_image","twitter_misc":{"Gesch\u00e4tzte Lesezeit":"2\u00a0Minuten"},"schema":{"@context":"https:\/\/schema.org","@graph":[{"@type":"WebPage","@id":"https:\/\/www.gentlemenscoffeeclub.ch\/produit\/rocket-r-nine-one-stainless-steel\/","url":"https:\/\/www.gentlemenscoffeeclub.ch\/produit\/rocket-r-nine-one-stainless-steel\/","name":"Rocket R NINE ONE Stainless Steel - Gentlemen's Coffee Club Riviera","isPartOf":{"@id":"https:\/\/www.gentlemenscoffeeclub.ch\/#website"},"primaryImageOfPage":{"@id":"https:\/\/www.gentlemenscoffeeclub.ch\/produit\/rocket-r-nine-one-stainless-steel\/#primaryimage"},"image":{"@id":"https:\/\/www.gentlemenscoffeeclub.ch\/produit\/rocket-r-nine-one-stainless-steel\/#primaryimage"},"thumbnailUrl":"https:\/\/www.gentlemenscoffeeclub.ch\/wp-content\/uploads\/2020\/04\/A02263_1-scaled.jpg","datePublished":"2020-04-14T09:23:37+00:00","dateModified":"2020-10-25T08:35:30+00:00","breadcrumb":{"@id":"https:\/\/www.gentlemenscoffeeclub.ch\/produit\/rocket-r-nine-one-stainless-steel\/#breadcrumb"},"inLanguage":"de","potentialAction":[{"@type":"ReadAction","target":["https:\/\/www.gentlemenscoffeeclub.ch\/produit\/rocket-r-nine-one-stainless-steel\/"]}]},{"@type":"ImageObject","inLanguage":"de","@id":"https:\/\/www.gentlemenscoffeeclub.ch\/produit\/rocket-r-nine-one-stainless-steel\/#primaryimage","url":"https:\/\/www.gentlemenscoffeeclub.ch\/wp-content\/uploads\/2020\/04\/A02263_1-scaled.jpg","contentUrl":"https:\/\/www.gentlemenscoffeeclub.ch\/wp-content\/uploads\/2020\/04\/A02263_1-scaled.jpg","width":2560,"height":2045},{"@type":"BreadcrumbList","@id":"https:\/\/www.gentlemenscoffeeclub.ch\/produit\/rocket-r-nine-one-stainless-steel\/#breadcrumb","itemListElement":[{"@type":"ListItem","position":1,"name":"Accueil","item":"https:\/\/www.gentlemenscoffeeclub.ch\/"},{"@type":"ListItem","position":2,"name":"Shop","item":"https:\/\/www.gentlemenscoffeeclub.ch\/shop\/"},{"@type":"ListItem","position":3,"name":"Machines \u00e0 expresso","item":"https:\/\/www.gentlemenscoffeeclub.ch\/categorie-produit\/machines-a-expresso\/"},{"@type":"ListItem","position":4,"name":"Rocket R NINE ONE Stainless Steel"}]},{"@type":"WebSite","@id":"https:\/\/www.gentlemenscoffeeclub.ch\/#website","url":"https:\/\/www.gentlemenscoffeeclub.ch\/","name":"Gentlemen's Coffee Club Riviera","description":"Caf&eacute; Premium torr&eacute;fi&eacute; &agrave; Montreux","publisher":{"@id":"https:\/\/www.gentlemenscoffeeclub.ch\/#organization"},"potentialAction":[{"@type":"SearchAction","target":{"@type":"EntryPoint","urlTemplate":"https:\/\/www.gentlemenscoffeeclub.ch\/?s={search_term_string}"},"query-input":{"@type":"PropertyValueSpecification","valueRequired":true,"valueName":"search_term_string"}}],"inLanguage":"de"},{"@type":"Organization","@id":"https:\/\/www.gentlemenscoffeeclub.ch\/#organization","name":"Gentlemens Coffee Club Montreux","url":"https:\/\/www.gentlemenscoffeeclub.ch\/","logo":{"@type":"ImageObject","inLanguage":"de","@id":"https:\/\/www.gentlemenscoffeeclub.ch\/#\/schema\/logo\/image\/","url":"https:\/\/www.gentlemenscoffeeclub.ch\/wp-content\/uploads\/2020\/04\/singe-seul-lunettes-roses77.png","contentUrl":"https:\/\/www.gentlemenscoffeeclub.ch\/wp-content\/uploads\/2020\/04\/singe-seul-lunettes-roses77.png","width":996,"height":1455,"caption":"Gentlemens Coffee Club Montreux"},"image":{"@id":"https:\/\/www.gentlemenscoffeeclub.ch\/#\/schema\/logo\/image\/"},"sameAs":["https:\/\/www.facebook.com\/Gentlemens-Coffee-Club-104579991113160","https:\/\/www.instagram.com\/clubgentlemenscoffee\/","https:\/\/www.linkedin.com\/company\/gentlemen-s-coffee-club"]}]}},"_links":{"self":[{"href":"https:\/\/www.gentlemenscoffeeclub.ch\/de\/wp-json\/wp\/v2\/product\/3591","targetHints":{"allow":["GET"]}}],"collection":[{"href":"https:\/\/www.gentlemenscoffeeclub.ch\/de\/wp-json\/wp\/v2\/product"}],"about":[{"href":"https:\/\/www.gentlemenscoffeeclub.ch\/de\/wp-json\/wp\/v2\/types\/product"}],"replies":[{"embeddable":true,"href":"https:\/\/www.gentlemenscoffeeclub.ch\/de\/wp-json\/wp\/v2\/comments?post=3591"}],"wp:featuredmedia":[{"embeddable":true,"href":"https:\/\/www.gentlemenscoffeeclub.ch\/de\/wp-json\/wp\/v2\/media\/3690"}],"wp:attachment":[{"href":"https:\/\/www.gentlemenscoffeeclub.ch\/de\/wp-json\/wp\/v2\/media?parent=3591"}],"wp:term":[{"taxonomy":"product_brand","embeddable":true,"href":"https:\/\/www.gentlemenscoffeeclub.ch\/de\/wp-json\/wp\/v2\/product_brand?post=3591"},{"taxonomy":"product_cat","embeddable":true,"href":"https:\/\/www.gentlemenscoffeeclub.ch\/de\/wp-json\/wp\/v2\/product_cat?post=3591"},{"taxonomy":"product_tag","embeddable":true,"href":"https:\/\/www.gentlemenscoffeeclub.ch\/de\/wp-json\/wp\/v2\/product_tag?post=3591"}],"curies":[{"name":"wp","href":"https:\/\/api.w.org\/{rel}","templated":true}]}}