{"id":3584,"date":"2020-04-14T09:23:37","date_gmt":"2020-04-14T09:23:37","guid":{"rendered":"https:\/\/www.gentlemenscoffeeclub.ch\/produit\/rocket-espresso-r58\/"},"modified":"2020-11-10T17:19:53","modified_gmt":"2020-11-10T17:19:53","slug":"rocket-espresso-r58","status":"publish","type":"product","link":"https:\/\/www.gentlemenscoffeeclub.ch\/de\/produkt\/rocket-espresso-r58\/","title":{"rendered":"Rocket R Cinquantotto"},"content":{"rendered":"<p>La Rocket Espresso R Cinquantotto\u00a0\u00a0est une machine qui affiche tout le savoir-faire unique de Rocket Espresso. Les finitions de cette machine sont soign\u00e9es, et de\u00a0nombreux d\u00e9tails\u00a0la rende sublime !<br \/>\nL&rsquo;\u00e9volution est notable, et les diff\u00e9rences avec la R58 sont flagrantes.<br \/>\nLes nouveaux pieds en acier inoxydable permettent une assise stable ainsi qu&rsquo;un look dynamique\u00a0.<br \/>\nSes dimensions g\u00e9n\u00e9reuses mais tout de m\u00eame minimes lorsqu&rsquo;on consid\u00e8re les technologies et m\u00e9caniques integr\u00e9es, font de la\u00a0Rocket Espresso R Cinquantotto\u00a0une machine domestique \u00e0 part enti\u00e8re.<\/p>\n<p>La\u00a0Rocket Espresso R Cinquantotto\u00a0\u00a0 est une machine \u00e0\u00a0double chaudi\u00e8re\u00a0, ce qui lui permet d&rsquo;avoir une\u00a0stabilit\u00e9 thermique\u00a0sans faille durant les extractions et de profiter d&rsquo;une\u00a0vapeur \u00e0 la demande puissante\u00a0.<\/p>\n<p>La\u00a0chaudi\u00e8re caf\u00e9\u00a0dispose de 580ml de contenance, la\u00a0chaudi\u00e8re de service\u00a0(vapeur) \u00e0 une contenance de 1800ml et donne acc\u00e8s \u00e0 une\u00a0vapeur puissante \u00e0 travers la buse cool touch\u00a0.<\/p>\n<p>Afin de garantir des extractions toujours r\u00e9ussies, elle est con\u00e7ue avec le fameux\u00a0groupe E61\u00a0, le plus stable et r\u00e9put\u00e9 du march\u00e9.<br \/>\nTout\u00a0en laiton\u00a0, il assure une chauffe optimale du groupe par circulation de l&rsquo;eau et une\u00a0pr\u00e9-infusion m\u00e9canique\u00a0pour d\u00e9voiler tous les ar\u00f4mes de votre caf\u00e9.<\/p>\n<p>Technologiquement, c\u2019est ce nouveau syst\u00e8me PID (Contr\u00f4le de temp\u00e9rature des deux chaudi\u00e8res) qui ressemble enfin \u00e0 un accessoire pr\u00e9sentable. D\u2019une part vous le fixez sur le c\u00f4t\u00e9 de la machine et enfin il est dot\u00e9 d\u2019un \u00e9cran tactile ergonomique et simple d\u2019utilisation. Vous r\u00e9glez au degr\u00e9 pr\u00e8s les deux chaudi\u00e8res caf\u00e9s et eaux ind\u00e9pendamment l\u2019une de l\u2019autre. A l\u2019int\u00e9rieur de la b\u00eate, on retrouve tout ce qui fait le succ\u00e8s de la R58, \u00e0 savoir, son fameux syst\u00e8me \u00e0 double chaudi\u00e8res en laiton isol\u00e9e. Cet avantage vous permet de vous confectionner un expresso pendant que vous faites mousser le lait. Et en acc\u00e9dant \u00e0 la temp\u00e9rature des deux chaudi\u00e8res gr\u00e2ce au PID, vous d\u00e9tenez la machine \u00e0 expresso haut de gamme ultime de qualit\u00e9 professionnel pour la maison. Pour un mod\u00e8le si haut de gamme, le rapport qualit\u00e9 prix est imbattable. Les performances sont telles qu\u2019ils ne serait pas h\u00e9r\u00e9tique de la retrouver dans un milieu professionnel.<\/p>\n<p>La machine affiche \u00e9galement\u00a0un manom\u00e8tre de pression de groupe\u00a0en fa\u00e7ade afin d&rsquo;avoir toujours un oeil sur l&rsquo;expresso en cours d&rsquo;extraction, mais \u00e9galement d&rsquo;un\u00a0manom\u00e8tre indiquant la pression chaudi\u00e8re.<\/p>\n<p><strong>Accessoires inclus:<\/strong> Kit complet pour le raccordement d&rsquo;eau (arriv\u00e9e + sortie),\u00a02 porte-filtre avec filtre pour 1 tasse et 2 tasses, filtre aveugle, tasseur \u00e0 caf\u00e9 en aluminium, brosse de nettoyage groupe caf\u00e9, cuill\u00e8ure doseuse, chiffon de polissage, manuel de l&rsquo;utilisateur, CD de guides ditactiques, r\u00e9chauffement du contour de la tasse en m\u00e9tal<\/p>\n<p>&nbsp;<\/p>\n<ul>\n<li class=\"translation-block\">\u00b0<\/li>\n<li>Groupe caf\u00e9 E-61 : Le l\u00e9gendaire groupe E-61 n\u2019est clairement plus \u00e0 pr\u00e9senter. Il \u00e9quipe tous les mod\u00e8les de la marque, reconnu pour sa stabilit\u00e9 et son isolation thermique<\/li>\n<li>Chaudi\u00e8res de 1.7 L (Eau) et de 0.58L (groupe caf\u00e9) : 2 Chaudi\u00e8res en inox reli\u00e9es \u00e0 des \u00e9changeurs en laiton qui augmentent la r\u00e9tention thermique et la puissance de la vapeur. C\u2019est le cas des mod\u00e8les de la marque \u00e9quip\u00e9s de deux chaudi\u00e8res. Cette disposition vous assure environ 40% de puissance suppl\u00e9mentaire par rapport \u00e0 d&rsquo;autres syst\u00e8mes de chaudi\u00e8res.<\/li>\n<li>Syst\u00e8me PID : maintient et contr\u00f4le de la temp\u00e9rature des 2 chaudi\u00e8res<\/li>\n<li>Contr\u00f4le du niveau de la chaudi\u00e8re : Microprocesseur de contr\u00f4le automatique pour le niveau de la chaudi\u00e8re.<\/li>\n<li>Double syst\u00e8me de pr\u00e9-infusion pour une extraction de caf\u00e9 optimale<\/li>\n<li>R\u00e9servoir d\u2019eau 2.2l<\/li>\n<li>Dimensions (LxPxH) : 310 x 440 x 41 mm<\/li>\n<li>Poids : 29kg<\/li>\n<\/ul>\n<p>Garantie 2 ans<\/p>","protected":false},"excerpt":{"rendered":"<h2>Une machine au style rac\u00e9 et finitions soign\u00e9es<\/h2>","protected":false},"featured_media":5245,"comment_status":"closed","ping_status":"closed","template":"","meta":[],"product_brand":[],"product_cat":[94],"product_tag":[],"class_list":{"0":"post-3584","1":"product","2":"type-product","3":"status-publish","4":"has-post-thumbnail","6":"product_cat-machines-a-expresso","8":"first","9":"instock","10":"purchasable","11":"product-type-simple"},"yoast_head":"<!-- This site is optimized with the Yoast SEO plugin v27.5 - https:\/\/yoast.com\/product\/yoast-seo-wordpress\/ -->\n<title>Rocket R Cinquantotto - Gentlemen&#039;s Coffee Club Riviera<\/title>\n<meta name=\"robots\" content=\"index, follow, max-snippet:-1, max-image-preview:large, max-video-preview:-1\" \/>\n<link rel=\"canonical\" href=\"https:\/\/www.gentlemenscoffeeclub.ch\/de\/produkt\/rocket-espresso-r58\/\" \/>\n<meta property=\"og:locale\" content=\"de_DE\" \/>\n<meta property=\"og:type\" content=\"article\" \/>\n<meta property=\"og:title\" content=\"Rocket R Cinquantotto - Gentlemen&#039;s Coffee Club Riviera\" \/>\n<meta property=\"og:description\" content=\"Une machine au style rac\u00e9 et finitions soign\u00e9es\" \/>\n<meta property=\"og:url\" content=\"https:\/\/www.gentlemenscoffeeclub.ch\/de\/produkt\/rocket-espresso-r58\/\" \/>\n<meta property=\"og:site_name\" content=\"Gentlemen&#039;s Coffee Club Riviera\" \/>\n<meta property=\"article:publisher\" content=\"https:\/\/www.facebook.com\/Gentlemens-Coffee-Club-104579991113160\" \/>\n<meta property=\"article:modified_time\" content=\"2020-11-10T17:19:53+00:00\" \/>\n<meta property=\"og:image\" content=\"https:\/\/www.gentlemenscoffeeclub.ch\/wp-content\/uploads\/2020\/04\/A02751_1-Rocket-R-Cinquantotto-1.jpg\" \/>\n\t<meta property=\"og:image:width\" content=\"570\" \/>\n\t<meta property=\"og:image:height\" content=\"708\" \/>\n\t<meta property=\"og:image:type\" content=\"image\/jpeg\" \/>\n<meta name=\"twitter:card\" content=\"summary_large_image\" \/>\n<meta name=\"twitter:label1\" content=\"Gesch\u00e4tzte Lesezeit\" \/>\n\t<meta name=\"twitter:data1\" content=\"3\u00a0Minuten\" \/>\n<script type=\"application\/ld+json\" class=\"yoast-schema-graph\">{\"@context\":\"https:\\\/\\\/schema.org\",\"@graph\":[{\"@type\":\"WebPage\",\"@id\":\"https:\\\/\\\/www.gentlemenscoffeeclub.ch\\\/produit\\\/rocket-espresso-r58\\\/\",\"url\":\"https:\\\/\\\/www.gentlemenscoffeeclub.ch\\\/produit\\\/rocket-espresso-r58\\\/\",\"name\":\"Rocket R Cinquantotto - Gentlemen's Coffee Club Riviera\",\"isPartOf\":{\"@id\":\"https:\\\/\\\/www.gentlemenscoffeeclub.ch\\\/#website\"},\"primaryImageOfPage\":{\"@id\":\"https:\\\/\\\/www.gentlemenscoffeeclub.ch\\\/produit\\\/rocket-espresso-r58\\\/#primaryimage\"},\"image\":{\"@id\":\"https:\\\/\\\/www.gentlemenscoffeeclub.ch\\\/produit\\\/rocket-espresso-r58\\\/#primaryimage\"},\"thumbnailUrl\":\"https:\\\/\\\/www.gentlemenscoffeeclub.ch\\\/wp-content\\\/uploads\\\/2020\\\/04\\\/A02751_1-Rocket-R-Cinquantotto-1.jpg\",\"datePublished\":\"2020-04-14T09:23:37+00:00\",\"dateModified\":\"2020-11-10T17:19:53+00:00\",\"breadcrumb\":{\"@id\":\"https:\\\/\\\/www.gentlemenscoffeeclub.ch\\\/produit\\\/rocket-espresso-r58\\\/#breadcrumb\"},\"inLanguage\":\"de\",\"potentialAction\":[{\"@type\":\"ReadAction\",\"target\":[\"https:\\\/\\\/www.gentlemenscoffeeclub.ch\\\/produit\\\/rocket-espresso-r58\\\/\"]}]},{\"@type\":\"ImageObject\",\"inLanguage\":\"de\",\"@id\":\"https:\\\/\\\/www.gentlemenscoffeeclub.ch\\\/produit\\\/rocket-espresso-r58\\\/#primaryimage\",\"url\":\"https:\\\/\\\/www.gentlemenscoffeeclub.ch\\\/wp-content\\\/uploads\\\/2020\\\/04\\\/A02751_1-Rocket-R-Cinquantotto-1.jpg\",\"contentUrl\":\"https:\\\/\\\/www.gentlemenscoffeeclub.ch\\\/wp-content\\\/uploads\\\/2020\\\/04\\\/A02751_1-Rocket-R-Cinquantotto-1.jpg\",\"width\":570,\"height\":708},{\"@type\":\"BreadcrumbList\",\"@id\":\"https:\\\/\\\/www.gentlemenscoffeeclub.ch\\\/produit\\\/rocket-espresso-r58\\\/#breadcrumb\",\"itemListElement\":[{\"@type\":\"ListItem\",\"position\":1,\"name\":\"Accueil\",\"item\":\"https:\\\/\\\/www.gentlemenscoffeeclub.ch\\\/\"},{\"@type\":\"ListItem\",\"position\":2,\"name\":\"Shop\",\"item\":\"https:\\\/\\\/www.gentlemenscoffeeclub.ch\\\/shop\\\/\"},{\"@type\":\"ListItem\",\"position\":3,\"name\":\"Machines \u00e0 expresso\",\"item\":\"https:\\\/\\\/www.gentlemenscoffeeclub.ch\\\/categorie-produit\\\/machines-a-expresso\\\/\"},{\"@type\":\"ListItem\",\"position\":4,\"name\":\"Rocket R Cinquantotto\"}]},{\"@type\":\"WebSite\",\"@id\":\"https:\\\/\\\/www.gentlemenscoffeeclub.ch\\\/#website\",\"url\":\"https:\\\/\\\/www.gentlemenscoffeeclub.ch\\\/\",\"name\":\"Gentlemen's Coffee Club Riviera\",\"description\":\"Caf&eacute; Premium torr&eacute;fi&eacute; &agrave; Montreux\",\"publisher\":{\"@id\":\"https:\\\/\\\/www.gentlemenscoffeeclub.ch\\\/#organization\"},\"potentialAction\":[{\"@type\":\"SearchAction\",\"target\":{\"@type\":\"EntryPoint\",\"urlTemplate\":\"https:\\\/\\\/www.gentlemenscoffeeclub.ch\\\/?s={search_term_string}\"},\"query-input\":{\"@type\":\"PropertyValueSpecification\",\"valueRequired\":true,\"valueName\":\"search_term_string\"}}],\"inLanguage\":\"de\"},{\"@type\":\"Organization\",\"@id\":\"https:\\\/\\\/www.gentlemenscoffeeclub.ch\\\/#organization\",\"name\":\"Gentlemens Coffee Club Montreux\",\"url\":\"https:\\\/\\\/www.gentlemenscoffeeclub.ch\\\/\",\"logo\":{\"@type\":\"ImageObject\",\"inLanguage\":\"de\",\"@id\":\"https:\\\/\\\/www.gentlemenscoffeeclub.ch\\\/#\\\/schema\\\/logo\\\/image\\\/\",\"url\":\"https:\\\/\\\/www.gentlemenscoffeeclub.ch\\\/wp-content\\\/uploads\\\/2020\\\/04\\\/singe-seul-lunettes-roses77.png\",\"contentUrl\":\"https:\\\/\\\/www.gentlemenscoffeeclub.ch\\\/wp-content\\\/uploads\\\/2020\\\/04\\\/singe-seul-lunettes-roses77.png\",\"width\":996,\"height\":1455,\"caption\":\"Gentlemens Coffee Club Montreux\"},\"image\":{\"@id\":\"https:\\\/\\\/www.gentlemenscoffeeclub.ch\\\/#\\\/schema\\\/logo\\\/image\\\/\"},\"sameAs\":[\"https:\\\/\\\/www.facebook.com\\\/Gentlemens-Coffee-Club-104579991113160\",\"https:\\\/\\\/www.instagram.com\\\/clubgentlemenscoffee\\\/\",\"https:\\\/\\\/www.linkedin.com\\\/company\\\/gentlemen-s-coffee-club\"]}]}<\/script>\n<!-- \/ Yoast SEO plugin. -->","yoast_head_json":{"title":"Rocket R Cinquantotto - Gentlemen's Coffee Club Riviera","robots":{"index":"index","follow":"follow","max-snippet":"max-snippet:-1","max-image-preview":"max-image-preview:large","max-video-preview":"max-video-preview:-1"},"canonical":"https:\/\/www.gentlemenscoffeeclub.ch\/de\/produkt\/rocket-espresso-r58\/","og_locale":"de_DE","og_type":"article","og_title":"Rocket R Cinquantotto - Gentlemen's Coffee Club Riviera","og_description":"Une machine au style rac\u00e9 et finitions soign\u00e9es","og_url":"https:\/\/www.gentlemenscoffeeclub.ch\/de\/produkt\/rocket-espresso-r58\/","og_site_name":"Gentlemen's Coffee Club Riviera","article_publisher":"https:\/\/www.facebook.com\/Gentlemens-Coffee-Club-104579991113160","article_modified_time":"2020-11-10T17:19:53+00:00","og_image":[{"width":570,"height":708,"url":"https:\/\/www.gentlemenscoffeeclub.ch\/wp-content\/uploads\/2020\/04\/A02751_1-Rocket-R-Cinquantotto-1.jpg","type":"image\/jpeg"}],"twitter_card":"summary_large_image","twitter_misc":{"Gesch\u00e4tzte Lesezeit":"3\u00a0Minuten"},"schema":{"@context":"https:\/\/schema.org","@graph":[{"@type":"WebPage","@id":"https:\/\/www.gentlemenscoffeeclub.ch\/produit\/rocket-espresso-r58\/","url":"https:\/\/www.gentlemenscoffeeclub.ch\/produit\/rocket-espresso-r58\/","name":"Rocket R Cinquantotto - Gentlemen's Coffee Club Riviera","isPartOf":{"@id":"https:\/\/www.gentlemenscoffeeclub.ch\/#website"},"primaryImageOfPage":{"@id":"https:\/\/www.gentlemenscoffeeclub.ch\/produit\/rocket-espresso-r58\/#primaryimage"},"image":{"@id":"https:\/\/www.gentlemenscoffeeclub.ch\/produit\/rocket-espresso-r58\/#primaryimage"},"thumbnailUrl":"https:\/\/www.gentlemenscoffeeclub.ch\/wp-content\/uploads\/2020\/04\/A02751_1-Rocket-R-Cinquantotto-1.jpg","datePublished":"2020-04-14T09:23:37+00:00","dateModified":"2020-11-10T17:19:53+00:00","breadcrumb":{"@id":"https:\/\/www.gentlemenscoffeeclub.ch\/produit\/rocket-espresso-r58\/#breadcrumb"},"inLanguage":"de","potentialAction":[{"@type":"ReadAction","target":["https:\/\/www.gentlemenscoffeeclub.ch\/produit\/rocket-espresso-r58\/"]}]},{"@type":"ImageObject","inLanguage":"de","@id":"https:\/\/www.gentlemenscoffeeclub.ch\/produit\/rocket-espresso-r58\/#primaryimage","url":"https:\/\/www.gentlemenscoffeeclub.ch\/wp-content\/uploads\/2020\/04\/A02751_1-Rocket-R-Cinquantotto-1.jpg","contentUrl":"https:\/\/www.gentlemenscoffeeclub.ch\/wp-content\/uploads\/2020\/04\/A02751_1-Rocket-R-Cinquantotto-1.jpg","width":570,"height":708},{"@type":"BreadcrumbList","@id":"https:\/\/www.gentlemenscoffeeclub.ch\/produit\/rocket-espresso-r58\/#breadcrumb","itemListElement":[{"@type":"ListItem","position":1,"name":"Accueil","item":"https:\/\/www.gentlemenscoffeeclub.ch\/"},{"@type":"ListItem","position":2,"name":"Shop","item":"https:\/\/www.gentlemenscoffeeclub.ch\/shop\/"},{"@type":"ListItem","position":3,"name":"Machines \u00e0 expresso","item":"https:\/\/www.gentlemenscoffeeclub.ch\/categorie-produit\/machines-a-expresso\/"},{"@type":"ListItem","position":4,"name":"Rocket R Cinquantotto"}]},{"@type":"WebSite","@id":"https:\/\/www.gentlemenscoffeeclub.ch\/#website","url":"https:\/\/www.gentlemenscoffeeclub.ch\/","name":"Gentlemen's Coffee Club Riviera","description":"Caf&eacute; Premium torr&eacute;fi&eacute; &agrave; Montreux","publisher":{"@id":"https:\/\/www.gentlemenscoffeeclub.ch\/#organization"},"potentialAction":[{"@type":"SearchAction","target":{"@type":"EntryPoint","urlTemplate":"https:\/\/www.gentlemenscoffeeclub.ch\/?s={search_term_string}"},"query-input":{"@type":"PropertyValueSpecification","valueRequired":true,"valueName":"search_term_string"}}],"inLanguage":"de"},{"@type":"Organization","@id":"https:\/\/www.gentlemenscoffeeclub.ch\/#organization","name":"Gentlemens Coffee Club Montreux","url":"https:\/\/www.gentlemenscoffeeclub.ch\/","logo":{"@type":"ImageObject","inLanguage":"de","@id":"https:\/\/www.gentlemenscoffeeclub.ch\/#\/schema\/logo\/image\/","url":"https:\/\/www.gentlemenscoffeeclub.ch\/wp-content\/uploads\/2020\/04\/singe-seul-lunettes-roses77.png","contentUrl":"https:\/\/www.gentlemenscoffeeclub.ch\/wp-content\/uploads\/2020\/04\/singe-seul-lunettes-roses77.png","width":996,"height":1455,"caption":"Gentlemens Coffee Club Montreux"},"image":{"@id":"https:\/\/www.gentlemenscoffeeclub.ch\/#\/schema\/logo\/image\/"},"sameAs":["https:\/\/www.facebook.com\/Gentlemens-Coffee-Club-104579991113160","https:\/\/www.instagram.com\/clubgentlemenscoffee\/","https:\/\/www.linkedin.com\/company\/gentlemen-s-coffee-club"]}]}},"_links":{"self":[{"href":"https:\/\/www.gentlemenscoffeeclub.ch\/de\/wp-json\/wp\/v2\/product\/3584","targetHints":{"allow":["GET"]}}],"collection":[{"href":"https:\/\/www.gentlemenscoffeeclub.ch\/de\/wp-json\/wp\/v2\/product"}],"about":[{"href":"https:\/\/www.gentlemenscoffeeclub.ch\/de\/wp-json\/wp\/v2\/types\/product"}],"replies":[{"embeddable":true,"href":"https:\/\/www.gentlemenscoffeeclub.ch\/de\/wp-json\/wp\/v2\/comments?post=3584"}],"wp:featuredmedia":[{"embeddable":true,"href":"https:\/\/www.gentlemenscoffeeclub.ch\/de\/wp-json\/wp\/v2\/media\/5245"}],"wp:attachment":[{"href":"https:\/\/www.gentlemenscoffeeclub.ch\/de\/wp-json\/wp\/v2\/media?parent=3584"}],"wp:term":[{"taxonomy":"product_brand","embeddable":true,"href":"https:\/\/www.gentlemenscoffeeclub.ch\/de\/wp-json\/wp\/v2\/product_brand?post=3584"},{"taxonomy":"product_cat","embeddable":true,"href":"https:\/\/www.gentlemenscoffeeclub.ch\/de\/wp-json\/wp\/v2\/product_cat?post=3584"},{"taxonomy":"product_tag","embeddable":true,"href":"https:\/\/www.gentlemenscoffeeclub.ch\/de\/wp-json\/wp\/v2\/product_tag?post=3584"}],"curies":[{"name":"wp","href":"https:\/\/api.w.org\/{rel}","templated":true}]}}