{"id":3480,"date":"2020-04-09T08:48:30","date_gmt":"2020-04-09T08:48:30","guid":{"rendered":"https:\/\/www.gentlemenscoffeeclub.ch\/?post_type=product&#038;p=3480"},"modified":"2024-04-23T15:37:20","modified_gmt":"2024-04-23T15:37:20","slug":"la-marzocco-linea-mini-rouge","status":"publish","type":"product","link":"https:\/\/www.gentlemenscoffeeclub.ch\/de\/produkt\/la-marzocco-linea-mini-rouge\/","title":{"rendered":"La Marzocco Linea Mini R"},"content":{"rendered":"<div class=\"produit-arguments\">\n<div class=\"product-description rte spaced-row-bottom\">\n<h1 class=\"p1\"><span class=\"s1\">Un classique de La Marzocco revisit\u00e9 pour la cuisine.<\/span><\/h1>\n<p>\u00ab\u00a0Born from a classic\u00a0\u00bb : la Linea Mini R est l&rsquo;\u00e9volution de la l\u00e9gendaire Linea Mini. Le design a \u00e9t\u00e9 retravaill\u00e9 en douceur et de nombreuses fonctionnalit\u00e9s ont \u00e9t\u00e9 ajout\u00e9es. Parmi les nouveaut\u00e9s les plus importantes, on trouve le shot timer int\u00e9gr\u00e9, le support multi-filtre convertible, la fonction flush et le mode hors ligne de l&rsquo;application. Gr\u00e2ce \u00e0 la connexion de la balance Brew-by-Weight de La Marzocco, la Linea Mini R peut \u00e9galement \u00eatre programm\u00e9e en fonction du poids.<\/p>\n<p>Les principales caract\u00e9ristiques sont les suivantes :<\/p>\n<ul>\n<li>Dual Boiler System &#8211; caf\u00e9 et vapeur \/ eau s\u00e9par\u00e9s<\/li>\n<li>Lance vapeur isol\u00e9e Cool-Touch avec buse innovante en polym\u00e8re PEEK<\/li>\n<li>Support multi-filtre 3 en 1<\/li>\n<li>Shot timer pour le contr\u00f4le de l&rsquo;extraction<\/li>\n<li>Programmable via la connexion \u00e0 la balance Brew-By-Weight de La Marzocco<\/li>\n<li>Mode Rinse pour un flushing efficace<\/li>\n<li>Connexion \u00e0 l&rsquo;application \u00e9galement via Bluetooth<\/li>\n<li>R\u00e9servoir d&rsquo;eau de 2,5 l pouvant \u00eatre rempli en fa\u00e7ade<\/li>\n<li>Raccordement \u00e0 l&rsquo;eau fixe pr\u00e9par\u00e9 (tuyaux et raccords non inclus)<\/li>\n<\/ul>\n<p>Compatible avec l&rsquo;application La Marzocco Home :<br \/>\n<a href=\"https:\/\/apps.apple.com\/ch\/app\/la-marzocco-home\/id1454815180\">App Store<\/a><br \/>\n<a href=\"https:\/\/play.google.com\/store\/apps\/details?id=com.lamarzocco.home\">Google Play<\/a><\/p>\n<p>Dimensions : 38,1 cm x 35,5 cm x 45,7 cm (H,L,P)<br \/>\nPoids : 30 kg<\/p>\n<\/div>\n<div class=\"product-form\">\n<div class=\"option-selectors\">\n<div class=\"selector-wrapper\"><\/div>\n<\/div>\n<\/div>\n<p><iframe title=\"The 2019 La Marzocco Corporate Video\" width=\"980\" height=\"551\" src=\"https:\/\/www.youtube.com\/embed\/JHvJBbgIQKg?start=9&#038;feature=oembed\" frameborder=\"0\" allow=\"accelerometer; autoplay; clipboard-write; encrypted-media; gyroscope; picture-in-picture; web-share\" referrerpolicy=\"strict-origin-when-cross-origin\" allowfullscreen><\/iframe><\/p>\n<\/div>\n<p><iframe title=\"So Simple, So Happy\" width=\"980\" height=\"551\" src=\"https:\/\/www.youtube.com\/embed\/o3dek4bwOGQ?feature=oembed\" frameborder=\"0\" allow=\"accelerometer; autoplay; clipboard-write; encrypted-media; gyroscope; picture-in-picture; web-share\" referrerpolicy=\"strict-origin-when-cross-origin\" allowfullscreen><\/iframe><\/p>\n<p><iframe title=\"How to use your App with the Linea Mini\" width=\"980\" height=\"551\" src=\"https:\/\/www.youtube.com\/embed\/aCA3gOTqvTU?start=2&#038;feature=oembed\" frameborder=\"0\" allow=\"accelerometer; autoplay; clipboard-write; encrypted-media; gyroscope; picture-in-picture; web-share\" referrerpolicy=\"strict-origin-when-cross-origin\" allowfullscreen><\/iframe><\/p>","protected":false},"excerpt":{"rendered":"<p>Un classique de La Marzocco revisit\u00e9 pour la cuisine. \u00ab\u00a0Born from a classic\u00a0\u00bb : la Linea Mini R est l&rsquo;\u00e9volution de la l\u00e9gendaire Linea Mini. Le design a \u00e9t\u00e9 retravaill\u00e9 en douceur et de nombreuses fonctionnalit\u00e9s ont \u00e9t\u00e9 ajout\u00e9es. Parmi les nouveaut\u00e9s les plus importantes, on trouve le shot timer int\u00e9gr\u00e9, le support multi-filtre convertible, [&hellip;]<\/p>\n","protected":false},"featured_media":8164,"comment_status":"open","ping_status":"closed","template":"","meta":[],"product_brand":[],"product_cat":[94],"product_tag":[],"class_list":{"0":"post-3480","1":"product","2":"type-product","3":"status-publish","4":"has-post-thumbnail","6":"product_cat-machines-a-expresso","8":"first","9":"onbackorder","10":"shipping-taxable","11":"purchasable","12":"product-type-variable"},"yoast_head":"<!-- This site is optimized with the Yoast SEO plugin v27.5 - https:\/\/yoast.com\/product\/yoast-seo-wordpress\/ -->\n<title>La Marzocco Linea Mini R - Gentlemen&#039;s Coffee Club Riviera<\/title>\n<meta name=\"robots\" content=\"index, follow, max-snippet:-1, max-image-preview:large, max-video-preview:-1\" \/>\n<link rel=\"canonical\" href=\"https:\/\/www.gentlemenscoffeeclub.ch\/de\/produkt\/la-marzocco-linea-mini-rouge\/\" \/>\n<meta property=\"og:locale\" content=\"de_DE\" \/>\n<meta property=\"og:type\" content=\"article\" \/>\n<meta property=\"og:title\" content=\"La Marzocco Linea Mini R - Gentlemen&#039;s Coffee Club Riviera\" \/>\n<meta property=\"og:description\" content=\"Un classique de La Marzocco revisit\u00e9 pour la cuisine. \u00ab\u00a0Born from a classic\u00a0\u00bb : la Linea Mini R est l&rsquo;\u00e9volution de la l\u00e9gendaire Linea Mini. Le design a \u00e9t\u00e9 retravaill\u00e9 en douceur et de nombreuses fonctionnalit\u00e9s ont \u00e9t\u00e9 ajout\u00e9es. Parmi les nouveaut\u00e9s les plus importantes, on trouve le shot timer int\u00e9gr\u00e9, le support multi-filtre convertible, [&hellip;]\" \/>\n<meta property=\"og:url\" content=\"https:\/\/www.gentlemenscoffeeclub.ch\/de\/produkt\/la-marzocco-linea-mini-rouge\/\" \/>\n<meta property=\"og:site_name\" content=\"Gentlemen&#039;s Coffee Club Riviera\" \/>\n<meta property=\"article:publisher\" content=\"https:\/\/www.facebook.com\/Gentlemens-Coffee-Club-104579991113160\" \/>\n<meta property=\"article:modified_time\" content=\"2024-04-23T15:37:20+00:00\" \/>\n<meta property=\"og:image\" content=\"https:\/\/www.gentlemenscoffeeclub.ch\/wp-content\/uploads\/2020\/04\/LaMarzoccoLineaMiniR_noir_1512x.jpg.webp\" \/>\n\t<meta property=\"og:image:width\" content=\"1512\" \/>\n\t<meta property=\"og:image:height\" content=\"969\" \/>\n\t<meta property=\"og:image:type\" content=\"image\/webp\" \/>\n<meta name=\"twitter:card\" content=\"summary_large_image\" \/>\n<meta name=\"twitter:label1\" content=\"Gesch\u00e4tzte Lesezeit\" \/>\n\t<meta name=\"twitter:data1\" content=\"2\u00a0Minuten\" \/>\n<script type=\"application\/ld+json\" class=\"yoast-schema-graph\">{\"@context\":\"https:\\\/\\\/schema.org\",\"@graph\":[{\"@type\":\"WebPage\",\"@id\":\"https:\\\/\\\/www.gentlemenscoffeeclub.ch\\\/produit\\\/la-marzocco-linea-mini-rouge\\\/\",\"url\":\"https:\\\/\\\/www.gentlemenscoffeeclub.ch\\\/produit\\\/la-marzocco-linea-mini-rouge\\\/\",\"name\":\"La Marzocco Linea Mini R - Gentlemen's Coffee Club Riviera\",\"isPartOf\":{\"@id\":\"https:\\\/\\\/www.gentlemenscoffeeclub.ch\\\/#website\"},\"primaryImageOfPage\":{\"@id\":\"https:\\\/\\\/www.gentlemenscoffeeclub.ch\\\/produit\\\/la-marzocco-linea-mini-rouge\\\/#primaryimage\"},\"image\":{\"@id\":\"https:\\\/\\\/www.gentlemenscoffeeclub.ch\\\/produit\\\/la-marzocco-linea-mini-rouge\\\/#primaryimage\"},\"thumbnailUrl\":\"https:\\\/\\\/www.gentlemenscoffeeclub.ch\\\/wp-content\\\/uploads\\\/2020\\\/04\\\/LaMarzoccoLineaMiniR_noir_1512x.jpg.webp\",\"datePublished\":\"2020-04-09T08:48:30+00:00\",\"dateModified\":\"2024-04-23T15:37:20+00:00\",\"breadcrumb\":{\"@id\":\"https:\\\/\\\/www.gentlemenscoffeeclub.ch\\\/produit\\\/la-marzocco-linea-mini-rouge\\\/#breadcrumb\"},\"inLanguage\":\"de\",\"potentialAction\":[{\"@type\":\"ReadAction\",\"target\":[\"https:\\\/\\\/www.gentlemenscoffeeclub.ch\\\/produit\\\/la-marzocco-linea-mini-rouge\\\/\"]}]},{\"@type\":\"ImageObject\",\"inLanguage\":\"de\",\"@id\":\"https:\\\/\\\/www.gentlemenscoffeeclub.ch\\\/produit\\\/la-marzocco-linea-mini-rouge\\\/#primaryimage\",\"url\":\"https:\\\/\\\/www.gentlemenscoffeeclub.ch\\\/wp-content\\\/uploads\\\/2020\\\/04\\\/LaMarzoccoLineaMiniR_noir_1512x.jpg.webp\",\"contentUrl\":\"https:\\\/\\\/www.gentlemenscoffeeclub.ch\\\/wp-content\\\/uploads\\\/2020\\\/04\\\/LaMarzoccoLineaMiniR_noir_1512x.jpg.webp\",\"width\":1512,\"height\":969},{\"@type\":\"BreadcrumbList\",\"@id\":\"https:\\\/\\\/www.gentlemenscoffeeclub.ch\\\/produit\\\/la-marzocco-linea-mini-rouge\\\/#breadcrumb\",\"itemListElement\":[{\"@type\":\"ListItem\",\"position\":1,\"name\":\"Accueil\",\"item\":\"https:\\\/\\\/www.gentlemenscoffeeclub.ch\\\/\"},{\"@type\":\"ListItem\",\"position\":2,\"name\":\"Shop\",\"item\":\"https:\\\/\\\/www.gentlemenscoffeeclub.ch\\\/shop\\\/\"},{\"@type\":\"ListItem\",\"position\":3,\"name\":\"Machines \u00e0 expresso\",\"item\":\"https:\\\/\\\/www.gentlemenscoffeeclub.ch\\\/categorie-produit\\\/machines-a-expresso\\\/\"},{\"@type\":\"ListItem\",\"position\":4,\"name\":\"La Marzocco Linea Mini R\"}]},{\"@type\":\"WebSite\",\"@id\":\"https:\\\/\\\/www.gentlemenscoffeeclub.ch\\\/#website\",\"url\":\"https:\\\/\\\/www.gentlemenscoffeeclub.ch\\\/\",\"name\":\"Gentlemen's Coffee Club Riviera\",\"description\":\"Caf&eacute; Premium torr&eacute;fi&eacute; &agrave; Montreux\",\"publisher\":{\"@id\":\"https:\\\/\\\/www.gentlemenscoffeeclub.ch\\\/#organization\"},\"potentialAction\":[{\"@type\":\"SearchAction\",\"target\":{\"@type\":\"EntryPoint\",\"urlTemplate\":\"https:\\\/\\\/www.gentlemenscoffeeclub.ch\\\/?s={search_term_string}\"},\"query-input\":{\"@type\":\"PropertyValueSpecification\",\"valueRequired\":true,\"valueName\":\"search_term_string\"}}],\"inLanguage\":\"de\"},{\"@type\":\"Organization\",\"@id\":\"https:\\\/\\\/www.gentlemenscoffeeclub.ch\\\/#organization\",\"name\":\"Gentlemens Coffee Club Montreux\",\"url\":\"https:\\\/\\\/www.gentlemenscoffeeclub.ch\\\/\",\"logo\":{\"@type\":\"ImageObject\",\"inLanguage\":\"de\",\"@id\":\"https:\\\/\\\/www.gentlemenscoffeeclub.ch\\\/#\\\/schema\\\/logo\\\/image\\\/\",\"url\":\"https:\\\/\\\/www.gentlemenscoffeeclub.ch\\\/wp-content\\\/uploads\\\/2020\\\/04\\\/singe-seul-lunettes-roses77.png\",\"contentUrl\":\"https:\\\/\\\/www.gentlemenscoffeeclub.ch\\\/wp-content\\\/uploads\\\/2020\\\/04\\\/singe-seul-lunettes-roses77.png\",\"width\":996,\"height\":1455,\"caption\":\"Gentlemens Coffee Club Montreux\"},\"image\":{\"@id\":\"https:\\\/\\\/www.gentlemenscoffeeclub.ch\\\/#\\\/schema\\\/logo\\\/image\\\/\"},\"sameAs\":[\"https:\\\/\\\/www.facebook.com\\\/Gentlemens-Coffee-Club-104579991113160\",\"https:\\\/\\\/www.instagram.com\\\/clubgentlemenscoffee\\\/\",\"https:\\\/\\\/www.linkedin.com\\\/company\\\/gentlemen-s-coffee-club\"]}]}<\/script>\n<!-- \/ Yoast SEO plugin. -->","yoast_head_json":{"title":"La Marzocco Linea Mini R - Gentlemen's Coffee Club Riviera","robots":{"index":"index","follow":"follow","max-snippet":"max-snippet:-1","max-image-preview":"max-image-preview:large","max-video-preview":"max-video-preview:-1"},"canonical":"https:\/\/www.gentlemenscoffeeclub.ch\/de\/produkt\/la-marzocco-linea-mini-rouge\/","og_locale":"de_DE","og_type":"article","og_title":"La Marzocco Linea Mini R - Gentlemen's Coffee Club Riviera","og_description":"Un classique de La Marzocco revisit\u00e9 pour la cuisine. \u00ab\u00a0Born from a classic\u00a0\u00bb : la Linea Mini R est l&rsquo;\u00e9volution de la l\u00e9gendaire Linea Mini. Le design a \u00e9t\u00e9 retravaill\u00e9 en douceur et de nombreuses fonctionnalit\u00e9s ont \u00e9t\u00e9 ajout\u00e9es. Parmi les nouveaut\u00e9s les plus importantes, on trouve le shot timer int\u00e9gr\u00e9, le support multi-filtre convertible, [&hellip;]","og_url":"https:\/\/www.gentlemenscoffeeclub.ch\/de\/produkt\/la-marzocco-linea-mini-rouge\/","og_site_name":"Gentlemen's Coffee Club Riviera","article_publisher":"https:\/\/www.facebook.com\/Gentlemens-Coffee-Club-104579991113160","article_modified_time":"2024-04-23T15:37:20+00:00","og_image":[{"width":1512,"height":969,"url":"https:\/\/www.gentlemenscoffeeclub.ch\/wp-content\/uploads\/2020\/04\/LaMarzoccoLineaMiniR_noir_1512x.jpg.webp","type":"image\/webp"}],"twitter_card":"summary_large_image","twitter_misc":{"Gesch\u00e4tzte Lesezeit":"2\u00a0Minuten"},"schema":{"@context":"https:\/\/schema.org","@graph":[{"@type":"WebPage","@id":"https:\/\/www.gentlemenscoffeeclub.ch\/produit\/la-marzocco-linea-mini-rouge\/","url":"https:\/\/www.gentlemenscoffeeclub.ch\/produit\/la-marzocco-linea-mini-rouge\/","name":"La Marzocco Linea Mini R - Gentlemen's Coffee Club Riviera","isPartOf":{"@id":"https:\/\/www.gentlemenscoffeeclub.ch\/#website"},"primaryImageOfPage":{"@id":"https:\/\/www.gentlemenscoffeeclub.ch\/produit\/la-marzocco-linea-mini-rouge\/#primaryimage"},"image":{"@id":"https:\/\/www.gentlemenscoffeeclub.ch\/produit\/la-marzocco-linea-mini-rouge\/#primaryimage"},"thumbnailUrl":"https:\/\/www.gentlemenscoffeeclub.ch\/wp-content\/uploads\/2020\/04\/LaMarzoccoLineaMiniR_noir_1512x.jpg.webp","datePublished":"2020-04-09T08:48:30+00:00","dateModified":"2024-04-23T15:37:20+00:00","breadcrumb":{"@id":"https:\/\/www.gentlemenscoffeeclub.ch\/produit\/la-marzocco-linea-mini-rouge\/#breadcrumb"},"inLanguage":"de","potentialAction":[{"@type":"ReadAction","target":["https:\/\/www.gentlemenscoffeeclub.ch\/produit\/la-marzocco-linea-mini-rouge\/"]}]},{"@type":"ImageObject","inLanguage":"de","@id":"https:\/\/www.gentlemenscoffeeclub.ch\/produit\/la-marzocco-linea-mini-rouge\/#primaryimage","url":"https:\/\/www.gentlemenscoffeeclub.ch\/wp-content\/uploads\/2020\/04\/LaMarzoccoLineaMiniR_noir_1512x.jpg.webp","contentUrl":"https:\/\/www.gentlemenscoffeeclub.ch\/wp-content\/uploads\/2020\/04\/LaMarzoccoLineaMiniR_noir_1512x.jpg.webp","width":1512,"height":969},{"@type":"BreadcrumbList","@id":"https:\/\/www.gentlemenscoffeeclub.ch\/produit\/la-marzocco-linea-mini-rouge\/#breadcrumb","itemListElement":[{"@type":"ListItem","position":1,"name":"Accueil","item":"https:\/\/www.gentlemenscoffeeclub.ch\/"},{"@type":"ListItem","position":2,"name":"Shop","item":"https:\/\/www.gentlemenscoffeeclub.ch\/shop\/"},{"@type":"ListItem","position":3,"name":"Machines \u00e0 expresso","item":"https:\/\/www.gentlemenscoffeeclub.ch\/categorie-produit\/machines-a-expresso\/"},{"@type":"ListItem","position":4,"name":"La Marzocco Linea Mini R"}]},{"@type":"WebSite","@id":"https:\/\/www.gentlemenscoffeeclub.ch\/#website","url":"https:\/\/www.gentlemenscoffeeclub.ch\/","name":"Gentlemen's Coffee Club Riviera","description":"Caf&eacute; Premium torr&eacute;fi&eacute; &agrave; Montreux","publisher":{"@id":"https:\/\/www.gentlemenscoffeeclub.ch\/#organization"},"potentialAction":[{"@type":"SearchAction","target":{"@type":"EntryPoint","urlTemplate":"https:\/\/www.gentlemenscoffeeclub.ch\/?s={search_term_string}"},"query-input":{"@type":"PropertyValueSpecification","valueRequired":true,"valueName":"search_term_string"}}],"inLanguage":"de"},{"@type":"Organization","@id":"https:\/\/www.gentlemenscoffeeclub.ch\/#organization","name":"Gentlemens Coffee Club Montreux","url":"https:\/\/www.gentlemenscoffeeclub.ch\/","logo":{"@type":"ImageObject","inLanguage":"de","@id":"https:\/\/www.gentlemenscoffeeclub.ch\/#\/schema\/logo\/image\/","url":"https:\/\/www.gentlemenscoffeeclub.ch\/wp-content\/uploads\/2020\/04\/singe-seul-lunettes-roses77.png","contentUrl":"https:\/\/www.gentlemenscoffeeclub.ch\/wp-content\/uploads\/2020\/04\/singe-seul-lunettes-roses77.png","width":996,"height":1455,"caption":"Gentlemens Coffee Club Montreux"},"image":{"@id":"https:\/\/www.gentlemenscoffeeclub.ch\/#\/schema\/logo\/image\/"},"sameAs":["https:\/\/www.facebook.com\/Gentlemens-Coffee-Club-104579991113160","https:\/\/www.instagram.com\/clubgentlemenscoffee\/","https:\/\/www.linkedin.com\/company\/gentlemen-s-coffee-club"]}]}},"_links":{"self":[{"href":"https:\/\/www.gentlemenscoffeeclub.ch\/de\/wp-json\/wp\/v2\/product\/3480","targetHints":{"allow":["GET"]}}],"collection":[{"href":"https:\/\/www.gentlemenscoffeeclub.ch\/de\/wp-json\/wp\/v2\/product"}],"about":[{"href":"https:\/\/www.gentlemenscoffeeclub.ch\/de\/wp-json\/wp\/v2\/types\/product"}],"replies":[{"embeddable":true,"href":"https:\/\/www.gentlemenscoffeeclub.ch\/de\/wp-json\/wp\/v2\/comments?post=3480"}],"wp:featuredmedia":[{"embeddable":true,"href":"https:\/\/www.gentlemenscoffeeclub.ch\/de\/wp-json\/wp\/v2\/media\/8164"}],"wp:attachment":[{"href":"https:\/\/www.gentlemenscoffeeclub.ch\/de\/wp-json\/wp\/v2\/media?parent=3480"}],"wp:term":[{"taxonomy":"product_brand","embeddable":true,"href":"https:\/\/www.gentlemenscoffeeclub.ch\/de\/wp-json\/wp\/v2\/product_brand?post=3480"},{"taxonomy":"product_cat","embeddable":true,"href":"https:\/\/www.gentlemenscoffeeclub.ch\/de\/wp-json\/wp\/v2\/product_cat?post=3480"},{"taxonomy":"product_tag","embeddable":true,"href":"https:\/\/www.gentlemenscoffeeclub.ch\/de\/wp-json\/wp\/v2\/product_tag?post=3480"}],"curies":[{"name":"wp","href":"https:\/\/api.w.org\/{rel}","templated":true}]}}