{"id":3398,"date":"2020-04-08T06:36:59","date_gmt":"2020-04-08T06:36:59","guid":{"rendered":"https:\/\/www.gentlemenscoffeeclub.ch\/?post_type=product&#038;p=3398"},"modified":"2022-03-09T13:34:34","modified_gmt":"2022-03-09T13:34:34","slug":"lord-b","status":"publish","type":"product","link":"https:\/\/www.gentlemenscoffeeclub.ch\/de\/produkt\/lord-b\/","title":{"rendered":"Lord B"},"content":{"rendered":"<p>In den letzten verbliebenen Bergregenw\u00e4ldern der \u00e4thiopischen Provinz Kaffa, dem Ursprung des Coffea Arabica, w\u00e4chst noch heute wilder Kaffee. Ohne Plantage, ganz nat\u00fcrlich und mit unglaublichem Aroma. In den letzten Bergregenw\u00e4ldern der \u00e4thiopischen Provinz Kaffa, der Urheimat des Coffea Arabica, w\u00e4chst noch heute wilder Kaffee, ganz nat\u00fcrlich und ohne Plantage. Doch dieser genetische Naturschatz droht durch die zunehmende Abholzung des Waldes verloren zu gehen. Dem wirkt das Wildkaffeeprojekt bewusst entgegen: mit dem Sammeln und dem Verkauf von wildwachsendem Arabica-Kaffee erwirtschaften \u00fcber 6000 Bauern ein sicheres Einkommen aus dem Wald und k\u00f6nnen die Lebensbedingungen ihrer Familien nachhaltig verbessern.\n\nDank den nat\u00fcrlichen Wachstumsbedingungen und den niedrigen Ertr\u00e4gen konzentriert sich in den wilden Arabica-Bohnen ein Aroma, welches ein Plantagen-Kaffee nie erreichen kann. \u00dcber die Jahrtausende hat die Natur mehr als 5000 Variet\u00e4ten der Wildsorte hervorgebracht, ideal angepasst an Bodenbeschaffenheit, Mikroklima und H\u00f6henlage. Selbst Wildkaffees von benachbarten Waldgebieten k\u00f6nnen deshalb ganz unterschiedlich schmecken, manche fruchtig, andere kr\u00e4ftig herb, wieder andere leicht und blumig.<\/p>\n<p>\u00c4thiopiens Bev\u00f6lkerung w\u00e4chst rasant und immer mehr Waldfl\u00e4chen werden aufgrund des steigenden Bedarfs an Acker- und Weideland abgeholzt. In der Provinz Kaffa stehen nur noch 200\u2019000 Hektar intakter Bergregenwald und die gesamte Waldfl\u00e4che \u00c4thiopiens ist von einst 40% auf schockierende 2.7% geschrumpft. Verschwindet der Regenwald von Kaffa, geht auch die einzige genetische Ressource der Arabica-Pflanze verloren, welche f\u00fcr die Entwicklung neuer Kaffeesorten von enormer Bedeutung ist. Neben dem Verlust einer einzigartigen Pflanzen- und Tierwelt, hat die Abholzung des Regenwaldes als wichtiger CO2- Speicher auch dramatische Folgen f\u00fcr unser Klima und die Ern\u00e4hrungssituation der lokalen Bev\u00f6lkerung.\n\nMit dem Wildkaffee-Projekt erh\u00e4lt der Wald einen \u00f6konomischen Wert f\u00fcr die Bauern. So kann dieser mit seiner einzigartigen Biodiversit\u00e4t und dem wertvollen Wildkaffeebestand als nat\u00fcrliche Ressource erhalten werden.<\/p>\n<h4>Nat\u00fcrlich an der Sonne getrocknet<\/h4>\n<p>In der Erntezeit von Oktober bis Dezember sammeln die Bauern die reifen Wildkaffee-Kirschen im Kaffa-Bergregenwald, pfl\u00fccken sie sorgf\u00e4ltig und trocknen sie, auf langen Holzgestellen ausgebreitet, nat\u00fcrlich an der Sonne. Dadurch beh\u00e4lt der Kaffee seinen charakteristischen, unverf\u00e4lschten Geschmack, erh\u00e4lt mehr S\u00fcsse und eine einzigartige F\u00fclle. Die Sonnentrocknung hat gegen\u00fcber der Nassaufbereitung auch wesentliche \u00f6kologische Vorteile: so wird weder Wasser ben\u00f6tigt noch gelangt belastetes Abwasser aus der Fermentierung in die Umwelt.<\/p>\n<p>Kaffa Wildkaffee ist der einzige Wildkaffee aus zertifizierter Bio-Wildsammlung. Alle Bauern und deren Waldst\u00fccke sind registriert, die Sammelmengen werden gepr\u00fcft und regelm\u00e4ssige Kontrollen stellen sicher, dass im Wald nicht eingegriffen oder ausgelichtet wird.<\/p>\n<p>Wenn nach rund 20 Tagen die Schalen schwarz und trocken sind, werden die Kaffeekirschen in der Farmer Union eigenen Dehulling-Station in der Provinzhauptstadt Bonga gesch\u00e4lt und Bohne f\u00fcr Bohne von Hand verlesen. Abgepackt in 60kg-S\u00e4cke gelangen sie via Djibouti auf dem Seeweg nach Hamburg und von da direkt in die KaffaWerkstatt nach Kriens.<\/p>\n<p>Seit 2010 ist die Region Kaffa auch als Unesco Biosph\u00e4ren-Reservat anerkannt. Das Biosph\u00e4ren-Reservat mit streng gesch\u00fctzten Kernzonen, in welchen nur Wildkaffee gesammelt werden darf, \u00dcbergangszonen mit schonender Nutzung sowie Entwicklungszonen mit Agrarfl\u00e4chen, ist ein Vorzeigebeispiel, wie sich Naturschutz und wirtschaftliche Entwicklung nachhaltig vereinbaren lassen.<\/p>\n<p>Heute profitieren 6000 Bauernfamilien und gesamthaft \u00fcber 80\u2018000 Menschen in der Region Kaffa direkt oder indirekt vom Wildkaffee. Mit der Vermarktung weiterer Waldprodukte wie Honig, Tee und Gew\u00fcrzen sollen k\u00fcnftig weitere Einkommensquellen geschaffen und die Region weiter gest\u00e4rkt werden.<\/p>\n<p>Wir verteilen keine Br\u00f6tchen \u2013 unsere Vision ist es, dass sich alle Menschen in Kaffa ihr Brot und alles, was sie f\u00fcr ein gutes Leben brauchen, aus eigener Kraft erwirtschaften k\u00f6nnen. Das erf\u00fcllt die Familien mit Stolz und W\u00fcrde.<\/p>\n<p>Sie tragen mit jeder Tasse Kaffa Wildkaffee ein kleines St\u00fcck dazu bei.<\/p>\n<p>In Montreux ger\u00f6stet<\/p>","protected":false},"excerpt":{"rendered":"<h4><strong>Kaffa Caf\u00e9 Sauvage<\/strong><\/h4>","protected":false},"featured_media":5688,"comment_status":"closed","ping_status":"closed","template":"","meta":[],"product_brand":[],"product_cat":[43],"product_tag":[],"class_list":{"0":"post-3398","1":"product","2":"type-product","3":"status-publish","4":"has-post-thumbnail","6":"product_cat-cafes","8":"first","9":"instock","10":"featured","11":"shipping-taxable","12":"purchasable","13":"product-type-variable","14":"has-default-attributes"},"yoast_head":"<!-- This site is optimized with the Yoast SEO plugin v27.5 - https:\/\/yoast.com\/product\/yoast-seo-wordpress\/ -->\n<title>Lord B - Gentlemen&#039;s Coffee Club Riviera<\/title>\n<meta name=\"robots\" content=\"index, follow, max-snippet:-1, max-image-preview:large, max-video-preview:-1\" \/>\n<link rel=\"canonical\" href=\"https:\/\/www.gentlemenscoffeeclub.ch\/de\/produkt\/lord-b\/\" \/>\n<meta property=\"og:locale\" content=\"de_DE\" \/>\n<meta property=\"og:type\" content=\"article\" \/>\n<meta property=\"og:title\" content=\"Lord B - Gentlemen&#039;s Coffee Club Riviera\" \/>\n<meta property=\"og:description\" content=\"Kaffa Caf\u00e9 Sauvage\" \/>\n<meta property=\"og:url\" content=\"https:\/\/www.gentlemenscoffeeclub.ch\/de\/produkt\/lord-b\/\" \/>\n<meta property=\"og:site_name\" content=\"Gentlemen&#039;s Coffee Club Riviera\" \/>\n<meta property=\"article:publisher\" content=\"https:\/\/www.facebook.com\/Gentlemens-Coffee-Club-104579991113160\" \/>\n<meta property=\"article:modified_time\" content=\"2022-03-09T13:34:34+00:00\" \/>\n<meta property=\"og:image\" content=\"https:\/\/www.gentlemenscoffeeclub.ch\/wp-content\/uploads\/2020\/04\/03_Produit_Lord_MS_web.jpg\" \/>\n\t<meta property=\"og:image:width\" content=\"2000\" \/>\n\t<meta property=\"og:image:height\" content=\"2000\" \/>\n\t<meta property=\"og:image:type\" content=\"image\/jpeg\" \/>\n<meta name=\"twitter:card\" content=\"summary_large_image\" \/>\n<meta name=\"twitter:label1\" content=\"Gesch\u00e4tzte Lesezeit\" \/>\n\t<meta name=\"twitter:data1\" content=\"4\u00a0Minuten\" \/>\n<script type=\"application\/ld+json\" class=\"yoast-schema-graph\">{\"@context\":\"https:\\\/\\\/schema.org\",\"@graph\":[{\"@type\":\"WebPage\",\"@id\":\"https:\\\/\\\/www.gentlemenscoffeeclub.ch\\\/de\\\/produkt\\\/lord-b\\\/\",\"url\":\"https:\\\/\\\/www.gentlemenscoffeeclub.ch\\\/de\\\/produkt\\\/lord-b\\\/\",\"name\":\"Lord B - Gentlemen's Coffee Club Riviera\",\"isPartOf\":{\"@id\":\"https:\\\/\\\/www.gentlemenscoffeeclub.ch\\\/#website\"},\"primaryImageOfPage\":{\"@id\":\"https:\\\/\\\/www.gentlemenscoffeeclub.ch\\\/de\\\/produkt\\\/lord-b\\\/#primaryimage\"},\"image\":{\"@id\":\"https:\\\/\\\/www.gentlemenscoffeeclub.ch\\\/de\\\/produkt\\\/lord-b\\\/#primaryimage\"},\"thumbnailUrl\":\"https:\\\/\\\/www.gentlemenscoffeeclub.ch\\\/wp-content\\\/uploads\\\/2020\\\/04\\\/03_Produit_Lord_MS_web.jpg\",\"datePublished\":\"2020-04-08T06:36:59+00:00\",\"dateModified\":\"2022-03-09T13:34:34+00:00\",\"breadcrumb\":{\"@id\":\"https:\\\/\\\/www.gentlemenscoffeeclub.ch\\\/de\\\/produkt\\\/lord-b\\\/#breadcrumb\"},\"inLanguage\":\"de\",\"potentialAction\":[{\"@type\":\"ReadAction\",\"target\":[\"https:\\\/\\\/www.gentlemenscoffeeclub.ch\\\/de\\\/produkt\\\/lord-b\\\/\"]}]},{\"@type\":\"ImageObject\",\"inLanguage\":\"de\",\"@id\":\"https:\\\/\\\/www.gentlemenscoffeeclub.ch\\\/de\\\/produkt\\\/lord-b\\\/#primaryimage\",\"url\":\"https:\\\/\\\/www.gentlemenscoffeeclub.ch\\\/wp-content\\\/uploads\\\/2020\\\/04\\\/03_Produit_Lord_MS_web.jpg\",\"contentUrl\":\"https:\\\/\\\/www.gentlemenscoffeeclub.ch\\\/wp-content\\\/uploads\\\/2020\\\/04\\\/03_Produit_Lord_MS_web.jpg\",\"width\":2000,\"height\":2000},{\"@type\":\"BreadcrumbList\",\"@id\":\"https:\\\/\\\/www.gentlemenscoffeeclub.ch\\\/de\\\/produkt\\\/lord-b\\\/#breadcrumb\",\"itemListElement\":[{\"@type\":\"ListItem\",\"position\":1,\"name\":\"Accueil\",\"item\":\"https:\\\/\\\/www.gentlemenscoffeeclub.ch\\\/\"},{\"@type\":\"ListItem\",\"position\":2,\"name\":\"Shop\",\"item\":\"https:\\\/\\\/www.gentlemenscoffeeclub.ch\\\/shop\\\/\"},{\"@type\":\"ListItem\",\"position\":3,\"name\":\"Caf\u00e9s\",\"item\":\"https:\\\/\\\/www.gentlemenscoffeeclub.ch\\\/categorie-produit\\\/cafes\\\/\"},{\"@type\":\"ListItem\",\"position\":4,\"name\":\"Lord B\"}]},{\"@type\":\"WebSite\",\"@id\":\"https:\\\/\\\/www.gentlemenscoffeeclub.ch\\\/#website\",\"url\":\"https:\\\/\\\/www.gentlemenscoffeeclub.ch\\\/\",\"name\":\"Gentlemen's Coffee Club Riviera\",\"description\":\"Caf&eacute; Premium torr&eacute;fi&eacute; &agrave; Montreux\",\"publisher\":{\"@id\":\"https:\\\/\\\/www.gentlemenscoffeeclub.ch\\\/#organization\"},\"potentialAction\":[{\"@type\":\"SearchAction\",\"target\":{\"@type\":\"EntryPoint\",\"urlTemplate\":\"https:\\\/\\\/www.gentlemenscoffeeclub.ch\\\/?s={search_term_string}\"},\"query-input\":{\"@type\":\"PropertyValueSpecification\",\"valueRequired\":true,\"valueName\":\"search_term_string\"}}],\"inLanguage\":\"de\"},{\"@type\":\"Organization\",\"@id\":\"https:\\\/\\\/www.gentlemenscoffeeclub.ch\\\/#organization\",\"name\":\"Gentlemens Coffee Club Montreux\",\"url\":\"https:\\\/\\\/www.gentlemenscoffeeclub.ch\\\/\",\"logo\":{\"@type\":\"ImageObject\",\"inLanguage\":\"de\",\"@id\":\"https:\\\/\\\/www.gentlemenscoffeeclub.ch\\\/#\\\/schema\\\/logo\\\/image\\\/\",\"url\":\"https:\\\/\\\/www.gentlemenscoffeeclub.ch\\\/wp-content\\\/uploads\\\/2020\\\/04\\\/singe-seul-lunettes-roses77.png\",\"contentUrl\":\"https:\\\/\\\/www.gentlemenscoffeeclub.ch\\\/wp-content\\\/uploads\\\/2020\\\/04\\\/singe-seul-lunettes-roses77.png\",\"width\":996,\"height\":1455,\"caption\":\"Gentlemens Coffee Club Montreux\"},\"image\":{\"@id\":\"https:\\\/\\\/www.gentlemenscoffeeclub.ch\\\/#\\\/schema\\\/logo\\\/image\\\/\"},\"sameAs\":[\"https:\\\/\\\/www.facebook.com\\\/Gentlemens-Coffee-Club-104579991113160\",\"https:\\\/\\\/www.instagram.com\\\/clubgentlemenscoffee\\\/\",\"https:\\\/\\\/www.linkedin.com\\\/company\\\/gentlemen-s-coffee-club\"]}]}<\/script>\n<!-- \/ Yoast SEO plugin. -->","yoast_head_json":{"title":"Lord B - Gentlemen's Coffee Club Riviera","robots":{"index":"index","follow":"follow","max-snippet":"max-snippet:-1","max-image-preview":"max-image-preview:large","max-video-preview":"max-video-preview:-1"},"canonical":"https:\/\/www.gentlemenscoffeeclub.ch\/de\/produkt\/lord-b\/","og_locale":"de_DE","og_type":"article","og_title":"Lord B - Gentlemen's Coffee Club Riviera","og_description":"Kaffa Caf\u00e9 Sauvage","og_url":"https:\/\/www.gentlemenscoffeeclub.ch\/de\/produkt\/lord-b\/","og_site_name":"Gentlemen's Coffee Club Riviera","article_publisher":"https:\/\/www.facebook.com\/Gentlemens-Coffee-Club-104579991113160","article_modified_time":"2022-03-09T13:34:34+00:00","og_image":[{"width":2000,"height":2000,"url":"https:\/\/www.gentlemenscoffeeclub.ch\/wp-content\/uploads\/2020\/04\/03_Produit_Lord_MS_web.jpg","type":"image\/jpeg"}],"twitter_card":"summary_large_image","twitter_misc":{"Gesch\u00e4tzte Lesezeit":"4\u00a0Minuten"},"schema":{"@context":"https:\/\/schema.org","@graph":[{"@type":"WebPage","@id":"https:\/\/www.gentlemenscoffeeclub.ch\/de\/produkt\/lord-b\/","url":"https:\/\/www.gentlemenscoffeeclub.ch\/de\/produkt\/lord-b\/","name":"Lord B - Gentlemen's Coffee Club Riviera","isPartOf":{"@id":"https:\/\/www.gentlemenscoffeeclub.ch\/#website"},"primaryImageOfPage":{"@id":"https:\/\/www.gentlemenscoffeeclub.ch\/de\/produkt\/lord-b\/#primaryimage"},"image":{"@id":"https:\/\/www.gentlemenscoffeeclub.ch\/de\/produkt\/lord-b\/#primaryimage"},"thumbnailUrl":"https:\/\/www.gentlemenscoffeeclub.ch\/wp-content\/uploads\/2020\/04\/03_Produit_Lord_MS_web.jpg","datePublished":"2020-04-08T06:36:59+00:00","dateModified":"2022-03-09T13:34:34+00:00","breadcrumb":{"@id":"https:\/\/www.gentlemenscoffeeclub.ch\/de\/produkt\/lord-b\/#breadcrumb"},"inLanguage":"de","potentialAction":[{"@type":"ReadAction","target":["https:\/\/www.gentlemenscoffeeclub.ch\/de\/produkt\/lord-b\/"]}]},{"@type":"ImageObject","inLanguage":"de","@id":"https:\/\/www.gentlemenscoffeeclub.ch\/de\/produkt\/lord-b\/#primaryimage","url":"https:\/\/www.gentlemenscoffeeclub.ch\/wp-content\/uploads\/2020\/04\/03_Produit_Lord_MS_web.jpg","contentUrl":"https:\/\/www.gentlemenscoffeeclub.ch\/wp-content\/uploads\/2020\/04\/03_Produit_Lord_MS_web.jpg","width":2000,"height":2000},{"@type":"BreadcrumbList","@id":"https:\/\/www.gentlemenscoffeeclub.ch\/de\/produkt\/lord-b\/#breadcrumb","itemListElement":[{"@type":"ListItem","position":1,"name":"Accueil","item":"https:\/\/www.gentlemenscoffeeclub.ch\/"},{"@type":"ListItem","position":2,"name":"Shop","item":"https:\/\/www.gentlemenscoffeeclub.ch\/shop\/"},{"@type":"ListItem","position":3,"name":"Caf\u00e9s","item":"https:\/\/www.gentlemenscoffeeclub.ch\/categorie-produit\/cafes\/"},{"@type":"ListItem","position":4,"name":"Lord B"}]},{"@type":"WebSite","@id":"https:\/\/www.gentlemenscoffeeclub.ch\/#website","url":"https:\/\/www.gentlemenscoffeeclub.ch\/","name":"Gentlemen's Coffee Club Riviera","description":"Caf&eacute; Premium torr&eacute;fi&eacute; &agrave; Montreux","publisher":{"@id":"https:\/\/www.gentlemenscoffeeclub.ch\/#organization"},"potentialAction":[{"@type":"SearchAction","target":{"@type":"EntryPoint","urlTemplate":"https:\/\/www.gentlemenscoffeeclub.ch\/?s={search_term_string}"},"query-input":{"@type":"PropertyValueSpecification","valueRequired":true,"valueName":"search_term_string"}}],"inLanguage":"de"},{"@type":"Organization","@id":"https:\/\/www.gentlemenscoffeeclub.ch\/#organization","name":"Gentlemens Coffee Club Montreux","url":"https:\/\/www.gentlemenscoffeeclub.ch\/","logo":{"@type":"ImageObject","inLanguage":"de","@id":"https:\/\/www.gentlemenscoffeeclub.ch\/#\/schema\/logo\/image\/","url":"https:\/\/www.gentlemenscoffeeclub.ch\/wp-content\/uploads\/2020\/04\/singe-seul-lunettes-roses77.png","contentUrl":"https:\/\/www.gentlemenscoffeeclub.ch\/wp-content\/uploads\/2020\/04\/singe-seul-lunettes-roses77.png","width":996,"height":1455,"caption":"Gentlemens Coffee Club Montreux"},"image":{"@id":"https:\/\/www.gentlemenscoffeeclub.ch\/#\/schema\/logo\/image\/"},"sameAs":["https:\/\/www.facebook.com\/Gentlemens-Coffee-Club-104579991113160","https:\/\/www.instagram.com\/clubgentlemenscoffee\/","https:\/\/www.linkedin.com\/company\/gentlemen-s-coffee-club"]}]}},"_links":{"self":[{"href":"https:\/\/www.gentlemenscoffeeclub.ch\/de\/wp-json\/wp\/v2\/product\/3398","targetHints":{"allow":["GET"]}}],"collection":[{"href":"https:\/\/www.gentlemenscoffeeclub.ch\/de\/wp-json\/wp\/v2\/product"}],"about":[{"href":"https:\/\/www.gentlemenscoffeeclub.ch\/de\/wp-json\/wp\/v2\/types\/product"}],"replies":[{"embeddable":true,"href":"https:\/\/www.gentlemenscoffeeclub.ch\/de\/wp-json\/wp\/v2\/comments?post=3398"}],"wp:featuredmedia":[{"embeddable":true,"href":"https:\/\/www.gentlemenscoffeeclub.ch\/de\/wp-json\/wp\/v2\/media\/5688"}],"wp:attachment":[{"href":"https:\/\/www.gentlemenscoffeeclub.ch\/de\/wp-json\/wp\/v2\/media?parent=3398"}],"wp:term":[{"taxonomy":"product_brand","embeddable":true,"href":"https:\/\/www.gentlemenscoffeeclub.ch\/de\/wp-json\/wp\/v2\/product_brand?post=3398"},{"taxonomy":"product_cat","embeddable":true,"href":"https:\/\/www.gentlemenscoffeeclub.ch\/de\/wp-json\/wp\/v2\/product_cat?post=3398"},{"taxonomy":"product_tag","embeddable":true,"href":"https:\/\/www.gentlemenscoffeeclub.ch\/de\/wp-json\/wp\/v2\/product_tag?post=3398"}],"curies":[{"name":"wp","href":"https:\/\/api.w.org\/{rel}","templated":true}]}}