{"id":22,"date":"2019-11-15T07:12:05","date_gmt":"2019-11-15T07:12:05","guid":{"rendered":"http:\/\/www.gentlemenscoffeeclub.ch\/panier\/"},"modified":"2024-01-19T16:05:50","modified_gmt":"2024-01-19T16:05:50","slug":"panier","status":"publish","type":"page","link":"https:\/\/www.gentlemenscoffeeclub.ch\/de\/panier\/","title":{"rendered":"Warenkorb"},"content":{"rendered":"<div data-elementor-type=\"wp-page\" data-elementor-id=\"22\" class=\"elementor elementor-22\" data-elementor-post-type=\"page\">\n\t\t\t\t\t\t<section class=\"elementor-section elementor-top-section elementor-element elementor-element-ade17bd elementor-section-full_width elementor-section-height-default elementor-section-height-default\" data-id=\"ade17bd\" data-element_type=\"section\" data-e-type=\"section\">\n\t\t\t\t\t\t<div class=\"elementor-container elementor-column-gap-default\">\n\t\t\t\t\t<div class=\"elementor-column elementor-col-100 elementor-top-column elementor-element elementor-element-a769d97\" data-id=\"a769d97\" data-element_type=\"column\" data-e-type=\"column\">\n\t\t\t<div class=\"elementor-widget-wrap elementor-element-populated\">\n\t\t\t\t\t\t\t<\/div>\n\t\t<\/div>\n\t\t\t\t\t<\/div>\n\t\t<\/section>\n\t\t\t\t<\/div>","protected":false},"excerpt":{"rendered":"<p>Supprimer l\u2019\u00e9l\u00e9ment Miniature Produit Prix Quantit\u00e9 Sous-total &times; Lady S Poids: 250g &#67;&#72;&#70;&nbsp;13.20 quantit\u00e9 de Lady S &#8211; 250g, En grains &#67;&#72;&#70;&nbsp;26.40 &times; WOMEN POWER Poids: 350g &#67;&#72;&#70;&nbsp;19.90 quantit\u00e9 de WOMEN POWER &#8211; 350g &#67;&#72;&#70;&nbsp;19.90 Mise \u00e0 jour le panier Appliquer le code promo Totaux du panier Sous-total &#67;&#72;&#70;&nbsp;46.30 Exp\u00e9dition Retrait au magasin Livraison domicile [&hellip;]<\/p>\n","protected":false},"author":1,"featured_media":0,"parent":0,"menu_order":0,"comment_status":"closed","ping_status":"closed","template":"","meta":{"footnotes":""},"class_list":["post-22","page","type-page","status-publish","hentry"],"yoast_head":"<!-- This site is optimized with the Yoast SEO plugin v27.0 - https:\/\/yoast.com\/product\/yoast-seo-wordpress\/ -->\n<title>Panier - Gentlemen&#039;s Coffee Club Riviera<\/title>\n<meta name=\"robots\" content=\"index, follow, max-snippet:-1, max-image-preview:large, max-video-preview:-1\" \/>\n<link rel=\"canonical\" href=\"https:\/\/www.gentlemenscoffeeclub.ch\/de\/panier\/\" \/>\n<meta property=\"og:locale\" content=\"de_DE\" \/>\n<meta property=\"og:type\" content=\"article\" \/>\n<meta property=\"og:title\" content=\"Panier - Gentlemen&#039;s Coffee Club Riviera\" \/>\n<meta property=\"og:description\" content=\"Supprimer l\u2019\u00e9l\u00e9ment Miniature Produit Prix Quantit\u00e9 Sous-total &times; Lady S Poids: 250g &#067;&#072;&#070;&nbsp;13.20 quantit\u00e9 de Lady S &#8211; 250g, En grains &#067;&#072;&#070;&nbsp;26.40 &times; WOMEN POWER Poids: 350g &#067;&#072;&#070;&nbsp;19.90 quantit\u00e9 de WOMEN POWER &#8211; 350g &#067;&#072;&#070;&nbsp;19.90 Mise \u00e0 jour le panier Appliquer le code promo Totaux du panier Sous-total &#067;&#072;&#070;&nbsp;46.30 Exp\u00e9dition Retrait au magasin Livraison domicile [&hellip;]\" \/>\n<meta property=\"og:url\" content=\"https:\/\/www.gentlemenscoffeeclub.ch\/de\/panier\/\" \/>\n<meta property=\"og:site_name\" content=\"Gentlemen&#039;s Coffee Club Riviera\" \/>\n<meta property=\"article:publisher\" content=\"https:\/\/www.facebook.com\/Gentlemens-Coffee-Club-104579991113160\" \/>\n<meta property=\"article:modified_time\" content=\"2024-01-19T16:05:50+00:00\" \/>\n<meta property=\"og:image\" content=\"https:\/\/www.gentlemenscoffeeclub.ch\/wp-content\/uploads\/2020\/04\/02_Produit_Lady_MS_web-324x324.jpg\" \/>\n<meta name=\"twitter:card\" content=\"summary_large_image\" \/>\n<meta name=\"twitter:label1\" content=\"Gesch\u00e4tzte Lesezeit\" \/>\n\t<meta name=\"twitter:data1\" content=\"1\u00a0Minute\" \/>\n<script type=\"application\/ld+json\" class=\"yoast-schema-graph\">{\"@context\":\"https:\/\/schema.org\",\"@graph\":[{\"@type\":\"WebPage\",\"@id\":\"https:\/\/www.gentlemenscoffeeclub.ch\/panier\/\",\"url\":\"https:\/\/www.gentlemenscoffeeclub.ch\/panier\/\",\"name\":\"Panier - Gentlemen's Coffee Club Riviera\",\"isPartOf\":{\"@id\":\"https:\/\/www.gentlemenscoffeeclub.ch\/#website\"},\"primaryImageOfPage\":{\"@id\":\"https:\/\/www.gentlemenscoffeeclub.ch\/panier\/#primaryimage\"},\"image\":{\"@id\":\"https:\/\/www.gentlemenscoffeeclub.ch\/panier\/#primaryimage\"},\"thumbnailUrl\":\"https:\/\/www.gentlemenscoffeeclub.ch\/wp-content\/uploads\/2020\/04\/02_Produit_Lady_MS_web-324x324.jpg\",\"datePublished\":\"2019-11-15T07:12:05+00:00\",\"dateModified\":\"2024-01-19T16:05:50+00:00\",\"breadcrumb\":{\"@id\":\"https:\/\/www.gentlemenscoffeeclub.ch\/panier\/#breadcrumb\"},\"inLanguage\":\"de\",\"potentialAction\":[{\"@type\":\"ReadAction\",\"target\":[\"https:\/\/www.gentlemenscoffeeclub.ch\/panier\/\"]}]},{\"@type\":\"ImageObject\",\"inLanguage\":\"de\",\"@id\":\"https:\/\/www.gentlemenscoffeeclub.ch\/panier\/#primaryimage\",\"url\":\"https:\/\/www.gentlemenscoffeeclub.ch\/wp-content\/uploads\/2020\/04\/02_Produit_Lady_MS_web-324x324.jpg\",\"contentUrl\":\"https:\/\/www.gentlemenscoffeeclub.ch\/wp-content\/uploads\/2020\/04\/02_Produit_Lady_MS_web-324x324.jpg\"},{\"@type\":\"BreadcrumbList\",\"@id\":\"https:\/\/www.gentlemenscoffeeclub.ch\/panier\/#breadcrumb\",\"itemListElement\":[{\"@type\":\"ListItem\",\"position\":1,\"name\":\"Accueil\",\"item\":\"https:\/\/www.gentlemenscoffeeclub.ch\/\"},{\"@type\":\"ListItem\",\"position\":2,\"name\":\"Panier\"}]},{\"@type\":\"WebSite\",\"@id\":\"https:\/\/www.gentlemenscoffeeclub.ch\/#website\",\"url\":\"https:\/\/www.gentlemenscoffeeclub.ch\/\",\"name\":\"Gentlemen's Coffee Club Riviera\",\"description\":\"Caf&eacute; Premium torr&eacute;fi&eacute; &agrave; Montreux\",\"publisher\":{\"@id\":\"https:\/\/www.gentlemenscoffeeclub.ch\/#organization\"},\"potentialAction\":[{\"@type\":\"SearchAction\",\"target\":{\"@type\":\"EntryPoint\",\"urlTemplate\":\"https:\/\/www.gentlemenscoffeeclub.ch\/?s={search_term_string}\"},\"query-input\":{\"@type\":\"PropertyValueSpecification\",\"valueRequired\":true,\"valueName\":\"search_term_string\"}}],\"inLanguage\":\"de\"},{\"@type\":\"Organization\",\"@id\":\"https:\/\/www.gentlemenscoffeeclub.ch\/#organization\",\"name\":\"Gentlemens Coffee Club Montreux\",\"url\":\"https:\/\/www.gentlemenscoffeeclub.ch\/\",\"logo\":{\"@type\":\"ImageObject\",\"inLanguage\":\"de\",\"@id\":\"https:\/\/www.gentlemenscoffeeclub.ch\/#\/schema\/logo\/image\/\",\"url\":\"https:\/\/www.gentlemenscoffeeclub.ch\/wp-content\/uploads\/2020\/04\/singe-seul-lunettes-roses77.png\",\"contentUrl\":\"https:\/\/www.gentlemenscoffeeclub.ch\/wp-content\/uploads\/2020\/04\/singe-seul-lunettes-roses77.png\",\"width\":996,\"height\":1455,\"caption\":\"Gentlemens Coffee Club Montreux\"},\"image\":{\"@id\":\"https:\/\/www.gentlemenscoffeeclub.ch\/#\/schema\/logo\/image\/\"},\"sameAs\":[\"https:\/\/www.facebook.com\/Gentlemens-Coffee-Club-104579991113160\",\"https:\/\/www.instagram.com\/clubgentlemenscoffee\/\",\"https:\/\/www.linkedin.com\/company\/gentlemen-s-coffee-club\"]}]}<\/script>\n<!-- \/ Yoast SEO plugin. -->","yoast_head_json":{"title":"Panier - Gentlemen's Coffee Club Riviera","robots":{"index":"index","follow":"follow","max-snippet":"max-snippet:-1","max-image-preview":"max-image-preview:large","max-video-preview":"max-video-preview:-1"},"canonical":"https:\/\/www.gentlemenscoffeeclub.ch\/de\/panier\/","og_locale":"de_DE","og_type":"article","og_title":"Panier - Gentlemen's Coffee Club Riviera","og_description":"Supprimer l\u2019\u00e9l\u00e9ment Miniature Produit Prix Quantit\u00e9 Sous-total &times; Lady S Poids: 250g &#67;&#72;&#70;&nbsp;13.20 quantit\u00e9 de Lady S &#8211; 250g, En grains &#67;&#72;&#70;&nbsp;26.40 &times; WOMEN POWER Poids: 350g &#67;&#72;&#70;&nbsp;19.90 quantit\u00e9 de WOMEN POWER &#8211; 350g &#67;&#72;&#70;&nbsp;19.90 Mise \u00e0 jour le panier Appliquer le code promo Totaux du panier Sous-total &#67;&#72;&#70;&nbsp;46.30 Exp\u00e9dition Retrait au magasin Livraison domicile [&hellip;]","og_url":"https:\/\/www.gentlemenscoffeeclub.ch\/de\/panier\/","og_site_name":"Gentlemen's Coffee Club Riviera","article_publisher":"https:\/\/www.facebook.com\/Gentlemens-Coffee-Club-104579991113160","article_modified_time":"2024-01-19T16:05:50+00:00","og_image":[{"url":"https:\/\/www.gentlemenscoffeeclub.ch\/wp-content\/uploads\/2020\/04\/02_Produit_Lady_MS_web-324x324.jpg","type":"","width":"","height":""}],"twitter_card":"summary_large_image","twitter_misc":{"Gesch\u00e4tzte Lesezeit":"1\u00a0Minute"},"schema":{"@context":"https:\/\/schema.org","@graph":[{"@type":"WebPage","@id":"https:\/\/www.gentlemenscoffeeclub.ch\/panier\/","url":"https:\/\/www.gentlemenscoffeeclub.ch\/panier\/","name":"Panier - Gentlemen's Coffee Club Riviera","isPartOf":{"@id":"https:\/\/www.gentlemenscoffeeclub.ch\/#website"},"primaryImageOfPage":{"@id":"https:\/\/www.gentlemenscoffeeclub.ch\/panier\/#primaryimage"},"image":{"@id":"https:\/\/www.gentlemenscoffeeclub.ch\/panier\/#primaryimage"},"thumbnailUrl":"https:\/\/www.gentlemenscoffeeclub.ch\/wp-content\/uploads\/2020\/04\/02_Produit_Lady_MS_web-324x324.jpg","datePublished":"2019-11-15T07:12:05+00:00","dateModified":"2024-01-19T16:05:50+00:00","breadcrumb":{"@id":"https:\/\/www.gentlemenscoffeeclub.ch\/panier\/#breadcrumb"},"inLanguage":"de","potentialAction":[{"@type":"ReadAction","target":["https:\/\/www.gentlemenscoffeeclub.ch\/panier\/"]}]},{"@type":"ImageObject","inLanguage":"de","@id":"https:\/\/www.gentlemenscoffeeclub.ch\/panier\/#primaryimage","url":"https:\/\/www.gentlemenscoffeeclub.ch\/wp-content\/uploads\/2020\/04\/02_Produit_Lady_MS_web-324x324.jpg","contentUrl":"https:\/\/www.gentlemenscoffeeclub.ch\/wp-content\/uploads\/2020\/04\/02_Produit_Lady_MS_web-324x324.jpg"},{"@type":"BreadcrumbList","@id":"https:\/\/www.gentlemenscoffeeclub.ch\/panier\/#breadcrumb","itemListElement":[{"@type":"ListItem","position":1,"name":"Accueil","item":"https:\/\/www.gentlemenscoffeeclub.ch\/"},{"@type":"ListItem","position":2,"name":"Panier"}]},{"@type":"WebSite","@id":"https:\/\/www.gentlemenscoffeeclub.ch\/#website","url":"https:\/\/www.gentlemenscoffeeclub.ch\/","name":"Gentlemen's Coffee Club Riviera","description":"Caf&eacute; Premium torr&eacute;fi&eacute; &agrave; Montreux","publisher":{"@id":"https:\/\/www.gentlemenscoffeeclub.ch\/#organization"},"potentialAction":[{"@type":"SearchAction","target":{"@type":"EntryPoint","urlTemplate":"https:\/\/www.gentlemenscoffeeclub.ch\/?s={search_term_string}"},"query-input":{"@type":"PropertyValueSpecification","valueRequired":true,"valueName":"search_term_string"}}],"inLanguage":"de"},{"@type":"Organization","@id":"https:\/\/www.gentlemenscoffeeclub.ch\/#organization","name":"Gentlemens Coffee Club Montreux","url":"https:\/\/www.gentlemenscoffeeclub.ch\/","logo":{"@type":"ImageObject","inLanguage":"de","@id":"https:\/\/www.gentlemenscoffeeclub.ch\/#\/schema\/logo\/image\/","url":"https:\/\/www.gentlemenscoffeeclub.ch\/wp-content\/uploads\/2020\/04\/singe-seul-lunettes-roses77.png","contentUrl":"https:\/\/www.gentlemenscoffeeclub.ch\/wp-content\/uploads\/2020\/04\/singe-seul-lunettes-roses77.png","width":996,"height":1455,"caption":"Gentlemens Coffee Club Montreux"},"image":{"@id":"https:\/\/www.gentlemenscoffeeclub.ch\/#\/schema\/logo\/image\/"},"sameAs":["https:\/\/www.facebook.com\/Gentlemens-Coffee-Club-104579991113160","https:\/\/www.instagram.com\/clubgentlemenscoffee\/","https:\/\/www.linkedin.com\/company\/gentlemen-s-coffee-club"]}]}},"_links":{"self":[{"href":"https:\/\/www.gentlemenscoffeeclub.ch\/de\/wp-json\/wp\/v2\/pages\/22","targetHints":{"allow":["GET"]}}],"collection":[{"href":"https:\/\/www.gentlemenscoffeeclub.ch\/de\/wp-json\/wp\/v2\/pages"}],"about":[{"href":"https:\/\/www.gentlemenscoffeeclub.ch\/de\/wp-json\/wp\/v2\/types\/page"}],"author":[{"embeddable":true,"href":"https:\/\/www.gentlemenscoffeeclub.ch\/de\/wp-json\/wp\/v2\/users\/1"}],"replies":[{"embeddable":true,"href":"https:\/\/www.gentlemenscoffeeclub.ch\/de\/wp-json\/wp\/v2\/comments?post=22"}],"version-history":[{"count":5,"href":"https:\/\/www.gentlemenscoffeeclub.ch\/de\/wp-json\/wp\/v2\/pages\/22\/revisions"}],"predecessor-version":[{"id":7965,"href":"https:\/\/www.gentlemenscoffeeclub.ch\/de\/wp-json\/wp\/v2\/pages\/22\/revisions\/7965"}],"wp:attachment":[{"href":"https:\/\/www.gentlemenscoffeeclub.ch\/de\/wp-json\/wp\/v2\/media?parent=22"}],"curies":[{"name":"wp","href":"https:\/\/api.w.org\/{rel}","templated":true}]}}