{"id":2010,"date":"2020-02-04T10:54:13","date_gmt":"2020-02-04T10:54:13","guid":{"rendered":"https:\/\/www.gentlemenscoffeeclub.ch\/?page_id=2010"},"modified":"2024-01-19T15:07:26","modified_gmt":"2024-01-19T15:07:26","slug":"la-philosophie-gcc","status":"publish","type":"page","link":"https:\/\/www.gentlemenscoffeeclub.ch\/de\/la-philosophie-gcc\/","title":{"rendered":"Was machen wir"},"content":{"rendered":"\t\t<div data-elementor-type=\"wp-page\" data-elementor-id=\"2010\" class=\"elementor elementor-2010\" data-elementor-post-type=\"page\">\n\t\t\t\t\t\t<section class=\"elementor-section elementor-top-section elementor-element elementor-element-258497e elementor-section-full_width elementor-section-height-default elementor-section-height-default\" data-id=\"258497e\" data-element_type=\"section\" data-e-type=\"section\" data-settings=\"{&quot;motion_fx_motion_fx_scrolling&quot;:&quot;yes&quot;,&quot;motion_fx_devices&quot;:[&quot;desktop&quot;,&quot;tablet&quot;,&quot;mobile&quot;]}\">\n\t\t\t\t\t\t<div class=\"elementor-container elementor-column-gap-no\">\n\t\t\t\t\t<div class=\"elementor-column elementor-col-100 elementor-top-column elementor-element elementor-element-4a706360\" data-id=\"4a706360\" data-element_type=\"column\" data-e-type=\"column\">\n\t\t\t<div class=\"elementor-widget-wrap elementor-element-populated\">\n\t\t\t\t\t\t<div class=\"elementor-element elementor-element-d6ab654 elementor-widget elementor-widget-gallery\" data-id=\"d6ab654\" data-element_type=\"widget\" data-e-type=\"widget\" data-settings=\"{&quot;lazyload&quot;:&quot;yes&quot;,&quot;gallery_layout&quot;:&quot;grid&quot;,&quot;columns&quot;:4,&quot;columns_tablet&quot;:2,&quot;columns_mobile&quot;:1,&quot;gap&quot;:{&quot;unit&quot;:&quot;px&quot;,&quot;size&quot;:10,&quot;sizes&quot;:[]},&quot;gap_tablet&quot;:{&quot;unit&quot;:&quot;px&quot;,&quot;size&quot;:10,&quot;sizes&quot;:[]},&quot;gap_mobile&quot;:{&quot;unit&quot;:&quot;px&quot;,&quot;size&quot;:10,&quot;sizes&quot;:[]},&quot;link_to&quot;:&quot;file&quot;,&quot;aspect_ratio&quot;:&quot;3:2&quot;,&quot;overlay_background&quot;:&quot;yes&quot;,&quot;content_hover_animation&quot;:&quot;fade-in&quot;}\" data-widget_type=\"gallery.default\">\n\t\t\t\t<div class=\"elementor-widget-container\">\n\t\t\t\t\t\t\t<div class=\"elementor-gallery__container\">\n\t\t\t\t\t\t\t<a class=\"e-gallery-item elementor-gallery-item elementor-animated-content\" href=\"https:\/\/www.gentlemenscoffeeclub.ch\/wp-content\/uploads\/2021\/04\/Lacuccamella1-7.jpg\" data-elementor-open-lightbox=\"yes\" data-elementor-lightbox-slideshow=\"d6ab654\" data-elementor-lightbox-title=\"Lacuccamella1 (7)\" data-e-action-hash=\"#elementor-action%3Aaction%3Dlightbox%26settings%3DeyJpZCI6NTg5OCwidXJsIjoiaHR0cHM6XC9cL3d3dy5nZW50bGVtZW5zY29mZmVlY2x1Yi5jaFwvd3AtY29udGVudFwvdXBsb2Fkc1wvMjAyMVwvMDRcL0xhY3VjY2FtZWxsYTEtNy5qcGciLCJzbGlkZXNob3ciOiJkNmFiNjU0In0%3D\">\n\t\t\t\t\t<div class=\"e-gallery-image elementor-gallery-item__image\" data-thumbnail=\"https:\/\/www.gentlemenscoffeeclub.ch\/wp-content\/uploads\/2021\/04\/Lacuccamella1-7-300x292.jpg\" data-width=\"300\" data-height=\"292\" aria-label=\"\" role=\"img\" ><\/div>\n\t\t\t\t\t\t\t\t\t\t\t<div class=\"elementor-gallery-item__overlay\"><\/div>\n\t\t\t\t\t\t\t\t\t\t\t\t\t\t<\/a>\n\t\t\t\t\t\t\t<a class=\"e-gallery-item elementor-gallery-item elementor-animated-content\" href=\"https:\/\/www.gentlemenscoffeeclub.ch\/wp-content\/uploads\/2021\/04\/Lacuccamella1-5.jpg\" data-elementor-open-lightbox=\"yes\" data-elementor-lightbox-slideshow=\"d6ab654\" data-elementor-lightbox-title=\"Lacuccamella1 (5)\" data-e-action-hash=\"#elementor-action%3Aaction%3Dlightbox%26settings%3DeyJpZCI6NTg5NiwidXJsIjoiaHR0cHM6XC9cL3d3dy5nZW50bGVtZW5zY29mZmVlY2x1Yi5jaFwvd3AtY29udGVudFwvdXBsb2Fkc1wvMjAyMVwvMDRcL0xhY3VjY2FtZWxsYTEtNS5qcGciLCJzbGlkZXNob3ciOiJkNmFiNjU0In0%3D\">\n\t\t\t\t\t<div class=\"e-gallery-image elementor-gallery-item__image\" data-thumbnail=\"https:\/\/www.gentlemenscoffeeclub.ch\/wp-content\/uploads\/2021\/04\/Lacuccamella1-5-300x300.jpg\" data-width=\"300\" data-height=\"300\" aria-label=\"\" role=\"img\" ><\/div>\n\t\t\t\t\t\t\t\t\t\t\t<div class=\"elementor-gallery-item__overlay\"><\/div>\n\t\t\t\t\t\t\t\t\t\t\t\t\t\t<\/a>\n\t\t\t\t\t\t\t<a class=\"e-gallery-item elementor-gallery-item elementor-animated-content\" href=\"https:\/\/www.gentlemenscoffeeclub.ch\/wp-content\/uploads\/2021\/04\/Vesuvius_.jpg\" data-elementor-open-lightbox=\"yes\" data-elementor-lightbox-slideshow=\"d6ab654\" data-elementor-lightbox-title=\"Vesuvius_\" data-e-action-hash=\"#elementor-action%3Aaction%3Dlightbox%26settings%3DeyJpZCI6NTkyOCwidXJsIjoiaHR0cHM6XC9cL3d3dy5nZW50bGVtZW5zY29mZmVlY2x1Yi5jaFwvd3AtY29udGVudFwvdXBsb2Fkc1wvMjAyMVwvMDRcL1Zlc3V2aXVzXy5qcGciLCJzbGlkZXNob3ciOiJkNmFiNjU0In0%3D\">\n\t\t\t\t\t<div class=\"e-gallery-image elementor-gallery-item__image\" data-thumbnail=\"https:\/\/www.gentlemenscoffeeclub.ch\/wp-content\/uploads\/2021\/04\/Vesuvius_-300x300.jpg\" data-width=\"300\" data-height=\"300\" aria-label=\"\" role=\"img\" ><\/div>\n\t\t\t\t\t\t\t\t\t\t\t<div class=\"elementor-gallery-item__overlay\"><\/div>\n\t\t\t\t\t\t\t\t\t\t\t\t\t\t<\/a>\n\t\t\t\t\t\t\t<a class=\"e-gallery-item elementor-gallery-item elementor-animated-content\" href=\"https:\/\/www.gentlemenscoffeeclub.ch\/wp-content\/uploads\/2021\/03\/Foto15-scaled.jpg\" data-elementor-open-lightbox=\"yes\" data-elementor-lightbox-slideshow=\"d6ab654\" data-elementor-lightbox-title=\"Foto15\" data-e-action-hash=\"#elementor-action%3Aaction%3Dlightbox%26settings%3DeyJpZCI6NTc4MCwidXJsIjoiaHR0cHM6XC9cL3d3dy5nZW50bGVtZW5zY29mZmVlY2x1Yi5jaFwvd3AtY29udGVudFwvdXBsb2Fkc1wvMjAyMVwvMDNcL0ZvdG8xNS1zY2FsZWQuanBnIiwic2xpZGVzaG93IjoiZDZhYjY1NCJ9\">\n\t\t\t\t\t<div class=\"e-gallery-image elementor-gallery-item__image\" data-thumbnail=\"https:\/\/www.gentlemenscoffeeclub.ch\/wp-content\/uploads\/2021\/03\/Foto15-300x257.jpg\" data-width=\"300\" data-height=\"257\" aria-label=\"\" role=\"img\" ><\/div>\n\t\t\t\t\t\t\t\t\t\t\t<div class=\"elementor-gallery-item__overlay\"><\/div>\n\t\t\t\t\t\t\t\t\t\t\t\t\t\t<\/a>\n\t\t\t\t\t\t\t<a class=\"e-gallery-item elementor-gallery-item elementor-animated-content\" href=\"https:\/\/www.gentlemenscoffeeclub.ch\/wp-content\/uploads\/2021\/03\/Foto14.jpg\" data-elementor-open-lightbox=\"yes\" data-elementor-lightbox-slideshow=\"d6ab654\" data-elementor-lightbox-title=\"Foto14\" data-e-action-hash=\"#elementor-action%3Aaction%3Dlightbox%26settings%3DeyJpZCI6NTc4MiwidXJsIjoiaHR0cHM6XC9cL3d3dy5nZW50bGVtZW5zY29mZmVlY2x1Yi5jaFwvd3AtY29udGVudFwvdXBsb2Fkc1wvMjAyMVwvMDNcL0ZvdG8xNC5qcGciLCJzbGlkZXNob3ciOiJkNmFiNjU0In0%3D\">\n\t\t\t\t\t<div class=\"e-gallery-image elementor-gallery-item__image\" data-thumbnail=\"https:\/\/www.gentlemenscoffeeclub.ch\/wp-content\/uploads\/2021\/03\/Foto14-300x300.jpg\" data-width=\"300\" data-height=\"300\" aria-label=\"\" role=\"img\" ><\/div>\n\t\t\t\t\t\t\t\t\t\t\t<div class=\"elementor-gallery-item__overlay\"><\/div>\n\t\t\t\t\t\t\t\t\t\t\t\t\t\t<\/a>\n\t\t\t\t\t\t\t<a class=\"e-gallery-item elementor-gallery-item elementor-animated-content\" href=\"https:\/\/www.gentlemenscoffeeclub.ch\/wp-content\/uploads\/2020\/04\/rocket_espresso_r58_cinquantotto_espresso_machine_-_detail.jpg\" data-elementor-open-lightbox=\"yes\" data-elementor-lightbox-slideshow=\"d6ab654\" data-elementor-lightbox-title=\"rocket_espresso_r58_cinquantotto_espresso_machine_-_detail\" data-e-action-hash=\"#elementor-action%3Aaction%3Dlightbox%26settings%3DeyJpZCI6NTIzOSwidXJsIjoiaHR0cHM6XC9cL3d3dy5nZW50bGVtZW5zY29mZmVlY2x1Yi5jaFwvd3AtY29udGVudFwvdXBsb2Fkc1wvMjAyMFwvMDRcL3JvY2tldF9lc3ByZXNzb19yNThfY2lucXVhbnRvdHRvX2VzcHJlc3NvX21hY2hpbmVfLV9kZXRhaWwuanBnIiwic2xpZGVzaG93IjoiZDZhYjY1NCJ9\">\n\t\t\t\t\t<div class=\"e-gallery-image elementor-gallery-item__image\" data-thumbnail=\"https:\/\/www.gentlemenscoffeeclub.ch\/wp-content\/uploads\/2020\/04\/rocket_espresso_r58_cinquantotto_espresso_machine_-_detail-300x300.jpg\" data-width=\"300\" data-height=\"300\" aria-label=\"\" role=\"img\" ><\/div>\n\t\t\t\t\t\t\t\t\t\t\t<div class=\"elementor-gallery-item__overlay\"><\/div>\n\t\t\t\t\t\t\t\t\t\t\t\t\t\t<\/a>\n\t\t\t\t\t\t\t<a class=\"e-gallery-item elementor-gallery-item elementor-animated-content\" href=\"https:\/\/www.gentlemenscoffeeclub.ch\/wp-content\/uploads\/2020\/04\/R-cinquantotto-image-03_1024x1024.jpg\" data-elementor-open-lightbox=\"yes\" data-elementor-lightbox-slideshow=\"d6ab654\" data-elementor-lightbox-title=\"R-cinquantotto-image-03_1024x1024\" data-e-action-hash=\"#elementor-action%3Aaction%3Dlightbox%26settings%3DeyJpZCI6NTIzOCwidXJsIjoiaHR0cHM6XC9cL3d3dy5nZW50bGVtZW5zY29mZmVlY2x1Yi5jaFwvd3AtY29udGVudFwvdXBsb2Fkc1wvMjAyMFwvMDRcL1ItY2lucXVhbnRvdHRvLWltYWdlLTAzXzEwMjR4MTAyNC5qcGciLCJzbGlkZXNob3ciOiJkNmFiNjU0In0%3D\">\n\t\t\t\t\t<div class=\"e-gallery-image elementor-gallery-item__image\" data-thumbnail=\"https:\/\/www.gentlemenscoffeeclub.ch\/wp-content\/uploads\/2020\/04\/R-cinquantotto-image-03_1024x1024-255x300.jpg\" data-width=\"255\" data-height=\"300\" aria-label=\"\" role=\"img\" ><\/div>\n\t\t\t\t\t\t\t\t\t\t\t<div class=\"elementor-gallery-item__overlay\"><\/div>\n\t\t\t\t\t\t\t\t\t\t\t\t\t\t<\/a>\n\t\t\t\t\t\t\t<a class=\"e-gallery-item elementor-gallery-item elementor-animated-content\" href=\"https:\/\/www.gentlemenscoffeeclub.ch\/wp-content\/uploads\/2020\/04\/Rocket-R-Cinquanotto.jpg\" data-elementor-open-lightbox=\"yes\" data-elementor-lightbox-slideshow=\"d6ab654\" data-elementor-lightbox-title=\"Rocket-R-Cinquanotto\" data-e-action-hash=\"#elementor-action%3Aaction%3Dlightbox%26settings%3DeyJpZCI6NTI0MSwidXJsIjoiaHR0cHM6XC9cL3d3dy5nZW50bGVtZW5zY29mZmVlY2x1Yi5jaFwvd3AtY29udGVudFwvdXBsb2Fkc1wvMjAyMFwvMDRcL1JvY2tldC1SLUNpbnF1YW5vdHRvLmpwZyIsInNsaWRlc2hvdyI6ImQ2YWI2NTQifQ%3D%3D\">\n\t\t\t\t\t<div class=\"e-gallery-image elementor-gallery-item__image\" data-thumbnail=\"https:\/\/www.gentlemenscoffeeclub.ch\/wp-content\/uploads\/2020\/04\/Rocket-R-Cinquanotto-300x267.jpg\" data-width=\"300\" data-height=\"267\" aria-label=\"\" role=\"img\" ><\/div>\n\t\t\t\t\t\t\t\t\t\t\t<div class=\"elementor-gallery-item__overlay\"><\/div>\n\t\t\t\t\t\t\t\t\t\t\t\t\t\t<\/a>\n\t\t\t\t\t\t\t<a class=\"e-gallery-item elementor-gallery-item elementor-animated-content\" href=\"https:\/\/www.gentlemenscoffeeclub.ch\/wp-content\/uploads\/2020\/04\/A01748_3-scaled.jpg\" data-elementor-open-lightbox=\"yes\" data-elementor-lightbox-slideshow=\"d6ab654\" data-elementor-lightbox-title=\"A01748_3\" data-e-action-hash=\"#elementor-action%3Aaction%3Dlightbox%26settings%3DeyJpZCI6NDA2NSwidXJsIjoiaHR0cHM6XC9cL3d3dy5nZW50bGVtZW5zY29mZmVlY2x1Yi5jaFwvd3AtY29udGVudFwvdXBsb2Fkc1wvMjAyMFwvMDRcL0EwMTc0OF8zLXNjYWxlZC5qcGciLCJzbGlkZXNob3ciOiJkNmFiNjU0In0%3D\">\n\t\t\t\t\t<div class=\"e-gallery-image elementor-gallery-item__image\" data-thumbnail=\"https:\/\/www.gentlemenscoffeeclub.ch\/wp-content\/uploads\/2020\/04\/A01748_3-300x200.jpg\" data-width=\"300\" data-height=\"200\" aria-label=\"\" role=\"img\" ><\/div>\n\t\t\t\t\t\t\t\t\t\t\t<div class=\"elementor-gallery-item__overlay\"><\/div>\n\t\t\t\t\t\t\t\t\t\t\t\t\t\t<\/a>\n\t\t\t\t\t\t\t<a class=\"e-gallery-item elementor-gallery-item elementor-animated-content\" href=\"https:\/\/www.gentlemenscoffeeclub.ch\/wp-content\/uploads\/2020\/04\/LA-MARZOCCO-GS3-TRANSPARENT-min.jpg\" data-elementor-open-lightbox=\"yes\" data-elementor-lightbox-slideshow=\"d6ab654\" data-elementor-lightbox-title=\"LA-MARZOCCO-GS3-TRANSPARENT-min\" data-e-action-hash=\"#elementor-action%3Aaction%3Dlightbox%26settings%3DeyJpZCI6Mzc0OCwidXJsIjoiaHR0cHM6XC9cL3d3dy5nZW50bGVtZW5zY29mZmVlY2x1Yi5jaFwvd3AtY29udGVudFwvdXBsb2Fkc1wvMjAyMFwvMDRcL0xBLU1BUlpPQ0NPLUdTMy1UUkFOU1BBUkVOVC1taW4uanBnIiwic2xpZGVzaG93IjoiZDZhYjY1NCJ9\">\n\t\t\t\t\t<div class=\"e-gallery-image elementor-gallery-item__image\" data-thumbnail=\"https:\/\/www.gentlemenscoffeeclub.ch\/wp-content\/uploads\/2020\/04\/LA-MARZOCCO-GS3-TRANSPARENT-min-300x300.jpg\" data-width=\"300\" data-height=\"300\" aria-label=\"\" role=\"img\" ><\/div>\n\t\t\t\t\t\t\t\t\t\t\t<div class=\"elementor-gallery-item__overlay\"><\/div>\n\t\t\t\t\t\t\t\t\t\t\t\t\t\t<\/a>\n\t\t\t\t\t\t\t<a class=\"e-gallery-item elementor-gallery-item elementor-animated-content\" href=\"https:\/\/www.gentlemenscoffeeclub.ch\/wp-content\/uploads\/2021\/04\/Oscar-3-2.jpg\" data-elementor-open-lightbox=\"yes\" data-elementor-lightbox-slideshow=\"d6ab654\" data-elementor-lightbox-title=\"Oscar 3 (2)\" data-e-action-hash=\"#elementor-action%3Aaction%3Dlightbox%26settings%3DeyJpZCI6NTg5OSwidXJsIjoiaHR0cHM6XC9cL3d3dy5nZW50bGVtZW5zY29mZmVlY2x1Yi5jaFwvd3AtY29udGVudFwvdXBsb2Fkc1wvMjAyMVwvMDRcL09zY2FyLTMtMi5qcGciLCJzbGlkZXNob3ciOiJkNmFiNjU0In0%3D\">\n\t\t\t\t\t<div class=\"e-gallery-image elementor-gallery-item__image\" data-thumbnail=\"https:\/\/www.gentlemenscoffeeclub.ch\/wp-content\/uploads\/2021\/04\/Oscar-3-2-300x300.jpg\" data-width=\"300\" data-height=\"300\" aria-label=\"\" role=\"img\" ><\/div>\n\t\t\t\t\t\t\t\t\t\t\t<div class=\"elementor-gallery-item__overlay\"><\/div>\n\t\t\t\t\t\t\t\t\t\t\t\t\t\t<\/a>\n\t\t\t\t\t\t\t<a class=\"e-gallery-item elementor-gallery-item elementor-animated-content\" href=\"https:\/\/www.gentlemenscoffeeclub.ch\/wp-content\/uploads\/2020\/03\/moulin-cafe.jpg\" data-elementor-open-lightbox=\"yes\" data-elementor-lightbox-slideshow=\"d6ab654\" data-elementor-lightbox-title=\"moulin-cafe\" data-e-action-hash=\"#elementor-action%3Aaction%3Dlightbox%26settings%3DeyJpZCI6MjkyMSwidXJsIjoiaHR0cHM6XC9cL3d3dy5nZW50bGVtZW5zY29mZmVlY2x1Yi5jaFwvd3AtY29udGVudFwvdXBsb2Fkc1wvMjAyMFwvMDNcL21vdWxpbi1jYWZlLmpwZyIsInNsaWRlc2hvdyI6ImQ2YWI2NTQifQ%3D%3D\">\n\t\t\t\t\t<div class=\"e-gallery-image elementor-gallery-item__image\" data-thumbnail=\"https:\/\/www.gentlemenscoffeeclub.ch\/wp-content\/uploads\/2020\/03\/moulin-cafe-300x225.jpg\" data-width=\"300\" data-height=\"225\" aria-label=\"\" role=\"img\" ><\/div>\n\t\t\t\t\t\t\t\t\t\t\t<div class=\"elementor-gallery-item__overlay\"><\/div>\n\t\t\t\t\t\t\t\t\t\t\t\t\t\t<\/a>\n\t\t\t\t\t<\/div>\n\t\t\t\t\t<\/div>\n\t\t\t\t<\/div>\n\t\t\t\t<div class=\"elementor-element elementor-element-3c83ab99 elementor-widget__width-inherit elementor-widget elementor-widget-text-editor\" data-id=\"3c83ab99\" data-element_type=\"widget\" data-e-type=\"widget\" data-widget_type=\"text-editor.default\">\n\t\t\t\t<div class=\"elementor-widget-container\">\n\t\t\t\t\t\t\t\t\t<p><\/p>\n<p><em>Authenticit\u00e9 et go\u00fbt<\/em><\/p>\n<p><\/p>\n<p><\/p>\n<p>Du go\u00fbt, de la qualit\u00e9 et une&nbsp;envie de conna\u00eetre l\u2019origine de son \u00ab&nbsp;petit noir&nbsp;\u00bb, voil\u00e0 ce que&nbsp;recherchent les amateurs de bon caf\u00e9. <\/p>\n<p><\/p>\n<p><\/p>\n<p>Un \u00ab&nbsp;petit noir&nbsp;\u00bb&nbsp;qui, \u00e0 l\u2019origine, ne l\u2019est pas vraiment&nbsp;! Disons que les grains issus de&nbsp;cet arbuste tropical qu\u2019est le caf\u00e9ier sont plut\u00f4t verts et pour le moins&nbsp;acides. Et c\u2019est l\u00e0, pr\u00e9cis\u00e9ment entre ce vert et ce noir, qu\u2019op\u00e8re la magie du&nbsp;Gentlemen\u2019s Coffee Club. C\u2019est l\u00e0 que tout se joue et que se trame une \u00e9tape&nbsp;cruciale qui fera passer la d\u00e9gustation de votre caf\u00e9 du statut de geste banal,&nbsp;presque m\u00e9canique, \u00e0 celui de petit plaisir, d\u2019instant de d\u00e9lectation.<\/p>\n<p><\/p>\n<p><\/p>\n<p>Comme il n\u2019est point de grand&nbsp;vin sans un \u00e9levage de qualit\u00e9, il n\u2019est point de bon caf\u00e9 sans une<br>\ntorr\u00e9faction ma\u00eetris\u00e9e. Et fra\u00eechement effectu\u00e9e de surcro\u00eet, ce qui exclut les&nbsp;productions industrielles et les circuits de distribution o\u00f9 le produit est&nbsp;stock\u00e9, longtemps et en grande quantit\u00e9. Cerise sur le g\u00e2teau, la programmation&nbsp;de nos torr\u00e9facteurs de derni\u00e8re g\u00e9n\u00e9ration a \u00e9t\u00e9 faite en collaboration avec M. Panos, multiple&nbsp;champion suisse de la sp\u00e9cialit\u00e9.<\/p>\n<p><\/p>\n<p><\/p>\n<p>C\u2019est donc \u00e0 cette \u00e9tape-cl\u00e9&nbsp;que Gentlemen\u2019s Coffee Club consacre tout son art et sa passion, ici \u00e0&nbsp;Montreux. S\u00e9lectionner des caf\u00e9s verts, les assembler et les torr\u00e9fier en flux tendu pour garantir que chaque d\u00e9gustation soit un moment privil\u00e9gi\u00e9, une parenth\u00e8se&nbsp;d\u00e9licieuse dans un monde de plus en plus standardis\u00e9.<\/p>\n<p><\/p>\n<p><\/p>\n<p>Join the Club&nbsp;!<\/p>\n<p><\/p>\n<p><\/p>\n<p><\/p>\t\t\t\t\t\t\t\t<\/div>\n\t\t\t\t<\/div>\n\t\t\t\t<section class=\"elementor-section elementor-inner-section elementor-element elementor-element-37285be elementor-section-content-top elementor-section-boxed elementor-section-height-default elementor-section-height-default\" data-id=\"37285be\" data-element_type=\"section\" data-e-type=\"section\">\n\t\t\t\t\t\t<div class=\"elementor-container elementor-column-gap-default\">\n\t\t\t\t\t<div class=\"elementor-column elementor-col-50 elementor-inner-column elementor-element elementor-element-4fa5e87\" data-id=\"4fa5e87\" data-element_type=\"column\" data-e-type=\"column\">\n\t\t\t<div class=\"elementor-widget-wrap\">\n\t\t\t\t\t\t\t<\/div>\n\t\t<\/div>\n\t\t\t\t<div class=\"elementor-column elementor-col-50 elementor-inner-column elementor-element elementor-element-4688196\" data-id=\"4688196\" data-element_type=\"column\" data-e-type=\"column\">\n\t\t\t<div class=\"elementor-widget-wrap\">\n\t\t\t\t\t\t\t<\/div>\n\t\t<\/div>\n\t\t\t\t\t<\/div>\n\t\t<\/section>\n\t\t\t\t\t<\/div>\n\t\t<\/div>\n\t\t\t\t\t<\/div>\n\t\t<\/section>\n\t\t\t\t<\/div>\n\t\t","protected":false},"excerpt":{"rendered":"<p>Authenticit\u00e9 et go\u00fbt Du go\u00fbt, de la qualit\u00e9 et une&nbsp;envie de conna\u00eetre l\u2019origine de son \u00ab&nbsp;petit noir&nbsp;\u00bb, voil\u00e0 ce que&nbsp;recherchent les amateurs de bon caf\u00e9. Un \u00ab&nbsp;petit noir&nbsp;\u00bb&nbsp;qui, \u00e0 l\u2019origine, ne l\u2019est pas vraiment&nbsp;! Disons que les grains issus de&nbsp;cet arbuste tropical qu\u2019est le caf\u00e9ier sont plut\u00f4t verts et pour le moins&nbsp;acides. Et c\u2019est l\u00e0, [&hellip;]<\/p>\n","protected":false},"author":1,"featured_media":0,"parent":0,"menu_order":0,"comment_status":"closed","ping_status":"closed","template":"","meta":{"footnotes":""},"class_list":["post-2010","page","type-page","status-publish","hentry"],"yoast_head":"<!-- This site is optimized with the Yoast SEO plugin v27.5 - https:\/\/yoast.com\/product\/yoast-seo-wordpress\/ -->\n<title>Notre approche - Gentlemen&#039;s Coffee Club Riviera<\/title>\n<meta name=\"robots\" content=\"index, follow, max-snippet:-1, max-image-preview:large, max-video-preview:-1\" \/>\n<link rel=\"canonical\" href=\"https:\/\/www.gentlemenscoffeeclub.ch\/de\/la-philosophie-gcc\/\" \/>\n<meta property=\"og:locale\" content=\"de_DE\" \/>\n<meta property=\"og:type\" content=\"article\" \/>\n<meta property=\"og:title\" content=\"Notre approche - Gentlemen&#039;s Coffee Club Riviera\" \/>\n<meta property=\"og:description\" content=\"Authenticit\u00e9 et go\u00fbt Du go\u00fbt, de la qualit\u00e9 et une&nbsp;envie de conna\u00eetre l\u2019origine de son \u00ab&nbsp;petit noir&nbsp;\u00bb, voil\u00e0 ce que&nbsp;recherchent les amateurs de bon caf\u00e9. Un \u00ab&nbsp;petit noir&nbsp;\u00bb&nbsp;qui, \u00e0 l\u2019origine, ne l\u2019est pas vraiment&nbsp;! Disons que les grains issus de&nbsp;cet arbuste tropical qu\u2019est le caf\u00e9ier sont plut\u00f4t verts et pour le moins&nbsp;acides. Et c\u2019est l\u00e0, [&hellip;]\" \/>\n<meta property=\"og:url\" content=\"https:\/\/www.gentlemenscoffeeclub.ch\/de\/la-philosophie-gcc\/\" \/>\n<meta property=\"og:site_name\" content=\"Gentlemen&#039;s Coffee Club Riviera\" \/>\n<meta property=\"article:publisher\" content=\"https:\/\/www.facebook.com\/Gentlemens-Coffee-Club-104579991113160\" \/>\n<meta property=\"article:modified_time\" content=\"2024-01-19T15:07:26+00:00\" \/>\n<meta name=\"twitter:card\" content=\"summary_large_image\" \/>\n<meta name=\"twitter:label1\" content=\"Gesch\u00e4tzte Lesezeit\" \/>\n\t<meta name=\"twitter:data1\" content=\"2\u00a0Minuten\" \/>\n<script type=\"application\/ld+json\" class=\"yoast-schema-graph\">{\"@context\":\"https:\\\/\\\/schema.org\",\"@graph\":[{\"@type\":\"WebPage\",\"@id\":\"https:\\\/\\\/www.gentlemenscoffeeclub.ch\\\/la-philosophie-gcc\\\/\",\"url\":\"https:\\\/\\\/www.gentlemenscoffeeclub.ch\\\/la-philosophie-gcc\\\/\",\"name\":\"Notre approche - Gentlemen's Coffee Club Riviera\",\"isPartOf\":{\"@id\":\"https:\\\/\\\/www.gentlemenscoffeeclub.ch\\\/#website\"},\"datePublished\":\"2020-02-04T10:54:13+00:00\",\"dateModified\":\"2024-01-19T15:07:26+00:00\",\"breadcrumb\":{\"@id\":\"https:\\\/\\\/www.gentlemenscoffeeclub.ch\\\/la-philosophie-gcc\\\/#breadcrumb\"},\"inLanguage\":\"de\",\"potentialAction\":[{\"@type\":\"ReadAction\",\"target\":[\"https:\\\/\\\/www.gentlemenscoffeeclub.ch\\\/la-philosophie-gcc\\\/\"]}]},{\"@type\":\"BreadcrumbList\",\"@id\":\"https:\\\/\\\/www.gentlemenscoffeeclub.ch\\\/la-philosophie-gcc\\\/#breadcrumb\",\"itemListElement\":[{\"@type\":\"ListItem\",\"position\":1,\"name\":\"Accueil\",\"item\":\"https:\\\/\\\/www.gentlemenscoffeeclub.ch\\\/\"},{\"@type\":\"ListItem\",\"position\":2,\"name\":\"Notre approche\"}]},{\"@type\":\"WebSite\",\"@id\":\"https:\\\/\\\/www.gentlemenscoffeeclub.ch\\\/#website\",\"url\":\"https:\\\/\\\/www.gentlemenscoffeeclub.ch\\\/\",\"name\":\"Gentlemen's Coffee Club Riviera\",\"description\":\"Caf&eacute; Premium torr&eacute;fi&eacute; &agrave; Montreux\",\"publisher\":{\"@id\":\"https:\\\/\\\/www.gentlemenscoffeeclub.ch\\\/#organization\"},\"potentialAction\":[{\"@type\":\"SearchAction\",\"target\":{\"@type\":\"EntryPoint\",\"urlTemplate\":\"https:\\\/\\\/www.gentlemenscoffeeclub.ch\\\/?s={search_term_string}\"},\"query-input\":{\"@type\":\"PropertyValueSpecification\",\"valueRequired\":true,\"valueName\":\"search_term_string\"}}],\"inLanguage\":\"de\"},{\"@type\":\"Organization\",\"@id\":\"https:\\\/\\\/www.gentlemenscoffeeclub.ch\\\/#organization\",\"name\":\"Gentlemens Coffee Club Montreux\",\"url\":\"https:\\\/\\\/www.gentlemenscoffeeclub.ch\\\/\",\"logo\":{\"@type\":\"ImageObject\",\"inLanguage\":\"de\",\"@id\":\"https:\\\/\\\/www.gentlemenscoffeeclub.ch\\\/#\\\/schema\\\/logo\\\/image\\\/\",\"url\":\"https:\\\/\\\/www.gentlemenscoffeeclub.ch\\\/wp-content\\\/uploads\\\/2020\\\/04\\\/singe-seul-lunettes-roses77.png\",\"contentUrl\":\"https:\\\/\\\/www.gentlemenscoffeeclub.ch\\\/wp-content\\\/uploads\\\/2020\\\/04\\\/singe-seul-lunettes-roses77.png\",\"width\":996,\"height\":1455,\"caption\":\"Gentlemens Coffee Club Montreux\"},\"image\":{\"@id\":\"https:\\\/\\\/www.gentlemenscoffeeclub.ch\\\/#\\\/schema\\\/logo\\\/image\\\/\"},\"sameAs\":[\"https:\\\/\\\/www.facebook.com\\\/Gentlemens-Coffee-Club-104579991113160\",\"https:\\\/\\\/www.instagram.com\\\/clubgentlemenscoffee\\\/\",\"https:\\\/\\\/www.linkedin.com\\\/company\\\/gentlemen-s-coffee-club\"]}]}<\/script>\n<!-- \/ Yoast SEO plugin. -->","yoast_head_json":{"title":"Notre approche - Gentlemen's Coffee Club Riviera","robots":{"index":"index","follow":"follow","max-snippet":"max-snippet:-1","max-image-preview":"max-image-preview:large","max-video-preview":"max-video-preview:-1"},"canonical":"https:\/\/www.gentlemenscoffeeclub.ch\/de\/la-philosophie-gcc\/","og_locale":"de_DE","og_type":"article","og_title":"Notre approche - Gentlemen's Coffee Club Riviera","og_description":"Authenticit\u00e9 et go\u00fbt Du go\u00fbt, de la qualit\u00e9 et une&nbsp;envie de conna\u00eetre l\u2019origine de son \u00ab&nbsp;petit noir&nbsp;\u00bb, voil\u00e0 ce que&nbsp;recherchent les amateurs de bon caf\u00e9. Un \u00ab&nbsp;petit noir&nbsp;\u00bb&nbsp;qui, \u00e0 l\u2019origine, ne l\u2019est pas vraiment&nbsp;! Disons que les grains issus de&nbsp;cet arbuste tropical qu\u2019est le caf\u00e9ier sont plut\u00f4t verts et pour le moins&nbsp;acides. Et c\u2019est l\u00e0, [&hellip;]","og_url":"https:\/\/www.gentlemenscoffeeclub.ch\/de\/la-philosophie-gcc\/","og_site_name":"Gentlemen's Coffee Club Riviera","article_publisher":"https:\/\/www.facebook.com\/Gentlemens-Coffee-Club-104579991113160","article_modified_time":"2024-01-19T15:07:26+00:00","twitter_card":"summary_large_image","twitter_misc":{"Gesch\u00e4tzte Lesezeit":"2\u00a0Minuten"},"schema":{"@context":"https:\/\/schema.org","@graph":[{"@type":"WebPage","@id":"https:\/\/www.gentlemenscoffeeclub.ch\/la-philosophie-gcc\/","url":"https:\/\/www.gentlemenscoffeeclub.ch\/la-philosophie-gcc\/","name":"Notre approche - Gentlemen's Coffee Club Riviera","isPartOf":{"@id":"https:\/\/www.gentlemenscoffeeclub.ch\/#website"},"datePublished":"2020-02-04T10:54:13+00:00","dateModified":"2024-01-19T15:07:26+00:00","breadcrumb":{"@id":"https:\/\/www.gentlemenscoffeeclub.ch\/la-philosophie-gcc\/#breadcrumb"},"inLanguage":"de","potentialAction":[{"@type":"ReadAction","target":["https:\/\/www.gentlemenscoffeeclub.ch\/la-philosophie-gcc\/"]}]},{"@type":"BreadcrumbList","@id":"https:\/\/www.gentlemenscoffeeclub.ch\/la-philosophie-gcc\/#breadcrumb","itemListElement":[{"@type":"ListItem","position":1,"name":"Accueil","item":"https:\/\/www.gentlemenscoffeeclub.ch\/"},{"@type":"ListItem","position":2,"name":"Notre approche"}]},{"@type":"WebSite","@id":"https:\/\/www.gentlemenscoffeeclub.ch\/#website","url":"https:\/\/www.gentlemenscoffeeclub.ch\/","name":"Gentlemen's Coffee Club Riviera","description":"Caf&eacute; Premium torr&eacute;fi&eacute; &agrave; Montreux","publisher":{"@id":"https:\/\/www.gentlemenscoffeeclub.ch\/#organization"},"potentialAction":[{"@type":"SearchAction","target":{"@type":"EntryPoint","urlTemplate":"https:\/\/www.gentlemenscoffeeclub.ch\/?s={search_term_string}"},"query-input":{"@type":"PropertyValueSpecification","valueRequired":true,"valueName":"search_term_string"}}],"inLanguage":"de"},{"@type":"Organization","@id":"https:\/\/www.gentlemenscoffeeclub.ch\/#organization","name":"Gentlemens Coffee Club Montreux","url":"https:\/\/www.gentlemenscoffeeclub.ch\/","logo":{"@type":"ImageObject","inLanguage":"de","@id":"https:\/\/www.gentlemenscoffeeclub.ch\/#\/schema\/logo\/image\/","url":"https:\/\/www.gentlemenscoffeeclub.ch\/wp-content\/uploads\/2020\/04\/singe-seul-lunettes-roses77.png","contentUrl":"https:\/\/www.gentlemenscoffeeclub.ch\/wp-content\/uploads\/2020\/04\/singe-seul-lunettes-roses77.png","width":996,"height":1455,"caption":"Gentlemens Coffee Club Montreux"},"image":{"@id":"https:\/\/www.gentlemenscoffeeclub.ch\/#\/schema\/logo\/image\/"},"sameAs":["https:\/\/www.facebook.com\/Gentlemens-Coffee-Club-104579991113160","https:\/\/www.instagram.com\/clubgentlemenscoffee\/","https:\/\/www.linkedin.com\/company\/gentlemen-s-coffee-club"]}]}},"_links":{"self":[{"href":"https:\/\/www.gentlemenscoffeeclub.ch\/de\/wp-json\/wp\/v2\/pages\/2010","targetHints":{"allow":["GET"]}}],"collection":[{"href":"https:\/\/www.gentlemenscoffeeclub.ch\/de\/wp-json\/wp\/v2\/pages"}],"about":[{"href":"https:\/\/www.gentlemenscoffeeclub.ch\/de\/wp-json\/wp\/v2\/types\/page"}],"author":[{"embeddable":true,"href":"https:\/\/www.gentlemenscoffeeclub.ch\/de\/wp-json\/wp\/v2\/users\/1"}],"replies":[{"embeddable":true,"href":"https:\/\/www.gentlemenscoffeeclub.ch\/de\/wp-json\/wp\/v2\/comments?post=2010"}],"version-history":[{"count":5,"href":"https:\/\/www.gentlemenscoffeeclub.ch\/de\/wp-json\/wp\/v2\/pages\/2010\/revisions"}],"predecessor-version":[{"id":7929,"href":"https:\/\/www.gentlemenscoffeeclub.ch\/de\/wp-json\/wp\/v2\/pages\/2010\/revisions\/7929"}],"wp:attachment":[{"href":"https:\/\/www.gentlemenscoffeeclub.ch\/de\/wp-json\/wp\/v2\/media?parent=2010"}],"curies":[{"name":"wp","href":"https:\/\/api.w.org\/{rel}","templated":true}]}}